{"id":18080,"date":"2014-01-15T08:38:25","date_gmt":"2014-01-15T07:38:25","guid":{"rendered":"http:\/\/10.116.16.72\/test\/?p=1278"},"modified":"2023-12-21T12:47:49","modified_gmt":"2023-12-21T12:47:49","slug":"1914-01-02_100-anys-del-primer-sondatge-vertical-de-latmosfera-catalunya","status":"publish","type":"page","link":"https:\/\/www.meteo.cat\/wpweb\/divulgacio\/publicacions\/efemerides\/1914-01-02_100-anys-del-primer-sondatge-vertical-de-latmosfera-catalunya\/","title":{"rendered":"100 anys del primer sondatge vertical de l\u2019atmosfera a Catalunya (1914)"},"content":{"rendered":"\n<p><strong>PUBLICADA EL 15\/01\/2014<\/strong><\/p>\n\n\n\n<p>El passat 2 de gener es van complir <b>100 anys<\/b> del llan\u00e7ament del <b>primer sondatge vertical de l\u2019atmosfera a Catalunya<\/b> a trav\u00e9s d\u2019un <strong>globus pilot<\/strong>. Es va realitzar a l\u2019Estaci\u00f3 Aerol\u00f2gica de Barcelona, embri\u00f3 del primer Servei Meteorol\u00f2gic de Catalunya. Aquesta estaci\u00f3 s\u2019havia creat a finals de l\u2019any 1913 pel Dr. Eduard Fontser\u00e8 i Riba com a resultat d\u2019un projecte internacional de la <b>Comissi\u00f3 Internacional de l\u2019Aerostaci\u00f3 Cient\u00edfica<\/b> per tal de coordinar tota una xarxa de sondatges verticals de l\u2019atmosfera a nivell mundial.<\/p>\n\n\n\n<p>Els primers llan\u00e7aments es van fer des del terrat d\u2019un edifici de la Pla\u00e7a d\u2019Urquinaona de Barcelona, entre el Carrer de Trafalgar i la Ronda de Sant Pere, pels Dr. Fontser\u00e8 i Dr. Jard\u00ed, qui va ser anys m\u00e9s tard inventor del pluvi\u00f2graf d\u2019intensitats. Tamb\u00e9 van col\u00b7laborar-hi els Dr. P\u00f2lit i Dr. \u00c1lvarez-Castrill\u00f3n. A la seg\u00fcent fotografia, extreta de la revista setmanal <i>Ib\u00e9rica del Progreso de las Ciencias y sus Aplicaciones<\/i> (vol. 1, n\u00fam. 8, 21 de febrer de 1914, p. 114) i publicada per l\u2019Observatori de l\u2019Ebre, es veuen dues instant\u00e0nies dels primers sondatges que es realitzaven a Barcelona a l\u2019any 1914. En una d\u2019elles es veu el proc\u00e9s d\u2019ompliment dels globus pilot i determinaci\u00f3 de la seva for\u00e7a ascensional a trav\u00e9s d\u2019una balan\u00e7a Bosch (imatge gran), i a l\u2019altra, el moment del llan\u00e7ament del globus al terrat de l\u2019estaci\u00f3 (imatge petita). A la imatge gran es poden veure el Dr. Fontser\u00e8 pujant l\u2019escala i el Dr. Jard\u00ed amb el globus pilot entre les mans. Les mateixes persones apareixen a la imatge petita, el Dr. Jard\u00ed sostenint el globus i el Dr. Fontser\u00e8 comprovant el teodolit.<\/p>\n\n\n\n<div class=\"wp-block-image\"><figure class=\"aligncenter\"><a href=\"http:\/\/farm4.staticflickr.com\/3780\/11960922436_cea51a3df0.jpg\"><img src=\"http:\/\/farm4.staticflickr.com\/3780\/11960922436_cea51a3df0.jpg\" alt=\"Fotos dels primers sondatges que es realitzaven a Barcelona a l\u2019any 1914\"\/><\/a><\/figure><\/div>\n\n\n\n<p>A continuaci\u00f3 es presenten els valors mesurats en aquell primer sondatge vertical de l\u2019atmosfera del 2 de gener de 1914. En aquella \u00e8poca nom\u00e9s es disposava de la tecnologia per mesurar la velocitat del vent a diferents nivells verticals o altures, les radiosondes tal i com es fan servir actualment encara no s\u2019havien inventat. En aquests primers sondatges es determinava la direcci\u00f3 i for\u00e7a del vent a qualsevol al\u00e7ada nom\u00e9s a partir de l\u2019observaci\u00f3, amb un teodolit, de la posici\u00f3 angular i temps de vol d\u2019un globus pilot d\u2019hidrogen.<\/p>\n\n\n\n<div class=\"wp-block-image\"><figure class=\"aligncenter size-full is-resized\"><img loading=\"lazy\" src=\"https:\/\/static-m.meteo.cat\/wordpressweb\/wp-content\/uploads\/2023\/12\/21124429\/Dades-1r-sondatge-vertical-atm-Catalunya_02GEN1914.jpg\" alt=\"\" class=\"wp-image-39390\" width=\"540\" height=\"434\"\/><\/figure><\/div>\n\n\n\n<p>En el primer sondatge vertical, que es va realitzar a mode de prova el <strong>2 de gener de 1914 a les 16:37<\/strong> hores segons el Temps del Meridi\u00e0 de Greenwich (TMG), nom\u00e9s es van poder fer mesures fins als 1696 m, ja que al fer-se de nit es va perdre el contacte visual del globus amb el teodolit. D\u2019aqu\u00ed que hi aparegui l\u2019anotaci\u00f3 \u201cperdut per la fosca\u201d.<\/p>\n\n\n\n<p>A difer\u00e8ncia de com es fan avui que es llencen dues vegades al dia com a m\u00ednim (a les 00 i les 12 UTC), els primers sondatges verticals de l\u2019atmosfera es feien nom\u00e9s alguns dies de cada mes, anomenats dies internacionals, que s\u2019acordaven a finals de l\u2019any anterior, aix\u00ed com alguns dies extres a petici\u00f3 de la Comissi\u00f3 Internacional. L\u2019any 1914, tamb\u00e9 van llan\u00e7ar-se sondatges&nbsp;altres dies addicionals per a l\u2019estudi dels vents locals m\u00e9s interessants a Catalunya, quan les circumst\u00e0ncies es van presentar favorables per a la seva realitzaci\u00f3. La primera llista de dies internacionals per a fer els sondatges verticals de l\u2019atmosfera per a l\u2019any 1914 a tot el m\u00f3n i aprovada per la Comissi\u00f3 Internacional va ser la seg\u00fcent:<\/p>\n\n\n\n<div class=\"wp-block-image\"><figure class=\"aligncenter\"><a href=\"http:\/\/farm4.staticflickr.com\/3725\/11960088435_e5577aa38e.jpg\"><img src=\"http:\/\/farm4.staticflickr.com\/3725\/11960088435_e5577aa38e.jpg\" alt=\"Llista de dies internacionals per a fer els sondatges verticals de l\u2019atmosfera per a l\u2019any 1914 \"\/><\/a><\/figure><\/div>\n\n\n\n<p>L\u2019Estaci\u00f3 Aerol\u00f2gica de Barcelona va permetre introduir la meteorologia catalana en el context internacional. Els seus estudis donaren un impuls molt important a l\u2019estudi dels vents costaners catalans, tingueren un paper destacat en la climatologia catalana i esdevingueren aviat un servei imprescindible per a l\u2019aviaci\u00f3, quan el 1919 comen\u00e7aren a organitzar-se les primeres l\u00ednies regulars. Malauradament les seves activitats van cessar el 29 de gener de 1939, uns dies despr\u00e9s de l\u2019ocupaci\u00f3 de la ciutat de Barcelona per les tropes feixistes del General Franco, durant l\u2019\u00faltima Guerra Civil, quan la <i>Jefatura del Servicio Meteorol\u00f3gico Nacional<\/i> va prendre possessi\u00f3 del Servei Meteorol\u00f2gic de Catalunya. D\u2019aquesta trista efem\u00e8ride es compleixen 75 anys.<\/p>\n\n\n\n<p>M\u00e9s informaci\u00f3 sobre l\u2019Estaci\u00f3 Aerol\u00f2gica de Barcelona:<\/p>\n\n\n\n<ul><li><strong>Batll\u00f3, J.<\/strong> (2013): \u201c<a href=\"http:\/\/docplayer.es\/119291003-Cent-anys-d-observacions-aerologiques-a-barcelona.html\" target=\"_blank\" rel=\"noreferrer noopener\">Cent anys d\u2019observacions aerol\u00f2giques a Barcelona<\/a>\u201d a ACAM (ed.): <i>XIX Jornades de Meteorologia Eduard Fontser\u00e8<\/i>, (Barcelona, 22-24 de novembre de 2013), ACAM-Associaci\u00f3 Catalana de Meteorologia, Barcelona, pp. 17-27.<\/li><li><strong>Fontser\u00e8, E.<\/strong> (1915): <i><a href=\"https:\/\/static-m.meteo.cat\/smc100\/wp-content\/uploads\/2021\/03\/15143114\/1914_TreballsdelEstacioAerologicadeBarcelona.pdf\" target=\"_blank\" rel=\"noreferrer noopener\">Treballs de l\u2019Estaci\u00f3 Aerol\u00f2gica de Barcelona<\/a><\/i>, <i>S\u00e8rie 1. 1914<\/i>. Publicacions de l\u2019Institut de Ci\u00e8ncies, Institut d\u2019Estudis Catalans, Barcelona, 117 pp.<\/li><\/ul>\n","protected":false},"excerpt":{"rendered":"<p>PUBLICADA EL 15\/01\/2014 El passat 2 de gener es van complir 100 anys del llan\u00e7ament del primer sondatge vertical de l\u2019atmosfera a Catalunya a trav\u00e9s d\u2019un globus pilot. Es va realitzar a l\u2019Estaci\u00f3 Aerol\u00f2gica de Barcelona, embri\u00f3 del primer Servei Meteorol\u00f2gic de Catalunya. Aquesta estaci\u00f3 s\u2019havia creat a finals de l\u2019any 1913 pel Dr. Eduard [&hellip;]<\/p>\n","protected":false},"author":7,"featured_media":0,"parent":18384,"menu_order":0,"comment_status":"open","ping_status":"open","template":"template-sidebar.php","meta":{"_mi_skip_tracking":false,"_monsterinsights_sitenote_active":false,"_monsterinsights_sitenote_note":"","_monsterinsights_sitenote_category":0},"_links":{"self":[{"href":"https:\/\/www.meteo.cat\/wpweb\/wp-json\/wp\/v2\/pages\/18080"}],"collection":[{"href":"https:\/\/www.meteo.cat\/wpweb\/wp-json\/wp\/v2\/pages"}],"about":[{"href":"https:\/\/www.meteo.cat\/wpweb\/wp-json\/wp\/v2\/types\/page"}],"author":[{"embeddable":true,"href":"https:\/\/www.meteo.cat\/wpweb\/wp-json\/wp\/v2\/users\/7"}],"replies":[{"embeddable":true,"href":"https:\/\/www.meteo.cat\/wpweb\/wp-json\/wp\/v2\/comments?post=18080"}],"version-history":[{"count":10,"href":"https:\/\/www.meteo.cat\/wpweb\/wp-json\/wp\/v2\/pages\/18080\/revisions"}],"predecessor-version":[{"id":39393,"href":"https:\/\/www.meteo.cat\/wpweb\/wp-json\/wp\/v2\/pages\/18080\/revisions\/39393"}],"up":[{"embeddable":true,"href":"https:\/\/www.meteo.cat\/wpweb\/wp-json\/wp\/v2\/pages\/18384"}],"wp:attachment":[{"href":"https:\/\/www.meteo.cat\/wpweb\/wp-json\/wp\/v2\/media?parent=18080"}],"curies":[{"name":"wp","href":"https:\/\/api.w.org\/{rel}","templated":true}]}}