{"id":18077,"date":"2013-11-08T12:53:48","date_gmt":"2013-11-08T11:53:48","guid":{"rendered":"http:\/\/10.116.16.72\/test\/?p=1219"},"modified":"2022-04-12T10:14:58","modified_gmt":"2022-04-12T10:14:58","slug":"1983-11-07_30-anys-dels-catastrofics-aiguats-de-novembre-de-1983","status":"publish","type":"page","link":"https:\/\/www.meteo.cat\/wpweb\/divulgacio\/publicacions\/efemerides\/1983-11-07_30-anys-dels-catastrofics-aiguats-de-novembre-de-1983\/","title":{"rendered":"30 anys dels catastr\u00f2fics aiguats de novembre de 1983"},"content":{"rendered":"\n<p><strong>PUBLICADA EL 08\/11\/2013 <\/strong><\/p>\n\n\n\n<p>Ahir es van complir <strong>30 anys<\/strong> dels catastr\u00f2fics aiguats del <strong>7 de novembre de 1983<\/strong> a la conca del <strong>Llobregat<\/strong>. Aquests aiguats es van produir just un any despr\u00e9s de l\u2019episodi de pluges torrencials del 6-8 de novembre de 1982 que va afectar tot el pa\u00eds, per\u00f2 principalment les cap\u00e7aleres de les conques del Llobregat i el Segre amb desbordaments molt greus. Les zones m\u00e9s afectades al 1983 van ser les comarques del <strong>Baix Llobregat<\/strong>, el <strong>Barcelon\u00e8s<\/strong> i el <strong>Vall\u00e8s<\/strong>, tot i que en punts de la <strong>Garrotxa<\/strong> i <strong>Osona<\/strong> tamb\u00e9 varen ser importants els totals de precipitaci\u00f3 de tot l\u2019episodi.<\/p>\n\n\n\n<p>Les precipitacions m\u00e9s intenses van caure durant la matinada del 7 de novembre, sobretot des de les <strong>03 fins a les 07 UTC<\/strong>, registrant-se durant aquestes <strong>4 h<\/strong> quantitats superiors als <strong>150 mm<\/strong> en punts del Barcelon\u00e8s, els Vallesos i el Baix Llobregat (<strong>220,0 mm<\/strong> a Terrassa-placeta de la Creu, <strong>217,3 mm<\/strong> a l\u2019Hospitalet de Llobregat, <strong>207,5 mm<\/strong> a Rub\u00ed i <strong>188,0 mm<\/strong> a Terrassa-Casa Barba). La distribuci\u00f3 espacial de la pluja aquella matinada va ser molt irregular; per exemple, 217,3 mm van caure a l\u2019Hospitalet, 56 mm a Cornell\u00e0 i tan sols 16 mm a la desembocadura del Bes\u00f2s. La precipitaci\u00f3 va continuar caient de manera m\u00e9s moderada la resta del dia 7 i gran part del 8. Els \u00faltims ruixats, de car\u00e0cter m\u00e9s local, es van allargar fins al migdia del 9 de novembre.<\/p>\n\n\n\n<p>Els valors m\u00e0xims de precipitaci\u00f3 en 24h es van produir durant el dia 7, superant-se els <strong>200 mm<\/strong> en punts del Vall\u00e8s Occidental i el Barcelon\u00e8s. A Rub\u00ed van caure <strong>331,5 mm<\/strong>, a Terrassa <strong>313,0 mm<\/strong> i a l\u2019Hospitalet de Llobregat <strong>249,1 mm<\/strong> en unes <strong>28 hores<\/strong> (de les 03 UTC del 07\/11\/1983 fins a les 07 UTC del 08\/11\/1983). Dels valors acumulats durant l\u2019episodi (de les 07 UTC del 06\/11\/1983 fins a les 07UTC del 09\/11\/1983) destaquen els <strong>346,5 mm<\/strong> a Rub\u00ed, <strong>333,0 mm<\/strong> a <strong>Terrassa<\/strong>, <strong>254,8 mm<\/strong> a <strong>la Molina<\/strong> i <strong>252,8 mm<\/strong> de <strong>l\u2019Hospitalet de Llobregat<\/strong>.<\/p>\n\n\n\n<p>A continuaci\u00f3 es mostra un llistat amb els valors diaris de precipitaci\u00f3 caiguts des de les 07 UTC del 06\/11\/1983 fins a les 07 UTC del 09\/11\/1983 segons la xarxa d\u2019observadors de Catalunya. En aquesta llista figuren totes les estacions que van totalitzar m\u00e9s de 125 mm durant l\u2019episodi. Cal esmentar que els valors de pluja a les estacions meteorol\u00f2giques manuals es mesuraven cap a les 08:00 hora oficial (ara es fa a les 07 UTC), anotant la precipitaci\u00f3 recollida durant les 24 hores anteriors i assignant aquest valor al dia anterior en qu\u00e8 es realitza la mesura. Per aquest motiu la gran quantitat de pluja caiguda la matinada del dia 7 consta oficialment com a pluja del dia 6 i no del dia 7. Aquest interval de temps de 24 h que no correspon exactament amb el dia civil, es coneix com a <b>dia pluviom\u00e8tric<\/b>.<\/p>\n\n\n\n<div class=\"wp-block-image\"><figure class=\"aligncenter\"><a href=\"https:\/\/static-m.meteo.cat\/content\/blog\/2017\/03\/FIG1-taula-pluges-0608NOV1983.jpg\"><img src=\"https:\/\/static-m.meteo.cat\/content\/blog\/2017\/03\/FIG1-taula-pluges-0608NOV1983-759x1024.jpg\" alt=\"(obre imatge gran)\" class=\"wp-image-2842\"\/><\/a><figcaption>Precipitaci\u00f3 acumulada (mm) de les 07 UTC del 6\/11\/1983 fins les 07 UTC del 9\/11\/1983<\/figcaption><\/figure><\/div>\n\n\n\n<p>La situaci\u00f3 meteorol\u00f2gica durant l\u2019episodi va venir caracteritzada per un fort temporal en superf\u00edcie del sud-est, provocat pel pas d\u2019una&nbsp;profunda pertorbaci\u00f3 present a tots els nivells de la troposfera. Aquesta depressi\u00f3 es va despla\u00e7ar des del Golf de Cadis, la matinada del 6 de novembre, fins a Sardenya, la matinada del dia 8, creuant les Balears pel sud durant el dia 7. Aquesta borrasca va provocar un marcat flux de vent humit i c\u00e0lid del sud-est a capes baixes i del sud a capes altes, advectant a tots els nivells una massa d\u2019aire potencialment molt inestable, produint els importants aiguats del 7 i 8 de novembre. En la seg\u00fcent figura es poden veure les rean\u00e0lisis del <a title=\"Rean\u00e0lisis del 20CRP (NCEP-NCAR, EUA)\" href=\"http:\/\/www.esrl.noaa.gov\/psd\/data\/gridded\/data.20thC_ReanV2.html\">20CRP<\/a> a les 00 UTC del 07\/11\/1983 (mapes a l\u2019esquerra) i el 08\/11\/1983 (mapes a la dreta) per als camps de temperatura i geopotencial a 500 i 850 hPa (mapes superiors i centrals) d\u2019una banda i de l\u2019altra els camps de temperatura i pressi\u00f3 al nivell del mar en superf\u00edcie (mapes inferiors).<\/p>\n\n\n\n<div class=\"wp-block-image\"><figure class=\"aligncenter\"><img src=\"http:\/\/farm8.staticflickr.com\/7345\/10739200016_beee841bba_z.jpg\" alt=\"\"\/><\/figure><\/div>\n\n\n\n<p>Els aiguats del dia 7 van fer desbordar de manera violenta nombroses rieres afluents del riu Llobregat per la seva riba esquerra, el qual tamb\u00e9 es va sortir de mare puntualment al seu curs baix, negant nombrosos camps. Destaquen els desbordaments de la <b>riera Blanca<\/b> a l\u2019Hospitalet de Llobregat, la <strong>r<\/strong><b>iera de la Pa\u00efssa<\/b> a Sant Joan Desp\u00ed, la r<b>iera de la Salut<\/b> a Sant Feliu de Llobregat, la <b>Riera de Vallvidrera<\/b> a Molins de Rei, i la <b>riera de les Arenes<\/b> a Terrassa i Rub\u00ed. Cal destacar tamb\u00e9 que molts carrers de la ciutat de Barcelona es van convertir en torrents d\u2019aigua per la forta intensitat de la precipitaci\u00f3, inundant-se baixos i garatges.<\/p>\n\n\n\n<p>Aquest episodi de pluges torrencials va causar un gran impacte social, sobretot als pobles riberencs del Baix Llobregat, en esdevenir tan sols un any despr\u00e9s de les importants inundacions produ\u00efdes pels aiguats del 6 al 8 de novembre de 1982, els danys de les quals havien estat recentment reparats, per\u00f2 amb moltes obres de millora encara pendents de realitzar. Tot plegat va produir una destacable sensaci\u00f3 d\u2019indefensi\u00f3 entre tota la poblaci\u00f3.<\/p>\n","protected":false},"excerpt":{"rendered":"<p>PUBLICADA EL 08\/11\/2013 Ahir es van complir 30 anys dels catastr\u00f2fics aiguats del 7 de novembre de 1983 a la conca del Llobregat. Aquests aiguats es van produir just un any despr\u00e9s de l\u2019episodi de pluges torrencials del 6-8 de novembre de 1982 que va afectar tot el pa\u00eds, per\u00f2 principalment les cap\u00e7aleres de les [&hellip;]<\/p>\n","protected":false},"author":7,"featured_media":0,"parent":18384,"menu_order":0,"comment_status":"open","ping_status":"open","template":"template-sidebar.php","meta":{"_mi_skip_tracking":false,"_monsterinsights_sitenote_active":false,"_monsterinsights_sitenote_note":"","_monsterinsights_sitenote_category":0},"_links":{"self":[{"href":"https:\/\/www.meteo.cat\/wpweb\/wp-json\/wp\/v2\/pages\/18077"}],"collection":[{"href":"https:\/\/www.meteo.cat\/wpweb\/wp-json\/wp\/v2\/pages"}],"about":[{"href":"https:\/\/www.meteo.cat\/wpweb\/wp-json\/wp\/v2\/types\/page"}],"author":[{"embeddable":true,"href":"https:\/\/www.meteo.cat\/wpweb\/wp-json\/wp\/v2\/users\/7"}],"replies":[{"embeddable":true,"href":"https:\/\/www.meteo.cat\/wpweb\/wp-json\/wp\/v2\/comments?post=18077"}],"version-history":[{"count":7,"href":"https:\/\/www.meteo.cat\/wpweb\/wp-json\/wp\/v2\/pages\/18077\/revisions"}],"predecessor-version":[{"id":33871,"href":"https:\/\/www.meteo.cat\/wpweb\/wp-json\/wp\/v2\/pages\/18077\/revisions\/33871"}],"up":[{"embeddable":true,"href":"https:\/\/www.meteo.cat\/wpweb\/wp-json\/wp\/v2\/pages\/18384"}],"wp:attachment":[{"href":"https:\/\/www.meteo.cat\/wpweb\/wp-json\/wp\/v2\/media?parent=18077"}],"curies":[{"name":"wp","href":"https:\/\/api.w.org\/{rel}","templated":true}]}}