{"id":18076,"date":"2013-11-05T08:28:16","date_gmt":"2013-11-05T07:28:16","guid":{"rendered":"http:\/\/10.116.16.72\/test\/?p=1209"},"modified":"2020-10-19T10:43:06","modified_gmt":"2020-10-19T10:43:06","slug":"col%e2%80%a2loqui-internacional-de-canvi-climatic-en-zones-de-muntanya-organitzat-per-lopcc","status":"publish","type":"page","link":"https:\/\/www.meteo.cat\/wpweb\/divulgacio\/publicacions\/miscellania\/col%e2%80%a2loqui-internacional-de-canvi-climatic-en-zones-de-muntanya-organitzat-per-lopcc\/","title":{"rendered":"Col\u2022loqui internacional de canvi clim\u00e0tic en zones de muntanya organitzat per l&#8217;OPCC"},"content":{"rendered":"\n<p><strong>PUBLICADA EL 05\/11\/2013 <\/strong><\/p>\n\n\n\n<p>La trobada internacional tindr\u00e0 lloc a Pamplona el 6 de novembre i un dels seus objectius \u00e9s reunir als actors interessats a la tem\u00e0tica per l\u2019intercanvi d\u2019experi\u00e8ncies i donar a con\u00e8ixer els resultats del projecte OPCC-POCTEFA<i><\/i><\/p>\n\n\n\n<p>Investigadors, t\u00e8cnics mediambientals, representants de l\u2019administraci\u00f3 i de les institucions regionals, nacionals i europees i actors socials i econ\u00f2mics es congregaran al <b>Col\u00b7loqui Internacional sobre canvi clim\u00e0tic en zones de muntanya<\/b> que tindr\u00e0 lloc a <b>Pamplona el proper 6 de novembre<\/b>.<\/p>\n\n\n\n<p>Organitzat per <b>l&#8217;Observatori Pirinenc del Canvi Clim\u00e0tic<\/b> i sota el lema <b>&#8220;Observar per adaptar-se\u201d<\/b>, suposa una oportunitat per a buscar sinergies que facilitin el treball col\u00b7laboratiu sobre el canvi clim\u00e0tic en zones de muntanya.<\/p>\n\n\n\n<h2><b>L&#8217;adaptaci\u00f3, protagonista de la trobada<\/b><\/h2>\n\n\n\n<p>Les zones de muntanya s\u2019han identificat com especialment sensibles al canvi clim\u00e0tic, entre elles el mass\u00eds pirinenc. Per aix\u00f2, a m\u00e9s de continuar actuant en la reducci\u00f3 dels gasos d\u2019efecte hivernacle, \u00e9s necessari treballar en el desenvolupament d\u2019eines i mesures d\u2019adaptaci\u00f3 davant dels impactes del canvi clim\u00e0tic.<\/p>\n\n\n\n<p>El canvi clim\u00e0tic no solament afecta els impactes mediambientals, sin\u00f3 tamb\u00e9 totes les activitats desenvolupades en aquestes \u00e0rees de muntanya: el pastoralisme, l\u2019agricultura, el turisme d\u2019hivern i l&#8217;explotaci\u00f3 forestal, entre d\u2019altres.<\/p>\n\n\n\n<p>Aix\u00ed doncs, l\u2019adaptaci\u00f3 al canvi clim\u00e0tic suposa una dimensi\u00f3 clau a tenir en compte a l&#8217;hora de plantejar mesures econ\u00f2miques i socials als territoris de muntanya.<\/p>\n\n\n\n<h2><b>L\u2019Observatori Pirinenc del Canvi Clim\u00e0tic<\/b><\/h2>\n\n\n\n<p>L&#8217;Observatori Pirinenc del Canvi Clim\u00e0tic \u00e9s una iniciativa posada en marxa per la Comunitat de Treball dels Pirineus (CTP) el 2010, finan\u00e7ada pel Programa Operatiu de Cooperaci\u00f3 Territorial Espanya-Fran\u00e7a-Andorra 2007-2013 (POCTEFA).<\/p>\n\n\n\n<p>M\u00e9s enll\u00e0 de realitzar un seguiment de les evolucions del clima a escala transfronterera, l&#8217;Observatori t\u00e9 com a objectiu aportar les eines i informacions claus que contribueixin a l\u2019adaptaci\u00f3 dels sectors socioecon\u00f2mics i dels sistemes naturals m\u00e9s vulnerables del territori pirinenc.<\/p>\n\n\n\n<p>Com a plataforma d&#8217;intercanvi d\u2019informaci\u00f3 cient\u00edfica, l\u2019Observatori posa a disposici\u00f3 dels investigadors, de les administracions i dels actors econ\u00f2mics i socials nombroses eines sobre el canvi clim\u00e0tic als Pirineus a trav\u00e9s de la seva p\u00e0gina web: <a href=\"http:\/\/www.opcc-ctp.org\/\">www.opcc-ctp.org<\/a><\/p>\n\n\n\n<h2><strong>L\u2019aven\u00e7 del programa<\/strong><\/h2>\n\n\n\n<p>La trobada tindr\u00e0 lloc al Planetari de Pamplona el 6 de novembre amb un programa articulat a partir de dos grans blocs.<\/p>\n\n\n\n<p>D&#8217;aquesta manera, les pon\u00e8ncies se centraran en zones de muntanya europees, amb l\u2019objectiu de destacar les problem\u00e0tiques comunes i les iniciatives transferibles entre les diferents \u00e0rees.<\/p>\n\n\n\n<p>Es comptar\u00e0 amb la participaci\u00f3 de l&#8217;Ag\u00e8ncia Europea de Medi ambient (AEMA), la Convenci\u00f3 dels Carpats i la Convenci\u00f3 Alpina, a m\u00e9s de representants del Conseil r\u00e9gional de <i>Languedoc-Rousilllon<\/i> i de l&#8217;Instituto Pirenaico de Ecolog\u00eda (IPE).<\/p>\n\n\n\n<p>A la tarda, es presentar\u00e0 a la c\u00fapula del Planetari el treball desenvolupat per l\u2019Observatori Pirinenc del Canvi Clim\u00e0tic a trav\u00e9s dels seus socis en el marc del seu programa d\u2019acci\u00f3 2011-2013, en cadascuna de les tem\u00e0tiques tractades: clima, aigua, boscos, riscos naturals, biodiversitat, teledetecci\u00f3 i adaptaci\u00f3. Per finalitzar el Col\u00b7loqui, s&#8217;abordar\u00e0 la q\u00fcesti\u00f3 del canvi clim\u00e0tic en els mitjans de comunicaci\u00f3, un dels reptes actuals.<\/p>\n\n\n\n<p>L\u2019assist\u00e8ncia a la trobada \u00e9s gratu\u00efta, per\u00f2 \u00e9s necessari acreditar-se. Les inscripcions es realitzaran \u00fanicament en l\u00ednia a la p\u00e0gina web seg\u00fcent, on es troba la informaci\u00f3 relativa al Col\u00b7loqui Internacional:<\/p>\n\n\n\n<p><a href=\"http:\/\/www.opcc-ctp.org\/index.php?lang=ca\">http:\/\/www.opcc-ctp.org\/index.php?lang=ca<\/a><\/p>\n\n\n\n<h2><b>Programa\/ Planetario de Pamplona, 6 de Noviembre. Organiza OPCC, Observatorio Pirenaico del Cambio Clim\u00e1tico<\/b><\/h2>\n\n\n\n<p><b>10h00 Bienvenida e introducci\u00f3n <\/b><\/p>\n\n\n\n<p>Yolanda Barcina, Presidenta de la Comunidad Foral de Navarra y Presidenta de la Comunidad de Trabajo de los Pirineos (CTP)<br>Gilbert Saboya, Ministro de Asuntos Exteriores del Gobierno de Andorra y Presidente del Organismo Andorrano de Cooperaci\u00f3n Transfronteriza<br>Marc Carballido, Vice-pr\u00e9sident de la R\u00e9gion Midi-Pyr\u00e9n\u00e9es<br>Ronan Uhel, Jefe de Programa \u2018Sistemas Naturales y Vulnerabilidad\u2019 de la Agencia Europea de Medio Ambiente (AEMA)<\/p>\n\n\n\n<div align=\"center\"><hr align=\"center\" size=\"1\" width=\"100%\"><\/div>\n\n\n\n<p><b>10h30 Cambios en las monta\u00f1as <\/b><\/p>\n\n\n\n<p>Eduardo Mart\u00ednez de Pis\u00f3n, Catedr\u00e1tico Em\u00e9rito de Geograf\u00eda F\u00edsica de la Universidad Aut\u00f3noma de Madrid<\/p>\n\n\n\n<div align=\"center\"><hr align=\"center\" size=\"1\" width=\"100%\"><\/div>\n\n\n\n<p><b>11h15 Pausa caf\u00e9 <\/b><\/p>\n\n\n\n<div align=\"center\"><hr align=\"center\" size=\"1\" width=\"100%\"><\/div>\n\n\n\n<p><b>11h45 Presentaci\u00f3n del 5\u00ba Informe de Evaluaci\u00f3n del IPCC<\/b><\/p>\n\n\n\n<p>Jos\u00e9 Manuel Moreno, Catedr\u00e1tico de Ecolog\u00eda de la UCLM y Vicepresidente del Grupo II del IPCC (Grupo Intergubernamental del Cambio Clim\u00e1tico)<\/p>\n\n\n\n<div align=\"center\"><hr align=\"center\" size=\"1\" width=\"100%\"><\/div>\n\n\n\n<p><b>12h00 Observar para adaptarse en zonas de monta\u00f1a transfronterizas <\/b><\/p>\n\n\n\n<p>Harald Egerer, Jefe de la Oficina de Enlace de la UNEP en Viena y Secretario Ejecutivo de la Convenci\u00f3n C\u00e1rpatos<\/p>\n\n\n\n<p>Un representante de la Convenci\u00f3n Alpina<\/p>\n\n\n\n<p>Ronan Uhel, Jefe de Programa \u2018Sistemas Naturales y Vulnerabilidad\u2019 de la Agencia Europea de Medio Ambiente (AEMA)<\/p>\n\n\n\n<p>Yves Pietrasanta, Conseil r\u00e9gional Languedoc-Rousillon<\/p>\n\n\n\n<p>Juan I. L\u00f3pez Moreno, Instituto Pirenaico de Ecolog\u00eda, coordinador del Proyecto ACQWA en los Pirineos<\/p>\n\n\n\n<div align=\"center\"><hr align=\"center\" size=\"1\" width=\"100%\"><\/div>\n\n\n\n<p>15h00 Observar para adaptarse en los Pirineos<\/p>\n\n\n\n<p>Presentaci\u00f3n de los resultados del proyecto OPCC-POCTEFA<\/p>\n\n\n\n<div align=\"center\"><hr align=\"center\" size=\"1\" width=\"100%\"><\/div>\n\n\n\n<p>17h00&nbsp;Cambio clim\u00e1tico y medios de comunicaci\u00f3n. Compa\u00f1eros inc\u00f3modos<\/p>\n\n\n\n<p>Bienvenido Le\u00f3n<\/p>\n\n\n\n<p>Periodista y doctor en Ciencias de la informaci\u00f3n, Prof. de la Facultad de Comunicaci\u00f3n de la Universidad de Navarra.<\/p>\n","protected":false},"excerpt":{"rendered":"<p>PUBLICADA EL 05\/11\/2013 La trobada internacional tindr\u00e0 lloc a Pamplona el 6 de novembre i un dels seus objectius \u00e9s reunir als actors interessats a la tem\u00e0tica per l\u2019intercanvi d\u2019experi\u00e8ncies i donar a con\u00e8ixer els resultats del projecte OPCC-POCTEFA Investigadors, t\u00e8cnics mediambientals, representants de l\u2019administraci\u00f3 i de les institucions regionals, nacionals i europees i actors [&hellip;]<\/p>\n","protected":false},"author":2,"featured_media":0,"parent":18378,"menu_order":0,"comment_status":"open","ping_status":"open","template":"template-sidebar.php","meta":{"_mi_skip_tracking":false,"_monsterinsights_sitenote_active":false,"_monsterinsights_sitenote_note":"","_monsterinsights_sitenote_category":0},"_links":{"self":[{"href":"https:\/\/www.meteo.cat\/wpweb\/wp-json\/wp\/v2\/pages\/18076"}],"collection":[{"href":"https:\/\/www.meteo.cat\/wpweb\/wp-json\/wp\/v2\/pages"}],"about":[{"href":"https:\/\/www.meteo.cat\/wpweb\/wp-json\/wp\/v2\/types\/page"}],"author":[{"embeddable":true,"href":"https:\/\/www.meteo.cat\/wpweb\/wp-json\/wp\/v2\/users\/2"}],"replies":[{"embeddable":true,"href":"https:\/\/www.meteo.cat\/wpweb\/wp-json\/wp\/v2\/comments?post=18076"}],"version-history":[{"count":4,"href":"https:\/\/www.meteo.cat\/wpweb\/wp-json\/wp\/v2\/pages\/18076\/revisions"}],"predecessor-version":[{"id":29222,"href":"https:\/\/www.meteo.cat\/wpweb\/wp-json\/wp\/v2\/pages\/18076\/revisions\/29222"}],"up":[{"embeddable":true,"href":"https:\/\/www.meteo.cat\/wpweb\/wp-json\/wp\/v2\/pages\/18378"}],"wp:attachment":[{"href":"https:\/\/www.meteo.cat\/wpweb\/wp-json\/wp\/v2\/media?parent=18076"}],"curies":[{"name":"wp","href":"https:\/\/api.w.org\/{rel}","templated":true}]}}