{"id":18074,"date":"2013-09-27T12:49:29","date_gmt":"2013-09-27T11:49:29","guid":{"rendered":"http:\/\/10.116.16.72\/test\/?p=1158"},"modified":"2023-12-11T09:09:28","modified_gmt":"2023-12-11T09:09:28","slug":"1913-09-29_100-anys-de-laiguat-de-sant-miquel","status":"publish","type":"page","link":"https:\/\/www.meteo.cat\/wpweb\/divulgacio\/publicacions\/efemerides\/1913-09-29_100-anys-de-laiguat-de-sant-miquel\/","title":{"rendered":"100 anys de l&#8217;Aiguat de Sant Miquel de 1913"},"content":{"rendered":"\n<p><strong>PUBLICADA EL 27\/09\/2013<\/strong><\/p>\n\n\n\n<p>Aquest cap de setmana es compleixen <b>100 anys<\/b> del catastr\u00f2fic aiguat, conegut amb el nom popular de l\u2019<b>Aiguat de Sant Miquel<\/b>, que va afectar gaireb\u00e9 a tot Catalunya provocant el desbordament de nombrosos rius i rieres de les conques orientals del pa\u00eds (des del Foix, al Garraf, fins a la Tet, al Rossell\u00f3) del <b>28 <\/b>al<b> 29 de setembre de 1913<\/b>. Les zones m\u00e9s afectades van ser el <b>Baix Llobregat<\/b>, l\u2019<b>Empord\u00e0<\/b> i el <b>Pened\u00e8s<\/b>.<\/p>\n\n\n\n<div class=\"wp-block-image\"><figure class=\"aligncenter size-large is-resized\"><a href=\"https:\/\/static-m.meteo.cat\/wordpressweb\/wp-content\/uploads\/2023\/09\/29090805\/1913-09-30_FotografiaGuixens_Setmanari_Mundo-Grafico_num103-15OCT1913_Inundacio-SantSalvador-elVendrell.jpg\"><img loading=\"lazy\" src=\"https:\/\/static-m.meteo.cat\/wordpressweb\/wp-content\/uploads\/2023\/09\/29090805\/1913-09-30_FotografiaGuixens_Setmanari_Mundo-Grafico_num103-15OCT1913_Inundacio-SantSalvador-elVendrell-1024x763.jpg\" alt=\"Camps negats i desperfectes a les cases de Sant Salvador, barri mar\u00edtim del Vendrell (Baix Pened\u00e8s), el 30\/09\/1913\n\" class=\"wp-image-38776\" width=\"768\" height=\"572\"\/><\/a><figcaption>Camps negats i desperfectes a les cases de Sant Salvador, barri mar\u00edtim del Vendrell (Baix Pened\u00e8s), el 30\/09\/1913. Autor: Fotografia G\u00fcixens. Font: Setmanari il\u00b7lustrat Mundo Gr\u00e1fico (Madrid) n\u00fam. 103 del 15\/10\/1913, Biblioteca Nacional d\u2019Espanya (BNE).<\/figcaption><\/figure><\/div>\n\n\n\n<div class=\"wp-block-image\"><figure class=\"aligncenter size-large is-resized\"><a href=\"https:\/\/static-m.meteo.cat\/wordpressweb\/wp-content\/uploads\/2023\/09\/29091131\/1913-09-30_FredericBallellMaymi_Setmanari_LaIlustracioCatalana_num539-05OCT1913_Riuada-carrers_SantFeliudeLlobregat_BL-scaled.jpg\"><img loading=\"lazy\" src=\"https:\/\/static-m.meteo.cat\/wordpressweb\/wp-content\/uploads\/2023\/09\/29091131\/1913-09-30_FredericBallellMaymi_Setmanari_LaIlustracioCatalana_num539-05OCT1913_Riuada-carrers_SantFeliudeLlobregat_BL-1024x471.jpg\" alt=\"Efectes de la forta rierada a dos carrers de Sant Feliu de Llobregat (Baix Llobregat), el 30\/09\/1913. \" class=\"wp-image-38778\" width=\"768\" height=\"353\"\/><\/a><figcaption>Efectes de la forta rierada a dos carrers de Sant Feliu de Llobregat (Baix Llobregat), el 30\/09\/1913. Autor: Frederic Ballell i Maym\u00ed. Font: Setmanari il\u00b7lustrat La Ilustraci\u00f3 Catalana(Barcelona) n\u00fam. 539 del 05\/10\/1913, Biblioteca Nacional d\u2019Espanya (BNE).<\/figcaption><\/figure><\/div>\n\n\n\n<p><span lang=\"CA\">Els m\u00e0xims de precipitaci\u00f3 es van produir el dia 28 al Baix Llobregat amb <b>262,0 mm<\/b> a <b>St. Feliu del Llobregat<\/b> i 153,8 mm a Esplugues de Llobregat, i a l\u2019Alt Pened\u00e8s amb 105,5 mm al Pant\u00e0 de Foix. El dia 29 els valors m\u00e0xims van tenir lloc al Baix Empord\u00e0 amb <b>192,3 mm<\/b> a <b>Llad\u00f3<\/b>, 181,0 mm a Peralada i 150,6 mm a Emp\u00faries. En tot l\u2019episodi meteorol\u00f2gic destaquen els <b>262,0 mm<\/b> de <b>St. Feliu de Llobregat<\/b> i els <b>202,6 mm<\/b> de <b>Llad\u00f3<\/b>. A continuaci\u00f3 es mostra el llistat dels observatoris on les precipitacions van ser superiors als 100 mm durant l\u2019episodi (des de les 08 TU del 28\/09\/1913 fins a les 08 TU del 30\/09\/1913) a la xarxa d\u2019observadors de Catalunya:<\/span><\/p>\n\n\n\n<div class=\"wp-block-image\"><figure class=\"aligncenter size-full is-resized\"><a href=\"https:\/\/static-m.meteo.cat\/wordpressweb\/wp-content\/uploads\/2023\/09\/29090213\/Taula-PPT-2829SET1913.jpg\"><img loading=\"lazy\" src=\"https:\/\/static-m.meteo.cat\/wordpressweb\/wp-content\/uploads\/2023\/09\/29090213\/Taula-PPT-2829SET1913.jpg\" alt=\"Taula amb els valors de precipitaci\u00f3 superiors als 100 mm des de les 08 TU del 28\/09\/1913 fins a les 08 TU del 30\/09\/1913.\" class=\"wp-image-38772\" width=\"652\" height=\"432\"\/><\/a><\/figure><\/div>\n\n\n\n<p><span lang=\"CA\">Durant aquells dies tingu\u00e9 lloc un marcat flux en superf\u00edcie, entre llevant i sud-est, impulsat per una profunda borrasca que es trobava sobre Gal\u00edcia i que tenia un nucli secundari a les costes d\u2019Alg\u00e8ria. A m\u00e9s, en altura existia un important cisallament del vent: sud-oest a 500&nbsp;hPa, sud a 850 hPa i sud-est en superf\u00edcie. En general, aquesta configuraci\u00f3 sol ser potencialment molt inestable i comporta l\u2019advecci\u00f3 d\u2019aire c\u00e0lid i molt humit a Catalunya que afavoreix el desenvolupament d\u2019importants tempestes amb aiguats al litoral i prelitoral, tal i com va succeir entre el 28 i 29 de setembre de 1913. A continuaci\u00f3 es presenten els mapes de les rean\u00e0lisis del <a title=\"Ren\u00e0lisis del 20CRP (NCAR-NCEP, EUA)\" href=\"http:\/\/www.esrl.noaa.gov\/psd\/data\/20thC_Rean\/\" target=\"_blank\" rel=\"noopener noreferrer\">20CRP<\/a> del 28\/09\/1913 a les 12 UTC (mapes de l\u2019esquerra) i 29\/09\/1913 a les 00 UTC (mapes de la dreta) per als camps de temperatura i geopotencial a 500 i 850 hPa (mapes superiors i centrals) d\u2019una banda i de l\u2019altra els camps de temperatura i pressi\u00f3 al nivell del mar en superf\u00edcie (mapes inferiors).<\/span><\/p>\n\n\n\n<div class=\"wp-block-image\"><figure class=\"aligncenter size-large is-resized\"><a href=\"https:\/\/static-m.meteo.cat\/wordpressweb\/wp-content\/uploads\/2023\/09\/29093810\/Reanalisis-2829SET1913.jpg\"><img loading=\"lazy\" src=\"https:\/\/static-m.meteo.cat\/wordpressweb\/wp-content\/uploads\/2023\/09\/29093810\/Reanalisis-2829SET1913-757x1024.jpg\" alt=\"Rean\u00e0lisis de les 12 TU del 28\/09\/1913 i de les 00 TU del 29\/09\/1913 per als camps de geopotencial i temperatura a 500 hPa (imatges superiors), a 850 hPa (imatges centrals) i de pressi\u00f3 al nivell del mar i temperatura a 2 m (imatges inferiors).\" class=\"wp-image-38787\" width=\"757\" height=\"1024\"\/><\/a><\/figure><\/div>\n\n\n\n<p><span lang=\"CA\">A conseq\u00fc\u00e8ncia de la gran quantitat de precipitaci\u00f3 caiguda es van desbordar <strong>el Foix, l\u2019Anoia, el Cardener, el Llobregat, el Ripoll, el Congost, el Bes\u00f2s, la Muga, el Manol, el Llobregat d\u2019Empord\u00e0<\/strong> i nombroses <strong>rieres del Pened\u00e8s, el Garraf, el Baix Llobregat, el Barcelon\u00e8s, l\u2019Empord\u00e0 i el Rossell\u00f3<\/strong>, produint danys importants en molts indrets. En relaci\u00f3 als danys cal destacar el violent desbordament de la riera de la Salut a Sant Feliu de Llobregat que va trencar els murs del cementiri municipal arrossegant molts ta\u00fcts cap al Llobregat. Al Vendrell, el torrent del Lluc s\u2019emport\u00e0 el pont del ferrocarril i a Cubelles el Foix va destruir un altre pont. Finalment, a l\u2019Empord\u00e0 tots els ponts de la carretera de Roses a Vilaju\u00efga (Alt Empord\u00e0) van col\u00b7lapsar pels importants desbordament de les diverses rieres que creuen aquella carretera i a Cervera de la Marenda (Rossell\u00f3), el Riberal va desbordar-se violentament inundant els carrers de la vila amb un nivell de l&#8217;aigua d&#8217;1,5 m. Aquest desbordament va provocar la mort de 14 persones.<\/span><\/p>\n\n\n\n<p><!-- \/* Font Definitions *\/ @font-face {font-family:Calibri; panose-1:2 15 5 2 2 2 4 3 2 4; mso-font-charset:0; mso-generic-font-family:swiss; mso-font-pitch:variable; mso-font-signature:-520092929 1073786111 9 0 415 0;} \/* Style Definitions *\/ p.MsoNormal, li.MsoNormal, div.MsoNormal {mso-style-unhide:no; mso-style-qformat:yes; mso-style-parent:\"\"; margin-top:0cm; margin-right:0cm; margin-bottom:10.0pt; margin-left:0cm; line-height:115%; mso-pagination:widow-orphan; font-size:11.0pt; font-family:\"Calibri\",\"sans-serif\"; mso-ascii-font-family:Calibri; mso-ascii-theme-font:minor-latin; mso-fareast-font-family:\"Times New Roman\"; mso-fareast-theme-font:minor-fareast; mso-hansi-font-family:Calibri; mso-hansi-theme-font:minor-latin; mso-bidi-font-family:\"Times New Roman\"; mso-bidi-theme-font:minor-bidi; mso-ansi-language:CA; mso-fareast-language:CA;} .MsoChpDefault {mso-style-type:export-only; mso-default-props:yes; font-family:\"Calibri\",\"sans-serif\"; mso-ascii-font-family:Calibri; mso-ascii-theme-font:minor-latin; mso-fareast-font-family:\"Times New Roman\"; mso-fareast-theme-font:minor-fareast; mso-hansi-font-family:Calibri; mso-hansi-theme-font:minor-latin; mso-bidi-font-family:\"Times New Roman\"; mso-bidi-theme-font:minor-bidi; mso-ansi-language:CA; mso-fareast-language:CA;} .MsoPapDefault {mso-style-type:export-only; margin-bottom:10.0pt; line-height:115%;} @page WordSection1 {size:612.0pt 792.0pt; margin:70.85pt 3.0cm 70.85pt 3.0cm; mso-header-margin:36.0pt; mso-footer-margin:36.0pt; mso-paper-source:0;} div.WordSection1 {page:WordSection1;} --><span lang=\"CA\">Les conseq\u00fc\u00e8ncies d\u2019aquest aiguat van ser ben visibles durant molt de temps, deixant una empremta molt important en la mem\u00f2ria dels habitants de totes les comarques afectades.<\/span><\/p>\n","protected":false},"excerpt":{"rendered":"<p>PUBLICADA EL 27\/09\/2013 Aquest cap de setmana es compleixen 100 anys del catastr\u00f2fic aiguat, conegut amb el nom popular de l\u2019Aiguat de Sant Miquel, que va afectar gaireb\u00e9 a tot Catalunya provocant el desbordament de nombrosos rius i rieres de les conques orientals del pa\u00eds (des del Foix, al Garraf, fins a la Tet, al [&hellip;]<\/p>\n","protected":false},"author":7,"featured_media":0,"parent":18384,"menu_order":0,"comment_status":"open","ping_status":"open","template":"template-sidebar.php","meta":{"_mi_skip_tracking":false,"_monsterinsights_sitenote_active":false,"_monsterinsights_sitenote_note":"","_monsterinsights_sitenote_category":0},"_links":{"self":[{"href":"https:\/\/www.meteo.cat\/wpweb\/wp-json\/wp\/v2\/pages\/18074"}],"collection":[{"href":"https:\/\/www.meteo.cat\/wpweb\/wp-json\/wp\/v2\/pages"}],"about":[{"href":"https:\/\/www.meteo.cat\/wpweb\/wp-json\/wp\/v2\/types\/page"}],"author":[{"embeddable":true,"href":"https:\/\/www.meteo.cat\/wpweb\/wp-json\/wp\/v2\/users\/7"}],"replies":[{"embeddable":true,"href":"https:\/\/www.meteo.cat\/wpweb\/wp-json\/wp\/v2\/comments?post=18074"}],"version-history":[{"count":26,"href":"https:\/\/www.meteo.cat\/wpweb\/wp-json\/wp\/v2\/pages\/18074\/revisions"}],"predecessor-version":[{"id":39324,"href":"https:\/\/www.meteo.cat\/wpweb\/wp-json\/wp\/v2\/pages\/18074\/revisions\/39324"}],"up":[{"embeddable":true,"href":"https:\/\/www.meteo.cat\/wpweb\/wp-json\/wp\/v2\/pages\/18384"}],"wp:attachment":[{"href":"https:\/\/www.meteo.cat\/wpweb\/wp-json\/wp\/v2\/media?parent=18074"}],"curies":[{"name":"wp","href":"https:\/\/api.w.org\/{rel}","templated":true}]}}