{"id":18072,"date":"2013-07-18T08:04:46","date_gmt":"2013-07-18T07:04:46","guid":{"rendered":"http:\/\/10.116.16.72\/test\/?p=1084"},"modified":"2023-06-15T08:21:33","modified_gmt":"2023-06-15T08:21:33","slug":"una-decada-dextrems-climatics-globals","status":"publish","type":"page","link":"https:\/\/www.meteo.cat\/wpweb\/divulgacio\/publicacions\/miscellania\/una-decada-dextrems-climatics-globals\/","title":{"rendered":"Una d\u00e8cada d\u2019extrems clim\u00e0tics globals"},"content":{"rendered":"\n<p><strong>PUBLICADA EL 18\/07\/2013<\/strong><\/p>\n\n\n\n<p>A principis d&#8221;aquest mes l\u2019<a href=\"https:\/\/public.wmo.int\/es\" target=\"_blank\" rel=\"noreferrer noopener\">Organitzaci\u00f3 Meteorol\u00f2gica Mundial (OMM)<\/a> va fer p\u00fablic l\u2019informe <b>\u201cL\u2019estat del clima mundial 2001-2010: Un decenni de fen\u00f2mens clim\u00e0tics extrems\u201d<\/b>, on s\u2019analitza rigorosament el clima de la Terra durant la primera d\u00e8cada d\u2019aquest segle (2001-2010), posant especial \u00e8mfasi en la temperatura, la precipitaci\u00f3 i diferents fen\u00f2mens extrems.<\/p>\n\n\n\n<p>Per exemple, en el seg\u00fcent mapa es mostren les onades de calor m\u00e9s intenses i les condicions de temperatura excepcionalment elevades que s\u2019han registrat a tota la Terra durant la primera d\u00e8cada del segle XXI.<\/p>\n\n\n\n<div class=\"wp-block-image\"><figure class=\"aligncenter\"><img src=\"http:\/\/farm8.staticflickr.com\/7400\/9310525915_ae346572c1.jpg\" alt=\"\"\/><\/figure><\/div>\n\n\n\n<p>Aquest informe indica que en tot el m\u00f3n s\u2019han produ\u00eft <b>fen\u00f2mens clim\u00e0tics extrems<\/b> de <b>gran impacte<\/b> i <b>sense precedents<\/b> durant el decenni 2001-2010, com s\u00f3n l&#8221;onada de calor que es va produir a Europa al 2003, les inundacions del 2010 a Pakistan, l&#8221;hurac\u00e0 Katrina als EUA, el cicl\u00f3 Nargis a Birm\u00e0nia i les llargues sequeres a la conca de l\u2019Amazones. Tamb\u00e9 aquesta d\u00e8cada ha estat la m\u00e9s c\u00e0lida mai registrada des que es van comen\u00e7ar a realitzar mesures instrumentals en \u00e8poca moderna i de manera global (cap al 1850). A m\u00e9s s\u2019han batut m\u00e9s r\u00e8cords de temperatura que en cap altre decenni anterior. Aquesta calor r\u00e8cord ha estat acompanyada per una r\u00e0pida disminuci\u00f3 del <b>gel mar\u00ed<\/b> de l&#8217;\u00c0rtic i una acceleraci\u00f3 de la p\u00e8rdua de la massa neta de les capes de gel de l&#8217;Ant\u00e0rtida i Groenl\u00e0ndia, aix\u00ed com de la resta de glaceres del m\u00f3n.<\/p>\n\n\n\n<p>A la seg\u00fcent figura es pot veure la comparativa entre l\u2019extensi\u00f3 mitjana per al per\u00edode 1979-2000 del <b>gel mar\u00ed<\/b> de l\u2019\u00c0rtic des de juliol fins a novembre i l\u2019extensi\u00f3 anual des del 2007 fins al 2010. L\u2019extensi\u00f3 del gel mar\u00ed per a tots aquests anys ha estat an\u00f2malament baixa, ja que ha estat per sota de les dues desviacions est\u00e0ndards respecte el valor mitj\u00e0 1979-2000.<\/p>\n\n\n\n<div class=\"wp-block-image\"><figure class=\"aligncenter\"><img src=\"http:\/\/farm4.staticflickr.com\/3770\/9310526529_1aab32fcd1_o.jpg\" alt=\"\"\/><\/figure><\/div>\n\n\n\n<p>Com a resultat de la fosa generalitzada del gel mar\u00ed i de l&#8221;expansi\u00f3 t\u00e8rmica de l&#8221;aigua del mar, la mitjana mundial del <b>nivell del mar<\/b> ha augmentat uns 3 mm per any, aproximadament el doble de la tend\u00e8ncia observada durant el segle XX (1,6 mm per any). El nivell mitj\u00e0 del mar a nivell mundial \u00e9s uns 20 cm m\u00e9s alt que al 1880.<\/p>\n\n\n\n<p>Al mateix temps, durant aquesta primera d\u00e8cada del segle XXI s\u2019ha produ\u00eft un augment de la concentraci\u00f3 atmosf\u00e8rica de <b>gasos amb efecte d\u2019hivernacle<\/b>. La concentraci\u00f3 atmosf\u00e8rica mitjana mundial de di\u00f2xid de carboni (CO2) ha arribat a les 389 parts per mili\u00f3 al 2010 (un augment del 39 % des de l&#8221;inici de l&#8221;era preindustrial al 1750), el met\u00e0 (CH4) ha arribat a les&nbsp;1.808 parts per mil milions ( 158 %) i l&#8221;\u00f2xid nitr\u00f3s (N2O) a les 323,2 parts per mil milions ( 20 %). Tots aquests valors actualment s\u00f3n m\u00e9s elevats.<\/p>\n\n\n\n<p>Amb m\u00e9s detall, a l\u2019informe s\u2019afirma el seg\u00fcent:<\/p>\n\n\n\n<p>S&#8217;estima que la <b>temperatura anual mundial<\/b> a la superf\u00edcie de la terra i de l&#8221;oce\u00e0 durant la d\u00e8cada 2001-2010 ha estat de 14,47 \u00baC, \u00e9s a dir 0,47 \u00baC respecte de la mitjana mundial del per\u00edode 1961-1990 (14,0 \u00baC) i 0,21 \u00baC per sobre de la d\u00e8cada anterior (1991-2000).<\/p>\n\n\n\n<p>Tots els anys del decenni, excepte 2008, s\u2019han comptat entre els 10 anys m\u00e9s c\u00e0lids dels quals es t\u00e9 registre. L&#8217;any m\u00e9s c\u00e0lid mai registrat a nivell global ha estat el 2010, amb una anomalia de temperatura mitjana estimada de 0,54\u00baC respecte la mitjana clim\u00e0tica 1961-1990, seguit molt de prop pel 2005.<\/p>\n\n\n\n<p>A la major part del m\u00f3n s\u2019ha observat una temperatura superior a la normal durant el decenni 2001-2010, especialment a les latituds altes de l&#8217;hemisferi nord. Groenl\u00e0ndia ha enregistrat la major anomalia de temperatura decennal, 1,71\u00baC per sobre de la mitjana clim\u00e0tica 1961-1990 i una temperatura al 2010 de 3,2 \u00b0C per sobre de la mitjana. L\u2019\u00c0frica ha registrat condicions m\u00e9s c\u00e0lides que la mitjana clim\u00e0tica en cadascun dels anys d\u2019aquesta \u00faltima d\u00e8cada.<\/p>\n\n\n\n<p>El decenni 2001-2010 ha estat el segon amb m\u00e9s <b>precipitacions<\/b> des del 1901 (el primer va ser 1951-1960). <a name=\"_GoBack\"><\/a>L&#8217;any 2010 va ser el m\u00e9s pluj\u00f3s mai registrat a nivell mundial des que van comen\u00e7ar a emprar-se mesures instrumentals de manera global. La major part de la Terra va registrar precipitacions superiors a les normals durant aquesta d\u00e8cada. Bona part d\u2019Europa, l\u2019est dels EUA, el nord i l&#8221;est del Canad\u00e0, i l\u2019\u00c0sia central van enregistrar condicions particularment humides. Les <b>inundacions<\/b> van ser el fenomen extrem que es va produir amb major freq\u00fc\u00e8ncia al llarg de la d\u00e8cada. L&#8217;Europa de l\u2019Est (2001 i 2005) es va veure especialment afectada, l\u2019\u00cdndia (2005), l\u2019\u00c0frica (2008), Austr\u00e0lia (2010) i l\u2019\u00c0sia (2010, en particular al Pakistan, on hi van morir 2.000 persones i 20 milions es van veure afectades).<\/p>\n\n\n\n<p>Tamb\u00e9 han tingut lloc <b>sequeres<\/b> severes a tot el m\u00f3n. Algunes de les sequeres m\u00e9s duradores i de major impacte han succe\u00eft a Austr\u00e0lia (2002), l\u2019\u00c0frica meridional (2004 i 2005, provocant p\u00e8rdues de vides i escassetat d&#8221;aliments) i la conca de l\u2019Amazones (2010).<\/p>\n\n\n\n<p>Per a m\u00e9s informaci\u00f3 es pot consultar l\u2019<a href=\"https:\/\/library.wmo.int\/?lvl=notice_display&amp;id=15114\">informe elaborat per l\u2019OMM<\/a>.<\/p>\n","protected":false},"excerpt":{"rendered":"<p>PUBLICADA EL 18\/07\/2013 A principis d&#8221;aquest mes l\u2019Organitzaci\u00f3 Meteorol\u00f2gica Mundial (OMM) va fer p\u00fablic l\u2019informe \u201cL\u2019estat del clima mundial 2001-2010: Un decenni de fen\u00f2mens clim\u00e0tics extrems\u201d, on s\u2019analitza rigorosament el clima de la Terra durant la primera d\u00e8cada d\u2019aquest segle (2001-2010), posant especial \u00e8mfasi en la temperatura, la precipitaci\u00f3 i diferents fen\u00f2mens extrems. Per exemple, [&hellip;]<\/p>\n","protected":false},"author":7,"featured_media":0,"parent":18378,"menu_order":0,"comment_status":"open","ping_status":"closed","template":"template-sidebar.php","meta":{"_mi_skip_tracking":false,"_monsterinsights_sitenote_active":false,"_monsterinsights_sitenote_note":"","_monsterinsights_sitenote_category":0},"_links":{"self":[{"href":"https:\/\/www.meteo.cat\/wpweb\/wp-json\/wp\/v2\/pages\/18072"}],"collection":[{"href":"https:\/\/www.meteo.cat\/wpweb\/wp-json\/wp\/v2\/pages"}],"about":[{"href":"https:\/\/www.meteo.cat\/wpweb\/wp-json\/wp\/v2\/types\/page"}],"author":[{"embeddable":true,"href":"https:\/\/www.meteo.cat\/wpweb\/wp-json\/wp\/v2\/users\/7"}],"replies":[{"embeddable":true,"href":"https:\/\/www.meteo.cat\/wpweb\/wp-json\/wp\/v2\/comments?post=18072"}],"version-history":[{"count":6,"href":"https:\/\/www.meteo.cat\/wpweb\/wp-json\/wp\/v2\/pages\/18072\/revisions"}],"predecessor-version":[{"id":38199,"href":"https:\/\/www.meteo.cat\/wpweb\/wp-json\/wp\/v2\/pages\/18072\/revisions\/38199"}],"up":[{"embeddable":true,"href":"https:\/\/www.meteo.cat\/wpweb\/wp-json\/wp\/v2\/pages\/18378"}],"wp:attachment":[{"href":"https:\/\/www.meteo.cat\/wpweb\/wp-json\/wp\/v2\/media?parent=18072"}],"curies":[{"name":"wp","href":"https:\/\/api.w.org\/{rel}","templated":true}]}}