{"id":18070,"date":"2013-07-05T10:59:57","date_gmt":"2013-07-05T09:59:57","guid":{"rendered":"http:\/\/10.116.16.72\/test\/?p=998"},"modified":"2020-10-21T08:21:03","modified_gmt":"2020-10-21T08:21:03","slug":"mesures-de-seguretat-en-cas-de-tempesta","status":"publish","type":"page","link":"https:\/\/www.meteo.cat\/wpweb\/divulgacio\/publicacions\/miscellania\/mesures-de-seguretat-en-cas-de-tempesta\/","title":{"rendered":"Mesures de seguretat en cas de tempesta"},"content":{"rendered":"\n<p><strong>PUBLICADA EL 05\/07\/2013<\/strong><\/p>\n\n\n\n<p>Ara que comen\u00e7a l\u2019estiu \u00e9s un bon moment per recordar el perill que comporten les tempestes i les mesures que cal prendre quan realitzem activitats a l\u2019aire lliure. Al nostre pa\u00eds, l\u2019activitat de llamps es concentra a l\u2019estiu, segons les dades de la Xarxa de Detecci\u00f3 de Desc\u00e0rregues El\u00e8ctriques Atmosf\u00e8riques (XDDE) de l\u2019SMC. Durant juliol i agost es registren gaireb\u00e9 el 50% dels llamps que cauen en tot l\u2019any; afegint-hi juny i setembre, aquest percentatge puja fins al 85%.<\/p>\n\n\n\n<p>Pel que fa al nombre de dies de tempesta (registre d\u2019un llamp o m\u00e9s), els m\u00e0xims es concentren al ter\u00e7 nord del pa\u00eds, on arriben a valors d\u2019entre 30 i 40 dies de tempesta a l\u2019any. En canvi, al sector litoral hi ha de mitjana uns 20-24 dies de tempesta.<\/p>\n\n\n\n<div class=\"wp-block-image\"><figure class=\"aligncenter\"><img src=\"http:\/\/farm8.staticflickr.com\/7433\/9208516370_589e893464.jpg\" alt=\"Mapa de dies de tempesta, mitjana anual del per\u00edode 2004-2012 elaborat a partir de les dades de la XDDE de l\u2019SMC, a partir d\u2019una malla de 20 x 20 km.\"\/><figcaption>Mapa de dies de tempesta, mitjana anual del per\u00edode 2004-2012 elaborat a partir de les dades de la XDDE de l\u2019SMC, a partir d\u2019una malla de 20 x 20 km.<\/figcaption><\/figure><\/div>\n\n\n\n<p>A continuaci\u00f3 es presenten un seguit de recomanacions per evitar situacions on hi ha risc de veure\u2019s afectat per la caiguda d\u2019un llamp. Si b\u00e9 podem pensar que aquest risc \u00e9s redu\u00eft, cal tenir present que els m\u00e9s de 65.000 llamps que cauen, de mitjana, cada any a Catalunya no nom\u00e9s causen problemes el\u00e8ctrics, incendis i desperfectes, sin\u00f3 que tamb\u00e9 causen la mort de persones, per impacte directe o proper.<\/p>\n\n\n\n<p>Cap guia no pot pretendre aconseguir una seguretat absoluta, per\u00f2 est\u00e0 demostrat que el coneixement del perill del llamp i el fet de seguir una s\u00e8rie de pautes simples de conducta far\u00e0 reduir substancialment el risc que comporta una situaci\u00f3 de tempesta.<\/p>\n\n\n\n<h2><b>1. Programa les activitats a l\u2019aire lliure en funci\u00f3 del pron\u00f2stic meteorol\u00f2gic<\/b><\/h2>\n\n\n\n<p>Est\u00e0s planificant una activitat a l\u2019aire lliure? Has consultat el pron\u00f2stic del temps? Informa\u2019t del pron\u00f2stic i estigues al cas de si hi ha un av\u00eds de situaci\u00f3 meteorol\u00f2gica de perill a la teva zona. Planifica la teva activitat en funci\u00f3 del temps que s\u2019espera i evita exposar-te a una tempesta i al perill que suposen els llamps.<\/p>\n\n\n\n<p>Les activitats a l\u2019aire lliure, en espais oberts, s\u00f3n les que m\u00e9s risc tenen quan arriba la tempesta. Per tant, \u00e9s important que mestres, monitors, entrenadors, arbitres, etc. tinguin coneixement del perill del llamp i s\u00e0piguen actuar amb celeritat.<\/p>\n\n\n\n<div class=\"wp-block-image\"><figure class=\"aligncenter\"><img src=\"http:\/\/farm6.staticflickr.com\/5455\/9205733257_8df4996bba_m.jpg\" alt=\"Mapa exemple de predicci\u00f3 meteorol\u00f2gica\"\/><\/figure><\/div>\n\n\n\n<div class=\"wp-block-image\"><figure class=\"aligncenter\"><img src=\"http:\/\/farm8.staticflickr.com\/7286\/9208515832_0f4de2964c_m.jpg\" alt=\"Mapa exemple d'avisos meteorol\u00f2gics de perill\"\/><\/figure><\/div>\n\n\n\n<h2><b>2. En cas de tempesta, no dubtis ni un instant, busca refugi!<\/b><\/h2>\n\n\n\n<p>En sentir tronar o veure llampegar, cal buscar refugi a l\u2019instant. Encara no plou? \u00c9s igual, el risc ja existeix. Tot el temps que es perd a partir del moment en el qual hi ha amena\u00e7a de tempesta fa augmentar l\u2019exposici\u00f3 al perill.<\/p>\n\n\n\n<p>Calcula la dist\u00e0ncia de la tempesta.&nbsp;&nbsp;El so del tro recorre 1 km cada tres segons, en canvi el resplendor del llamp \u00e9s gaireb\u00e9 instantani. Aix\u00ed, comptant el nombre de segons entre el llamp i el tro, i dividint el nombre per 3, tenim una aproximaci\u00f3 de la dist\u00e0ncia a la que es troba la tempesta. Si el temps entre el llamp i el tro cada cop \u00e9s menor, la tempesta s\u2019est\u00e0 aproximant.<\/p>\n\n\n\n<p>En activitats de grup cal establir un responsable del temps, que segueixi la situaci\u00f3 meteorol\u00f2gica i que lideri el grup a l\u2019hora de suspendre l\u2019activitat en curs i buscar refugi en cas de tempesta. Els llamps poden caure lluny de la tempesta, ja sigui fora de l&#8217;\u00e0rea de pluja, i fins i tot m\u00e9s enll\u00e0 del n\u00favol de tempesta. Per tant, no podem abandonar el refugi just despr\u00e9s de que passi la pluja, ja que el perill persisteix. Es recomana no deixar el refugi fins 30 min. despr\u00e9s d\u2019haver escoltat l\u2019\u00faltim tro.<\/p>\n\n\n\n<h3><b>Quins refugis s\u00f3n segurs?<\/b><\/h3>\n\n\n\n<h4><b>SEGURS<\/b><\/h4>\n\n\n\n<ul><li>Vehicles tancats (cotxe, autocar)<\/li><li>Edificis (casa, pis, escola, pavell\u00f3 esportiu tancat, refugi de muntanya)<\/li><li>Tanca les finestres, desconnecta els electrodom\u00e8stics i apaga la llar de foc!<\/li><\/ul>\n\n\n\n<h4><b>INSEGURS<\/b><\/h4>\n\n\n\n<ul><li>Vehicles oberts (bici, barca, tractor)<\/li><li>Estructures obertes (glorieta, parada de bus)<\/li><li>Tenda de c\u00e0mping, piscina<\/li><li>Arbres a\u00efllats.&nbsp;El bosc no \u00e9s del tot segur, per\u00f2 \u00e9s una millor opci\u00f3 que a camp obert.<b>&nbsp;<\/b><\/li><\/ul>\n\n\n\n<h2><b>3.Si no pots refugiar-te, evita els llocs m\u00e9s perillosos.&nbsp;<\/b><\/h2>\n\n\n\n<p>Si no tens temps de refugiar-te i la tempesta et sorpr\u00e8n a l\u2019aire lliure, cal minimitzar l\u2019amena\u00e7a de veure\u2019s afectat pel llamp. Cal evitar els espais oberts, com pistes d\u2019atletisme, platges, parcs, etc. Tamb\u00e9 cal evitar els objectes alts i a\u00efllats, com ara s\u00f3n arbres, fanals o pals de la llum. No et refugi\u00efs mai sota un arbre! Totes les activitats aqu\u00e0tiques s\u00f3n perilloses: surt de la piscina i asseca\u2019t, torna a port, la pesca pot esperar.<\/p>\n\n\n\n<p>Si la tempesta et sorpr\u00e8n a la muntanya, cal evitar llocs alts com cims i carenes, per\u00f2 tamb\u00e9 fons de vall on hi poden haver avingudes d\u2019aigua. Quan hi ha signes de la formaci\u00f3 de tempestes, cal girar cua i buscar refugi a cotes m\u00e9s baixes.<\/p>\n\n\n\n<h2><b>4. Minimitza la teva exposici\u00f3 a l\u2019impacte d\u2019un llamp<\/b><\/h2>\n\n\n\n<p>Si malgrat tot et trobes sota la tempesta, encara ets a temps de prendre un seguit de mesures per evitar atraure els llamps. Hi ha una s\u00e8rie d\u2019indicadors que el llamp \u00e9s imminent, com els cabells de punta o un brunzit com el que se sent a sota d\u2019una l\u00ednia d\u2019alta tensi\u00f3.<\/p>\n\n\n\n<p>Si estem en grup, cal que ens dispersem de manera organitzada, sense c\u00f3rrer i evitant situacions de p\u00e0nic. Ens quedarem a una dist\u00e0ncia on conservem contacte visual i verbal. Pot semblar un contrasentit, per\u00f2 si alg\u00fa es veu afectat, la resta del grup el podr\u00e0 soc\u00f3rrer. Cal tenir present que no ens afectar\u00e0 nom\u00e9s un impacte directe, sino que l\u2019impacte del llamp genera uns gradients de voltatge que ens pot afectar fins a 40 metres del punt d\u2019impacte!<\/p>\n\n\n\n<p>Cal desfer-se del material met\u00e0l\u00b7lic com piolets, bastons, motxilles amb carcassa, etc. i d\u2019objectes que facin d\u2019efecte punta, perqu\u00e8 poden atraure els llamps.<\/p>\n\n\n\n<table class=\"wp-block-table\"><tbody><tr><td>La millor postura en cas de perill imminent \u00e9s la que es mostra a continuaci\u00f3. Cal ajupir-se, a la \u201cgatzoneta\u201d. \u00c9s important ajuntar els peus i tapar-se les orelles per protegir-se del tro.<\/td><td>\n<\/td><\/tr><\/tbody><\/table>\n\n\n\n<figure class=\"wp-block-image alignnone\"><img src=\"http:\/\/farm8.staticflickr.com\/7363\/9205734365_c609950179_m.jpg\" alt=\"Posici\u00f3 ajupida per protegir-se\"\/><figcaption>Posici\u00f3 ajupida per protegir-se. Font: Servei d\u2019emerg\u00e8ncies de Toronto, Canad\u00e0.<\/figcaption><\/figure>\n\n\n\n<h2><b>5. Primers Auxilis<\/b><\/h2>\n\n\n\n<div class=\"wp-block-columns has-2-columns\">\n<div class=\"wp-block-column\">\n<p class=\"has-medium-font-size\">La persona afectada per un llamp pot ser atesa immediatament, la desc\u00e0rrega no roman en ella. Pot presentar cremades, tenir el sistema nervi\u00f3s alterat i haver perdut la visi\u00f3 i l\u2019audici\u00f3.L\u2019efecte m\u00e9s greu d\u2019una exposici\u00f3 al llamp \u00e9s el de patir una aturada cardio-respirat\u00f2ria. De fet, si ens trobem en una situaci\u00f3 on hi ha un grup de persones afectades, ens hem d\u2019ocupar primer dels que han quedat inconscients, perqu\u00e8 segurament els podrem reviure amb t\u00e8cniques de reanimaci\u00f3. En qualsevol cas cal trucar a emerg\u00e8ncies per demanar ajuda m\u00e8dica.  <\/p>\n<\/div>\n\n\n\n<div class=\"wp-block-column\">\n<div class=\"wp-block-image alignright\"><figure class=\"alignleft\"><img src=\"http:\/\/farm6.staticflickr.com\/5521\/9208516068_98983130d6_m.jpg\" alt=\"Logotip 112 emerg\u00e8ncies\"\/><\/figure><\/div>\n<\/div>\n<\/div>\n\n\n\n<p><a href=\"http:\/\/interior.gencat.cat\/ca\/arees_dactuacio\/proteccio_civil\/consells_autoproteccio_emergencia\/#_ga=2.60476845.1861666683.1519026151-1597728013.1384518594\" target=\"_blank\" rel=\"noopener noreferrer\">Altres consells d\u2019autoprotecci\u00f3<\/a> (Enlla\u00e7 a Protecci\u00f3 civil)<\/p>\n","protected":false},"excerpt":{"rendered":"<p>PUBLICADA EL 05\/07\/2013 Ara que comen\u00e7a l\u2019estiu \u00e9s un bon moment per recordar el perill que comporten les tempestes i les mesures que cal prendre quan realitzem activitats a l\u2019aire lliure. Al nostre pa\u00eds, l\u2019activitat de llamps es concentra a l\u2019estiu, segons les dades de la Xarxa de Detecci\u00f3 de Desc\u00e0rregues El\u00e8ctriques Atmosf\u00e8riques (XDDE) de [&hellip;]<\/p>\n","protected":false},"author":4,"featured_media":0,"parent":18378,"menu_order":0,"comment_status":"open","ping_status":"open","template":"template-sidebar.php","meta":{"_mi_skip_tracking":false,"_monsterinsights_sitenote_active":false,"_monsterinsights_sitenote_note":"","_monsterinsights_sitenote_category":0},"_links":{"self":[{"href":"https:\/\/www.meteo.cat\/wpweb\/wp-json\/wp\/v2\/pages\/18070"}],"collection":[{"href":"https:\/\/www.meteo.cat\/wpweb\/wp-json\/wp\/v2\/pages"}],"about":[{"href":"https:\/\/www.meteo.cat\/wpweb\/wp-json\/wp\/v2\/types\/page"}],"author":[{"embeddable":true,"href":"https:\/\/www.meteo.cat\/wpweb\/wp-json\/wp\/v2\/users\/4"}],"replies":[{"embeddable":true,"href":"https:\/\/www.meteo.cat\/wpweb\/wp-json\/wp\/v2\/comments?post=18070"}],"version-history":[{"count":14,"href":"https:\/\/www.meteo.cat\/wpweb\/wp-json\/wp\/v2\/pages\/18070\/revisions"}],"predecessor-version":[{"id":29525,"href":"https:\/\/www.meteo.cat\/wpweb\/wp-json\/wp\/v2\/pages\/18070\/revisions\/29525"}],"up":[{"embeddable":true,"href":"https:\/\/www.meteo.cat\/wpweb\/wp-json\/wp\/v2\/pages\/18378"}],"wp:attachment":[{"href":"https:\/\/www.meteo.cat\/wpweb\/wp-json\/wp\/v2\/media?parent=18070"}],"curies":[{"name":"wp","href":"https:\/\/api.w.org\/{rel}","templated":true}]}}