{"id":18069,"date":"2013-06-26T09:25:04","date_gmt":"2013-06-26T08:25:04","guid":{"rendered":"http:\/\/10.116.16.72\/test\/?p=918"},"modified":"2024-11-15T10:09:26","modified_gmt":"2024-11-15T10:09:26","slug":"com-es-mesura-la-calamarsa-i-la-pedra","status":"publish","type":"page","link":"https:\/\/www.meteo.cat\/wpweb\/divulgacio\/publicacions\/miscellania\/com-es-mesura-la-calamarsa-i-la-pedra\/","title":{"rendered":"Com es mesura la calamarsa i la pedra?"},"content":{"rendered":"\n<p><strong>PUBLICADA EL 26\/06\/2013<\/strong> \/\/ REVISADA EL 15\/11\/2024<\/p>\n\n\n\n<p>En aquest breu aricle uns presentem el regle classificador de calamarsa i pedra del Servei Meteorol\u00f2gic de Catalunya<b><br><\/b><\/p>\n\n\n\n<h2><b><span style=\"text-decoration: underline;\">Com usar el regle<\/span><\/b><\/h2>\n\n\n\n<p>Aquest regle vol ser un ajut en la descripci\u00f3 de la mida de la pedra.&nbsp; Per a saber de quina classe \u00e9s (A0, A1, A2, A3, A4 o A5), cal comen\u00e7ar fent passar la pedra pel forat de la dreta, el m\u00e9s gran. Com pot tenir un di\u00e0metre irregular, cal passar-lo de la forma m\u00e9s desfavorable, mirant si per la banda que sembla m\u00e9s ampla passa pel forat.<\/p>\n\n\n\n<p><b>La pedra ser\u00e0 de la classe del forat m\u00e9s petit per on passi<\/b><\/p>\n\n\n\n<div class=\"wp-block-image\"><figure class=\"aligncenter\"><img src=\"http:\/\/farm8.staticflickr.com\/7367\/9142366920_977cfea6e3.jpg\" alt=\"\"\/><\/figure><\/div>\n\n\n\n<ul><li><b>Si ja no passa pel forat m\u00e9s gran (A4) vol dir que la pedra \u00e9s de la classe A5<\/b>, la m\u00e9s gran, d\u2019un di\u00e0metre de com a m\u00ednim 5 cm.<\/li><li><b>Si passa pel forat A4 per\u00f2 no passa per l\u2019A3, vol dir que la pedra \u00e9s de la classe A4<\/b>. Llavors la pedra ser\u00e0 d\u2019un di\u00e0metre d\u2019entre 4 i 4.9 cm. Un objecte est\u00e0ndard propi d\u2019aquesta classe \u00e9s la pilota de ping-pong (amb 4 cm de di\u00e0metre).<\/li><li><b>Si passa pel forat A4, A3 i no passa per l\u2019A2, vol dir que \u00e9s de la classe A3<\/b>. La seva mida es situar\u00e0 llavors entre els 3 i els 3,9 cm de di\u00e0metre. Com un tap d\u2019ampolla d\u2019aigua fa 3,2 cm de di\u00e0metre, es pot prendre aquest objecte com exemple est\u00e0ndard de la classe A3.<\/li><li><b>Si passa pel forat A4, A3, A2 i no passa per l\u2019A1, vol dir que la pedra \u00e9s de la classe A2<\/b>, amb un di\u00e0metre entre 2 i 2,9 cm. Un objecte A2 est\u00e0ndard seria una moneda de 2 euros, ja que fa 2,6 cm de di\u00e0metre.<\/li><li><b>Si passa pel forat A4, A3, A2, A1 i no passa per l&#8217;A0, llavors la pedra \u00e9s de la classe A1<\/b> i el seu di\u00e0metre es mou entre 1 i 1,9 cm.<\/li><li><b>Si la pedra passa pel forat A0, aleshores la pedra \u00e9s de la classe A0<\/b>. El seu di\u00e0metre \u00e9s inferior a 1 cm, a l\u2019igual que un bol\u00edgraf.<\/li><li>Si el seu<strong> di\u00e0metre \u00e9s superior a 2 cm <\/strong>es tracta de<strong> pedra grossa<\/strong>.<\/li><li>Si el seu<strong> di\u00e0metre \u00e9s inferior o igual a 2 cm i superior a 0,5 cm <\/strong>es tracta de<strong> pedra petita<\/strong>.<\/li><li>Si el seu <strong>di\u00e0metre \u00e9s inferior o igual a 0,5 cm <\/strong>es tracta de <strong>calamarsa<\/strong>. Si els grans de calamarsa s\u00f3n molt petits, en aquest cas parlem de <strong>calamars\u00f3<\/strong>.<\/li><\/ul>\n\n\n\n<h2><b><span style=\"text-decoration: underline;\">El perqu\u00e8 d\u2019aquesta classificaci\u00f3 (apartat per a curiosos)<\/span><\/b><\/h2>\n\n\n\n<p>L\u2019objectiu final de la creaci\u00f3 del regle \u00e9s el de tenir una classificaci\u00f3 de la calamarsa i pedra el m\u00e9s simple i objectiva possible. En l\u2019actualitat s\u2019utilitzen principalment tres escales per a la classificaci\u00f3 de la calamarsa o pedra: l\u2019escala Torro (Webb et al. 1986), l\u2019escala&nbsp; GSC (Moisselin and Guillande, 2004) i l\u2019escala ANELFA (Dessens et al., 2007).<\/p>\n\n\n\n<p>Des del Servei s\u2019ha optat per utilitzar l\u2019escala ANELFA ja que resulta alhora simple i complerta. A m\u00e9s, ja l\u2019usa l\u2019ADV Terres de Ponent (de Lleida). En aquesta escala la categoria de la classe es determina pel valor enter de la mida del di\u00e0metre m\u00e9s gran de la pedra mesurada en cm. En el cas de no disposar d\u2019aquesta mesura, la classe es pot determinar a partir de l\u2019equival\u00e8ncia de la&nbsp;pedra caiguda amb objectes est\u00e0ndard de refer\u00e8ncia. Origin\u00e0riament, els objectes de refer\u00e8ncia de l\u2019escala ANELFA eren els usats tradicionalment (p\u00e8sol, ra\u00efm, cirera, ous de colom, nous, ous de gallina, taronja, pr\u00e9ssec, poma), per\u00f2 la gran varietat de mides que un sol d\u2019aquests objectes pot tenir, introdueix for\u00e7a subjectivitat a les descripcions. Per aix\u00f2 es va optar per cercar objectes est\u00e0ndard de mida \u00fanica i universal que poguessin servir de patr\u00f3 per a cada classe (pilota ping-pong per a la classe A4, tap ampolla aigua per a la classe A3, moneda de 2 euros per a la classe A2, moneda de 2 c\u00e8ntims d\u2019euro per a la classe A1 i bol\u00edgraf per a la classe A0).<\/p>\n\n\n\n<p>Finalment, tal i com fa l\u2019escala Fujita (1971) per a tornados, s\u2019utilitzen les conseq\u00fc\u00e8ncies i gravetat dels danys ocasionats per facilitar la catalogaci\u00f3 de la pedregada.<\/p>\n\n\n\n<p>Tot seguit es presenta l\u2019escala ANELFA, amb les correspond\u00e8ncies est\u00e0ndards a objectes comuns universals proposades pel Servei i les originals pr\u00f2pies d\u2019aquesta escala.<\/p>\n\n\n\n<p><b>Taula 1.<\/b> Classificaci\u00f3 de la calamarsa i pedra segons el seu di\u00e0metre, objectes de refer\u00e8ncia o conseq\u00fc\u00e8ncies segons l\u2019escala ANELFA (Dessens et al. 2007) amb la inclusi\u00f3 de les correspond\u00e8ncies a objectes comuns universals proposades pel Servei Meteorol\u00f2gic de Catalunya.<\/p>\n\n\n\n<figure class=\"wp-block-table sortable\"><table><tbody><tr><th>\nCategoria\n<\/th><th>\nDi\u00e0metre m\u00e0xim de la pedra (cm)\n<\/th><th>\nObjecte de refer\u00e8ncia (SMC)\n<\/th><th>\nObjecte de refer\u00e8ncia (ANELFA)\n<\/th><th>\nConseq\u00fc\u00e8ncies t\u00edpiques associades\n<\/th><\/tr><tr><td>\nA0\n<\/td><td>\n&lt;1\n<\/td><td>\nBase bol\u00edgraf est\u00e0ndard (BIC)\n<\/td><td>\nP\u00e8sol\n<\/td><td>Els arbres es queden sense flor.Accidents de tr\u00e0nsit.<\/td><\/tr><tr><td>\nA1\n<\/td><td>\n1 &#8211; 1.9\n<\/td><td>\nMoneda de 2 c\u00e8ntims d\u2019\u20ac\n(1.875 cm)\n<\/td><td>\nRa\u00efm, bala, cirera\n<\/td><td>Afecci\u00f3 a les vinyes arbrers fruiters i tabac.<\/td><\/tr><tr><td>\nA2\n<\/td><td>\n2 \u2013 2.9\n<\/td><td>\nMoneda de 2 \u20ac (2.575 cm)\n<\/td><td>\nOu de colom\n<\/td><td>Danys seriosos als cereals, hortalisses i arbres.<\/td><\/tr><tr><td>\nA3\n<\/td><td>\n3 \u2013 3.9\n<\/td><td>\nTap d\u2019ampolla d\u2019aigua (de pl\u00e0stic)\n<\/td><td>\nNous, pilota de ping-pong\n<\/td><td>Danys complerts a totes les collites, finestres trencades i cotxes afectats.<\/td><\/tr><tr><td>\nA4\n<\/td><td>\n4 \u2013 4.9\n<\/td><td>\nPilota de ping-pong o golf (4.267 cm)\n<\/td><td>\nOu de gallina, pilota de golf\n<\/td><td>Paisatge hivernal animals morts, persones ferides, danys en avions<\/td><\/tr><tr><td>\nA5\n<\/td><td>\n\u2265 5\n<\/td><td>\nPilota de tennis (entre 6.5 i 6.858 cm)\n<\/td><td>\nTaronja, pr\u00e9ssec, poma, pilota de tennis\n<\/td><td>Event extremadament perill\u00f3s, persones desprotegides mortes.<\/td><\/tr><\/tbody><\/table><\/figure>\n\n\n\n<p>Cada categoria s\u2019ha de complementar amb un signe + \u00f2 \u2013 en funci\u00f3 de si el s\u00f2l es troba cobert de pedra\/calamarsa significativament en m\u00e9s del 50 % (+) o en menys del 50 % (-).<\/p>\n\n\n\n<h2><b><span style=\"text-decoration: underline;\">Recomanacions \u00fatils per fer observacions de tempestes<\/span><\/b><\/h2>\n\n\n\n<p>Seguidament es presenten tres blocs amb informaci\u00f3 que resultaria de gran utilitat al Servei Meteorol\u00f2gic per a l\u2019an\u00e0lisi de tempestes<\/p>\n\n\n\n<h3> Informaci\u00f3 general<\/h3>\n\n\n\n<ul><li>Observador<\/li><li>Data<\/li><li>Lloc d\u2019observaci\u00f3 (localitat)<\/li><li>Hora d\u2019inici de la tempesta<\/li><li>Hora d\u2019acabament de la tempesta<\/li><\/ul>\n\n\n\n<h3>Informaci\u00f3 sobre calamarsa\/pedra<\/h3>\n\n\n\n<ul><li>Classificaci\u00f3 de les pedres caigudes (Assenyalar les caselles de les quals s\u2019ha trobat pedra)   \u00d8=di\u00e0metre<ul><li>A0: \u00d8&lt;1 cm  (Bol\u00edgraf BIC)<\/li><li>A1: 1\u2264\u00d8&lt; 1.9 (Moneda 2 cents \u20ac)<\/li><li>A2: 2\u2264\u00d8&lt;2.9 (Moneda 2 \u20ac)<\/li><li>A3: 3\u2264\u00d8&lt;3.9 (Tap aigua)<\/li><li>A4: 4\u2264\u00d8&lt;4.9 (Pilota ping-pong)<\/li><li>A5: \u00d8\u22655 cm<\/li><\/ul><\/li><li>Pedra dura (el gra rebota) o tova (el gra canvia de forma en tocar un objecte)<\/li><li>Pedra seca (sense pluja) o humida (cau barrejada amb la pluja)<\/li><li>Intensitat de la pedregada (baixa, mitjana, alta)<\/li><li>% de terra cobert per la pedra<\/li><li>Zona afectada<\/li><li>Tipus de destrosses<\/li><li>S\u2019han fet fotografies?<\/li><\/ul>\n\n\n\n<h3>Informaci\u00f3 complement\u00e0ria<\/h3>\n\n\n\n<ul><li>Car\u00e0cter del dia abans de la tempesta<\/li><li>Car\u00e0cter del dia despr\u00e9s de la tempesta<\/li><li>Punt per on apareix la tempesta<\/li><li>Punt per on marxa la tempesta<\/li><li>Pres\u00e8ncia de llamps i llampecs<\/li><li>Coincideix la pedregada amb llamps i llampecs?<\/li><li>Color del cel durant el pas de la tempesta<\/li><li> Direcci\u00f3 i velocitat del vent <\/li><li>Estat de la mar (indrets costaners)<\/li><li>Pres\u00e8ncia d\u2019altres fen\u00f2mens meteorol\u00f2gics<\/li><li>Altres comentaris<\/li><\/ul>\n\n\n\n<h2><strong>Recomanacions &nbsp;per fer fotografies:<\/strong><\/h2>\n\n\n\n<ol><li>Apuntar la data i&nbsp; l\u2019hora de la fotografia, aix\u00ed com la localitzaci\u00f3 de l\u2019indret on &nbsp;s\u2019ha pres. Si \u00e9s possible, programar la c\u00e0mera fotogr\u00e0fica per a que surti autom\u00e0ticament el dia i l\u2019hora de la fotografia.<\/li><li>Usar el regle per mostrar la mida de la pedra o posar objectes de refer\u00e8ncia amb una mida coneguda i universal, tenint en compte que un fons fosc augmenta el contrast i facilita l\u2019an\u00e0lisi de la imatge.<\/li><li>Si \u00e9s possible, fer una fotografia general de la situaci\u00f3 abans i despr\u00e9s de la tempesta, anotant la direcci\u00f3 cap a on mira l\u2019objectiu.<\/li><\/ol>\n\n\n\n<h2><strong>Refer\u00e8ncies<\/strong><\/h2>\n\n\n\n<ul><li>Dessens, J., Berthet, C. i Sanchez, J. L. (2007): &#8220;A point hailfall classification based on hailpad measurements: the ANELFA scale&#8221;. <i>Atmospheric research<\/i>, <i>83<\/i>(2-4), pp. 132-139. DOI:<a rel=\"noopener noreferrer\" href=\"https:\/\/doi.org\/10.1016\/j.atmosres.2006.02.029\" target=\"_blank\">10.1016\/j.atmosres.2006.02.029<\/a><\/li><li>Fujita, T.T. (1971): <em>Proposed characterization of tornadoes and hurricanes by area and intensity<\/em>. SMRP Research Paper, 91. University of Chicago, Chicago (EUA), 42 pp.<\/li><li>Moisselin, J. M. and Guillande, R. (2004): Development of intensity scales for a wide set of natural phenomena, Annual Meeting Abstracts of the European Meteorological Society, pp.134.<\/li><li>Webb J.D.C., Elsom D.M. i Meaden, G.T. (1986): &#8220;The TORRO hailstorm intensity scale&#8221;. <em>Journal of Meteorology<\/em> 11, pp. 337\u2013339.<\/li><\/ul>\n","protected":false},"excerpt":{"rendered":"<p>PUBLICADA EL 26\/06\/2013 \/\/ REVISADA EL 15\/11\/2024 En aquest breu aricle uns presentem el regle classificador de calamarsa i pedra del Servei Meteorol\u00f2gic de Catalunya Com usar el regle Aquest regle vol ser un ajut en la descripci\u00f3 de la mida de la pedra.&nbsp; Per a saber de quina classe \u00e9s (A0, A1, A2, A3, [&hellip;]<\/p>\n","protected":false},"author":7,"featured_media":0,"parent":18378,"menu_order":0,"comment_status":"open","ping_status":"closed","template":"template-sidebar.php","meta":{"_mi_skip_tracking":false,"_monsterinsights_sitenote_active":false,"_monsterinsights_sitenote_note":"","_monsterinsights_sitenote_category":0},"_links":{"self":[{"href":"https:\/\/www.meteo.cat\/wpweb\/wp-json\/wp\/v2\/pages\/18069"}],"collection":[{"href":"https:\/\/www.meteo.cat\/wpweb\/wp-json\/wp\/v2\/pages"}],"about":[{"href":"https:\/\/www.meteo.cat\/wpweb\/wp-json\/wp\/v2\/types\/page"}],"author":[{"embeddable":true,"href":"https:\/\/www.meteo.cat\/wpweb\/wp-json\/wp\/v2\/users\/7"}],"replies":[{"embeddable":true,"href":"https:\/\/www.meteo.cat\/wpweb\/wp-json\/wp\/v2\/comments?post=18069"}],"version-history":[{"count":22,"href":"https:\/\/www.meteo.cat\/wpweb\/wp-json\/wp\/v2\/pages\/18069\/revisions"}],"predecessor-version":[{"id":41755,"href":"https:\/\/www.meteo.cat\/wpweb\/wp-json\/wp\/v2\/pages\/18069\/revisions\/41755"}],"up":[{"embeddable":true,"href":"https:\/\/www.meteo.cat\/wpweb\/wp-json\/wp\/v2\/pages\/18378"}],"wp:attachment":[{"href":"https:\/\/www.meteo.cat\/wpweb\/wp-json\/wp\/v2\/media?parent=18069"}],"curies":[{"name":"wp","href":"https:\/\/api.w.org\/{rel}","templated":true}]}}