{"id":18066,"date":"2013-04-23T10:40:17","date_gmt":"2013-04-23T09:40:17","guid":{"rendered":"http:\/\/10.116.16.72\/test\/?p=770"},"modified":"2022-12-27T09:23:47","modified_gmt":"2022-12-27T09:23:47","slug":"creacio-de-la-xarxa-fenologica-de-catalunya-fenocat","status":"publish","type":"page","link":"https:\/\/www.meteo.cat\/wpweb\/divulgacio\/publicacions\/miscellania\/creacio-de-la-xarxa-fenologica-de-catalunya-fenocat\/","title":{"rendered":"Creaci\u00f3 de la xarxa fenol\u00f2gica de Catalunya (FENOCAT)"},"content":{"rendered":"\n<p><strong>PUBLICADA EL 23\/04\/2013<\/strong><\/p>\n\n\n\n<p>El Servei Meteorol\u00f2gic de Catalunya (SMC), adscrit al Departament de Territori i Sostenibilitat, ha posat en marxa la Xarxa Fenol\u00f2gica de Catalunya (Fenocat), amb l\u2019objectiu d\u2019estudiar l\u2019evoluci\u00f3 del clima i els possibles impactes del canvi clim\u00e0tic a partir d\u2019observacions fenol\u00f2giques sistem\u00e0tiques arreu del territori.<\/p>\n\n\n\n<p>La fenologia \u00e9s la branca de l\u2019ecologia que analitza la relaci\u00f3 entre les variables clim\u00e0tiques i les manifestacions estacionals o peri\u00f2diques de les esp\u00e8cies vegetals o animals (floraci\u00f3 de les plantes, migraci\u00f3 dels ocells, etc.). Per exemple, permet determinar com l\u2019evoluci\u00f3 del clima durant les darreres tres o quatre d\u00e8cades ha modificat la pauta de migraci\u00f3 d\u2019algunes esp\u00e8cies d\u2019ocells. Tamb\u00e9 les plantes, amb cicles fenol\u00f2gics de fases molt marcades, mostren un avan\u00e7ament de diversos esdeveniments fenol\u00f2gics clau, com ara la brostada o la floraci\u00f3. Un altre exemple s\u00f3n els treballs basats en el seguiment de les poblacions de papallones, que indiquen canvis en la distribuci\u00f3 de determinades esp\u00e8cies vinculats a l\u2019escalfament global.<\/p>\n\n\n\n<p>La Xarxa&nbsp;Fenol\u00f2gica&nbsp;de Catalunya (Fenocat) permetr\u00e0 fer un seguiment de l\u2019evoluci\u00f3 del clima a partir de l\u2019observaci\u00f3 de 45 esp\u00e8cies vegetals i animals a Catalunya.<\/p>\n\n\n\n<h2><b>Assessorament cient\u00edfic d\u2019altres entitats<\/b><\/h2>\n\n\n\n<p>La nova xarxa Fenocat ha comptat amb l\u2019assessorament cient\u00edfic de la Instituci\u00f3 Catalana d\u2019Hist\u00f2ria Natural, l\u2019Institut Catal\u00e0 d\u2019Ornitologia i el Museu de Ci\u00e8ncies Naturals de Granollers per al seu impuls inicial, i es continuar\u00e0 la col\u00b7laboraci\u00f3 a l\u2019hora de dur a terme els diferents estudis fenol\u00f2gics.<\/p>\n\n\n\n<p>El projecte suposa, a m\u00e9s, la recuperaci\u00f3 d\u2019una tasca d\u2019investigaci\u00f3 fenol\u00f2gica iniciada ja l\u2019any 1932 per l\u2019antic Servei Meteorol\u00f2gic de Catalunya (1921-1939).<\/p>\n\n\n\n<h2><b>Observaci\u00f3 de 45 esp\u00e8cies diferents<\/b><\/h2>\n\n\n\n<p>En un primer moment, i seguint les recomanacions internacionals, s\u2019han considerat 45 esp\u00e8cies a observar a Catalunya (25 esp\u00e8cies vegetals, 14 esp\u00e8cies d\u2019ocells i 6 esp\u00e8cies de papallones). Aquesta selecci\u00f3 s\u2019ha fet tenint en compte diferents aspectes, entre els quals es troben que les esp\u00e8cies tinguin una distribuci\u00f3 \u00e0mplia a Catalunya, que es puguin identificar f\u00e0cilment, que siguin bones indicadores de la variaci\u00f3 de les condicions clim\u00e0tiques i que tinguin inter\u00e8s ecol\u00f2gic i\/o econ\u00f2mic. Tot i aix\u00f2, l\u2019SMC continuar\u00e0 treballant per revisar i ampliar, si s\u2019escau, la llista d\u2019esp\u00e8cies i estadis fenol\u00f2gics a observar.<\/p>\n\n\n\n<p>Aix\u00ed, es podran disposar de registres fenol\u00f2gics en paral\u00b7lel de diverses esp\u00e8cies vegetals i animals ecol\u00f2gicament relacionades, i determinar si els desacoblaments fenol\u00f2gics entre aquestes esp\u00e8cies permetran o no garantir un correcte funcionament dels nous ecosistemes derivats del canvi clim\u00e0tic.<\/p>\n\n\n\n<p>Finalment, durant els primers mesos de la Fenocat prendran registres fenol\u00f2gics al voltant de 75 col\u00b7laboradors de l\u2019SMC (membres de la Xarxa d\u2019Observadors Meteorol\u00f2gics, XOM) distribu\u00efts per tot el territori, i es preveu que m\u00e9s endavant aquesta activitat es pugui obrir a totes les persones interessades.<\/p>\n\n\n\n<p>Per a consultar m\u00e9s informaci\u00f3 sobre la xarxa Fenocat, aix\u00ed com la&nbsp;<i>Guia b\u00e0sica d\u2019observacions fenol\u00f2giques<\/i>&nbsp;que l\u2019SMC ha elaborat, es pot consultar la p\u00e0gina web de l\u2019SMC&nbsp;(<a href=\"https:\/\/www.meteo.cat\/\">www.meteo.cat<\/a>), a l&#8217;apartat Climatologia.<\/p>\n\n\n\n<p>Enlla\u00e7 a Fenocat: <a href=\"https:\/\/www.meteo.cat\/wpweb\/climatologia\/fenologia\/\">https:\/\/www.meteo.cat\/wpweb\/climatologia\/fenologia\/<\/a><\/p>\n","protected":false},"excerpt":{"rendered":"<p>PUBLICADA EL 23\/04\/2013 El Servei Meteorol\u00f2gic de Catalunya (SMC), adscrit al Departament de Territori i Sostenibilitat, ha posat en marxa la Xarxa Fenol\u00f2gica de Catalunya (Fenocat), amb l\u2019objectiu d\u2019estudiar l\u2019evoluci\u00f3 del clima i els possibles impactes del canvi clim\u00e0tic a partir d\u2019observacions fenol\u00f2giques sistem\u00e0tiques arreu del territori. La fenologia \u00e9s la branca de l\u2019ecologia que [&hellip;]<\/p>\n","protected":false},"author":7,"featured_media":0,"parent":18378,"menu_order":0,"comment_status":"open","ping_status":"open","template":"template-sidebar.php","meta":{"_mi_skip_tracking":false,"_monsterinsights_sitenote_active":false,"_monsterinsights_sitenote_note":"","_monsterinsights_sitenote_category":0},"_links":{"self":[{"href":"https:\/\/www.meteo.cat\/wpweb\/wp-json\/wp\/v2\/pages\/18066"}],"collection":[{"href":"https:\/\/www.meteo.cat\/wpweb\/wp-json\/wp\/v2\/pages"}],"about":[{"href":"https:\/\/www.meteo.cat\/wpweb\/wp-json\/wp\/v2\/types\/page"}],"author":[{"embeddable":true,"href":"https:\/\/www.meteo.cat\/wpweb\/wp-json\/wp\/v2\/users\/7"}],"replies":[{"embeddable":true,"href":"https:\/\/www.meteo.cat\/wpweb\/wp-json\/wp\/v2\/comments?post=18066"}],"version-history":[{"count":4,"href":"https:\/\/www.meteo.cat\/wpweb\/wp-json\/wp\/v2\/pages\/18066\/revisions"}],"predecessor-version":[{"id":36667,"href":"https:\/\/www.meteo.cat\/wpweb\/wp-json\/wp\/v2\/pages\/18066\/revisions\/36667"}],"up":[{"embeddable":true,"href":"https:\/\/www.meteo.cat\/wpweb\/wp-json\/wp\/v2\/pages\/18378"}],"wp:attachment":[{"href":"https:\/\/www.meteo.cat\/wpweb\/wp-json\/wp\/v2\/media?parent=18066"}],"curies":[{"name":"wp","href":"https:\/\/api.w.org\/{rel}","templated":true}]}}