{"id":18065,"date":"2013-04-22T07:55:54","date_gmt":"2013-04-22T06:55:54","guid":{"rendered":"http:\/\/10.116.16.72\/test\/?p=747"},"modified":"2020-10-21T06:31:54","modified_gmt":"2020-10-21T06:31:54","slug":"automatitzacio-del-radiosondatge-de-barcelona","status":"publish","type":"page","link":"https:\/\/www.meteo.cat\/wpweb\/divulgacio\/publicacions\/miscellania\/automatitzacio-del-radiosondatge-de-barcelona\/","title":{"rendered":"Automatitzaci\u00f3 del radiosondatge de Barcelona"},"content":{"rendered":"<p>&nbsp;<\/p>\n<p style=\"text-align: center;\"><strong>&#8212; PUBLICADA EL 22\/04\/2013 &#8212;<\/strong><\/p>\n<p>El Servei Meteorol\u00f2gic de Catalunya (SMC), adscrit al Departament de Territori i Sostenibilitat, ha posat en marxa un nou equipament que permet la realitzaci\u00f3 totalment autom\u00e0tica de fins a dotze radiosondatges meteorol\u00f2gics. Aix\u00ed, el nou robot sonda, podr\u00e0 de manera remota, des de la pr\u00f2pia seu del SMC, programar, realitzar i fer el seguiment dels radiosondatges que es duguin a terme.<\/p>\n<p>Fins ara, i des de l\u2019any 1997, l\u2019SMC realitza radiosondatges a Barcelona de manera manual des de la Facultat de F\u00edsica de la UB (el 1998 di\u00e0riament, i el 1999 ja dos cops al dia), i des del desembre del 2008 l\u2019estaci\u00f3 de radiosondatge est\u00e0 integrada dins la Xarxa Meteorol\u00f2gica Mundial amb el codi 08190. A partir d\u2019ara, el personal especialitzat responsable del radiosondatge de Barcelona s\u2019encarregar\u00e0 de reomplir de sondes i globus el nou equipament, aix\u00ed com de realitzar tasques b\u00e0siques de manteniment, d\u2019acord amb el conveni acordat entre l\u2019SMC i la UB. Tamb\u00e9 davant qualsevol conting\u00e8ncia disposaran de capacitat t\u00e8cnica per fer el radiosondatge de manera manual.<\/p>\n<p>La nova instal\u00b7laci\u00f3 millorar\u00e0 la qualitat dels radiosondatges, en tant que els homogene\u00eftzar\u00e0, realitzant-los sempre de la mateixa manera, independentment de les persones que fins ara feien el llan\u00e7ament. En aquest sentit, disposa d\u2019una autonomia de fins a 6 dies, equivalent a 12 radiosondatges, amb la conseq\u00fcent estalvi econ\u00f2mic que aix\u00f2 suposa.<\/p>\n<p>&nbsp;<\/p>\n<div>\n<ul>\n<li><strong>El Radiosondatge: una an\u00e0lisi de l\u2019atmosfera<\/strong><\/li>\n<\/ul>\n<p>El radiosondatge proporciona, dos cops al dia (00 h i 12 h UTC), un seguit de variables que permeten determinar l\u2019estat de l\u2019atmosfera en la vertical del punt on es fa el sondatge, fins aproximadament uns 25-30 km d\u2019altitud. En concret, es mesura la temperatura, la humitat relativa, la pressi\u00f3 atmosf\u00e8rica, la temperatura del punt de rosada, i la velocitat i direcci\u00f3 del vent. Aquestes dades es representen t\u00edpicament en diagrames termodin\u00e0mics que es poden consultar al web del SMC.<\/p>\n<p>&nbsp;<\/p>\n<\/div>\n<div>\n<ul>\n<li><strong>Xarxa Meteorol\u00f2gica Mundial<\/strong><\/li>\n<\/ul>\n<p>Juntament amb el radiosondatge de Barcelona, es realitzen simult\u00e0niament prop de 1.300 radiosondatges arreu del m\u00f3n. Per tant, s\u2019obt\u00e9 una mesura tridimensional de l\u2019estat meteorol\u00f2gic dels nivells baixos del conjunt de l\u2019atmosfera dos cops al dia. Aquesta informaci\u00f3 resulta vital per poder inicialitzar els models num\u00e8rics de predicci\u00f3 del temps, els quals s\u00f3n la base de la predicci\u00f3 meteorol\u00f2gica moderna.<\/p>\n<p>Les dades obtingudes amb el radiosondatge tamb\u00e9 permeten calcular el que es coneix com a \u00edndexs d\u2019inestabilitat, molt \u00fatils per avaluar la probabilitat de la formaci\u00f3 de tempestes i fen\u00f2mens de temps sever. Una altra aplicaci\u00f3 de les dades del radiosondatge \u00e9s l\u2019estudi d\u2019episodis de dispersi\u00f3 de contaminants. Els factors que hi intervenen s\u00f3n el car\u00e0cter de l\u2019estratificaci\u00f3, el vent, i les caracter\u00edstiques de la font emissora.<\/p>\n<p>Per l\u2019aviaci\u00f3 les dades de vent del radiosondatge s&#8217;utilitzen, entre d&#8217;altres coses, per determinar les zones amb turbul\u00e8ncia en el nivell de vol, per con\u00e8ixer la for\u00e7a, la direcci\u00f3 i la cisalla del vent a la zona, i per detectar el vent creuat que pugui interferir en les operacions d&#8217;enlairament i aterratge de l&#8217;avi\u00f3.<\/p>\n<p>En definitiva, el radiosondatge \u00e9s una eina b\u00e0sica per con\u00e8ixer l\u2019estat de l\u2019atmosfera en un instant determinat arreu del planeta, que \u00e9s el punt de partida dels models num\u00e8rics de predicci\u00f3 del temps per elaborar un bon pron\u00f2stic.<\/p>\n<p>Al web de l\u2019SMC<strong>\u00a0<\/strong><a href=\"https:\/\/www.meteo.cat\/\">www.meteo.cat<\/a>\u00a0es poden consultar a diari les dades del radiosondatge de Barcelona i a les xarxes socials @meteocat ifacebook.com\/meteoca<\/p>\n<div>\n<div>\n<div style=\"width: 510px\" class=\"wp-caption aligncenter\"><img loading=\"lazy\" src=\"http:\/\/farm9.staticflickr.com\/8265\/8671520534_3a68e647bd.jpg\" alt=\"\" width=\"500\" height=\"334\" \/><p class=\"wp-caption-text\">Robot Sonda<\/p><\/div>\n<\/div>\n<\/div>\n<\/div>\n","protected":false},"excerpt":{"rendered":"<p>&nbsp; &#8212; PUBLICADA EL 22\/04\/2013 &#8212; El Servei Meteorol\u00f2gic de Catalunya (SMC), adscrit al Departament de Territori i Sostenibilitat, ha posat en marxa un nou equipament que permet la realitzaci\u00f3 totalment autom\u00e0tica de fins a dotze radiosondatges meteorol\u00f2gics. Aix\u00ed, el nou robot sonda, podr\u00e0 de manera remota, des de la pr\u00f2pia seu del SMC, programar, [&hellip;]<\/p>\n","protected":false},"author":7,"featured_media":0,"parent":18378,"menu_order":0,"comment_status":"open","ping_status":"open","template":"","meta":{"_mi_skip_tracking":false,"_monsterinsights_sitenote_active":false,"_monsterinsights_sitenote_note":"","_monsterinsights_sitenote_category":0},"_links":{"self":[{"href":"https:\/\/www.meteo.cat\/wpweb\/wp-json\/wp\/v2\/pages\/18065"}],"collection":[{"href":"https:\/\/www.meteo.cat\/wpweb\/wp-json\/wp\/v2\/pages"}],"about":[{"href":"https:\/\/www.meteo.cat\/wpweb\/wp-json\/wp\/v2\/types\/page"}],"author":[{"embeddable":true,"href":"https:\/\/www.meteo.cat\/wpweb\/wp-json\/wp\/v2\/users\/7"}],"replies":[{"embeddable":true,"href":"https:\/\/www.meteo.cat\/wpweb\/wp-json\/wp\/v2\/comments?post=18065"}],"version-history":[{"count":5,"href":"https:\/\/www.meteo.cat\/wpweb\/wp-json\/wp\/v2\/pages\/18065\/revisions"}],"predecessor-version":[{"id":18576,"href":"https:\/\/www.meteo.cat\/wpweb\/wp-json\/wp\/v2\/pages\/18065\/revisions\/18576"}],"up":[{"embeddable":true,"href":"https:\/\/www.meteo.cat\/wpweb\/wp-json\/wp\/v2\/pages\/18378"}],"wp:attachment":[{"href":"https:\/\/www.meteo.cat\/wpweb\/wp-json\/wp\/v2\/media?parent=18065"}],"curies":[{"name":"wp","href":"https:\/\/api.w.org\/{rel}","templated":true}]}}