{"id":18064,"date":"2013-02-19T11:07:05","date_gmt":"2013-02-19T10:07:05","guid":{"rendered":"http:\/\/10.116.16.72\/test\/?p=732"},"modified":"2020-10-21T06:31:54","modified_gmt":"2020-10-21T06:31:54","slug":"avisos-de-situacio-meteorologica-de-perill-smp","status":"publish","type":"page","link":"https:\/\/www.meteo.cat\/wpweb\/divulgacio\/publicacions\/miscellania\/avisos-de-situacio-meteorologica-de-perill-smp\/","title":{"rendered":"Avisos de Situaci\u00f3 Meteorol\u00f2gica de Perill (SMP)"},"content":{"rendered":"\n<p><strong>PUBLICADA EL 19\/02\/2013<\/strong><\/p>\n\n\n\n<p>El Servei Meteorol\u00f2gic de Catalunya (SMC), actualment adscrit al Departament de Territori i Sostenibilitat, t\u00e9 com una de les seves funcions principals la d\u2019assessorar en mat\u00e8ria de meteorologia a Protecci\u00f3 Civil, que pertany al Departament d\u2019Interior. L\u2019objectiu d\u2019aquesta tasca \u00e9s ajudar en la coordinaci\u00f3 de les emerg\u00e8ncies meteorol\u00f2giques per tal de minimitzar els possibles efectes negatius produ\u00efts per la meteorologia adversa.<\/p>\n\n\n\n<p>Per aconseguir aquesta fita, el SMC treballa de manera molt estreta amb Protecci\u00f3 Civil i participa activament en diferents estadis del proc\u00e9s de gesti\u00f3 de les emerg\u00e8ncies meteorol\u00f2giques.<\/p>\n\n\n\n<p>De manera te\u00f2rica, hom defineix el risc com el producte del perill per la vulnerabilitat. El SMC s\u2019ocupa d\u2019avaluar, amb la m\u00e0xima precisi\u00f3 i antelaci\u00f3 possibles, el perill d\u2019una situaci\u00f3 meteorol\u00f2gica prevista. Si a aquest perill s&#8217;hi afegeix la vulnerabilitat del lloc on pot oc\u00f3rrer el fenomen s\u2019obt\u00e9 el risc (pas que fa Protecci\u00f3 Civil). Per exemple, l\u2019alt perill d\u2019una pluja molt intensa caiguda enmig d\u2019un bosc deshabitat (amb baixa vulnerabilitat) t\u00e9 un risc baix, per\u00f2 la mateixa pluja intensa caiguda a la cap\u00e7alera d\u2019una riera on hi ha habitatges i infraestructures a prop (\u00e9s a dir, amb alta vulnerabilitat), t\u00e9 un risc molt alt.<\/p>\n\n\n\n<p>Per tal de minimitzar l\u2019impacte del risc meteorol\u00f2gic amb el m\u00e0xim \u00e8xit possible, primer s\u2019han d\u2019elaborar els Plans d\u2019Emerg\u00e8ncies que seran els que marcaran el protocol a seguir abans, durant i despr\u00e9s d\u2019una situaci\u00f3 meteorol\u00f2gica de risc. El SMC forma part de l\u2019ampli equip de treball que dissenya els Plans d\u2019Emerg\u00e8ncies, en el que hi ha implicats tots els grups actuants que poden estar involucrats en l\u2019emerg\u00e8ncia. Entre moltes altres coses, en aquestes reunions es pacten els llindars de Situaci\u00f3 Meteorol\u00f2gica de Perill. Actualment, el SMC fa avisos per acumulaci\u00f3 de pluja, intensitat de pluja, neu, vent, onatge, calor i fred, cadascun amb els seus llindars corresponents. Aquesta informaci\u00f3 es pot consultar a la secci\u00f3 de l&#8217;apartat de Divulgaci\u00f3 &#8220;<a href=\"https:\/\/www.meteo.cat\/wpweb\/divulgacio\/entendre-les-prediccions\/informacio-general-duna-situacio-meteorologica-de-perill\/\" target=\"_blank\" rel=\"noopener noreferrer\">Avisos SMP<\/a>&#8220;<\/p>\n\n\n\n<p>L\u2019engranatge del proc\u00e9s contra una situaci\u00f3 meteorol\u00f2gica de risc comen\u00e7a amb la prevenci\u00f3, i per avaluar l\u2019abast de les actuacions pr\u00e8vies a l\u2019ocurr\u00e8ncia del fenomen cal fer la millor predicci\u00f3 meteorol\u00f2gica possible. Aquesta \u00e9s la principal tasca del SMC, fer una excel\u00b7lent predicci\u00f3 amb la m\u00e0xima antelaci\u00f3 i precisi\u00f3 espaial i temporal. L&#8217;\u00c0rea de Predicci\u00f3 \u00e9s el grup de treball encarregat d\u2019aconseguir-ho. Est\u00e0 format per 18 persones que treballen 24 hores al dia i 365 dies a l\u2019any i es nodreix de la informaci\u00f3 procedent de les altres \u00c0rees i Unitats de treball del SMC. Les eines b\u00e0siques que s\u2019utilitzen per fer la predicci\u00f3 s\u00f3n els diferents models meteorol\u00f2gics i els productes que se\u2019n deriven, a m\u00e9s d&#8217;incorporar un valor afegit decisiu que \u00e9s l\u2019element hum\u00e0, \u00e9s a dir, l\u2019experi\u00e8ncia i el coneixement cient\u00edfic. De les reunions on s&#8217;analitza la predicci\u00f3 (que se\u2019n fan dues al dia coincidint amb l\u2019actualitzaci\u00f3 dels models meteorol\u00f2gics), en surten, si s\u2019escau, els avisos meteorol\u00f2gics, que tenen una precisi\u00f3 espaial comarcal i uns intervals temporals de 6 hores. Un cop ja s\u2019ha discutit i pactat la predicci\u00f3 s\u2019elaboren els avisos a trav\u00e9s d\u2019un programari dissenyat per fer aquesta funci\u00f3 i s\u2019envien a Protecci\u00f3 Civil (que s&#8217;encarrega de difondre&#8217;ls a la poblaci\u00f3 a trav\u00e9s de l\u2019activaci\u00f3 dels Plans d\u2019Emerg\u00e8ncies), alhora que es fan p\u00fablics a trav\u00e9s de <a href=\"https:\/\/www.meteo.cat\/\">www.meteo.cat<\/a><\/p>\n\n\n\n<p>Els avisos s\u2019actualitzen un m\u00ednim de dues vegades al dia, i van evolucionant en funci\u00f3 dels canvis en la predicci\u00f3 meteorol\u00f2gica fins que es d\u00f3na per finalitzada la situaci\u00f3 meteorol\u00f2gica de perill.<\/p>\n\n\n\n<p>A m\u00e9s, el SMC tamb\u00e9 fa de manera cont\u00ednua el seguiment en temps real de la situaci\u00f3 meteorol\u00f2gica, per tal d\u2019aportar el m\u00e0xim d\u2019informaci\u00f3 a tots els organismes implicats en l\u2019emerg\u00e8ncia. La vigil\u00e0ncia meteorol\u00f2gica \u00e9s tant important com la predicci\u00f3, ja que \u00e9s la manera de tenir el coneixement minut a minut del qu\u00e8 est\u00e0 passant, meteorol\u00f2gicament parlant, a Catalunya i poder reaccionar amb la m\u00e0xima celeritat possible. Les eines de teledetecci\u00f3 s\u00f3n b\u00e0siques per aconseguir aquest objectiu, aix\u00ed com la Xarxa d\u2019Estacions Meteorol\u00f2giques Autom\u00e0tiques i la Xarxa d\u2019Observadors Meteorol\u00f2gics. Sempre hi ha com a m\u00ednim un predictor del SMC analitzant la informaci\u00f3 procedent de la Xarxa de Radars, de la Xarxa de Desc\u00e0rregues El\u00e8ctriques i de les imatges del sat\u00e8l\u00b7lit Meteosat. En cas que, mitjan\u00e7ant aquestes eines i algunes m\u00e9s que se\u2019n deriven, s\u2019observi la superaci\u00f3 d\u2019algun dels llindars de perill meteorol\u00f2gic sense haver-hi av\u00eds previ, des del SMC s\u2019emet un av\u00eds d\u2019observaci\u00f3, on es confirma la superaci\u00f3 del llindar en q\u00fcesti\u00f3 i es fa una predicci\u00f3 del fenomen a curt termini (a unes hores vista). Aquest av\u00eds tamb\u00e9 s\u2019envia a Protecci\u00f3 Civil, que en fa una r\u00e0pida difusi\u00f3 a les comarques afectades i a les que podran ser-ho a curt termini per tal que, si s\u2019escau, es puguin prendre mesures. A m\u00e9s, en el decurs d\u2019una emerg\u00e8ncia, el SMC participa activament com a membre de les comissions t\u00e8cniques i d\u2019assessorament convocades pel Centre d&#8217;Emerg\u00e8ncies de Catalunya (CECAT) per tal d\u2019ajudar en la presa de decisions operatives i estrat\u00e8giques. Si cal, tamb\u00e9 s\u2019at\u00e9n als&nbsp; mitjans de comunicaci\u00f3 amb l\u2019\u00e0nim de difondre, amb claredat i rigor, tota la informaci\u00f3 meteorol\u00f2gica que pugui ser d\u2019utilitat.<\/p>\n\n\n\n<p>Un cop s\u2019ha acabat el fenomen meteorol\u00f2gic de perill, el SMC emet el comunicat de finalitzaci\u00f3, que tamb\u00e9 es difon a tots els organismes implicats en l\u2019emerg\u00e8ncia i a tota la poblaci\u00f3.<\/p>\n\n\n\n<p>El r\u00e0pid desenvolupament de la tecnologia \u00e9s un aspecte clau en l\u2019avan\u00e7 de la meteorologia i, en conseq\u00fc\u00e8ncia, en la mitigaci\u00f3 dels efectes de les situacions meteorol\u00f2giques adverses. No obstant, est\u00e0 demostrat que, en predicci\u00f3, el component hum\u00e0 millora el resultat dels models meteorol\u00f2gics autom\u00e0tics. Per aix\u00f2, el gran valor de el SMC \u00e9s l\u2019equip de professionals que treballen des de fa molts anys fent la millor predicci\u00f3 meteorol\u00f2gica possible per tal d\u2019ajudar a minimitzar les p\u00e8rdues econ\u00f2miques com a conseq\u00fc\u00e8ncia dels fen\u00f2mens de perill meteorol\u00f2gic, i sobretot per intentar evitar el dany en vides humanes.<\/p>\n","protected":false},"excerpt":{"rendered":"<p>PUBLICADA EL 19\/02\/2013 El Servei Meteorol\u00f2gic de Catalunya (SMC), actualment adscrit al Departament de Territori i Sostenibilitat, t\u00e9 com una de les seves funcions principals la d\u2019assessorar en mat\u00e8ria de meteorologia a Protecci\u00f3 Civil, que pertany al Departament d\u2019Interior. L\u2019objectiu d\u2019aquesta tasca \u00e9s ajudar en la coordinaci\u00f3 de les emerg\u00e8ncies meteorol\u00f2giques per tal de minimitzar [&hellip;]<\/p>\n","protected":false},"author":7,"featured_media":0,"parent":18378,"menu_order":0,"comment_status":"open","ping_status":"open","template":"template-sidebar.php","meta":{"_mi_skip_tracking":false,"_monsterinsights_sitenote_active":false,"_monsterinsights_sitenote_note":"","_monsterinsights_sitenote_category":0},"_links":{"self":[{"href":"https:\/\/www.meteo.cat\/wpweb\/wp-json\/wp\/v2\/pages\/18064"}],"collection":[{"href":"https:\/\/www.meteo.cat\/wpweb\/wp-json\/wp\/v2\/pages"}],"about":[{"href":"https:\/\/www.meteo.cat\/wpweb\/wp-json\/wp\/v2\/types\/page"}],"author":[{"embeddable":true,"href":"https:\/\/www.meteo.cat\/wpweb\/wp-json\/wp\/v2\/users\/7"}],"replies":[{"embeddable":true,"href":"https:\/\/www.meteo.cat\/wpweb\/wp-json\/wp\/v2\/comments?post=18064"}],"version-history":[{"count":5,"href":"https:\/\/www.meteo.cat\/wpweb\/wp-json\/wp\/v2\/pages\/18064\/revisions"}],"predecessor-version":[{"id":29261,"href":"https:\/\/www.meteo.cat\/wpweb\/wp-json\/wp\/v2\/pages\/18064\/revisions\/29261"}],"up":[{"embeddable":true,"href":"https:\/\/www.meteo.cat\/wpweb\/wp-json\/wp\/v2\/pages\/18378"}],"wp:attachment":[{"href":"https:\/\/www.meteo.cat\/wpweb\/wp-json\/wp\/v2\/media?parent=18064"}],"curies":[{"name":"wp","href":"https:\/\/api.w.org\/{rel}","templated":true}]}}