{"id":1800,"date":"2014-11-25T10:48:30","date_gmt":"2014-11-25T10:48:30","guid":{"rendered":"http:\/\/\/wpweb\/?page_id=1800"},"modified":"2020-10-29T09:07:52","modified_gmt":"2020-10-29T09:07:52","slug":"mesura-de-la-precipitacio","status":"publish","type":"page","link":"https:\/\/www.meteo.cat\/wpweb\/divulgacio\/equipaments-meteorologics\/estacions-meteorologiques-automatiques\/funcionament-ema\/mesura-de-la-precipitacio\/","title":{"rendered":"Mesura de la precipitaci\u00f3"},"content":{"rendered":"\n<p>La precipitaci\u00f3 es mesura en l\/m<sup>2<\/sup> o mm, i correspon a 1 litre d&#8217;aigua en 1 m<sup>2<\/sup> de superf\u00edcie, el que suposa un gruix de 1 mm, sobre aquesta mateixa superf\u00edcie.<\/p>\n\n\n\n<p>Per a la mesura de la intensitat de precipitaci\u00f3 s&#8217;utilitzen majorit\u00e0riament <span style=\"text-decoration: underline\">pluvi\u00f2metres de balanc\u00ed<\/span>. El seu funcionament es basa en el tancament d&#8217;un contacte magn\u00e8tic quan es produeix la basculaci\u00f3 d&#8217;un balanc\u00ed cada vegada que aquest s&#8217;omple d&#8217;aigua.<\/p>\n\n\n\n<div class=\"wp-block-image\"><figure class=\"aligncenter\"><a href=\"https:\/\/static-m.meteo.cat\/wordpressweb\/wp-content\/uploads\/2014\/11\/25104830\/mesura_precipitacio_1_junt.jpg\"><img loading=\"lazy\" width=\"700\" height=\"350\" src=\"https:\/\/static-m.meteo.cat\/wordpressweb\/wp-content\/uploads\/2014\/11\/25104830\/mesura_precipitacio_1_junt.jpg\" alt=\"Exemple gr\u00e0fic de la mesura de la intensitat de precpitaci\u00f3\" class=\"wp-image-2212\" \/><\/a><\/figure><\/div>\n\n\n\n<p>Estan dissenyats per a la mesura de la pluja, per\u00f2 poden incorporar un sistema de calefacci\u00f3 que permeti fondre la precipitaci\u00f3 s\u00f2lida (neu, calamarsa, etc) i mesurar-la en forma d&#8217;aigua (amb una p\u00e8rdua important per evaporaci\u00f3).<\/p>\n\n\n\n<p>Per a la mesura de tot tipus de precipitaci\u00f3 existeixen els <span style=\"text-decoration: underline\">pluvi\u00f2metres totalitzadors<\/span>, que acumulen la precipitaci\u00f3 dins d&#8217;un receptacle. Normalment aquests totalitzadors s\u00f3n pluvi\u00f2metres de nivell o de pesada. Els primers realitzen la mesura a partir del nivell que assoleix la precipitaci\u00f3 dins del receptacle; i els segons aprofiten el pes de la precipitaci\u00f3 per mesurar-la. Depenent de si el buidatge \u00e9s autom\u00e0tic o no, \u00e9s necessari afegir certa quantitat d&#8217;olis espec\u00edfics per evitar-ne l&#8217;evaporaci\u00f3 amb el pas del temps, i tamb\u00e9 anticongelant en els casos que s&#8217;esperin temperatures negatives.<\/p>\n\n\n\n<p>En general s&#8217;han d&#8217;instal\u00b7lar a una al\u00e7ada no superior a 150 cm, i, sobretot per la mesura de la neu, protegir-se de l&#8217;acci\u00f3 del vent, que pot arribar a causar p\u00e8rdues de precipitaci\u00f3 de fins al 50%. En aquest cas s&#8217;hauran de situar sempre a una al\u00e7ada superior al nivell m\u00e0xim esperat de neu.<\/p>\n\n\n\n<p>Cada vegada m\u00e9s s&#8217;utilitzen sensors \u00f2ptics (disdr\u00f2metres) i petits radars per a la mesura i identificaci\u00f3 de tot tipus de precipitaci\u00f3.<\/p>\n\n\n\n<p>En aplicacions nivol\u00f2giques tamb\u00e9 s&#8217;incorporen sensors ultras\u00f2nics de dist\u00e0ncia. Aquests mesuren el gruix de neu acumulat a partir del temps emprat per un impuls d&#8217;ultrasons (eco) en anar i tornar del sensor.<\/p>\n\n\n\n<div class=\"wp-block-image\"><figure class=\"aligncenter\"><a href=\"https:\/\/static-m.meteo.cat\/wordpressweb\/wp-content\/uploads\/2014\/11\/25104830\/mesura_precipitacio_2_junt.jpg\"><img loading=\"lazy\" width=\"600\" height=\"300\" src=\"https:\/\/static-m.meteo.cat\/wordpressweb\/wp-content\/uploads\/2014\/11\/25104830\/mesura_precipitacio_2_junt.jpg\" alt=\"Pluvi\u00f2metre de balanc\u00ed, pluvi\u00f2metre de pesada, i sensor de gruix de neu d'ultrasons\" class=\"wp-image-2213\" \/><\/a><figcaption>D&#8217;esquerra a dreta, Pluvi\u00f2metre de balanc\u00ed , Pluvi\u00f2metre de pesada i Sensor de gruix de neu per ultrasons<\/figcaption><\/figure><\/div>\n","protected":false},"excerpt":{"rendered":"<p>La precipitaci\u00f3 es mesura en l\/m2 o mm, i correspon a 1 litre d&#8217;aigua en 1 m2 de superf\u00edcie, el que suposa un gruix de 1 mm, sobre aquesta mateixa superf\u00edcie. Per a la mesura de la intensitat de precipitaci\u00f3 s&#8217;utilitzen majorit\u00e0riament pluvi\u00f2metres de balanc\u00ed. El seu funcionament es basa en el tancament d&#8217;un contacte [&hellip;]<\/p>\n","protected":false},"author":4,"featured_media":0,"parent":1769,"menu_order":4,"comment_status":"closed","ping_status":"open","template":"template-sidebar.php","meta":{"_mi_skip_tracking":false,"_monsterinsights_sitenote_active":false,"_monsterinsights_sitenote_note":"","_monsterinsights_sitenote_category":0},"_links":{"self":[{"href":"https:\/\/www.meteo.cat\/wpweb\/wp-json\/wp\/v2\/pages\/1800"}],"collection":[{"href":"https:\/\/www.meteo.cat\/wpweb\/wp-json\/wp\/v2\/pages"}],"about":[{"href":"https:\/\/www.meteo.cat\/wpweb\/wp-json\/wp\/v2\/types\/page"}],"author":[{"embeddable":true,"href":"https:\/\/www.meteo.cat\/wpweb\/wp-json\/wp\/v2\/users\/4"}],"replies":[{"embeddable":true,"href":"https:\/\/www.meteo.cat\/wpweb\/wp-json\/wp\/v2\/comments?post=1800"}],"version-history":[{"count":5,"href":"https:\/\/www.meteo.cat\/wpweb\/wp-json\/wp\/v2\/pages\/1800\/revisions"}],"predecessor-version":[{"id":29703,"href":"https:\/\/www.meteo.cat\/wpweb\/wp-json\/wp\/v2\/pages\/1800\/revisions\/29703"}],"up":[{"embeddable":true,"href":"https:\/\/www.meteo.cat\/wpweb\/wp-json\/wp\/v2\/pages\/1769"}],"wp:attachment":[{"href":"https:\/\/www.meteo.cat\/wpweb\/wp-json\/wp\/v2\/media?parent=1800"}],"curies":[{"name":"wp","href":"https:\/\/api.w.org\/{rel}","templated":true}]}}