{"id":1795,"date":"2014-11-25T10:47:00","date_gmt":"2014-11-25T10:47:00","guid":{"rendered":"http:\/\/\/wpweb\/?page_id=1795"},"modified":"2020-10-29T09:03:43","modified_gmt":"2020-10-29T09:03:43","slug":"mesura-de-la-direccio-i-la-velocitat-del-vent","status":"publish","type":"page","link":"https:\/\/www.meteo.cat\/wpweb\/divulgacio\/equipaments-meteorologics\/estacions-meteorologiques-automatiques\/funcionament-ema\/mesura-de-la-direccio-i-la-velocitat-del-vent\/","title":{"rendered":"Mesura de la direcci\u00f3 i la velocitat del vent"},"content":{"rendered":"\n<p><span style=\"font-size: 16px;color: #191e23\">La velocitat del vent es mesura en m\/s, i la direcci\u00f3 en graus (de 0\u00ba a 359\u00ba<\/span><sup style=\"color: #191e23\">\u03bf<\/sup><span style=\"font-size: 16px;color: #191e23\">).<\/span><\/p>\n\n\n\n<p>Els sensors s&#8217;han d&#8217;instal\u00b7lar a una al\u00e7ada de 10 m per minimitzar els efectes del s\u00f2l en el flux horitzontal de l&#8217;aire.<\/p>\n\n\n\n<p>Per a la mesura del vent en superf\u00edcie s&#8217;utilitzen majorit\u00e0riament penells i anem\u00f2metres d&#8217;h\u00e8lixs o de culleres. Tamb\u00e9 les diverses formes combinades d&#8217;anemopenells.<\/p>\n\n\n\n<p>Per a l&#8217;obtenci\u00f3 de la velocitat del vent s&#8217;empreen moltes i variades tecnologies. Habitualment es tracta d&#8217;algun transductor que converteix la rotaci\u00f3 de les h\u00e8lixs o les culleres en un senyal anal\u00f2gic mesurable. Per exemple, una ona sinuso\u00efdal de senyal altern (AC) amb la freq\u00fc\u00e8ncia proporcional a la velocitat del vent o un voltatge continu directament proporcional a aquesta velocitat.<\/p>\n\n\n\n<div class=\"wp-block-image\"><figure class=\"aligncenter\"><a href=\"https:\/\/static-m.meteo.cat\/wordpressweb\/wp-content\/uploads\/2014\/11\/25104700\/mesura_vent_1.jpg\"><img loading=\"lazy\" width=\"428\" height=\"113\" src=\"https:\/\/static-m.meteo.cat\/wordpressweb\/wp-content\/uploads\/2014\/11\/25104700\/mesura_vent_1.jpg\" alt=\"Esquema de la mesura de la velocitat del vent\" class=\"wp-image-2203\" \/><\/a><\/figure><\/div>\n\n\n\n<div class=\"wp-block-image\"><figure class=\"aligncenter\"><a href=\"https:\/\/static-m.meteo.cat\/wordpressweb\/wp-content\/uploads\/2014\/11\/25104700\/mesura_vent_2_junt.jpg\"><img loading=\"lazy\" width=\"500\" height=\"200\" src=\"https:\/\/static-m.meteo.cat\/wordpressweb\/wp-content\/uploads\/2014\/11\/25104700\/mesura_vent_2_junt.jpg\" alt=\"Sensors per mesurar la velocitat i direcci\u00f3 del vent\" class=\"wp-image-2205\" \/><\/a><figcaption>Sensor combinat de velocitat i direcci\u00f3 del vent (anem\u00f2metre d&#8217;helix) a l&#8217;esquerra i sensor de velocitat (anem\u00f2metre de culleres) a la dreta<\/figcaption><\/figure><\/div>\n\n\n\n<p>Per a l&#8217;obtenci\u00f3 de la direcci\u00f3 del vent el m\u00e9s habitual \u00e9s utilitzar un o dos potenci\u00f2metres (resist\u00e8ncia variable). La posici\u00f3 del penell \u00e9s transmesa a la unitat d&#8217;adquisici\u00f3 pel potenci\u00f2metre de precisi\u00f3, el qual requereix un voltatge d&#8217;excitaci\u00f3 regulat. Amb un voltatge constant aplicat al potenci\u00f2metre, el senyal de sortida \u00e9s un voltatge anal\u00f2gic directament proporcional a l&#8217;angle de la direcci\u00f3 del vent.<\/p>\n\n\n\n<div class=\"wp-block-image\"><figure class=\"aligncenter\"><a href=\"https:\/\/static-m.meteo.cat\/wordpressweb\/wp-content\/uploads\/2014\/11\/25104700\/mesura_vent_3_sol.jpg\"><img loading=\"lazy\" width=\"667\" height=\"108\" src=\"https:\/\/static-m.meteo.cat\/wordpressweb\/wp-content\/uploads\/2014\/11\/25104700\/mesura_vent_3_sol.jpg\" alt=\"Esquema de la mesura de la direcci\u00f3 del vent\" class=\"wp-image-2206\" \/><\/a><\/figure><\/div>\n\n\n\n<div class=\"wp-block-image\"><figure class=\"aligncenter\"><a href=\"https:\/\/static-m.meteo.cat\/wordpressweb\/wp-content\/uploads\/2014\/11\/25104700\/mesura_vent_4_junt.jpg\"><img loading=\"lazy\" width=\"500\" height=\"175\" src=\"https:\/\/static-m.meteo.cat\/wordpressweb\/wp-content\/uploads\/2014\/11\/25104700\/mesura_vent_4_junt.jpg\" alt=\"Exemple de penells per la mesura de la direcci\u00f3 del vent\" class=\"wp-image-2207\" \/><\/a><figcaption>Vaisala (esquerra) i Mierij Meteo (dreta)<\/figcaption><\/figure><\/div>\n\n\n\n<p>Cada vegada m\u00e9s s&#8217;empren sensors de vent basats en impulsos d&#8217;ultrasons. Aquests utilitzen el temps emprat per un impuls ultras\u00f2nic en viatjar des d&#8217;un transductor situat en un extrem del sensor fins a un altre transductor situat en un altre extrem.<\/p>\n\n\n\n<div class=\"wp-block-image\"><figure class=\"aligncenter\"><a href=\"https:\/\/static-m.meteo.cat\/wordpressweb\/wp-content\/uploads\/2014\/11\/25104700\/mesura_vent_5_junt.jpg\"><img loading=\"lazy\" width=\"500\" height=\"185\" src=\"https:\/\/static-m.meteo.cat\/wordpressweb\/wp-content\/uploads\/2014\/11\/25104700\/mesura_vent_5_junt.jpg\" alt=\"Exemple de mesura del vent a trav\u00e9s d'ultrasons\" class=\"wp-image-2208\" \/><\/a><figcaption>Sensor d&#8217;ultrasons de tres transductors Vaisala (esquerra) i sensor d&#8217;ultrasons de quatre transductors Gill (dreta)<\/figcaption><\/figure><\/div>\n","protected":false},"excerpt":{"rendered":"<p>La velocitat del vent es mesura en m\/s, i la direcci\u00f3 en graus (de 0\u00ba a 359\u00ba\u03bf). Els sensors s&#8217;han d&#8217;instal\u00b7lar a una al\u00e7ada de 10 m per minimitzar els efectes del s\u00f2l en el flux horitzontal de l&#8217;aire. Per a la mesura del vent en superf\u00edcie s&#8217;utilitzen majorit\u00e0riament penells i anem\u00f2metres d&#8217;h\u00e8lixs o de [&hellip;]<\/p>\n","protected":false},"author":4,"featured_media":0,"parent":1769,"menu_order":2,"comment_status":"closed","ping_status":"open","template":"template-sidebar.php","meta":{"_mi_skip_tracking":false,"_monsterinsights_sitenote_active":false,"_monsterinsights_sitenote_note":"","_monsterinsights_sitenote_category":0},"_links":{"self":[{"href":"https:\/\/www.meteo.cat\/wpweb\/wp-json\/wp\/v2\/pages\/1795"}],"collection":[{"href":"https:\/\/www.meteo.cat\/wpweb\/wp-json\/wp\/v2\/pages"}],"about":[{"href":"https:\/\/www.meteo.cat\/wpweb\/wp-json\/wp\/v2\/types\/page"}],"author":[{"embeddable":true,"href":"https:\/\/www.meteo.cat\/wpweb\/wp-json\/wp\/v2\/users\/4"}],"replies":[{"embeddable":true,"href":"https:\/\/www.meteo.cat\/wpweb\/wp-json\/wp\/v2\/comments?post=1795"}],"version-history":[{"count":5,"href":"https:\/\/www.meteo.cat\/wpweb\/wp-json\/wp\/v2\/pages\/1795\/revisions"}],"predecessor-version":[{"id":29701,"href":"https:\/\/www.meteo.cat\/wpweb\/wp-json\/wp\/v2\/pages\/1795\/revisions\/29701"}],"up":[{"embeddable":true,"href":"https:\/\/www.meteo.cat\/wpweb\/wp-json\/wp\/v2\/pages\/1769"}],"wp:attachment":[{"href":"https:\/\/www.meteo.cat\/wpweb\/wp-json\/wp\/v2\/media?parent=1795"}],"curies":[{"name":"wp","href":"https:\/\/api.w.org\/{rel}","templated":true}]}}