{"id":175,"date":"2014-12-13T11:28:54","date_gmt":"2014-12-13T11:28:54","guid":{"rendered":"http:\/\/\/wpweb\/?page_id=175"},"modified":"2024-04-11T15:33:06","modified_gmt":"2024-04-11T15:33:06","slug":"benvinguda-del-director","status":"publish","type":"page","link":"https:\/\/www.meteo.cat\/wpweb\/sobre-meteocat\/benvinguda-del-director\/","title":{"rendered":"Benvinguda de la directora"},"content":{"rendered":"\n<p>Benvinguts\/des a la p\u00e0gina web del Servei Meteorol\u00f2gic de Catalunya<\/p>\n\n\n\n<figure class=\"wp-block-image size-large is-resized\"><a href=\"https:\/\/static-m.meteo.cat\/wordpressweb\/wp-content\/uploads\/2024\/04\/03124202\/Sarai_Sarroca_directora_SMC_01.jpg\"><img loading=\"lazy\" src=\"https:\/\/static-m.meteo.cat\/wordpressweb\/wp-content\/uploads\/2024\/04\/03124202\/Sarai_Sarroca_directora_SMC_01.jpg\" alt=\"Sarai Sarroca (obre imatge gran)\" class=\"wp-image-33278\" width=\"161\" height=\"214\"\/><\/a><\/figure>\n\n\n\n<p>\u00c9s per mi un privilegi poder explicar-vos la feina que fem a l&#8217;SMC. En aquesta web trobareu tota mena d\u2019informaci\u00f3 meteorol\u00f2gica i climatol\u00f2gica del nostre territori, com per exemple: dades meteorol\u00f2giques generades pels equipaments d\u2019aquesta entitat centen\u00e0ria (4 radars, 14 detectors de llamps, equip autom\u00e0tic de radiosondatge, 190 estacions meteorol\u00f2giques autom\u00e0tiques i 135 estacions manuals); fins al monitoratge i les projeccions de Canvi Clim\u00e0tic, passant per prediccions humanes i autom\u00e0tiques, prediccions en format v\u00eddeo, avisos de situaci\u00f3 meteorol\u00f2gica de perill, cartografia clim\u00e0tica, imatges del sat\u00e8l\u00b7lit Meteosat o les observacions meteorol\u00f2giques i fenol\u00f2giques de col\u00b7laboradors de totes les comarques.<\/p>\n\n\n\n<p>Les funcions de l\u2019entitat s\u2019estableixen a la Llei 15\/2001 de Meteorologia. \u00c9s aqu\u00ed on s\u2019estableix que el Servei Meteorol\u00f2gic de Catalunya \u00e9s el responsable d\u2019assessorar l\u2019Administraci\u00f3 de la Generalitat per a que pugui fer una adequada planificaci\u00f3 del territori, una bona gesti\u00f3 de l\u2019aigua i una bona prevenci\u00f3 dels fen\u00f2mens meteorol\u00f2gics, especialment importants en un context de canvi clim\u00e0tic i emerg\u00e8ncia clim\u00e0tica. En casos de previsi\u00f3 de situacions meteorol\u00f2giques de perill ser\u00e0 Protecci\u00f3 Civil qui activar\u00e0 o no els corresponents plans d\u2019emerg\u00e8ncia.<\/p>\n\n\n\n<p>La vocaci\u00f3 de l\u2019SMC \u00e9s ser un servei p\u00fablic, proper i accessible, que arribi a assolir totes les compet\u00e8ncies pr\u00f2pies d\u2019un servei meteorol\u00f2gic nacional. Treballem en la direcci\u00f3 d\u2019una obertura progressiva de les dades als ciutadans, obtingudes gr\u00e0cies a unes infraestructures adquirides amb diners p\u00fablics. A la Pol\u00edtica de l\u2019SMC manifestem que els seus valors principals s\u00f3n la qualitat, l\u2019efici\u00e8ncia, el rigor, la transpar\u00e8ncia i l\u2019arrelament al pa\u00eds.<\/p>\n\n\n\n<p>Espero i desitjo que aquesta web segueixi sent un canal de comunicaci\u00f3 cabdal en temes de meteorologia, climatologia i canvi clim\u00e0tic, pel conjunt de la societat catalana.<\/p>\n\n\n\n<p><strong>Sarai Sarroca<\/strong><\/p>\n\n\n\n<p>Directora<\/p>\n\n\n\n\n","protected":false},"excerpt":{"rendered":"<p>Benvinguts\/des a la p\u00e0gina web del Servei Meteorol\u00f2gic de Catalunya \u00c9s per mi un privilegi poder explicar-vos la feina que fem a l&#8217;SMC. En aquesta web trobareu tota mena d\u2019informaci\u00f3 meteorol\u00f2gica i climatol\u00f2gica del nostre territori, com per exemple: dades meteorol\u00f2giques generades pels equipaments d\u2019aquesta entitat centen\u00e0ria (4 radars, 14 detectors de llamps, equip autom\u00e0tic [&hellip;]<\/p>\n","protected":false},"author":2,"featured_media":0,"parent":70,"menu_order":1,"comment_status":"closed","ping_status":"closed","template":"template-sidebar.php","meta":{"_mi_skip_tracking":false,"_monsterinsights_sitenote_active":false,"_monsterinsights_sitenote_note":"","_monsterinsights_sitenote_category":0},"_links":{"self":[{"href":"https:\/\/www.meteo.cat\/wpweb\/wp-json\/wp\/v2\/pages\/175"}],"collection":[{"href":"https:\/\/www.meteo.cat\/wpweb\/wp-json\/wp\/v2\/pages"}],"about":[{"href":"https:\/\/www.meteo.cat\/wpweb\/wp-json\/wp\/v2\/types\/page"}],"author":[{"embeddable":true,"href":"https:\/\/www.meteo.cat\/wpweb\/wp-json\/wp\/v2\/users\/2"}],"replies":[{"embeddable":true,"href":"https:\/\/www.meteo.cat\/wpweb\/wp-json\/wp\/v2\/comments?post=175"}],"version-history":[{"count":29,"href":"https:\/\/www.meteo.cat\/wpweb\/wp-json\/wp\/v2\/pages\/175\/revisions"}],"predecessor-version":[{"id":40145,"href":"https:\/\/www.meteo.cat\/wpweb\/wp-json\/wp\/v2\/pages\/175\/revisions\/40145"}],"up":[{"embeddable":true,"href":"https:\/\/www.meteo.cat\/wpweb\/wp-json\/wp\/v2\/pages\/70"}],"wp:attachment":[{"href":"https:\/\/www.meteo.cat\/wpweb\/wp-json\/wp\/v2\/media?parent=175"}],"curies":[{"name":"wp","href":"https:\/\/api.w.org\/{rel}","templated":true}]}}