{"id":1703,"date":"2014-07-03T12:29:11","date_gmt":"2014-07-03T11:29:11","guid":{"rendered":"http:\/\/10.116.16.72\/test\/?p=1703"},"modified":"2022-04-20T10:28:18","modified_gmt":"2022-04-20T10:28:18","slug":"1994-07-04_20-anys-de-la-gran-calorada-de-juliol-de-1994","status":"publish","type":"page","link":"https:\/\/www.meteo.cat\/wpweb\/divulgacio\/publicacions\/efemerides\/1994-07-04_20-anys-de-la-gran-calorada-de-juliol-de-1994\/","title":{"rendered":"20 anys de la Gran Calorada de juliol de 1994"},"content":{"rendered":"\n<p><strong>PUBLICADA EL 03\/07\/2014<\/strong><\/p>\n\n\n\n<p>Aquesta setmana es compleixen 20 anys de la <b>Gran Calorada de juliol de 1994<\/b> i els <b>devastadors incendis forestals<\/b> de la <b>Catalunya Central<\/b>, que van afectar principalment al Bages i Bergued\u00e0, cremant gaireb\u00e9 4<b>5.000 ha<\/b>. Va ser l\u2019onada de calor m\u00e9s important de la d\u00e8cada dels anys 90 del segle XX i la m\u00e9s important des de la Gran Calorada de juliol de 1982.<\/p>\n\n\n\n<div class=\"wp-block-image\"><figure class=\"aligncenter\"><a href=\"https:\/\/www.flickr.com\/photos\/meteocat\/14377558978\/\"><img src=\"https:\/\/farm3.staticflickr.com\/2937\/14377558978_5a44087cf3.jpg\" alt=\"Imatge d\u2019un dels incendis produ\u00efts al Bergued\u00e0 a principis de juliol de 1994 prop de Berga\"\/><\/a><figcaption>Imatge d\u2019un dels incendis produ\u00efts al Bergued\u00e0 a principis de juliol de 1994 prop de Berga. La magnitud d\u2019aquest incendi va provocar la formaci\u00f3 d\u2019un piroc\u00famul, tal i com es pot veure a l\u2019esquerra de la fotografia. Imatge procedent de l\u2019Arxiu Luigi Berga i autor Climent Escobet i Farguell.<\/figcaption><\/figure><\/div>\n\n\n\n<p><span style=\"line-height: 1.5em;\">L\u2019onada de calor va comen\u00e7ar els \u00faltims dies del mes de juny, arribant al seu punt \u00e0lgid entre el 3 i el 5 de juliol. Va afectar a tot Catalunya, per\u00f2 va ser especialment intensa a les Terres de Ponent, la Catalunya Central, la zona prelitoral i les valls prepirinenques del Pallars Juss\u00e0 i l\u2019Alt Urgell. En aquestes zones els term\u00f2metres es van disparar per damunt dels 40 \u00b0C, valor poc freq\u00fcent a Catalunya i al qual no s\u2019hi arriba cada estiu. El <\/span><b style=\"line-height: 1.5em;\">4 de juliol de 1994<\/b><span style=\"line-height: 1.5em;\"> van registrar-se <\/span><b style=\"line-height: 1.5em;\">43,0 <\/b><b style=\"line-height: 1.5em;\">\u00b0C<\/b><span style=\"line-height: 1.5em;\"> a <\/span><b style=\"line-height: 1.5em;\">Montblanc <\/b><span style=\"line-height: 1.5em;\">i<\/span><b style=\"line-height: 1.5em;\"> Esparreguera,<\/b><span style=\"line-height: 1.5em;\"> i <\/span><b style=\"line-height: 1.5em;\">42,5 <\/b><b style=\"line-height: 1.5em;\">\u00b0C<\/b><span style=\"line-height: 1.5em;\"> a <\/span><b style=\"line-height: 1.5em;\">Manresa<\/b><span style=\"line-height: 1.5em;\"> i <\/span><b style=\"line-height: 1.5em;\">Piera<\/b><span style=\"line-height: 1.5em;\">. Fins i tot a zones elevades del Pirineu les temperatures van assolir valors molt alts, com els 25 \u00b0C de l\u20191 de juliol a la cota 2.041 m de l\u2019Estaci\u00f3 d\u2019esqu\u00ed de Bo\u00ed-Ta\u00fcll.<\/span><\/p>\n\n\n\n<p>Una nova calorada menys intensa que la primera va tornar a afectar a tot Catalunya a mitjans de mes amb m\u00e0ximes un altre cop de 40 \u00b0C als punts m\u00e9s c\u00e0lids del pa\u00eds, per\u00f2 afectant especialment aquesta vegada a les comarques del nord-est i de la costa Central, on les brises marines havien frenat la temperatura durant la primera calorada del mes. En aquests indrets es va assolir, aleshores, la temperatura m\u00e0xima absoluta d\u2019aquell mes.<\/p>\n\n\n\n<p>A continuaci\u00f3 apareix un llistat del juliol de 1994 de la <b>Xarxa d\u2019Observadors de Catalunya<\/b> amb els valors m\u00e0xims de temperatura superiors o iguals a 40 \u00b0C<b>:<\/b><\/p>\n\n\n\n<div class=\"wp-block-image\"><figure class=\"aligncenter\"><a href=\"https:\/\/farm4.staticflickr.com\/3904\/14377558698_fe4b3a309c_o.jpg\"><img src=\"https:\/\/farm4.staticflickr.com\/3904\/14377558698_5a8d5c65e9.jpg\" alt=\"Llistat del juliol de 1994 de la Xarxa d\u2019Observadors de Catalunya amb els valors m\u00e0xims de temperatura superiors o iguals a 40 \u00b0C\"\/><\/a><\/figure><\/div>\n\n\n\n<p>Els valors m\u00e0xims assolits a punts de muntanya per damunt dels 1.500 m es mostren a la seg\u00fcent taula:<\/p>\n\n\n\n<div class=\"wp-block-image\"><figure class=\"aligncenter\"><a href=\"https:\/\/farm4.staticflickr.com\/3869\/14377596659_0a0c932d79_o.jpg\"><img src=\"https:\/\/farm4.staticflickr.com\/3869\/14377596659_ce3e4a3b25.jpg\" alt=\"Valors m\u00e0xims assolits a punts de muntanya per damunt dels 1.500 m\"\/><\/a><\/figure><\/div>\n\n\n\n<p>Durant aquells dies de juliol de 1994 una bombolla d\u2019aire molt c\u00e0lid d\u2019origen sahari\u00e0 va afectar gran part de la pen\u00ednsula Ib\u00e8rica i la zona sud-occidental d\u2019Europa amb temperatures a 850 hPa que van arribar als 30 \u00b0C sobre la vertical d\u2019Andalusia, 25 \u00b0C a la vall de l\u2019Ebre, 22 \u00b0C als Pirineus i 20 \u00b0C als Alps entre el 3 i 4 de juliol de 1994. L\u2019entrada d\u2019aquesta massa tan c\u00e0lida es va veure afavorida per un flux de vent meridional a tots els nivells provocat per una important dorsal a 500 hPa centrada sobre el mar d\u2019Alboran i que s\u2019allargassava fins a Escandin\u00e0via. En els seg\u00fcents mapes es mostren les rean\u00e0lisis del <a>20CRP<\/a> (NCAR-NCEP, EUA) per al 03\/07\/1994 a les 18UTC dels camps d\u2019al\u00e7ada geopotencial i temperatura a 500 hPa (imatge superior) i a 850 hPa (imatge central), aix\u00ed com els camps de pressi\u00f3 al nivell del mar en superf\u00edcie i de temperatura a 2 m (imatge inferior).<\/p>\n\n\n\n<div class=\"wp-block-image\"><figure class=\"aligncenter\"><a href=\"https:\/\/farm4.staticflickr.com\/3851\/14563351132_b5f00251e3_b.jpg\"><img src=\"https:\/\/farm4.staticflickr.com\/3851\/14563351132_c38b985b0f_o.jpg\" alt=\"Mapes de rean\u00e0lisis del 20CRP (NCAR-NCEP, EUA) per al 03\/07\/1994\"\/><\/a><\/figure><\/div>\n\n\n\n<p>Les dues calorades del mes de juliol de 1994 van comportar una important anomalia t\u00e8rmica a 850 hPa a la pen\u00ednsula Ib\u00e8rica i gran part d\u2019Europa, aix\u00ed com una important anomalia&nbsp;positiva de l\u2019al\u00e7ada geopotencial a 850 hPa sobre Escandin\u00e0via. Es van assolir valors mensuals de temperatura a 850 hPa superiors a 3,5 \u00b0C respecte la mitjana clim\u00e0tica del per\u00edode 1948-2013, sobre la vertical del Pa\u00eds Valenci\u00e0 i les Terres de l\u2019Ebre; i superiors als 4 \u00b0C al nord d\u2019Alemanya. El camp mitj\u00e0 de l\u2019al\u00e7ada geopotencial a 500 hPa tamb\u00e9 mostra un clar domini en la circulaci\u00f3 de vents de component sud a l\u2019Europa occidental, afavorint-se aix\u00ed l\u2019entrada d\u2019aire c\u00e0lid procedent del S\u00e0hara cap a la pen\u00ednsula Ib\u00e8rica i l\u2019Europa occidental durant gran part del mes. Aquesta configuraci\u00f3 \u00e9s molt diferent a la predominant durant el mes de juliol a tota l\u2019Europa occidental, amb una circulaci\u00f3 de vents de component majorit\u00e0riament de l\u2019oest.<\/p>\n\n\n\n<p>A continuaci\u00f3 es mostren les <a href=\"http:\/\/www.esrl.noaa.gov\/psd\/data\/gridded\/data.ncep.reanalysis.html\" target=\"_blank\" rel=\"noopener noreferrer\">rean\u00e0lisis de l\u2019NCAR-NCEP<\/a> dels camps mitjans mensuals de l\u2019al\u00e7ada geopotencial i la temperatura a 850 hPa per als valors mitjans de tots els juliols (1948-2013, imatge superior), valors mitjans de juliol de 1994 (imatge central) i les anomalies de juliol de 1994 respecte la mitjana clim\u00e0tica del per\u00edode 1948-2013:<\/p>\n\n\n\n<div class=\"wp-block-image\"><figure class=\"aligncenter\"><a href=\"https:\/\/farm4.staticflickr.com\/3864\/14560797941_9152bb42fe_b.jpg\"><img src=\"https:\/\/farm4.staticflickr.com\/3864\/14560797941_07df1019b4_o.jpg\" alt=\"Mapes de rean\u00e0lisis de l\u2019NCAR-NCEP dels camps mitjans mensuals de l\u2019al\u00e7ada geopotencial i la temperatura a 850 hPa\"\/><\/a><\/figure><\/div>\n\n\n\n<p>L\u2019hivern i la primavera de 1994 havien estat molt secs a gran part del pa\u00eds. Les precipitacions acumulades es trobaven clarament per sota de la mitjana clim\u00e0tica, sobretot les corresponents a la primavera (al Bergued\u00e0 i Bages havia plogut la meitat del que \u00e9s habitual). Per tant, a principis de l\u2019estiu de 1994 els boscos de Catalunya estaven en una situaci\u00f3 d\u2019important estr\u00e8s h\u00eddric. La temperatura tant elevada que es va registrar a l\u2019interior del pa\u00eds a conseq\u00fc\u00e8ncia de la gran onada de calor, juntament amb la baixa humitat a causa del vent ressec del sud d\u2019intensitat moderada que va bufar aquells dies, van facilitar que es produ\u00efssin els devastadors incendis forestals.<\/p>\n\n\n\n<p><strong>El record de la gran calorada de 1994 \u00e9s encara ben viu a la Catalunya Central, on van tenir lloc els catastr\u00f2fics incendis forestals, i a les comarques on van assolir-se els valors m\u00e0xims de temperatura.<\/strong><\/p>\n","protected":false},"excerpt":{"rendered":"<p>PUBLICADA EL 03\/07\/2014 Aquesta setmana es compleixen 20 anys de la Gran Calorada de juliol de 1994 i els devastadors incendis forestals de la Catalunya Central, que van afectar principalment al Bages i Bergued\u00e0, cremant gaireb\u00e9 45.000 ha. Va ser l\u2019onada de calor m\u00e9s important de la d\u00e8cada dels anys 90 del segle XX i [&hellip;]<\/p>\n","protected":false},"author":7,"featured_media":0,"parent":18384,"menu_order":0,"comment_status":"open","ping_status":"closed","template":"template-sidebar.php","meta":{"_mi_skip_tracking":false,"_monsterinsights_sitenote_active":false,"_monsterinsights_sitenote_note":"","_monsterinsights_sitenote_category":0},"_links":{"self":[{"href":"https:\/\/www.meteo.cat\/wpweb\/wp-json\/wp\/v2\/pages\/1703"}],"collection":[{"href":"https:\/\/www.meteo.cat\/wpweb\/wp-json\/wp\/v2\/pages"}],"about":[{"href":"https:\/\/www.meteo.cat\/wpweb\/wp-json\/wp\/v2\/types\/page"}],"author":[{"embeddable":true,"href":"https:\/\/www.meteo.cat\/wpweb\/wp-json\/wp\/v2\/users\/7"}],"replies":[{"embeddable":true,"href":"https:\/\/www.meteo.cat\/wpweb\/wp-json\/wp\/v2\/comments?post=1703"}],"version-history":[{"count":5,"href":"https:\/\/www.meteo.cat\/wpweb\/wp-json\/wp\/v2\/pages\/1703\/revisions"}],"predecessor-version":[{"id":34163,"href":"https:\/\/www.meteo.cat\/wpweb\/wp-json\/wp\/v2\/pages\/1703\/revisions\/34163"}],"up":[{"embeddable":true,"href":"https:\/\/www.meteo.cat\/wpweb\/wp-json\/wp\/v2\/pages\/18384"}],"wp:attachment":[{"href":"https:\/\/www.meteo.cat\/wpweb\/wp-json\/wp\/v2\/media?parent=1703"}],"curies":[{"name":"wp","href":"https:\/\/api.w.org\/{rel}","templated":true}]}}