{"id":1653,"date":"2014-11-21T09:11:24","date_gmt":"2014-11-21T09:11:24","guid":{"rendered":"http:\/\/\/wpweb\/?page_id=1653"},"modified":"2024-03-06T06:43:04","modified_gmt":"2024-03-06T06:43:04","slug":"sc-estratocumuls","status":"publish","type":"page","link":"https:\/\/www.meteo.cat\/wpweb\/divulgacio\/equipaments-meteorologics\/observadors-meteorologics\/manual-de-lobservador\/generes-de-nuvols\/sc-estratocumuls\/","title":{"rendered":"Sc &#8211; Estratoc\u00famulus"},"content":{"rendered":"\n<h2>Definici\u00f3<\/h2>\n\n\n\n<p>Tipus de n\u00favols baixos que formen masses globulars o acanalades. Tenen m\u00e9s extensi\u00f3 horitzontal que vertical, per\u00f2 conserven un cert gruix.<br><\/p>\n\n\n\n<p>No acostumen a produir precipitacions, i, si tenen lloc, sempre seran febles en forma de pluja, neu o neu granulada.<br><\/p>\n\n\n\n<p>Es poden presentar tant isolats com formant masses, en aquest darrer cas en formacions regulars, amb la base a una altura homog\u00e8nia. Sovint els acanalats estan tan junts que formen masses nuvoloses cont\u00ednues.<br><\/p>\n\n\n\n<p>Estan constitu\u00efts principalment per gotes d\u2019aigua acompanyades, de vegades, de gotes de pluja o de neu granulada i, rarament, de cristalls i flocs de neu.<\/p>\n\n\n\n<h2>Consells per a l\u2019observaci\u00f3<\/h2>\n\n\n\n<p>Les difer\u00e8ncies d\u2019espessor permeten veure la llum del sol en els llocs m\u00e9s prims o en la separaci\u00f3 entre els seus elements.<br><\/p>\n\n\n\n<p>Hi ha totes les formes de transici\u00f3 entre estratoc\u00famulus i estratus, d\u2019una banda, i estratoc\u00famulus i altoc\u00famulus, de l\u2019altra. Per distingir-los, cal recordar els matisos diferents del gruix dels n\u00favols i de l\u2019altura a la qual es troba la base.<br><\/p>\n\n\n\n<p>Tamb\u00e9 es poden formar a partir de c\u00famuls de bon temps a darrera hora de la tarda. Llavors es diferencien del seu origen per perdre gruix i per tenir la part superior molt m\u00e9s aplanada.<br><\/p>\n\n\n\n<p>Vistos per sobre, els Sc tenen un aspecte molt similar al que presenten vistos des de la perspectiva habitual per sota. Aquest aspecte vist de la muntanya \u00e9s el que s\u2019anomena <strong>mar de n\u00favols<\/strong>.<br><\/p>\n\n\n\n<p>S\u2019observen sovint mantells d\u2019estratoc\u00famulus a dos o m\u00e9s nivells, sempre amb la base per sota dels 2.000 metres.<\/p>\n\n\n\n<h2>Fotografies<\/h2>\n\n\n\n<div class=\"wp-block-image\"><figure class=\"aligncenter\"><a href=\"https:\/\/static-m.meteo.cat\/wordpressweb\/wp-content\/uploads\/2014\/11\/21091124\/BIG_630595615022712_00.jpg\"><img loading=\"lazy\" width=\"700\" height=\"526\" src=\"https:\/\/static-m.meteo.cat\/wordpressweb\/wp-content\/uploads\/2014\/11\/21091124\/BIG_630595615022712_00.jpg\" alt=\"Estratoc\u00famuls\" class=\"wp-image-2638\"\/><\/a><figcaption>G\u00e8neres de n\u00favols Estratoc\u00famulus. Autor: Josep Pascual<\/figcaption><\/figure><\/div>\n","protected":false},"excerpt":{"rendered":"<p>Definici\u00f3 Tipus de n\u00favols baixos que formen masses globulars o acanalades. Tenen m\u00e9s extensi\u00f3 horitzontal que vertical, per\u00f2 conserven un cert gruix. No acostumen a produir precipitacions, i, si tenen lloc, sempre seran febles en forma de pluja, neu o neu granulada. Es poden presentar tant isolats com formant masses, en aquest darrer cas en [&hellip;]<\/p>\n","protected":false},"author":4,"featured_media":0,"parent":1326,"menu_order":0,"comment_status":"closed","ping_status":"open","template":"template-sidebar.php","meta":{"_mi_skip_tracking":false,"_monsterinsights_sitenote_active":false,"_monsterinsights_sitenote_note":"","_monsterinsights_sitenote_category":0},"_links":{"self":[{"href":"https:\/\/www.meteo.cat\/wpweb\/wp-json\/wp\/v2\/pages\/1653"}],"collection":[{"href":"https:\/\/www.meteo.cat\/wpweb\/wp-json\/wp\/v2\/pages"}],"about":[{"href":"https:\/\/www.meteo.cat\/wpweb\/wp-json\/wp\/v2\/types\/page"}],"author":[{"embeddable":true,"href":"https:\/\/www.meteo.cat\/wpweb\/wp-json\/wp\/v2\/users\/4"}],"replies":[{"embeddable":true,"href":"https:\/\/www.meteo.cat\/wpweb\/wp-json\/wp\/v2\/comments?post=1653"}],"version-history":[{"count":7,"href":"https:\/\/www.meteo.cat\/wpweb\/wp-json\/wp\/v2\/pages\/1653\/revisions"}],"predecessor-version":[{"id":39916,"href":"https:\/\/www.meteo.cat\/wpweb\/wp-json\/wp\/v2\/pages\/1653\/revisions\/39916"}],"up":[{"embeddable":true,"href":"https:\/\/www.meteo.cat\/wpweb\/wp-json\/wp\/v2\/pages\/1326"}],"wp:attachment":[{"href":"https:\/\/www.meteo.cat\/wpweb\/wp-json\/wp\/v2\/media?parent=1653"}],"curies":[{"name":"wp","href":"https:\/\/api.w.org\/{rel}","templated":true}]}}