{"id":1644,"date":"2014-11-21T09:06:55","date_gmt":"2014-11-21T09:06:55","guid":{"rendered":"http:\/\/\/wpweb\/?page_id=1644"},"modified":"2024-03-06T06:41:18","modified_gmt":"2024-03-06T06:41:18","slug":"ns-nimbostrats","status":"publish","type":"page","link":"https:\/\/www.meteo.cat\/wpweb\/divulgacio\/equipaments-meteorologics\/observadors-meteorologics\/manual-de-lobservador\/generes-de-nuvols\/ns-nimbostrats\/","title":{"rendered":"Ns &#8211; Nimboestratus"},"content":{"rendered":"\n<h2>Definici\u00f3<\/h2>\n\n\n\n<p>Capa nuvolosa molt estesa que pot tenir la base en el pis mitj\u00e0 o en el baix.<br><\/p>\n\n\n\n<p>Aquesta capa \u00e9s amorfa, cobreix tot el cel i \u00e9s de color gris fosc for\u00e7a uniforme.<br><\/p>\n\n\n\n<p>Es formen a partir de l&#8217;espessiment d\u2019una capa d\u2019altoestratus que baixen la seva base. Molt rarament poden evolucionar a partir d\u2019un estratoc\u00famulus.<br><\/p>\n\n\n\n<p>S\u00f3n els n\u00favols que formen el nucli actiu, amb precipitacions, d\u2019un front fred.<br><\/p>\n\n\n\n<p>Estan constitu\u00efts per gotes d\u2019aigua (sovint en estat de <strong>subfusi\u00f3<\/strong>), cristalls de gla\u00e7 i flocs de neu, una barreja de diferents estats de l\u2019aigua en el seu si.<\/p>\n\n\n\n<h2>Consells per a l\u2019observaci\u00f3<\/h2>\n\n\n\n<p>Molt sovint produeixen precipitacions, tant en forma de neu com de pluja, cont\u00ednues en tots dos casos.<br><\/p>\n\n\n\n<p>Succeeix de vegades amb aquests n\u00favols que la precipitaci\u00f3 no arriba a terra. En aquest cas, la base del n\u00favol \u00e9s molt difusa i en pengen les cortines de precipitaci\u00f3 que s\u2019evaporen abans de tocar terra (<strong>virga<\/strong>).<br><\/p>\n\n\n\n<p>S\u00f3n n\u00favols molt lligats als altoestratus, dels quals s\u00f3n una evoluci\u00f3 engruixida i situada a menys altura. \u00c9s el m\u00e9s gruixut dels n\u00favols estratificats.<br><\/p>\n\n\n\n<p>Quan el cel \u00e9s tot cobert d\u2019aquests n\u00favols, no hi pot haver altres n\u00favols mitjans. Tanmateix, hi ha sovint n\u00favols baixos associats, per\u00f2 molt esquin\u00e7ats i trencats.<\/p>\n\n\n\n<h2>Fotografies<\/h2>\n\n\n\n<div class=\"wp-block-image\"><figure class=\"aligncenter\"><a href=\"https:\/\/static-m.meteo.cat\/wordpressweb\/wp-content\/uploads\/2014\/11\/21090655\/BIG_005585615022712_00.jpg\"><img loading=\"lazy\" width=\"700\" height=\"526\" src=\"https:\/\/static-m.meteo.cat\/wordpressweb\/wp-content\/uploads\/2014\/11\/21090655\/BIG_005585615022712_00.jpg\" alt=\"Nimboestratus\" class=\"wp-image-3066\"\/><\/a><figcaption>G\u00e8neres de n\u00favols Nimboestratus. Autor: Jordi Bober<\/figcaption><\/figure><\/div>\n","protected":false},"excerpt":{"rendered":"<p>Definici\u00f3 Capa nuvolosa molt estesa que pot tenir la base en el pis mitj\u00e0 o en el baix. Aquesta capa \u00e9s amorfa, cobreix tot el cel i \u00e9s de color gris fosc for\u00e7a uniforme. Es formen a partir de l&#8217;espessiment d\u2019una capa d\u2019altoestratus que baixen la seva base. Molt rarament poden evolucionar a partir d\u2019un [&hellip;]<\/p>\n","protected":false},"author":4,"featured_media":0,"parent":1326,"menu_order":0,"comment_status":"closed","ping_status":"open","template":"","meta":{"_mi_skip_tracking":false,"_monsterinsights_sitenote_active":false,"_monsterinsights_sitenote_note":"","_monsterinsights_sitenote_category":0},"_links":{"self":[{"href":"https:\/\/www.meteo.cat\/wpweb\/wp-json\/wp\/v2\/pages\/1644"}],"collection":[{"href":"https:\/\/www.meteo.cat\/wpweb\/wp-json\/wp\/v2\/pages"}],"about":[{"href":"https:\/\/www.meteo.cat\/wpweb\/wp-json\/wp\/v2\/types\/page"}],"author":[{"embeddable":true,"href":"https:\/\/www.meteo.cat\/wpweb\/wp-json\/wp\/v2\/users\/4"}],"replies":[{"embeddable":true,"href":"https:\/\/www.meteo.cat\/wpweb\/wp-json\/wp\/v2\/comments?post=1644"}],"version-history":[{"count":6,"href":"https:\/\/www.meteo.cat\/wpweb\/wp-json\/wp\/v2\/pages\/1644\/revisions"}],"predecessor-version":[{"id":39914,"href":"https:\/\/www.meteo.cat\/wpweb\/wp-json\/wp\/v2\/pages\/1644\/revisions\/39914"}],"up":[{"embeddable":true,"href":"https:\/\/www.meteo.cat\/wpweb\/wp-json\/wp\/v2\/pages\/1326"}],"wp:attachment":[{"href":"https:\/\/www.meteo.cat\/wpweb\/wp-json\/wp\/v2\/media?parent=1644"}],"curies":[{"name":"wp","href":"https:\/\/api.w.org\/{rel}","templated":true}]}}