{"id":1641,"date":"2014-11-21T09:05:41","date_gmt":"2014-11-21T09:05:41","guid":{"rendered":"http:\/\/\/wpweb\/?page_id=1641"},"modified":"2024-03-05T12:38:38","modified_gmt":"2024-03-05T12:38:38","slug":"ac-altocumuls","status":"publish","type":"page","link":"https:\/\/www.meteo.cat\/wpweb\/divulgacio\/equipaments-meteorologics\/observadors-meteorologics\/manual-de-lobservador\/generes-de-nuvols\/ac-altocumuls\/","title":{"rendered":"Ac &#8211; Altoc\u00famulus"},"content":{"rendered":"\n<h2>Definici\u00f3<\/h2>\n\n\n\n<p>G\u00e8nere de n\u00favols mitjans que formen sovint bancs amb formes de lloses o de masses globulars aplanades i disposades d\u2019una manera regular. Els elements menors s\u00f3n petits i prims i presenten irisacions a les vores.<br><\/p>\n\n\n\n<p>Estan constitu\u00efts per gotes d\u2019aigua, principalment, tot i que a molt baixes temperatures tamb\u00e9 estan formats per cristalls de gla\u00e7.<br><\/p>\n\n\n\n<p>Poden apar\u00e8ixer alhora en altures i nivells diferents, sempre en el l\u00edmit compr\u00e8s entre els 2 i els 6 km a la seva base.<br><\/p>\n\n\n\n<p>En associar-se amb molts altres g\u00e8neres, el temps que es pot esperar despr\u00e9s del seu pas pot ser molt variat. En general, si s\u00f3n a\u00efllats, l\u2019evoluci\u00f3 ser\u00e0 cap al bon temps.<\/p>\n\n\n\n<h2>Consells per a l\u2019observaci\u00f3<\/h2>\n\n\n\n<p>S\u00f3n els n\u00favols m\u00e9s usuals en els cels del pa\u00eds. La seva gran diversitat de forma i mida, i el fet que tant poden apar\u00e8ixer isolats com en grups homogenis o de formes diverses ho poden explicar.<br><\/p>\n\n\n\n<p>Tenen una mida aparent entre 1\u00ba i 5\u00ba.<br><\/p>\n\n\n\n<p>Quan la vora o b\u00e9 una part prima i transl\u00facida passa davant del sol o la lluna, apareix a l\u2019entorn de l\u2019astre una corona. Rarament produeixen precipitacions, que seran febles i de curta durada.<\/p>\n\n\n\n<h2>Fotografies<\/h2>\n\n\n\n<div class=\"wp-block-image\"><figure class=\"aligncenter\"><a href=\"https:\/\/static-m.meteo.cat\/wordpressweb\/wp-content\/uploads\/2014\/11\/21090541\/BIG_490575615022712_00.jpg\"><img loading=\"lazy\" width=\"700\" height=\"526\" src=\"https:\/\/static-m.meteo.cat\/wordpressweb\/wp-content\/uploads\/2014\/11\/21090541\/BIG_490575615022712_00.jpg\" alt=\"Altoc\u00famulus\" class=\"wp-image-2625\"\/><\/a><figcaption>G\u00e8neres de n\u00favols Altoc\u00famulus. Autor: Josep Pareta<\/figcaption><\/figure><\/div>\n","protected":false},"excerpt":{"rendered":"<p>Definici\u00f3 G\u00e8nere de n\u00favols mitjans que formen sovint bancs amb formes de lloses o de masses globulars aplanades i disposades d\u2019una manera regular. Els elements menors s\u00f3n petits i prims i presenten irisacions a les vores. Estan constitu\u00efts per gotes d\u2019aigua, principalment, tot i que a molt baixes temperatures tamb\u00e9 estan formats per cristalls de [&hellip;]<\/p>\n","protected":false},"author":4,"featured_media":0,"parent":1326,"menu_order":0,"comment_status":"closed","ping_status":"open","template":"template-sidebar.php","meta":{"_mi_skip_tracking":false,"_monsterinsights_sitenote_active":false,"_monsterinsights_sitenote_note":"","_monsterinsights_sitenote_category":0},"_links":{"self":[{"href":"https:\/\/www.meteo.cat\/wpweb\/wp-json\/wp\/v2\/pages\/1641"}],"collection":[{"href":"https:\/\/www.meteo.cat\/wpweb\/wp-json\/wp\/v2\/pages"}],"about":[{"href":"https:\/\/www.meteo.cat\/wpweb\/wp-json\/wp\/v2\/types\/page"}],"author":[{"embeddable":true,"href":"https:\/\/www.meteo.cat\/wpweb\/wp-json\/wp\/v2\/users\/4"}],"replies":[{"embeddable":true,"href":"https:\/\/www.meteo.cat\/wpweb\/wp-json\/wp\/v2\/comments?post=1641"}],"version-history":[{"count":6,"href":"https:\/\/www.meteo.cat\/wpweb\/wp-json\/wp\/v2\/pages\/1641\/revisions"}],"predecessor-version":[{"id":39899,"href":"https:\/\/www.meteo.cat\/wpweb\/wp-json\/wp\/v2\/pages\/1641\/revisions\/39899"}],"up":[{"embeddable":true,"href":"https:\/\/www.meteo.cat\/wpweb\/wp-json\/wp\/v2\/pages\/1326"}],"wp:attachment":[{"href":"https:\/\/www.meteo.cat\/wpweb\/wp-json\/wp\/v2\/media?parent=1641"}],"curies":[{"name":"wp","href":"https:\/\/api.w.org\/{rel}","templated":true}]}}