{"id":1638,"date":"2014-11-21T09:04:17","date_gmt":"2014-11-21T09:04:17","guid":{"rendered":"http:\/\/\/wpweb\/?page_id=1638"},"modified":"2024-03-06T06:28:40","modified_gmt":"2024-03-06T06:28:40","slug":"altostrats","status":"publish","type":"page","link":"https:\/\/www.meteo.cat\/wpweb\/divulgacio\/equipaments-meteorologics\/observadors-meteorologics\/manual-de-lobservador\/generes-de-nuvols\/altostrats\/","title":{"rendered":"Altoestratus"},"content":{"rendered":"\n<h2>Definici\u00f3<\/h2>\n\n\n\n<p>Tipus de n\u00favols mitjans que formen un vel for\u00e7a homogeni, fibr\u00f3s o estriat de color m\u00e9s o menys gris o blavenc i que es caracteritzen per la uniformitat de la seva superf\u00edcie inferior.<br><\/p>\n\n\n\n<p>Sovint presenten zones relativament clares enmig d\u2019altres de molt fosques, per\u00f2 mai no es nota un veritable relleu a la seva superf\u00edcie.<br><\/p>\n\n\n\n<p>\u00c9s un tipus de n\u00favol molt relacionat amb d\u2019altres. D\u2019una banda, pot ser l\u2019evoluci\u00f3 d\u2019un cirroestratus o d\u2019un altoc\u00famulus, i, de l\u2019altra, pot esdevenir nimboestratus si es va espessint i la precipitaci\u00f3 augmenta, i altoc\u00famulus si es va esquin\u00e7ant.<br><\/p>\n\n\n\n<p>Aquests n\u00favols produeixen de vegades precipitacions febles i cont\u00ednues, en forma de pluja i nevades que poden ser for\u00e7a persistents. Sovint les precipitacions no arriben a terra i es veuen cortines fosques penjant dels n\u00favols, anomenades virga.<br><\/p>\n\n\n\n<p>Estan formats per cristalls de gla\u00e7 i gotes d\u2019aigua l\u00edquida.<\/p>\n\n\n\n<h2>Consells per a l\u2019observaci\u00f3<\/h2>\n\n\n\n<p>En la seva pres\u00e8ncia els objectes perden l\u2019ombra pr\u00f2pia, perqu\u00e8 no deixen passar la llum solar ni lunar.<br><\/p>\n\n\n\n<p>Com la resta de n\u00favols estratiformes, formen masses que ocupen gran part del cel, llevat del moment de la seva arribada o quan desapareixen de l\u2019horitz\u00f3.<br><\/p>\n\n\n\n<p>Observant-los, es t\u00e9 la sensaci\u00f3 que es tracta d\u2019un n\u00favol uniforme i relativament prim, cosa que no sempre \u00e9s certa perqu\u00e8 poden tenir un gruix vertical de centenars de metres; en qualsevol cas, aquesta espessor no pot competir amb l\u2019extensi\u00f3 horitzontal que pot abastar alguns centenars de quil\u00f2metres.<br><\/p>\n\n\n\n<p>Poden estar constitu\u00efts per dues o m\u00e9s bandes paral\u2022leles parcialment soldades.<\/p>\n\n\n\n<h2>Fotografies<\/h2>\n\n\n\n<div class=\"wp-block-image\"><figure class=\"aligncenter\"><a href=\"https:\/\/static-m.meteo.cat\/wordpressweb\/wp-content\/uploads\/2014\/11\/21090417\/BIG_037575615022712_00.jpg\"><img loading=\"lazy\" width=\"700\" height=\"470\" src=\"https:\/\/static-m.meteo.cat\/wordpressweb\/wp-content\/uploads\/2014\/11\/21090417\/BIG_037575615022712_00.jpg\" alt=\"Altoestratus\" class=\"wp-image-2623\"\/><\/a><figcaption>G\u00e8neres de n\u00favols Altoestratus. Autor: Alfons Puertas<\/figcaption><\/figure><\/div>\n","protected":false},"excerpt":{"rendered":"<p>Definici\u00f3 Tipus de n\u00favols mitjans que formen un vel for\u00e7a homogeni, fibr\u00f3s o estriat de color m\u00e9s o menys gris o blavenc i que es caracteritzen per la uniformitat de la seva superf\u00edcie inferior. Sovint presenten zones relativament clares enmig d\u2019altres de molt fosques, per\u00f2 mai no es nota un veritable relleu a la seva [&hellip;]<\/p>\n","protected":false},"author":4,"featured_media":0,"parent":1326,"menu_order":0,"comment_status":"closed","ping_status":"open","template":"template-sidebar.php","meta":{"_mi_skip_tracking":false,"_monsterinsights_sitenote_active":false,"_monsterinsights_sitenote_note":"","_monsterinsights_sitenote_category":0},"_links":{"self":[{"href":"https:\/\/www.meteo.cat\/wpweb\/wp-json\/wp\/v2\/pages\/1638"}],"collection":[{"href":"https:\/\/www.meteo.cat\/wpweb\/wp-json\/wp\/v2\/pages"}],"about":[{"href":"https:\/\/www.meteo.cat\/wpweb\/wp-json\/wp\/v2\/types\/page"}],"author":[{"embeddable":true,"href":"https:\/\/www.meteo.cat\/wpweb\/wp-json\/wp\/v2\/users\/4"}],"replies":[{"embeddable":true,"href":"https:\/\/www.meteo.cat\/wpweb\/wp-json\/wp\/v2\/comments?post=1638"}],"version-history":[{"count":6,"href":"https:\/\/www.meteo.cat\/wpweb\/wp-json\/wp\/v2\/pages\/1638\/revisions"}],"predecessor-version":[{"id":39901,"href":"https:\/\/www.meteo.cat\/wpweb\/wp-json\/wp\/v2\/pages\/1638\/revisions\/39901"}],"up":[{"embeddable":true,"href":"https:\/\/www.meteo.cat\/wpweb\/wp-json\/wp\/v2\/pages\/1326"}],"wp:attachment":[{"href":"https:\/\/www.meteo.cat\/wpweb\/wp-json\/wp\/v2\/media?parent=1638"}],"curies":[{"name":"wp","href":"https:\/\/api.w.org\/{rel}","templated":true}]}}