{"id":1606,"date":"2014-11-21T08:45:32","date_gmt":"2014-11-21T08:45:32","guid":{"rendered":"http:\/\/\/wpweb\/?page_id=1606"},"modified":"2020-10-15T08:57:39","modified_gmt":"2020-10-15T08:57:39","slug":"aiguaneu","status":"publish","type":"page","link":"https:\/\/www.meteo.cat\/wpweb\/divulgacio\/equipaments-meteorologics\/observadors-meteorologics\/manual-de-lobservador\/meteors-relacionats-amb-la-precipitacio\/aiguaneu\/","title":{"rendered":"Aiguaneu"},"content":{"rendered":"\n<h2>Definici\u00f3<\/h2>\n\n\n\n<p>Precipitaci\u00f3 uniforme de neu a mig fondre o de neu i aigua barrejades.<br><\/p>\n\n\n\n<p>Des de la nevada seca fina fins a la pluja, hi ha tots els graus de transici\u00f3: cristalls humits, flocs molls d\u2019aigua o neu barrejada amb aigua l\u00edquida.<br><\/p>\n\n\n\n<p>De la mateixa manera que la pluja i la neu ordin\u00e0ria, l\u2019aiguaneu pot caure de manera cont\u00ednua o en forma de x\u00e0fec.<br><\/p>\n\n\n\n<p>Els g\u00e8neres de n\u00favols que poden donar aquest meteor s\u00f3n els altostrats, nimbostrats, estratoc\u00famuls i cumulonimbus; ocasionalment tamb\u00e9 es pot desprendre d\u2019un c\u00famul.<\/p>\n\n\n\n<h2>Consells per a l\u2019observaci\u00f3<\/h2>\n\n\n\n<p>Precipitaci\u00f3 a voltes espessa i amb tonalitat lletosa. La temperatura de l\u2019aire generalment se situa lleugerament per sobre dels 0\u00ba C.<br>Es pot observar a simple vista la pres\u00e8ncia d\u2019aigua i cristalls de gla\u00e7, especialment quan impacten sobre la superf\u00edcie.<\/p>\n\n\n\n<h2>Fotografies<\/h2>\n\n\n\n<div class=\"wp-block-image\"><figure class=\"aligncenter\"><a href=\"https:\/\/static-m.meteo.cat\/wordpressweb\/wp-content\/uploads\/2014\/11\/21084115\/BIG_396505615022712_00.jpg\"><img loading=\"lazy\" width=\"700\" height=\"526\" src=\"https:\/\/static-m.meteo.cat\/wordpressweb\/wp-content\/uploads\/2014\/11\/21084115\/BIG_396505615022712_00.jpg\" alt=\"Aiguaneu\" class=\"wp-image-2922\"\/><\/a><figcaption>Meteors relacionats amb la precipitaci\u00f3 Aiguaneu. Autor: Josep Pascual<\/figcaption><\/figure><\/div>\n","protected":false},"excerpt":{"rendered":"<p>Definici\u00f3 Precipitaci\u00f3 uniforme de neu a mig fondre o de neu i aigua barrejades. Des de la nevada seca fina fins a la pluja, hi ha tots els graus de transici\u00f3: cristalls humits, flocs molls d\u2019aigua o neu barrejada amb aigua l\u00edquida. De la mateixa manera que la pluja i la neu ordin\u00e0ria, l\u2019aiguaneu pot [&hellip;]<\/p>\n","protected":false},"author":2,"featured_media":0,"parent":1261,"menu_order":0,"comment_status":"closed","ping_status":"open","template":"template-sidebar.php","meta":{"_mi_skip_tracking":false,"_monsterinsights_sitenote_active":false,"_monsterinsights_sitenote_note":"","_monsterinsights_sitenote_category":0},"_links":{"self":[{"href":"https:\/\/www.meteo.cat\/wpweb\/wp-json\/wp\/v2\/pages\/1606"}],"collection":[{"href":"https:\/\/www.meteo.cat\/wpweb\/wp-json\/wp\/v2\/pages"}],"about":[{"href":"https:\/\/www.meteo.cat\/wpweb\/wp-json\/wp\/v2\/types\/page"}],"author":[{"embeddable":true,"href":"https:\/\/www.meteo.cat\/wpweb\/wp-json\/wp\/v2\/users\/2"}],"replies":[{"embeddable":true,"href":"https:\/\/www.meteo.cat\/wpweb\/wp-json\/wp\/v2\/comments?post=1606"}],"version-history":[{"count":4,"href":"https:\/\/www.meteo.cat\/wpweb\/wp-json\/wp\/v2\/pages\/1606\/revisions"}],"predecessor-version":[{"id":28878,"href":"https:\/\/www.meteo.cat\/wpweb\/wp-json\/wp\/v2\/pages\/1606\/revisions\/28878"}],"up":[{"embeddable":true,"href":"https:\/\/www.meteo.cat\/wpweb\/wp-json\/wp\/v2\/pages\/1261"}],"wp:attachment":[{"href":"https:\/\/www.meteo.cat\/wpweb\/wp-json\/wp\/v2\/media?parent=1606"}],"curies":[{"name":"wp","href":"https:\/\/api.w.org\/{rel}","templated":true}]}}