{"id":1588,"date":"2014-11-21T08:37:22","date_gmt":"2014-11-21T08:37:22","guid":{"rendered":"http:\/\/\/wpweb\/?page_id=1588"},"modified":"2020-10-15T08:45:17","modified_gmt":"2020-10-15T08:45:17","slug":"tempesta","status":"publish","type":"page","link":"https:\/\/www.meteo.cat\/wpweb\/divulgacio\/equipaments-meteorologics\/observadors-meteorologics\/manual-de-lobservador\/meteors-relacionats-amb-la-precipitacio\/tempesta\/","title":{"rendered":"Tempesta"},"content":{"rendered":"\n<h2>Definici\u00f3<\/h2>\n\n\n\n<p>Forta pertorbaci\u00f3 de l\u2019atmosfera acompanyada de vent, pluja, neu o pedra i especialment d\u2019intensa activitat el\u00e8ctrica.<br><\/p>\n\n\n\n<p>Les causes fonamentals de l\u2019exist\u00e8ncia de les tempestes s\u00f3n el fort moviment vertical de l\u2019aire per convecci\u00f3 i l\u2019acceleraci\u00f3 de tots els processos de canvi d\u2019estat de l\u2019aigua atmosf\u00e8rica.<br><\/p>\n\n\n\n<p>Les tempestes s\u00f3n fen\u00f2mens atmosf\u00e8rics molt vinculats a regions d\u2019intens escalfament superficial de l\u2019aire que fa que aquest s\u2019elevi a gran velocitat. Tamb\u00e9 requereixen molta alimentaci\u00f3 d\u2019aigua evaporada, que ser\u00e0 transportada per l\u2019aire.<br><\/p>\n\n\n\n<p>La velocitat ascendent de l\u2019aire a l\u2019interior dels cumulonimbus pot superar els 25 o 30 m\/s. Amb aquesta velocitat es poden elevar gotes d\u2019aigua de 5 mm de di\u00e0metre o superiors, fins als 7 mm.<br><\/p>\n\n\n\n<p>L\u2019exist\u00e8ncia de muntanyes pot afavorir la convecci\u00f3 i, per tant, la generaci\u00f3 de tempestes.<\/p>\n\n\n\n<h2>Consells per a l\u2019observaci\u00f3<\/h2>\n\n\n\n<p>Generalment, el cel presenta una tonalitat grisenca i amena\u00e7adora.<br><\/p>\n\n\n\n<p>El tipus de n\u00favol associat a les tempestes \u00e9s el cumulonimbus, que abasta totes les capes de la troposfera.<br><\/p>\n\n\n\n<p>La lluminositat i el soroll de les desc\u00e0rregues el\u00e8ctriques en s\u00f3n una caracter\u00edstica inequ\u00edvoca.<br><\/p>\n\n\n\n<p>Visualment \u00e9s molt f\u00e0cil distingir si la tempesta est\u00e0 tenint lloc m\u00e9s o menys a prop del punt d\u2019observaci\u00f3. En el cas de tempestes nocturnes amb poques desc\u00e0rregues el\u00e8ctriques o de n\u00favols molt baixos que dificulten la visibilitat, es considera que la tempesta \u00e9s prou pr\u00f2xima si l\u2019interval entre el llamp i el tro associat \u00e9s, com a m\u00e0xim, de 10 segons.<\/p>\n\n\n\n<h2>Fotografies<\/h2>\n\n\n\n<div class=\"wp-block-image\"><figure class=\"aligncenter\"><a href=\"https:\/\/static-m.meteo.cat\/wordpressweb\/wp-content\/uploads\/2014\/11\/21084223\/BIG_959415615022712_00.jpg\"><img loading=\"lazy\" width=\"700\" height=\"470\" src=\"https:\/\/static-m.meteo.cat\/wordpressweb\/wp-content\/uploads\/2014\/11\/21084223\/BIG_959415615022712_00.jpg\" alt=\"Tempesta\" class=\"wp-image-2992\"\/><\/a><figcaption>Meteors relacionats amb la precipitaci\u00f3 Tempesta. Autor: Manel Dot<\/figcaption><\/figure><\/div>\n\n\n\n<div class=\"wp-block-image\"><figure class=\"aligncenter\"><a href=\"https:\/\/static-m.meteo.cat\/wordpressweb\/wp-content\/uploads\/2014\/11\/21084223\/BIG_490425615022712_00.jpg\"><img loading=\"lazy\" width=\"700\" height=\"467\" src=\"https:\/\/static-m.meteo.cat\/wordpressweb\/wp-content\/uploads\/2014\/11\/21084223\/BIG_490425615022712_00.jpg\" alt=\"Llamps i tempesta\" class=\"wp-image-2991\"\/><\/a><figcaption>Meteors relacionats amb la precipitaci\u00f3 Llamps i tempesta. Autor: Carles Illa<\/figcaption><\/figure><\/div>\n\n\n\n<div class=\"wp-block-image\"><figure class=\"aligncenter\"><a href=\"https:\/\/static-m.meteo.cat\/wordpressweb\/wp-content\/uploads\/2014\/11\/21084223\/BIG_006435615022712_00.jpg\"><img loading=\"lazy\" width=\"700\" height=\"526\" src=\"https:\/\/static-m.meteo.cat\/wordpressweb\/wp-content\/uploads\/2014\/11\/21084223\/BIG_006435615022712_00.jpg\" alt=\"Cortines de precipitaci\u00f3\" class=\"wp-image-2990\"\/><\/a><figcaption>Meteors relacionats amb la precipitaci\u00f3 Cortines de precipitaci\u00f3. Autor: Llu\u00eds Reginc\u00f3s<\/figcaption><\/figure><\/div>\n","protected":false},"excerpt":{"rendered":"<p>Definici\u00f3 Forta pertorbaci\u00f3 de l\u2019atmosfera acompanyada de vent, pluja, neu o pedra i especialment d\u2019intensa activitat el\u00e8ctrica. Les causes fonamentals de l\u2019exist\u00e8ncia de les tempestes s\u00f3n el fort moviment vertical de l\u2019aire per convecci\u00f3 i l\u2019acceleraci\u00f3 de tots els processos de canvi d\u2019estat de l\u2019aigua atmosf\u00e8rica. Les tempestes s\u00f3n fen\u00f2mens atmosf\u00e8rics molt vinculats a regions [&hellip;]<\/p>\n","protected":false},"author":2,"featured_media":0,"parent":1261,"menu_order":0,"comment_status":"closed","ping_status":"open","template":"template-sidebar.php","meta":{"_mi_skip_tracking":false,"_monsterinsights_sitenote_active":false,"_monsterinsights_sitenote_note":"","_monsterinsights_sitenote_category":0},"_links":{"self":[{"href":"https:\/\/www.meteo.cat\/wpweb\/wp-json\/wp\/v2\/pages\/1588"}],"collection":[{"href":"https:\/\/www.meteo.cat\/wpweb\/wp-json\/wp\/v2\/pages"}],"about":[{"href":"https:\/\/www.meteo.cat\/wpweb\/wp-json\/wp\/v2\/types\/page"}],"author":[{"embeddable":true,"href":"https:\/\/www.meteo.cat\/wpweb\/wp-json\/wp\/v2\/users\/2"}],"replies":[{"embeddable":true,"href":"https:\/\/www.meteo.cat\/wpweb\/wp-json\/wp\/v2\/comments?post=1588"}],"version-history":[{"count":4,"href":"https:\/\/www.meteo.cat\/wpweb\/wp-json\/wp\/v2\/pages\/1588\/revisions"}],"predecessor-version":[{"id":28872,"href":"https:\/\/www.meteo.cat\/wpweb\/wp-json\/wp\/v2\/pages\/1588\/revisions\/28872"}],"up":[{"embeddable":true,"href":"https:\/\/www.meteo.cat\/wpweb\/wp-json\/wp\/v2\/pages\/1261"}],"wp:attachment":[{"href":"https:\/\/www.meteo.cat\/wpweb\/wp-json\/wp\/v2\/media?parent=1588"}],"curies":[{"name":"wp","href":"https:\/\/api.w.org\/{rel}","templated":true}]}}