{"id":1582,"date":"2014-11-21T08:34:55","date_gmt":"2014-11-21T08:34:55","guid":{"rendered":"http:\/\/\/wpweb\/?page_id=1582"},"modified":"2022-04-12T15:51:09","modified_gmt":"2022-04-12T15:51:09","slug":"pluja-gelant","status":"publish","type":"page","link":"https:\/\/www.meteo.cat\/wpweb\/divulgacio\/equipaments-meteorologics\/observadors-meteorologics\/manual-de-lobservador\/meteors-relacionats-amb-la-precipitacio\/pluja-gelant\/","title":{"rendered":"Pluja gelant"},"content":{"rendered":"\n<h2>Definici\u00f3<\/h2>\n\n\n\n<p>Precipitaci\u00f3 en forma l\u00edquida, les gotes de la qual es congelen en el moment de tocar el s\u00f2l o els objectes de la superf\u00edcie.<\/p>\n\n\n\n<p>Es tracta, doncs, de precipitaci\u00f3 en forma d\u2019aigua l\u00edquida en subfusi\u00f3 (temperatura inferior a 0\u00ba C) que en contacte amb el terra es congela immediatament, o de pluja ordin\u00e0ria que cau sobre una superf\u00edcie extraordin\u00e0riament freda que fa que tamb\u00e9 es congeli tan bon punt toca aquesta superf\u00edcie.<\/p>\n\n\n\n<p>El resultat \u00e9s sempre la formaci\u00f3 d\u2019una pel\u2022l\u00edcula uniforme de gla\u00e7 homogeni i transparent.<\/p>\n\n\n\n<h2>Consells per a l\u2019observaci\u00f3<\/h2>\n\n\n\n<p>La congelaci\u00f3 de l\u2019aigua que precipita es produeix de manera instant\u00e0nia i forma un capa de gla\u00e7 que es pot confondre amb una gla\u00e7ada ordin\u00e0ria si no s\u2019ha observat la precipitaci\u00f3. Si l\u2019aigua es congela un temps despr\u00e9s d\u2019haver precipitat, encara que sigui breu, no \u00e9s veritable pluja gelant.<\/p>\n\n\n\n<p>La trobem damunt d\u2019elements m\u00e9s o menys cil\u00edndrics (branques d\u2019arbres, cables de tel\u00e8fon o el\u00e8ctrics, &#8230;), que es poden arribar a trencar a causa de l\u2019acumulaci\u00f3 i el conseg\u00fcent pes del gla\u00e7.<\/p>\n\n\n\n<h2>Fotografies<\/h2>\n\n\n\n<figure class=\"wp-block-image size-large is-resized\"><img loading=\"lazy\" src=\"https:\/\/static-m.meteo.cat\/wordpressweb\/wp-content\/uploads\/2014\/11\/21084944\/BIG_365525615022712_00.jpg\" alt=\"\" width=\"525\" height=\"351\"\/><\/figure>\n\n\n\n<p><\/p>\n","protected":false},"excerpt":{"rendered":"<p>Definici\u00f3 Precipitaci\u00f3 en forma l\u00edquida, les gotes de la qual es congelen en el moment de tocar el s\u00f2l o els objectes de la superf\u00edcie. Es tracta, doncs, de precipitaci\u00f3 en forma d\u2019aigua l\u00edquida en subfusi\u00f3 (temperatura inferior a 0\u00ba C) que en contacte amb el terra es congela immediatament, o de pluja ordin\u00e0ria que [&hellip;]<\/p>\n","protected":false},"author":2,"featured_media":0,"parent":1261,"menu_order":0,"comment_status":"closed","ping_status":"open","template":"template-sidebar.php","meta":{"_mi_skip_tracking":false,"_monsterinsights_sitenote_active":false,"_monsterinsights_sitenote_note":"","_monsterinsights_sitenote_category":0},"_links":{"self":[{"href":"https:\/\/www.meteo.cat\/wpweb\/wp-json\/wp\/v2\/pages\/1582"}],"collection":[{"href":"https:\/\/www.meteo.cat\/wpweb\/wp-json\/wp\/v2\/pages"}],"about":[{"href":"https:\/\/www.meteo.cat\/wpweb\/wp-json\/wp\/v2\/types\/page"}],"author":[{"embeddable":true,"href":"https:\/\/www.meteo.cat\/wpweb\/wp-json\/wp\/v2\/users\/2"}],"replies":[{"embeddable":true,"href":"https:\/\/www.meteo.cat\/wpweb\/wp-json\/wp\/v2\/comments?post=1582"}],"version-history":[{"count":7,"href":"https:\/\/www.meteo.cat\/wpweb\/wp-json\/wp\/v2\/pages\/1582\/revisions"}],"predecessor-version":[{"id":34026,"href":"https:\/\/www.meteo.cat\/wpweb\/wp-json\/wp\/v2\/pages\/1582\/revisions\/34026"}],"up":[{"embeddable":true,"href":"https:\/\/www.meteo.cat\/wpweb\/wp-json\/wp\/v2\/pages\/1261"}],"wp:attachment":[{"href":"https:\/\/www.meteo.cat\/wpweb\/wp-json\/wp\/v2\/media?parent=1582"}],"curies":[{"name":"wp","href":"https:\/\/api.w.org\/{rel}","templated":true}]}}