{"id":1576,"date":"2014-03-26T14:00:44","date_gmt":"2014-03-26T13:00:44","guid":{"rendered":"http:\/\/10.116.16.72\/test\/?p=1576"},"modified":"2022-04-26T08:09:06","modified_gmt":"2022-04-26T08:09:06","slug":"recuperacio-historica-dun-tall-de-veu-del-dr-eduard-fontsere-de-1970","status":"publish","type":"page","link":"https:\/\/www.meteo.cat\/wpweb\/divulgacio\/publicacions\/miscellania\/recuperacio-historica-dun-tall-de-veu-del-dr-eduard-fontsere-de-1970\/","title":{"rendered":"Recuperaci\u00f3 hist\u00f2rica d&#8217;un tall de veu del Dr. Eduard Fontser\u00e8 de 1970"},"content":{"rendered":"\n<p><span style=\"line-height: 1.5em;\">&nbsp;<\/span><strong> PUBLICADA EL 26\/11\/2014 <\/strong><\/p>\n\n\n\n<p><span style=\"line-height: 1.5em;\">L&#8217;any 1970 en motiu del centenari del Dr. Eduard Fontser\u00e8, director de l&#8217;antic Servei Meteorol\u00f2gic de Catalunya, el Dr. Jos\u00e9 M. Guill\u00e9n Garc\u00eda, director de Radio Barcelona, &nbsp;li va fer lliurament de la medalla de Radio Barcelona.<\/span><\/p>\n\n\n\n<p>Recentment el Servei Meteorol\u00f2gic de Catalunya i en motiu de la celebraci\u00f3 del Dia Meteorol\u00f2gic Mundial &#8220;La Mancomunitat de Catalunya com a impulsora de l&#8217;antic Servei Meteorol\u00f2gic de Catalunya&#8221; va reproduir el passat 22 de mar\u00e7 a l&#8217;Auditori de Cosmocaixa, el tall de veu de l&#8217;\u00faltima entrevista que se li va fer al Dr. Fontser\u00e8 abans de morir.<\/p>\n\n\n\n<div class=\"wp-block-image\"><figure class=\"aligncenter\"><a href=\"https:\/\/static-m.meteo.cat\/content\/blog\/2014\/03\/fontsere.jpg\"><img src=\"https:\/\/static-m.meteo.cat\/content\/blog\/2014\/03\/fontsere.jpg\" alt=\"Dr. Eduard Fontser\u00e8\" class=\"wp-image-1578\"\/><\/a><\/figure><\/div>\n\n\n\n<h2>Transcripci\u00f3 de l&#8217;entrevista<\/h2>\n\n\n\n<p><strong><i>&#8211; LOCUTOR<\/i><\/strong><\/p>\n\n\n\n<p>&#8220;Y al t\u00e9rmino de la entrega de la medalla de Radio Barcelona vamos a escuchar unas palabras de otro venerable hombre de ciencia, nos referimos a Don Jos\u00e9 M\u00aa Guill\u00e9n Garcia, ingeniero, primer director que fue de Radio Barcelona.&#8221;<\/p>\n\n\n\n<p><strong><i>&#8211; DR. JOS\u00c9 M. GUILL\u00c9N GARCIA<\/i><\/strong><\/p>\n\n\n\n<p>&#8220;Tengo el honor de dar a mi antiguo profesor y amigo el Dr. Fontser\u00e8 la medalla de Radio Barcelona.&#8221;<\/p>\n\n\n\n<p><strong><i>&#8211; LOCUTOR<\/i><\/strong><\/p>\n\n\n\n<p>&#8220;Y ahora contesta el ilustre astr\u00f3nomo Don Eduardo Fontser\u00e8 que, vamos a recordarlo, va a cumplir el pr\u00f3ximo d\u00eda 1 sus 100 a\u00f1os de vida.&#8221;<\/p>\n\n\n\n<p><strong><i>&#8211; DR. EDUARD FONTSER\u00c8<\/i><\/strong><\/p>\n\n\n\n<p>&#8220;Gr\u00e0cies per aquest obsequi, moltes gr\u00e0cies tamb\u00e9 perqu\u00e8 m\u2019han recordat un dels per\u00edodes m\u00e9s feli\u00e7os de la meva vida quan les institucions t\u00e8cniques de la nostra terra formaven una fam\u00edlia y de la qual quan alg\u00fa ideava un nou progr\u00e9s pel pa\u00eds tots hi ajud\u00e0vem.&#8221;<\/p>\n\n\n\n<p>&#8220;La radiodifusi\u00f3 meteorol\u00f2gica de Catalunya fou fruit d\u2019un canvi d\u2019impressions. &nbsp;La r\u00e0dio, el servei meteorol\u00f2gic i la xarxa telef\u00f2nica, tots hi pos\u00e0vem el m\u00e0xim inter\u00e8s i en pocs dies fou una realitat el qu\u00e8 pels procediments burocr\u00e0tics habituals hauria estat un proc\u00e9s llarg i carregat de paperassa. Quan ho recordo aquella organitzaci\u00f3 em sembla un somni de senzillesa, en pocs dies foren entrades les nostres noves transistores, &nbsp;el nostre locutori, la l\u00ednia telef\u00f2nica permanent que ens unia a la r\u00e0dio i els sistemes d\u2019informaci\u00f3 que ens proporcionava per tel\u00e8fon qualsevol dada que ens convingu\u00e9s. Prou que despr\u00e9s ho pag\u00e0rem car amb la destrucci\u00f3 brutal del nostre servei meteorol\u00f2gic. Ara tot all\u00f2 ja \u00e9s passat, ens resta el dur record i les bones amistats dels quals l\u2019obsequi d\u2019avui \u00e9s una bella mostra. Gr\u00e0cies senyors pel vostre obsequi s\u00edmbol d\u2019una col\u00b7laboraci\u00f3 t\u00e8cnica i ciutadana que no trigar\u00e0 a tornar.&#8221;<\/p>\n\n\n\n<p><strong><i>LOCUTOR<\/i><\/strong><\/p>\n\n\n\n<p>As\u00ed lo ha expresado, se\u00f1oras y se\u00f1ores, el ilustre astr\u00f3nomo Don Eduardo Fontser\u00e8, cabe recordar que \u00e9l en 1927 instituy\u00f3 en Espa\u00f1a el primer servicio meteorol\u00f3gico por radiofon\u00eda.<\/p>\n\n\n\n<p>Ha sido un aut\u00e9ntico honor tenerle hoy ante los micr\u00f3fonos de Radio Barcelona.<\/p>\n\n\n\n<p>Agra\u00efm al sr. Florenci Rey la cessi\u00f3 d&#8217;aquest \u00e0udio:<\/p>\n\n\n\n<figure class=\"wp-block-audio\"><audio controls src=\"https:\/\/static-m.meteo.cat\/content\/blog\/2014\/03\/Fontsere-Medalla-RB-1970-2.mp3\"><\/audio><\/figure>\n","protected":false},"excerpt":{"rendered":"<p>&nbsp; PUBLICADA EL 26\/11\/2014 L&#8217;any 1970 en motiu del centenari del Dr. Eduard Fontser\u00e8, director de l&#8217;antic Servei Meteorol\u00f2gic de Catalunya, el Dr. Jos\u00e9 M. Guill\u00e9n Garc\u00eda, director de Radio Barcelona, &nbsp;li va fer lliurament de la medalla de Radio Barcelona. Recentment el Servei Meteorol\u00f2gic de Catalunya i en motiu de la celebraci\u00f3 del Dia [&hellip;]<\/p>\n","protected":false},"author":2,"featured_media":0,"parent":18378,"menu_order":0,"comment_status":"open","ping_status":"closed","template":"template-sidebar.php","meta":{"_mi_skip_tracking":false,"_monsterinsights_sitenote_active":false,"_monsterinsights_sitenote_note":"","_monsterinsights_sitenote_category":0},"_links":{"self":[{"href":"https:\/\/www.meteo.cat\/wpweb\/wp-json\/wp\/v2\/pages\/1576"}],"collection":[{"href":"https:\/\/www.meteo.cat\/wpweb\/wp-json\/wp\/v2\/pages"}],"about":[{"href":"https:\/\/www.meteo.cat\/wpweb\/wp-json\/wp\/v2\/types\/page"}],"author":[{"embeddable":true,"href":"https:\/\/www.meteo.cat\/wpweb\/wp-json\/wp\/v2\/users\/2"}],"replies":[{"embeddable":true,"href":"https:\/\/www.meteo.cat\/wpweb\/wp-json\/wp\/v2\/comments?post=1576"}],"version-history":[{"count":7,"href":"https:\/\/www.meteo.cat\/wpweb\/wp-json\/wp\/v2\/pages\/1576\/revisions"}],"predecessor-version":[{"id":34280,"href":"https:\/\/www.meteo.cat\/wpweb\/wp-json\/wp\/v2\/pages\/1576\/revisions\/34280"}],"up":[{"embeddable":true,"href":"https:\/\/www.meteo.cat\/wpweb\/wp-json\/wp\/v2\/pages\/18378"}],"wp:attachment":[{"href":"https:\/\/www.meteo.cat\/wpweb\/wp-json\/wp\/v2\/media?parent=1576"}],"curies":[{"name":"wp","href":"https:\/\/api.w.org\/{rel}","templated":true}]}}