{"id":1574,"date":"2014-11-21T08:29:11","date_gmt":"2014-11-21T08:29:11","guid":{"rendered":"http:\/\/\/wpweb\/?page_id=1574"},"modified":"2020-10-15T08:38:11","modified_gmt":"2020-10-15T08:38:11","slug":"pluja","status":"publish","type":"page","link":"https:\/\/www.meteo.cat\/wpweb\/divulgacio\/equipaments-meteorologics\/observadors-meteorologics\/manual-de-lobservador\/meteors-relacionats-amb-la-precipitacio\/pluja\/","title":{"rendered":"Pluja"},"content":{"rendered":"\n<h2>Definici\u00f3<\/h2>\n\n\n\n<p>\u00c9s la forma m\u00e9s comuna de precipitaci\u00f3 a gran part de Catalunya, fins al punt que es fan servir ambd\u00f3s termes com a sin\u00f2nims en moltes ocasions.<\/p>\n\n\n\n<p>La pluja \u00e9s formada per gotes l\u00edquides de di\u00e0metre variable entre 0,5 i 3 mm, que poden assolir un m\u00e0xim de 7 mm, que s\u2019originen per la coalesc\u00e8ncia de petites gotes.<\/p>\n\n\n\n<p>Tamb\u00e9 es considera pluja en els casos que el di\u00e0metre de les gotes sigui inferior a 0,5 mm, per\u00f2 que cauen molt disperses.<\/p>\n\n\n\n<p><strong>L\u2019aiguat<\/strong>, que causa avingudes fortes i inundacions, est\u00e0 definit com una precipitaci\u00f3 recollida molt abundant, sigui en forma de pluja cont\u00ednua i durant llarg temps, o en forma de x\u00e0fecs d\u2019intensitat irregular per\u00f2 tamb\u00e9 de llarga durada. Els <strong>aiguats<\/strong> causen avingudes fortes&nbsp; i inundacions.<\/p>\n\n\n\n<h2>Consells per a l\u2019observaci\u00f3:<\/h2>\n\n\n\n<p>La pluja que arriba al terra prov\u00e9 d\u2019alguns tipus de n\u00favols mitjans (altostrats i nimbostrats, i molt rarament altoc\u00famuls), i dels n\u00favols baixos (en la major part dels casos nimbostrats, c\u00famuls i cumulonimbus i, poques vegades, estratoc\u00famuls).<br><\/p>\n\n\n\n<p>El concepte de pluja, per distingir-lo per exemple del plugim, no t\u00e9 res a veure amb la quantitat d\u2019aigua precipitada, que pot ser molt escassa, sin\u00f3 que es refereix\u00a0 a la forma de precipitaci\u00f3 en gotes relativament voluminoses que cauen amb velocitat apreciable i de forma cont\u00ednua i uniforme.<\/p>\n\n\n\n<h2>Fotografies<\/h2>\n\n\n\n<div class=\"wp-block-image\"><figure class=\"aligncenter\"><a href=\"https:\/\/static-m.meteo.cat\/wordpressweb\/wp-content\/uploads\/2014\/11\/21082911\/BIG_459395615022712_00.jpg\"><img loading=\"lazy\" width=\"700\" height=\"469\" src=\"https:\/\/static-m.meteo.cat\/wordpressweb\/wp-content\/uploads\/2014\/11\/21082911\/BIG_459395615022712_00.jpg\" alt=\"Pluja\" class=\"wp-image-2547\"\/><\/a><figcaption>Meteors relacionats amb la precipitaci\u00f3 Pluja. Autor: Ramon Baylina<\/figcaption><\/figure><\/div>\n","protected":false},"excerpt":{"rendered":"<p>Definici\u00f3 \u00c9s la forma m\u00e9s comuna de precipitaci\u00f3 a gran part de Catalunya, fins al punt que es fan servir ambd\u00f3s termes com a sin\u00f2nims en moltes ocasions. La pluja \u00e9s formada per gotes l\u00edquides de di\u00e0metre variable entre 0,5 i 3 mm, que poden assolir un m\u00e0xim de 7 mm, que s\u2019originen per la [&hellip;]<\/p>\n","protected":false},"author":2,"featured_media":0,"parent":1261,"menu_order":0,"comment_status":"closed","ping_status":"open","template":"template-sidebar.php","meta":{"_mi_skip_tracking":false,"_monsterinsights_sitenote_active":false,"_monsterinsights_sitenote_note":"","_monsterinsights_sitenote_category":0},"_links":{"self":[{"href":"https:\/\/www.meteo.cat\/wpweb\/wp-json\/wp\/v2\/pages\/1574"}],"collection":[{"href":"https:\/\/www.meteo.cat\/wpweb\/wp-json\/wp\/v2\/pages"}],"about":[{"href":"https:\/\/www.meteo.cat\/wpweb\/wp-json\/wp\/v2\/types\/page"}],"author":[{"embeddable":true,"href":"https:\/\/www.meteo.cat\/wpweb\/wp-json\/wp\/v2\/users\/2"}],"replies":[{"embeddable":true,"href":"https:\/\/www.meteo.cat\/wpweb\/wp-json\/wp\/v2\/comments?post=1574"}],"version-history":[{"count":4,"href":"https:\/\/www.meteo.cat\/wpweb\/wp-json\/wp\/v2\/pages\/1574\/revisions"}],"predecessor-version":[{"id":28868,"href":"https:\/\/www.meteo.cat\/wpweb\/wp-json\/wp\/v2\/pages\/1574\/revisions\/28868"}],"up":[{"embeddable":true,"href":"https:\/\/www.meteo.cat\/wpweb\/wp-json\/wp\/v2\/pages\/1261"}],"wp:attachment":[{"href":"https:\/\/www.meteo.cat\/wpweb\/wp-json\/wp\/v2\/media?parent=1574"}],"curies":[{"name":"wp","href":"https:\/\/api.w.org\/{rel}","templated":true}]}}