{"id":1516,"date":"2014-11-21T07:35:03","date_gmt":"2014-11-21T07:35:03","guid":{"rendered":"http:\/\/\/wpweb\/?page_id=1516"},"modified":"2020-10-15T10:08:13","modified_gmt":"2020-10-15T10:08:13","slug":"parheli","status":"publish","type":"page","link":"https:\/\/www.meteo.cat\/wpweb\/divulgacio\/equipaments-meteorologics\/observadors-meteorologics\/manual-de-lobservador\/fenomens-optics\/parheli\/","title":{"rendered":"Parheli"},"content":{"rendered":"\n<h2>Definici\u00f3:<\/h2>\n\n\n\n<p>Taca de llum blanca o irisada (amb el roig cap al Sol) que de vegades s\u2019observa amb cel cobert de n\u00favols alts, generalment, i de vegades mitjans, a banda i banda del Sol (o a una sola banda) i a la mateixa altura.<br><\/p>\n\n\n\n<p>El cas extrem (molt poc habitual, per\u00f2) es pot donar amb quatre parhelis, dos en els extrems de l\u2019halo de 22\u00ba i dos m\u00e9s als extrems de l\u2019halo extraordinari de 46\u00ba, aquests \u00faltims molt m\u00e9s d\u00e8bils.<br><\/p>\n\n\n\n<p>Es formen per la <strong>reflexi\u00f3 <\/strong>de la llum sobre les cares verticals dels prismes de gla\u00e7 dels n\u00favols esmentats, col\u00b7locats en posici\u00f3 especialment favorable. Aquest fenomen tamb\u00e9 es pot veure amb la lluna, tot i que \u00e9s molt m\u00e9s rar. En aquest cas es coneix amb el nom de paraselene. Hi ha alguns tipus de parhelis que tenen una denominaci\u00f3 espec\u00edfica, com ara:<br><\/p>\n\n\n\n<ul><li><strong>L\u2019antiheli<\/strong>, taca arrodonida que apareix molt rarament al costat oposat del Sol i a la seva mateixa al\u00e7ada.<\/li><li><strong>El parantheli<\/strong>, taca lluminosa de di\u00e0metre lleugerament superior al Sol que apareix a 120\u00ba del Sol a la mateixa al\u00e7ada sobre l\u2019horitz\u00f3.<\/li><\/ul>\n\n\n\n<h2>Consells per a l\u2019observaci\u00f3:<\/h2>\n\n\n\n<p>El seu aspecte arrodonit i brillant pot recordar el del Sol.<br><\/p>\n\n\n\n<p>Sovint nom\u00e9s es poden veure fragments del fenomen.<br><\/p>\n\n\n\n<p>Els m\u00e9s vistosos i habituals es poden veure en pres\u00e8ncia de cirrostrats. Menys habituals s\u00f3n els parhelis amb altoc\u00famuls. Van units molt sovint als halos i si el Sol est\u00e0 baix, els parhelis se situen en els extrems del di\u00e0metre de l\u2019halo de 22\u00ba, i si, contr\u00e0riament, el Sol est\u00e0 alt, llavors se situen un xic enfora del mateix halo. Col\u2022loquialment es coneix com a fals Sol.<\/p>\n\n\n\n<h2>Fotografies<\/h2>\n\n\n\n<div class=\"wp-block-image\"><figure class=\"aligncenter\"><a href=\"https:\/\/static-m.meteo.cat\/wordpressweb\/wp-content\/uploads\/2014\/11\/21084223\/BIG_943275615022712_00.jpg\"><img loading=\"lazy\" width=\"700\" height=\"526\" src=\"https:\/\/static-m.meteo.cat\/wordpressweb\/wp-content\/uploads\/2014\/11\/21084223\/BIG_943275615022712_00.jpg\" alt=\"Parheli\" class=\"wp-image-2981\"\/><\/a><figcaption>Fen\u00f2mens \u00f2ptics Parheli. Autor: Alfred Marin\u00e9<\/figcaption><\/figure><\/div>\n","protected":false},"excerpt":{"rendered":"<p>Definici\u00f3: Taca de llum blanca o irisada (amb el roig cap al Sol) que de vegades s\u2019observa amb cel cobert de n\u00favols alts, generalment, i de vegades mitjans, a banda i banda del Sol (o a una sola banda) i a la mateixa altura. El cas extrem (molt poc habitual, per\u00f2) es pot donar amb [&hellip;]<\/p>\n","protected":false},"author":4,"featured_media":0,"parent":1207,"menu_order":0,"comment_status":"closed","ping_status":"open","template":"","meta":{"_mi_skip_tracking":false,"_monsterinsights_sitenote_active":false,"_monsterinsights_sitenote_note":"","_monsterinsights_sitenote_category":0},"_links":{"self":[{"href":"https:\/\/www.meteo.cat\/wpweb\/wp-json\/wp\/v2\/pages\/1516"}],"collection":[{"href":"https:\/\/www.meteo.cat\/wpweb\/wp-json\/wp\/v2\/pages"}],"about":[{"href":"https:\/\/www.meteo.cat\/wpweb\/wp-json\/wp\/v2\/types\/page"}],"author":[{"embeddable":true,"href":"https:\/\/www.meteo.cat\/wpweb\/wp-json\/wp\/v2\/users\/4"}],"replies":[{"embeddable":true,"href":"https:\/\/www.meteo.cat\/wpweb\/wp-json\/wp\/v2\/comments?post=1516"}],"version-history":[{"count":6,"href":"https:\/\/www.meteo.cat\/wpweb\/wp-json\/wp\/v2\/pages\/1516\/revisions"}],"predecessor-version":[{"id":28919,"href":"https:\/\/www.meteo.cat\/wpweb\/wp-json\/wp\/v2\/pages\/1516\/revisions\/28919"}],"up":[{"embeddable":true,"href":"https:\/\/www.meteo.cat\/wpweb\/wp-json\/wp\/v2\/pages\/1207"}],"wp:attachment":[{"href":"https:\/\/www.meteo.cat\/wpweb\/wp-json\/wp\/v2\/media?parent=1516"}],"curies":[{"name":"wp","href":"https:\/\/api.w.org\/{rel}","templated":true}]}}