{"id":140,"date":"2014-12-13T08:43:04","date_gmt":"2014-12-13T08:43:04","guid":{"rendered":"http:\/\/\/wpweb\/?page_id=140"},"modified":"2022-11-30T08:16:06","modified_gmt":"2022-11-30T08:16:06","slug":"radiosondatge","status":"publish","type":"page","link":"https:\/\/www.meteo.cat\/wpweb\/divulgacio\/equipaments-meteorologics\/radiosondatge\/","title":{"rendered":"Descripci\u00f3 del radiosondatge"},"content":{"rendered":"\n<p>De l&#8217;equipament del radiosondatge us facilitem la seg\u00fcent informaci\u00f3: <\/p>\n\n\n\n<nav class=\"ancores\" id=\"inici\">\n<a href=\"#quees\">Qu\u00e8 \u00e9s un radiosondatge?<\/a>\n<a href=\"\/wpweb\/divulgacio\/equipaments-meteorologics\/radiosondatge\/manual-dinterpretacio-del-radiosondatge#diagrama\">Manual d&#8217;interpretaci\u00f3 del radiosondatge<\/a>\n<\/nav>\n\n\n\n<div style=\"height:50px\" aria-hidden=\"true\" class=\"wp-block-spacer\"><\/div>\n\n\n\n<h2 id=\"quees\"><strong>Qu\u00e8 \u00e9s un radiosondatge?<\/strong><\/h2>\n\n\n\n<p>Un sondatge atmosf\u00e8ric realitzat per una radiosonda. \u00c9s a dir, la caracteritzaci\u00f3 vertical de l\u2019atmosfera mitjan\u00e7ant instruments transportats habitualment per un globus.<\/p>\n\n\n\n<p>Les variables que s&#8217;obtenen s\u00f3n la temperatura, la humitat relativa, la pressi\u00f3, la for\u00e7a i direcci\u00f3 del vent a diferents altures.<\/p>\n\n\n\n<p>El radiosondatge de Barcelona es realitza des de 1998. Inicialment es feia a les 12 TU, per\u00f2 des del maig de 1999 es va comen\u00e7ar a realitzar dos cops al dia, a les 00 i a les 12 TU. Fins al 2012 el radiosondatge es feia de forma manual. A partir de 2013, el llan\u00e7ament s\u2019ha automatitzat i se n\u2019ocupa el \u201crobotsonda\u201d, que es descriu m\u00e9s endavant.<\/p>\n\n\n\n<div class=\"wp-block-columns\">\n<div class=\"wp-block-column\">\n<div class=\"wp-block-image\"><figure class=\"aligncenter size-large is-resized\"><a href=\"https:\/\/static-m.meteo.cat\/wordpressweb\/wp-content\/uploads\/2014\/11\/13084304\/radiosondatge11.png\"><img loading=\"lazy\" src=\"https:\/\/static-m.meteo.cat\/wordpressweb\/wp-content\/uploads\/2014\/11\/13084304\/radiosondatge11.png\" alt=\"Llan\u00e7ament manual del radiosondatge\" class=\"wp-image-2788\" width=\"161\" height=\"209\"\/><\/a><figcaption>Radiosondatge manual des del terrat de la Facultat de F\u00edsiques de la Universitat Barcelona (1998-2012)<\/figcaption><\/figure><\/div>\n<\/div>\n\n\n\n<div class=\"wp-block-column\">\n<p><\/p>\n\n\n\n<div class=\"wp-block-image\"><figure class=\"aligncenter size-large is-resized\"><a href=\"https:\/\/static-m.meteo.cat\/wordpressweb\/wp-content\/uploads\/2014\/11\/13084304\/radiosondatge22.png\"><img loading=\"lazy\" src=\"https:\/\/static-m.meteo.cat\/wordpressweb\/wp-content\/uploads\/2014\/11\/13084304\/radiosondatge22.png\" alt=\"Llan\u00e7ament autom\u00e0tic del radiosondatge\" class=\"wp-image-2789\" width=\"161\" height=\"209\"\/><\/a><figcaption>Radiosondatge autom\u00e0tic des del terrat de la Facultat de F\u00edsiques de la Universitat Barcelona (des del 2013)<\/figcaption><\/figure><\/div>\n<\/div>\n<\/div>\n\n\n\n<p>Des de desembre de l\u2019any 2008, el radiosondatge de Barcelona (l\u2019\u00fanic que es fa a Catalunya actualment) pertany a la Xarxa Meteorol\u00f2gica Mundial a trav\u00e9s del GTS (Global Telecommunication System). Aquesta Xarxa engloba els prop de 1.300 radiosondatges sistem\u00e0tics que es realitzen arreu del m\u00f3n.<\/p>\n\n\n\n<div class=\"wp-block-image\"><figure class=\"aligncenter is-resized\"><a href=\"https:\/\/static-m.meteo.cat\/wordpressweb\/wp-content\/uploads\/2014\/11\/13084304\/radiosondatge33.png\"><img loading=\"lazy\" src=\"https:\/\/static-m.meteo.cat\/wordpressweb\/wp-content\/uploads\/2014\/11\/13084304\/radiosondatge33.png\" alt=\"Xarxa mundial de radiosondatges\" class=\"wp-image-2790\" width=\"-142\" height=\"-70\"\/><\/a><figcaption> Estacions de radiosondatge dins la xarxa meteorol\u00f3gica mundial. <\/figcaption><\/figure><\/div>\n\n\n\n<div style=\"height:30px\" aria-hidden=\"true\" class=\"wp-block-spacer\"><\/div>\n\n\n\n<h2><strong>El robot sonda a Barcelona<\/strong><\/h2>\n\n\n\n<p>L\u2019any 2013 el Servei Meteorol\u00f2gic de Catalunya inaugura el robot sonda. Aquest equipament, ubicat a la Facultat de F\u00edsica de la Universitat de Barcelona, \u00e9s capa\u00e7 de fer el llan\u00e7ament del globus sonda inflat de manera autom\u00e0tica, disposant d\u2019una autonomia de fins a 6 dies.<\/p>\n\n\n\n<div class=\"wp-block-image\"><figure class=\"aligncenter is-resized\"><a href=\"https:\/\/static-m.meteo.cat\/wordpressweb\/wp-content\/uploads\/2021\/01\/08091120\/RobotSonda2.jpg\"><img loading=\"lazy\" src=\"https:\/\/static-m.meteo.cat\/wordpressweb\/wp-content\/uploads\/2021\/01\/08091120\/RobotSonda2.jpg\" alt=\"Robot sonda terrat de la Facultat de F\u00edsica\" class=\"wp-image-2792\" width=\"494\" height=\"378\"\/><\/a><figcaption>Robot sonda al terrat de la Universitat de F\u00edsica de la Universitat de Barcelona<\/figcaption><\/figure><\/div>\n\n\n\n<div class=\"wp-block-columns\">\n<div class=\"wp-block-column\">\n<figure class=\"wp-block-image size-large is-resized\"><a href=\"https:\/\/static-m.meteo.cat\/wordpressweb\/wp-content\/uploads\/2014\/11\/13084304\/robotsonda2.png\"><img loading=\"lazy\" src=\"https:\/\/static-m.meteo.cat\/wordpressweb\/wp-content\/uploads\/2014\/11\/13084304\/robotsonda2.png\" alt=\"Sensors meteorol\u00f2gics i antena del robot sonda\" class=\"wp-image-2795\" width=\"256\" height=\"190\"\/><\/a><figcaption>Equips a l&#8217;exterior del robot sonda: sensors de temperatura, humitat i vent i antena de GPS i de comunicacions amb la radiosonda<\/figcaption><\/figure>\n<\/div>\n\n\n\n<div class=\"wp-block-column\">\n<figure class=\"wp-block-image size-large is-resized\"><a href=\"https:\/\/static-m.meteo.cat\/wordpressweb\/wp-content\/uploads\/2014\/11\/13084304\/robotsonda3.png\"><img src=\"https:\/\/static-m.meteo.cat\/wordpressweb\/wp-content\/uploads\/2014\/11\/13084304\/robotsonda3.png\" alt=\"Interior robot sonda carrusel de radiosondes i globus inflant-se\" class=\"wp-image-2791\" width=\"256\"\/><\/a><figcaption>Interior del robot sonda: carrusel de radiosondes i globus inflant-se<\/figcaption><\/figure>\n\n\n\n<p><\/p>\n<\/div>\n<\/div>\n\n\n\n<div style=\"height:30px\" aria-hidden=\"true\" class=\"wp-block-spacer\"><\/div>\n\n\n\n<h2><strong>Com \u00e9s una sonda i de quin equipament disposa?<\/strong><\/h2>\n\n\n\n<p>Una sonda convencional disposa de sensors atmosf\u00e8rics, un radiotransmissor per enviar les dades, i un equip de GPS per posicionar en tot moment la sonda i extreure\u2019n la velocitat i la direcci\u00f3 del vent<\/p>\n\n\n\n<div class=\"wp-block-image\"><figure class=\"aligncenter\"><a href=\"https:\/\/static-m.meteo.cat\/wordpressweb\/wp-content\/uploads\/2014\/11\/13084304\/robotsonda4.png\"><img loading=\"lazy\" width=\"300\" height=\"162\" src=\"https:\/\/static-m.meteo.cat\/wordpressweb\/wp-content\/uploads\/2014\/11\/13084304\/robotsonda4-300x162.png\" alt=\"Components de la sonda\" class=\"wp-image-2796\"\/><\/a><figcaption>Components de la sonda: sensor temperatura, humitat i pressi\u00f3, antena GPS, bateria i radiotransmissor<\/figcaption><\/figure><\/div>\n\n\n\n<p>Quan el globus \u00e9s alliberat, s&#8217;enlaira a l&#8217;atmosfera a una velocitat aproximada de 5 m\/s, i a petits intervals de temps es van prenent mesures que s\u00f3n transmeses a la superf\u00edcie mitjan\u00e7ant un senyal de r\u00e0dio. Aquest globus arriba fins a una altitud generalment entre 20 i 30 km, depenent de les condicions meteorol\u00f2giques.<\/p>\n\n\n\n<div style=\"height:30px\" aria-hidden=\"true\" class=\"wp-block-spacer\"><\/div>\n\n\n\n<h2><strong>Les aplicacions d\u2019un radiosondatge<\/strong><\/h2>\n\n\n\n<p>Les dades s\u2019utilitzen per a caracteritzar l\u2019atmosfera en una zona determinada a diversos nivells \u2013 fer-ne una an\u00e0lisi \u2013 i com a condicions inicials dels models meteorol\u00f2gics que serviran per fer una predicci\u00f3 del temps m\u00e9s acurada<\/p>\n\n\n\n<p>Tamb\u00e9 per con\u00e8ixer la inestabilitat de l\u2019atmosfera (possible formaci\u00f3 de tempestes o fen\u00f2mens extrems). L\u2019estudi i el seguiment d\u2019episodis de contaminaci\u00f3. O com a suport a l\u2019aviaci\u00f3 amb la determinaci\u00f3 de possibles zones amb turbul\u00e8ncia i l\u2019optimitzaci\u00f3 de rutes segons la for\u00e7a i direcci\u00f3 del vent.<\/p>\n\n\n\n<p>La import\u00e0ncia de disposar d\u2019una densa xarxa de radiosondatges per a la caracteritzaci\u00f3 i el pron\u00f2stic de les situacions sin\u00f2ptiques, at\u00e8s que a partir dels radiosondatges s\u2019obt\u00e9 l\u2019an\u00e0lisi sin\u00f2ptica, \u00e9s a dir, l\u2019estat real de l\u2019atmosfera en un moment determinat. Amb la distribuci\u00f3 actual a la zona d\u2019Europa, es detecten b\u00e9 configuracions sin\u00f2ptiques de centenars a milers de quil\u00f2metres sobre el continent, per\u00f2 en canvi sobre l\u2019Atl\u00e0ntic \u00e9s bastant dificult\u00f3s. D\u2019altra banda, quant m\u00e9s densa sigui la xarxa, millor es detectaran les estructures d\u2019escala m\u00e9s petita.<\/p>\n\n\n\n<p>A partir de la xarxa de radiosondatges s\u2019obt\u00e9 un conjunt tridimensional d\u2019informaci\u00f3 constitu\u00eft per les mesures de temperatura, pressi\u00f3, humitat i vent a la vertical dels diferents punts de llan\u00e7ament. Per extreure\u2019n el m\u00e0xim d\u2019informaci\u00f3 d\u2019una manera r\u00e0pida, s\u2019analitzen aquestes dades nom\u00e9s en els nivells est\u00e0ndards (1000, 925, 850, 700, 500, 300, 200 hPa), tal i com es pot veure a la seg\u00fcent figura.<\/p>\n\n\n\n<div class=\"wp-block-image\"><figure class=\"aligncenter\"><a href=\"https:\/\/static-m.meteo.cat\/wordpressweb\/wp-content\/uploads\/2014\/11\/13084304\/robotsonda6.png\"><img loading=\"lazy\" width=\"210\" height=\"300\" src=\"https:\/\/static-m.meteo.cat\/wordpressweb\/wp-content\/uploads\/2014\/11\/13084304\/robotsonda6-210x300.png\" alt=\"An\u00e1lisis de geopotencial i temperatura a diferents nivells.\" class=\"wp-image-2798\"\/><\/a><figcaption>Exemple d\u2019algunes an\u00e1lisis. Es mostra el geopotencial i la temperatura a 925, 850 i 500 hPa, i el geopotencial i el vent a 300 hPa.<\/figcaption><\/figure><\/div>\n","protected":false},"excerpt":{"rendered":"<p>De l&#8217;equipament del radiosondatge us facilitem la seg\u00fcent informaci\u00f3: Qu\u00e8 \u00e9s un radiosondatge? Manual d&#8217;interpretaci\u00f3 del radiosondatge Qu\u00e8 \u00e9s un radiosondatge? Un sondatge atmosf\u00e8ric realitzat per una radiosonda. \u00c9s a dir, la caracteritzaci\u00f3 vertical de l\u2019atmosfera mitjan\u00e7ant instruments transportats habitualment per un globus. Les variables que s&#8217;obtenen s\u00f3n la temperatura, la humitat relativa, la pressi\u00f3, [&hellip;]<\/p>\n","protected":false},"author":4,"featured_media":0,"parent":12148,"menu_order":8,"comment_status":"closed","ping_status":"closed","template":"template-sidebar.php","meta":{"_mi_skip_tracking":false,"_monsterinsights_sitenote_active":false,"_monsterinsights_sitenote_note":"","_monsterinsights_sitenote_category":0},"_links":{"self":[{"href":"https:\/\/www.meteo.cat\/wpweb\/wp-json\/wp\/v2\/pages\/140"}],"collection":[{"href":"https:\/\/www.meteo.cat\/wpweb\/wp-json\/wp\/v2\/pages"}],"about":[{"href":"https:\/\/www.meteo.cat\/wpweb\/wp-json\/wp\/v2\/types\/page"}],"author":[{"embeddable":true,"href":"https:\/\/www.meteo.cat\/wpweb\/wp-json\/wp\/v2\/users\/4"}],"replies":[{"embeddable":true,"href":"https:\/\/www.meteo.cat\/wpweb\/wp-json\/wp\/v2\/comments?post=140"}],"version-history":[{"count":23,"href":"https:\/\/www.meteo.cat\/wpweb\/wp-json\/wp\/v2\/pages\/140\/revisions"}],"predecessor-version":[{"id":36307,"href":"https:\/\/www.meteo.cat\/wpweb\/wp-json\/wp\/v2\/pages\/140\/revisions\/36307"}],"up":[{"embeddable":true,"href":"https:\/\/www.meteo.cat\/wpweb\/wp-json\/wp\/v2\/pages\/12148"}],"wp:attachment":[{"href":"https:\/\/www.meteo.cat\/wpweb\/wp-json\/wp\/v2\/media?parent=140"}],"curies":[{"name":"wp","href":"https:\/\/api.w.org\/{rel}","templated":true}]}}