{"id":1353,"date":"2014-02-21T13:13:44","date_gmt":"2014-02-21T12:13:44","guid":{"rendered":"http:\/\/10.116.16.72\/test\/?p=1353"},"modified":"2022-04-13T10:14:49","modified_gmt":"2022-04-13T10:14:49","slug":"1944-02-25_70-anys-de-la-nevada-grossa-els-aiguats-catastrofics-de-febrer-de-1944","status":"publish","type":"page","link":"https:\/\/www.meteo.cat\/wpweb\/divulgacio\/publicacions\/efemerides\/1944-02-25_70-anys-de-la-nevada-grossa-els-aiguats-catastrofics-de-febrer-de-1944\/","title":{"rendered":"70 anys de la Nevada Grossa i els aiguats catastr\u00f2fics de febrer de 1944"},"content":{"rendered":"\n<p class=\"has-text-align-left\"><strong>PUBLICADA EL 21\/02\/2014<\/strong><\/p>\n\n\n\n<p>Aquesta propera setmana es compleixen 70 anys de la <b>Nevada Grossa<\/b> del <b>23-26 de febrer de 1944<\/b>, la m\u00e9s important de tot el segle XX a les <b>Terres de Ponent<\/b> i <b>prelitoral tarragon\u00ed<\/b>. En canvi, a la meitat est de Catalunya, tot i que va comen\u00e7ar nevant, els intensos aiguats van ser els protagonistes provocant importants desbordaments de molts rius i rieres amb danys molt greus. Molt poques vegades a l\u2019hivern s&#8217;esdev\u00e9 alhora un gran temporal de neu a cotes baixes i pluja general a Catalunya amb la magnitud i extensi\u00f3 que va tenir l\u2019episodi d\u2019aquell febrer de 1944.<\/p>\n\n\n\n<div class=\"wp-block-image\"><figure class=\"aligncenter\"><img loading=\"lazy\" width=\"799\" height=\"506\" src=\"https:\/\/static-m.meteo.cat\/wordpressweb\/wp-content\/uploads\/2019\/02\/22110855\/FIG01a-Tarrega-neu-26FEB1944.jpg\" alt=\"Carrer de T\u00e0rrega (l'Urgell) cobert per un gruix proper als 100 cm el 26 de febrer de 1944.\" class=\"wp-image-22018\"\/><\/figure><\/div>\n\n\n\n<div class=\"wp-block-image\"><figure class=\"aligncenter\"><a href=\"https:\/\/static-m.meteo.cat\/wordpressweb\/wp-content\/uploads\/2019\/01\/21071830\/FIG01b-Tarrega-neu-26FEB1944.jpg\"><img loading=\"lazy\" width=\"800\" height=\"506\" src=\"https:\/\/static-m.meteo.cat\/wordpressweb\/wp-content\/uploads\/2019\/01\/21071830\/FIG01b-Tarrega-neu-26FEB1944.jpg\" alt=\"Estaci\u00f3 de ferrocarrils de T\u00e0rrega coberta per un gruix de neu proper als 100 cm el 26 de febrer de 1944\" class=\"wp-image-21607\"\/><\/a><figcaption>Imatges de la neu acumulada el dia 26 de febrer de 1944 a T\u00e0rrega amb m\u00e9s d\u2019un metre de gruix. Fotografies de M. Carme Ramon (Arxiu Josep M. Mart\u00ed) i facilitades pel Joan Esteve.<\/figcaption><\/figure><\/div>\n\n\n\n<h2><b>Descripci\u00f3 de l\u2019episodi<\/b><\/h2>\n\n\n\n<p>La neu va comen\u00e7ar a caure la tarda del 23 de febrer de 1944 (Dimecres de Cendra) a tot Catalunya, intensificant-se la nevada per la nit a gran part del pa\u00eds. Durant tot el dia 24 va estar nevant intensament, sobretot a la meitat oest del pa\u00eds amb gruixos de neu superiors als <strong>50 cm<\/strong> a moltes zones de les Terres de Ponent i prelitoral tarragon\u00ed. Va arribar a nevar a la Costa Brava, Costa Daurada, Tortosa, i puntualment, fins i tot a la ciutat de Barcelona. L\u2019entrada d\u2019una massa m\u00e9s c\u00e0lida a la meitat est, durant el dia 24, va transformar la neu a pluja intensa amb una important fosa de tota la neu acumulada fins aleshores, que en alguns indrets rondava els <strong>10-30 cm<\/strong>. A la meitat oest (aproximadament de l\u2019Anoia cap a ponent) va continuar nevant moderadament tot el dia 25, i ja lleugerament fins al migdia del 26, acumulant-s\u2019hi encara m\u00e9s neu. En canvi, a la meitat est els aiguats intensos van continuar gran part del dia 25 i en alguns indrets els ruixats, ja molt menys intensos, van allargar-se fins al migdia del 26.<\/p>\n\n\n\n<p>Durant els tres dies que va durar la nevada, es van acumular importants gruixos de neu superiors a <strong>1 m<\/strong> al <b>Priorat, la Segarra, les Garrigues, l\u2019Urgell, la Conca de Barber\u00e0 i el Segri\u00e0<\/b>. Destaquen els seg\u00fcents gruixos m\u00e0xims de neu assolits durant tota la nevada: <b>180 cm<\/b> a <b>Falset<\/b>, <b>133 cm<\/b> a <b>Cervera<\/b> i <b>115 cm<\/b> als <b>Omellons<\/b>. Puntualment, la neu acumulada va arribar a gruixos propers als <strong>2 m<\/strong> a <b>la Segarra, el Priorat i l\u2019Urgell <\/b>(dades extraoficials).<\/p>\n\n\n\n<p>Per una altra banda, a la meitat est de Catalunya les precipitacions van superar els <b>300 mm<\/b> a <b>la Selva<\/b> i <b>la Garrotxa <\/b>aquells mateixos tres dies. Els m\u00e0xims de precipitaci\u00f3 es van registrar a <b>Susqueda<\/b> amb <b>468,8 mm<\/b> i <b>les Planes d\u2019Hostoles<\/b> amb <b>318,0 mm<\/b>. Com a m\u00e0xims diaris destaquen <b>188,0 mm<\/b> a <b>Barcelona-Bes\u00f2s<\/b> el dia <b>23\/02\/1944<\/b>; <b>202,6 mm<\/b> a <b>Susqueda<\/b> el <b>24\/02\/1944<\/b> i <b>130,8 mm<\/b> el <b>25\/02\/1944<\/b>. Tots aquests valors mesurats de les 07 UTC del dia en q\u00fcesti\u00f3 fins a les 07 UTC de l\u2019endem\u00e0, per\u00edode temporal conegut en meteorologia com a <strong>dia pluviom\u00e8tric<\/strong>.<\/p>\n\n\n\n<p>A continuaci\u00f3 es mostra un llistat amb tots els gruixos m\u00e0xims de neu acumulats disponibles a la xarxa d\u2019observadors de Catalunya durant els tres dies que va durar la gran nevada. Tamb\u00e9 es mostra un llistat de la precipitaci\u00f3 di\u00e0ria acumulada <b>des de les 07 UTC del 23\/02\/1944 fins a les 07 UTC del 26\/02\/1944<\/b>, aix\u00ed com el total de precipitaci\u00f3 d\u2019aquests tres dies. Nom\u00e9s es mostren els observatoris per als quals el total de pluja acumulada durant els tres dies va ser superior als <b>200 mm<\/b>.<\/p>\n\n\n\n<div class=\"wp-block-image\"><figure class=\"aligncenter\"><a href=\"http:\/\/farm4.staticflickr.com\/3766\/12674051465_0b7d45b358.jpg\"><img src=\"http:\/\/farm4.staticflickr.com\/3766\/12674051465_0b7d45b358.jpg\" alt=\"Gruix m\u00e0xim de neu acumulada (cm) 23\/2\/1944 a 26\/2\/1944\"\/><\/a><\/figure><\/div>\n\n\n\n<div class=\"wp-block-image\"><figure class=\"aligncenter\"><a href=\"https:\/\/flic.kr\/p\/kj1ieo\"><img src=\"https:\/\/live.staticflickr.com\/5523\/12674533484_d20abf3a58_z.jpg\" alt=\"Taula de Precipitaci\u00f3 acumulada (mm) 23 - 26\/02\/1944\"\/><\/a><\/figure><\/div>\n\n\n\n<h2><b>Situaci\u00f3 sin\u00f2ptica<\/b><\/h2>\n\n\n\n<p>Una setmana abans que es produ\u00eds la gran nevada va penetrar una massa d&#8221;aire molt fred d&#8221;origen siberi\u00e0, provocant un ambient g\u00e8lid per\u00f2 molt sec a tot Catalunya, aix\u00ed com les condicions necess\u00e0ries per a qu\u00e8 la cota de neu se situ\u00e9s a nivell del mar a tot el pa\u00eds. Aquesta entrada va deixar uns valors de temperatura a 850 hPa inferiors als -8 \u00baC a la meitat nord del pa\u00eds i als -10 \u00baC al Pirineu, el dia 22. Valors que se situen m\u00e9s de 6 \u00baC per sota de la mitjana clim\u00e0tica de la temperatura a 850 hPa (uns 1.500 m d\u2019altitud) sobre Catalunya. Al nivell de 500 hPa les temperatures eren inferiors als -30 \u00baC al Pirineu, el dia 22.<\/p>\n\n\n\n<p><b>Evoluci\u00f3 en superf\u00edcie:<\/b> L\u2019arribada d\u2019una depressi\u00f3 pel sud-oest de la pen\u00ednsula ib\u00e8rica durant el dia 23, va comportar un marcat temporal del sud-est amb nevades a gaireb\u00e9 tot el pa\u00eds, per\u00f2 principalment al litoral, prelitoral i depressi\u00f3 Central. El refor\u00e7ament del temporal cap a llevant durant el dia 24, coincidint amb la intensificaci\u00f3 de la borrasca sobre les costes d\u2019Alg\u00e8ria, va fer que una massa d\u2019aire m\u00e9s c\u00e0lid de la Mediterr\u00e0nia substitu\u00eds la massa d\u2019aire fred que hi havia a la meitat est del pa\u00eds, amb un augment important de la temperatura i de la cota de neu. En canvi, l\u2019aire fred va quedar confinat a l\u2019interior de Tarragona, les Terres de Ponent i l\u2019oest de la Catalunya Central, on les nevades continuaren caient tot el dia 24. A la comarca de l\u2019Anoia es va situar el l\u00edmit entre la neu i la&nbsp;pluja. Cap a l\u2019oest la nevada era ben present i cap a l\u2019est ho era la pluja intensa. El temporal va durar tres dies, fent possible que s\u2019acumulessin els grans gruixos de neu i de precipitaci\u00f3.<\/p>\n\n\n\n<p>La seg\u00fcent figura mostra les rean\u00e0lisis en superf\u00edcie del 20CRP (<a><i>The 20th Century Reanalysis Project de l\u2019NCAR<\/i>, EUA<\/a>) des del 23\/02\/1944 fins al 26\/02\/1944 a les 00 UTC (imatges de l\u2019esquerra) i 12 UTC (imatges de la dreta), on es poden veure els trets generals de l\u2019evoluci\u00f3 del temporal de neu i pluja en superf\u00edcie que s\u2019ha descrit anteriorment en superf\u00edcie:<\/p>\n\n\n\n<div class=\"wp-block-image\"><figure class=\"aligncenter\"><img loading=\"lazy\" width=\"730\" height=\"1024\" src=\"https:\/\/static-m.meteo.cat\/wordpressweb\/wp-content\/uploads\/2019\/01\/21071841\/FIG04-Reanalisis-20CRP-SUP-NevadaGrossa-FEB1944-730x1024.jpg\" alt=\"\" class=\"wp-image-21610\"\/><\/figure><\/div>\n\n\n\n<p><b>Evoluci\u00f3 en al\u00e7ada:<\/b> Durant els tres dies del temporal es va donar una situaci\u00f3 meteorol\u00f2gica molt inestable degut al cisallament del vent en al\u00e7ada: de sud-est a llevant en superf\u00edcie i a 850 hPa, i entre sud-oest i sud a 500 hPa. A m\u00e9s a m\u00e9s, l\u2019aportaci\u00f3 d\u2019aire humit de la mediterr\u00e0nia potencialment inestable a nivells baixos i mitjans de la troposfera va ser constant durant els tres dies que va durar l\u2019episodi, fent possible les grans acumulacions de neu i de precipitaci\u00f3.<\/p>\n\n\n\n<p>En l\u2019evoluci\u00f3 temporal de la temperatura i geopotencial a 850 hPa s\u2019aprecia molt b\u00e9 com la important advecci\u00f3 de llevant des del dia 24 va fer que la meitat est del pa\u00eds tingu\u00e9s temperatures m\u00e9s elevades que la meitat oest, restringint-se la nevada a cotes baixes de les comarques de Tarragona i Lleida.<\/p>\n\n\n\n<p>S\u2019ha de destacar que l\u2019important embossament d\u2019aire fred, inferior als -32 \u00baC a 500 hPa, associat a una baixa en al\u00e7ada situada a l\u2019oest de la pen\u00ednsula ib\u00e8rica va refor\u00e7ar i mantenir la baixa en superf\u00edcie situada sobre les Balears. Aquesta borrasca va ser la causant del temporal de llevant a nivells baixos. La baixa en al\u00e7ada tamb\u00e9 va contribuir a produir una advecci\u00f3 d\u2019aire humit de l\u2019atl\u00e0ntic a les capes altes de la troposfera fent que tota la columna d\u2019aire sobre Catalunya fos potencialment molt inestable.<\/p>\n\n\n\n<p>Les seg\u00fcents dues figures mostren les rean\u00e0lisis de l\u2019al\u00e7ada geopotencial i la temperatura de l\u2019aire a 850 i 500 hPa del <a>20CRP<\/a> des del 23\/02\/1944 fins al 26\/02\/1944 a les 00 UTC (imatges de l\u2019esquerra) i 12 UTC (imatges de la dreta), on es poden veure els trets generals de l\u2019evoluci\u00f3 del temporal de neu i pluja als nivells isob\u00e0rics de 850 i 500 hPa que s\u2019han descrit anteriorment:<\/p>\n\n\n\n<div class=\"wp-block-image\"><figure class=\"aligncenter\"><img loading=\"lazy\" width=\"730\" height=\"1024\" src=\"https:\/\/static-m.meteo.cat\/wordpressweb\/wp-content\/uploads\/2019\/01\/21071837\/FIG05-Reanalisis-20CRP-850hPa-NevadaGrossa-FEB1944-730x1024.jpg\" alt=\"\" class=\"wp-image-21609\"\/><\/figure><\/div>\n\n\n\n<div class=\"wp-block-image\"><figure class=\"aligncenter\"><img loading=\"lazy\" width=\"728\" height=\"1024\" src=\"https:\/\/static-m.meteo.cat\/wordpressweb\/wp-content\/uploads\/2019\/01\/21071834\/FIG06-Reanalisis-20CRP-500hPa-NevadaGrossa-FEB1944-728x1024.jpg\" alt=\"\" class=\"wp-image-21608\"\/><\/figure><\/div>\n\n\n\n<h2><b>Danys produ\u00efts<\/b><\/h2>\n\n\n\n<p>Aquesta nevada va paralitzar totes les activitats quotidianes de les Terres de Ponent i del prelitoral tarragon\u00ed, fins al punt que els ve\u00efns dels pobles afectats es trobaren bloquejats a les seves pr\u00f2pies cases. Diversos edificis es van esfondrar degut al pes de la neu acumulada a les teulades. L&#8221;electricitat, el tel\u00e8fon, el tel\u00e8graf i els serveis p\u00fablics (l\u00ednies regulars i ferrocarril) quedaren totalment fora de servei durant for\u00e7a dies. Tots aquests importants inconvenients es van unir a les mancances que patia la societat catalana com a conseq\u00fc\u00e8ncia de la situaci\u00f3 de postguerra.<\/p>\n\n\n\n<p>La neu acumulada durant aquest episodi no es va acabar de fondre del tot fins a mitjans d\u2019abril a les Terres de Ponent. Tot i aix\u00ed, a la Segarra algunes congestes de neu van romandre a les obagues i vora els camins fins a Sant Joan. Van apar\u00e8ixer aiguamolls per tot arreu degut a la lenta fosa de la neu. L&#8221;escolament de les aig\u00fces subterr\u00e0nies que brollaven arreu van causar moviments de terra, aix\u00ed com l\u2019esfondrament de molts marges de pedra pel desgel.<\/p>\n\n\n\n<p>Els forts aiguats que van afectar a la meitat est del pa\u00eds van provocar el desbordament de nombrosos rius i rieres: <b>el Llobregat, el Congost, el Tenes, el Ripoll, el Mogent, el Bes\u00f2s, el Ter, el Galligants, l\u2019Onyar, el Manol i la Muga; i les Rieres de les Arenes, de Rub\u00ed, Gai\u00e0 i Cardedeu<\/b>, entre d\u2019altres. En relaci\u00f3 als danys produ\u00efts per aquests desbordaments destaca la forta crescuda de la Riera de Gai\u00e0 el vespre del dia 24 a Terrassa que va trencar el mur de l\u2019antic Pant\u00e0 de la Xoriguera. L\u2019esfondrament d\u2019aquest pant\u00e0 va provocar una violenta avinguda aig\u00fces avall, destruint un pont a Viladecavalls i un altre a Abrera. Per una altra banda, la gran crescuda del Congost el dia 25 al Vall\u00e8s Oriental va causar molts danys a les hortes i la part baixa de Granollers, aix\u00ed com el trencament d\u2019un pont a Llerona (les Franqueses del Vall\u00e8s).<\/p>\n\n\n\n<p>Per la gran quantitat de neu acumulada, amb pocs precedents i els grans inconvenients patits, aquesta nevada va deixar una petjada molt important a les comarques afectades (Terres de Ponent i prelitoral tarragon\u00ed) recordant-se com la <b>Nevada Grossa de 1944<\/b>.<\/p>\n","protected":false},"excerpt":{"rendered":"<p>PUBLICADA EL 21\/02\/2014 Aquesta propera setmana es compleixen 70 anys de la Nevada Grossa del 23-26 de febrer de 1944, la m\u00e9s important de tot el segle XX a les Terres de Ponent i prelitoral tarragon\u00ed. En canvi, a la meitat est de Catalunya, tot i que va comen\u00e7ar nevant, els intensos aiguats van ser [&hellip;]<\/p>\n","protected":false},"author":7,"featured_media":0,"parent":18384,"menu_order":0,"comment_status":"open","ping_status":"open","template":"template-sidebar.php","meta":{"_mi_skip_tracking":false,"_monsterinsights_sitenote_active":false,"_monsterinsights_sitenote_note":"","_monsterinsights_sitenote_category":0},"_links":{"self":[{"href":"https:\/\/www.meteo.cat\/wpweb\/wp-json\/wp\/v2\/pages\/1353"}],"collection":[{"href":"https:\/\/www.meteo.cat\/wpweb\/wp-json\/wp\/v2\/pages"}],"about":[{"href":"https:\/\/www.meteo.cat\/wpweb\/wp-json\/wp\/v2\/types\/page"}],"author":[{"embeddable":true,"href":"https:\/\/www.meteo.cat\/wpweb\/wp-json\/wp\/v2\/users\/7"}],"replies":[{"embeddable":true,"href":"https:\/\/www.meteo.cat\/wpweb\/wp-json\/wp\/v2\/comments?post=1353"}],"version-history":[{"count":19,"href":"https:\/\/www.meteo.cat\/wpweb\/wp-json\/wp\/v2\/pages\/1353\/revisions"}],"predecessor-version":[{"id":34068,"href":"https:\/\/www.meteo.cat\/wpweb\/wp-json\/wp\/v2\/pages\/1353\/revisions\/34068"}],"up":[{"embeddable":true,"href":"https:\/\/www.meteo.cat\/wpweb\/wp-json\/wp\/v2\/pages\/18384"}],"wp:attachment":[{"href":"https:\/\/www.meteo.cat\/wpweb\/wp-json\/wp\/v2\/media?parent=1353"}],"curies":[{"name":"wp","href":"https:\/\/api.w.org\/{rel}","templated":true}]}}