{"id":1348,"date":"2014-11-20T12:26:29","date_gmt":"2014-11-20T12:26:29","guid":{"rendered":"http:\/\/\/wpweb\/?page_id=1348"},"modified":"2022-04-21T11:03:28","modified_gmt":"2022-04-21T11:03:28","slug":"arc-de-sant-marti","status":"publish","type":"page","link":"https:\/\/www.meteo.cat\/wpweb\/divulgacio\/equipaments-meteorologics\/observadors-meteorologics\/manual-de-lobservador\/fenomens-optics\/arc-de-sant-marti\/","title":{"rendered":"Arc de Sant Mart\u00ed"},"content":{"rendered":"\n<h2>Definici\u00f3:<\/h2>\n\n\n\n<p>Arc acolorit que es veu sobretot durant els <strong>ruixats <\/strong>a qualsevol \u00e8poca de l\u2019any i a la banda oposada al Sol, quan plou i fa sol al mateix temps. Els colors van des del violeta a l\u2019interior (amb un radi de 40\u00ba) al vermell a l\u2019exterior, amb un radi de 42\u00ba.<\/p>\n\n\n\n<p>A m\u00e9s a m\u00e9s d\u2019aquest arc denominat principal, de vegades n\u2019apareix un altre per sobre, de coloraci\u00f3 menys intensa i amb l\u2019ordre de colors invers: el vermell a l\u2019interior t\u00e9 un radi de 50\u00ba i el violeta, a l\u2019exterior, el t\u00e9 de 54\u00ba.<\/p>\n\n\n\n<p>En algunes ocasions hi pot haver fins i tot un tercer arc, m\u00e9s exterior encara. Tamb\u00e9 es poden veure bandes lluminoses <strong>(arcs supernumeraris)<\/strong>, de colors alterns violeta i verd, en aquest cas dins de l\u2019arc principal.<\/p>\n\n\n\n<p>Un cas especial \u00e9s l\u2019arc acrom\u00e0tic, \u00e9s una \u00fanica franja blanca i apareix en dies amb boires.<\/p>\n\n\n\n<div style=\"height:20px\" aria-hidden=\"true\" class=\"wp-block-spacer\"><\/div>\n\n\n\n<h2>Consells per a l\u2019observaci\u00f3:<\/h2>\n\n\n\n<p>La seva forma circular, lluminosa i amb els colors ordenats esglaonadament el distingeix de manera un\u00edvoca.<\/p>\n\n\n\n<p>De vegades s\u2019observa fragmentat.<\/p>\n\n\n\n<p>S\u2019observa mirant una cortina de pluja quan el Sol llueix i ho fa en la banda oposada de la precipitaci\u00f3 a l\u2019horitz\u00f3. Excepcionalment tamb\u00e9 es pot apreciar el fenomen amb llum de lluna.<\/p>\n\n\n\n<p>No \u00e9s visible en pres\u00e8ncia de cirrus.<\/p>\n\n\n\n<div style=\"height:20px\" aria-hidden=\"true\" class=\"wp-block-spacer\"><\/div>\n\n\n\n<h2>Per saber-ne m\u00e9s<\/h2>\n\n\n\n<p>L\u2019arc de Sant Mart\u00ed \u00e9s en realitat una circumfer\u00e8ncia completa, tanmateix, des de terra tan sols es pot veure un arc m\u00e9s o menys ample en funci\u00f3 de la posici\u00f3 del Sol sobre l\u2019horitz\u00f3. Com que el centre de l\u2019arc \u00e9s al punt oposat del Sol a l\u2019horitz\u00f3, ser\u00e0 m\u00e9s ample com m\u00e9s proper es trobi el Sol a l\u2019horitz\u00f3.<\/p>\n\n\n\n<p>Totes les gotes que es trobin en una direcci\u00f3 inclinada de 42\u00b0 sobre la recta que passa pel Sol i el cap de l\u2019observador apareixen de color vermell, les que es trobin en una inclinaci\u00f3 m\u00e9s gran es veuran taronges, grogues\u2026. Les que es trobin en una direcci\u00f3 massa inclinada o massa poc respecte d\u2019aquesta l\u00ednia no es veuran. Per tal que el fenomen es produeixi, hi ha d\u2019haver gotes en la direcci\u00f3 indicada i que hi hagi rajos solars.<\/p>\n\n\n\n<p>Es forma a conseq\u00fc\u00e8ncia de la refracci\u00f3 i reflexi\u00f3 de la llum solar en les gotes d\u2019aigua que actuen com a prismes. La llum procedent del Sol penetra en una gota d\u2019aigua, ho fa refractant-se i dispersant-se, es reflecteix en el fons de la gota i torna a sortir refractant-se de nou i dispersant-se encara m\u00e9s; \u00e9s a dir, d\u2019un raig \u00fanic que rep, la gota retorna un feix de raigs acolorits.<\/p>\n\n\n\n<p>Per entendre el proc\u00e9s de formaci\u00f3 de l\u2019arc de Sant Mart\u00ed i l\u2019exist\u00e8ncia dels arcs suplementaris s\u2019han de tenir presents els fen\u00f2mens de difracci\u00f3 de la llum.<\/p>\n\n\n\n<div style=\"height:20px\" aria-hidden=\"true\" class=\"wp-block-spacer\"><\/div>\n\n\n\n<h2 class=\"FW_hrSeparador\">Fotografies<\/h2>\n\n\n\n<div class=\"wp-block-image\"><figure class=\"aligncenter\"><img loading=\"lazy\" width=\"300\" height=\"200\" src=\"https:\/\/static-m.meteo.cat\/wordpressweb\/wp-content\/uploads\/2014\/11\/21084115\/BIG_396255615022712_00-300x200.jpg\" alt=\"(obre imatge gran)\" class=\"wp-image-2924\"\/><figcaption>Fen\u00f2mens \u00f2ptics Arc de Sant Mart\u00ed doble. Autor: Jordi Per\u00f3<\/figcaption><\/figure><\/div>\n\n\n\n<div class=\"wp-block-image\"><figure class=\"aligncenter\"><img loading=\"lazy\" width=\"300\" height=\"225\" src=\"https:\/\/static-m.meteo.cat\/wordpressweb\/wp-content\/uploads\/2014\/11\/21084115\/BIG_959255615022712_00-300x225.jpg\" alt=\"(obre imatge gran)\" class=\"wp-image-2925\"\/><figcaption>Fen\u00f2mens \u00f2ptics Arc de Sant Mart\u00ed doble. Autor: Albert Fajula<\/figcaption><\/figure><\/div>\n","protected":false},"excerpt":{"rendered":"<p>Definici\u00f3: Arc acolorit que es veu sobretot durant els ruixats a qualsevol \u00e8poca de l\u2019any i a la banda oposada al Sol, quan plou i fa sol al mateix temps. Els colors van des del violeta a l\u2019interior (amb un radi de 40\u00ba) al vermell a l\u2019exterior, amb un radi de 42\u00ba. A m\u00e9s a [&hellip;]<\/p>\n","protected":false},"author":4,"featured_media":0,"parent":1207,"menu_order":1,"comment_status":"closed","ping_status":"open","template":"template-sidebar.php","meta":{"_mi_skip_tracking":false,"_monsterinsights_sitenote_active":false,"_monsterinsights_sitenote_note":"","_monsterinsights_sitenote_category":0},"_links":{"self":[{"href":"https:\/\/www.meteo.cat\/wpweb\/wp-json\/wp\/v2\/pages\/1348"}],"collection":[{"href":"https:\/\/www.meteo.cat\/wpweb\/wp-json\/wp\/v2\/pages"}],"about":[{"href":"https:\/\/www.meteo.cat\/wpweb\/wp-json\/wp\/v2\/types\/page"}],"author":[{"embeddable":true,"href":"https:\/\/www.meteo.cat\/wpweb\/wp-json\/wp\/v2\/users\/4"}],"replies":[{"embeddable":true,"href":"https:\/\/www.meteo.cat\/wpweb\/wp-json\/wp\/v2\/comments?post=1348"}],"version-history":[{"count":18,"href":"https:\/\/www.meteo.cat\/wpweb\/wp-json\/wp\/v2\/pages\/1348\/revisions"}],"predecessor-version":[{"id":34201,"href":"https:\/\/www.meteo.cat\/wpweb\/wp-json\/wp\/v2\/pages\/1348\/revisions\/34201"}],"up":[{"embeddable":true,"href":"https:\/\/www.meteo.cat\/wpweb\/wp-json\/wp\/v2\/pages\/1207"}],"wp:attachment":[{"href":"https:\/\/www.meteo.cat\/wpweb\/wp-json\/wp\/v2\/media?parent=1348"}],"curies":[{"name":"wp","href":"https:\/\/api.w.org\/{rel}","templated":true}]}}