{"id":1336,"date":"2014-02-06T14:22:39","date_gmt":"2014-02-06T13:22:39","guid":{"rendered":"http:\/\/10.116.16.72\/test\/?p=1336"},"modified":"2022-09-01T10:55:12","modified_gmt":"2022-09-01T10:55:12","slug":"valoracio-de-lepisodi-de-neu-vent-al-pirineu-del-24-25-de-gener-de-2014","status":"publish","type":"page","link":"https:\/\/www.meteo.cat\/wpweb\/divulgacio\/publicacions\/miscellania\/valoracio-de-lepisodi-de-neu-vent-al-pirineu-del-24-25-de-gener-de-2014\/","title":{"rendered":"Valoraci\u00f3 de l&#8217;episodi de neu i vent al Pirineu del 24 i 25 de gener de 2014"},"content":{"rendered":"\n<p><strong> PUBLICADA EL 06\/02\/2014<\/strong><\/p>\n\n\n\n<p>Dies enrera la predicci\u00f3 feta mitjan\u00e7ant els models meteorol\u00f2gics del Servei Meteorol\u00f2gic de Catalunya (SMC) indicava una gran quantitat de precipitaci\u00f3 per aquests dos dies a causa d\u2019una important advecci\u00f3 del nord-oest, amb una cota de neu que havia d\u2019anar pujant. Es va preveure que havia de comen\u00e7ar nevant a totes les cotes i progressivament la nevada acabaria a les zones m\u00e9s elevades. A m\u00e9s es va subratllar que el gruix m\u00e9s gran de neu cauria a les cotes altes del vessant nord del Pirineu, i aix\u00ed es va reflectir en la predicci\u00f3. Segons els avisos de Situaci\u00f3 Meteorol\u00f2gica de Perill (SMP), hi havia una probabilitat alta d\u2019acumulacions de m\u00e9s de 5 cm per sobre de 600 m, m\u00e9s de 10 cm per sobre de 900 m, m\u00e9s de 20 cm per sobre de 1400 m i m\u00e9s de 50 cm per sobre de 2200 m. Amb probabilitat baixa es van preveure gruixos de m\u00e9s de 20 cm per sobre de 600 m, m\u00e9s 30 cm per sobre dels 900 m i m\u00e9s de 50 cm per sobre dels 1200 m.<\/p>\n\n\n\n<p>A causa de la pujada de cota de neu i preveient que continuaria precipitant, es va fer un av\u00eds d\u2019SMP amb probabilitat baixa d\u2019acumulacions locals m\u00e9s de 100 mm de pluja a la zona del vessant nord del Pirineu.<\/p>\n\n\n\n<p>Pel qu\u00e8 fa al vent, els models meteorol\u00f2gics indicaven un enfortiment del vent a les cotes altes del Pirineu. Es van preveure amb probabilitat alta ratxes de m\u00e9s de 90 km\/h a les zones elevades del Pirineu i del Prepirineu, i amb probabilitat baixa de m\u00e9s de 125 km\/h. Es va advertir que es podria produir el fenomen del torb.<\/p>\n\n\n\n<p>Segons la LLEI&nbsp;15\/2001, de 14 de novembre de&nbsp;meteorologia (article 4), el Servei Meteorol\u00f2gic de Catalunya (SMC) t\u00e9 la seg\u00fcent funci\u00f3, entre d\u2019altres:<\/p>\n\n\n\n<p><i>i)&nbsp;Pronosticar, vigilar i fer el seguiment de les situacions meteorol\u00f2giques de risc (actualment Situaci\u00f3 Meteorol\u00f2gica de Perill, SMP), coordinadament amb el Centre d\u2019Emerg\u00e8ncies de Catalunya (CECAT), amb vista a millorar l\u2019efic\u00e0cia de les actuacions pertinents i a assegurar-ne la comunicaci\u00f3 als usuaris que en poden resultar afectats, per mitj\u00e0 del sistema d\u2019avisos que sigui determinat per via reglament\u00e0ria.<\/i><\/p>\n\n\n\n<p>L\u2019objectiu d\u2019aquesta tasca \u00e9s ajudar en la coordinaci\u00f3 de les emerg\u00e8ncies meteorol\u00f2giques per tal de minimitzar els possibles efectes negatius produ\u00efts per la meteorologia adversa.<\/p>\n\n\n\n<p>Aquesta Llei atorga la responsabilitat d\u2019elaborar i emetre els avisos meteorol\u00f2gics al Servei Meteorol\u00f2gic de Catalunya, i des de fa m\u00e9s d\u2019una d\u00e8cada n\u2019\u00e9s la instituci\u00f3 encarregada.<\/p>\n\n\n\n<p>Els avisos d\u2019SMP van adre\u00e7ats a:<\/p>\n\n\n\n<p>&#8211; Protecci\u00f3 Civil, per tal que activin les diferents fases dels Plans d\u2019Emerg\u00e8ncies.<\/p>\n\n\n\n<p>&#8211; A tota la poblaci\u00f3, especialment a aquelles persones que han de prendre decisions en funci\u00f3 d\u2019una possible meteorologia adversa, per tal que s\u2019activin els sistemes d\u2019alerta i emerg\u00e8ncia corresponents. Els avisos d\u2019SMP tamb\u00e9 son difosos a trav\u00e9s de la web de <a href=\"https:\/\/www.meteo.cat\/\">meteo.cat<\/a> i dels mitjans de comunicaci\u00f3, ja que aix\u00ed arriben a tots els racons de Catalunya.<\/p>\n\n\n\n<p>Arran l\u2019episodi previst pel 24 i 25 de gener de 2014, el Servei Meteorol\u00f2gic de Catalunya va emetre avisos de SMP per neu, vent i acumulaci\u00f3 de pluja que, com \u00e9s habitual, van permetre a Protecci\u00f3 Civil activar els Plans d\u2019Emerg\u00e8ncies corresponents, segons els protocols establerts.<\/p>\n\n\n\n<h2><strong>I qu\u00e8 va passar realment?<\/strong><\/h2>\n\n\n\n<p>Al llarg de l\u2019episodi es va produir un augment important de la cota de neu. Divendres la nevada va afectar bona part de la Val d\u2019Aran, amb una cota d\u2019uns 800 metres. Posteriorment, un front c\u00e0lid que va lliscar pel Pirineu a partir de divendres a la tarda va provocar una intensificaci\u00f3 i major extensi\u00f3 de la precipitaci\u00f3, que llavors va afectar tota la serralada, aix\u00ed com un augment de la cota de neu, que dissabte el mat\u00ed es va situar entre els 1.800 i els 2.200 metres.<\/p>\n\n\n\n<p>Va ser durant el pas del front c\u00e0lid quan la precipitaci\u00f3 va ser m\u00e9s extensa i abundant, amb registres que al llarg de divendres van superar els 50 mm a la Val d\u2019Aran i al nord de l\u2019Alta Ribagor\u00e7a i del Pallars Sobir\u00e0.<\/p>\n\n\n\n<p>Dissabte la precipitaci\u00f3 va continuar afectant especialment el vessant nord del Pirineu, fent-se m\u00e9s d\u00e8bil i intermitent amb el pas de les hores, i amb una cota de neu d\u2019uns 1.800 o 2.000 metres.<\/p>\n\n\n\n<p>La taula seg\u00fcent mostra els principals gruixos de neu nova enregistrats per les estacions d\u2019alta muntanya de la XEMA (Xarxa d\u2019Estacions Meteorol\u00f2giques Autom\u00e0tiques) i els observadors de la XOM (Xarxa d\u2019Observadors Meteorol\u00f2gics) entre dijous i dissabte. El fort vent que va bufar a les cotes altes del Pirineu va impedir que el gruix de neu fos m\u00e9s important o b\u00e9 va provocar sobreacumulacions, segons la zona:<\/p>\n\n\n\n<div class=\"wp-block-image\"><figure class=\"aligncenter\"><img src=\"http:\/\/farm3.staticflickr.com\/2867\/12343191534_62ea541bb0.jpg\" alt=\"\"\/><\/figure><\/div>\n\n\n\n<p>A les cotes m\u00e9s baixes el gruix de neu m\u00e0xim es va assolir divendres al mat\u00ed, ja que a partir de llavors la pluja va provocar una r\u00e0pida fusi\u00f3 de la neu caiguda.<\/p>\n\n\n\n<p>A banda del gruix de neu, cal subratllar la gran quantitat de precipitaci\u00f3 caiguda al llarg de l\u2019episodi a la Val d\u2019Aran i a les \u00e0rees pr\u00f2ximes. Entre dijous i dissabte es van enregistrar fins a 84,3 mm a Vielha, dels quals 63,8 mm van caure en 24 hores al llarg del divendres 24. No \u00e9s habitual que a l\u2019hivern es produeixin precipitacions tan abundants en aquest sector del pa\u00eds. L\u2019EMA de Vielha e Mijaran, instal\u00b7lada fa pr\u00e0cticament 18 anys, no havia enregistrat mai una precipitaci\u00f3 tan abundant en 24 hores en un mes hivernal (desembre, gener o febrer). Fins ara, el dia m\u00e9s pluj\u00f3s de la s\u00e8rie de l\u2019estaci\u00f3 en aquesta \u00e8poca de l\u2019any era el 18 de desembre de 1997, quan van caure 57,0 mm.<\/p>\n\n\n\n<p>M\u00e9s enll\u00e0 de la precipitaci\u00f3, l\u2019episodi va estar marcat pel fort vent de mestral, que va bufar amb ratxes superiors als 100 km\/h a les cotes altes del Pirineu, i es va arribar a un cop m\u00e0xim de vent de 150.5 km\/h a Bo\u00ed (cota 2535 m).<\/p>\n\n\n\n<p>En definitiva, l\u2019episodi meteorol\u00f2gic de neu va estar ben predit pel qu\u00e8 fa a les cotes mitjanes i altes del Pirineu, fent incid\u00e8ncia que els gruixos m\u00e9s importants es produirien al vessant nord del Pirineu i al nord de la resta de comarques avisades. La predicci\u00f3 dels gruixos de les cotes baixes va ser sobrevalorada, a causa que la cota de neu va pujar abans del qu\u00e8 estava previst i no va donar prou temps a que s\u2019acumul\u00e9s precipitaci\u00f3 en forma de neu.<\/p>\n\n\n\n<p>L\u2019episodi meteorol\u00f2gic de vent va estar ben predit, ja que les ratxes m\u00e0ximes van superar el llindar d\u2019av\u00eds i a les cotes altes, tal com s\u2019havia indicat.<\/p>\n\n\n\n<p>En aquest episodi de neu i vent es van produir nombroses incid\u00e8ncies relacionades amb la meteorologia, com talls de carreteres, tancament d\u2019algunes pistes d\u2019esqu\u00ed i allaus.<\/p>\n\n\n\n<p>El Servei Meteorol\u00f2gic de Catalunya, a banda d\u2019elaborar la predicci\u00f3 general, t\u00e9 la responsabilitat per llei d\u2019assessorar Protecci\u00f3 Civil en mat\u00e8ria de meteorologia, amb l\u2019objectiu d\u2019intentar minimitzar els costos econ\u00f2mics i humans produ\u00efts per la meteorologia adversa. Per tant, quan es preveu amb una certa probabilitat la superaci\u00f3 d\u2019algun o alguns dels llindars meteorol\u00f2gics, l\u2019obligaci\u00f3 de l\u2019SMC \u00e9s la &nbsp;d\u2019emetre un av\u00eds de SMP amb la m\u00e0xima antelaci\u00f3 i precisi\u00f3 possible mitjan\u00e7ant els recursos t\u00e8cnics i humans de qu\u00e8 disposa.<\/p>\n\n\n\n<p class=\"icon-link-arrow\"><a href=\"https:\/\/www.meteo.cat\/wpweb\/divulgacio\/la-prediccio-meteorologica\/situacio-meteorologica-de-perill\/\">M\u00e9s informaci\u00f3 sobre les Situacions Meteorol\u00f2giques de Perill.<\/a><\/p>\n","protected":false},"excerpt":{"rendered":"<p>PUBLICADA EL 06\/02\/2014 Dies enrera la predicci\u00f3 feta mitjan\u00e7ant els models meteorol\u00f2gics del Servei Meteorol\u00f2gic de Catalunya (SMC) indicava una gran quantitat de precipitaci\u00f3 per aquests dos dies a causa d\u2019una important advecci\u00f3 del nord-oest, amb una cota de neu que havia d\u2019anar pujant. Es va preveure que havia de comen\u00e7ar nevant a totes les [&hellip;]<\/p>\n","protected":false},"author":2,"featured_media":0,"parent":18378,"menu_order":0,"comment_status":"open","ping_status":"closed","template":"template-sidebar.php","meta":{"_mi_skip_tracking":false,"_monsterinsights_sitenote_active":false,"_monsterinsights_sitenote_note":"","_monsterinsights_sitenote_category":0},"_links":{"self":[{"href":"https:\/\/www.meteo.cat\/wpweb\/wp-json\/wp\/v2\/pages\/1336"}],"collection":[{"href":"https:\/\/www.meteo.cat\/wpweb\/wp-json\/wp\/v2\/pages"}],"about":[{"href":"https:\/\/www.meteo.cat\/wpweb\/wp-json\/wp\/v2\/types\/page"}],"author":[{"embeddable":true,"href":"https:\/\/www.meteo.cat\/wpweb\/wp-json\/wp\/v2\/users\/2"}],"replies":[{"embeddable":true,"href":"https:\/\/www.meteo.cat\/wpweb\/wp-json\/wp\/v2\/comments?post=1336"}],"version-history":[{"count":26,"href":"https:\/\/www.meteo.cat\/wpweb\/wp-json\/wp\/v2\/pages\/1336\/revisions"}],"predecessor-version":[{"id":35277,"href":"https:\/\/www.meteo.cat\/wpweb\/wp-json\/wp\/v2\/pages\/1336\/revisions\/35277"}],"up":[{"embeddable":true,"href":"https:\/\/www.meteo.cat\/wpweb\/wp-json\/wp\/v2\/pages\/18378"}],"wp:attachment":[{"href":"https:\/\/www.meteo.cat\/wpweb\/wp-json\/wp\/v2\/media?parent=1336"}],"curies":[{"name":"wp","href":"https:\/\/api.w.org\/{rel}","templated":true}]}}