{"id":13358,"date":"2017-07-19T09:02:38","date_gmt":"2017-07-19T09:02:38","guid":{"rendered":"https:\/\/www.meteo.cat\/wpweb\/?page_id=13358"},"modified":"2022-11-30T08:22:11","modified_gmt":"2022-11-30T08:22:11","slug":"convenis-de-collaboracio-signats-durant-lany-2017","status":"publish","type":"page","link":"https:\/\/www.meteo.cat\/wpweb\/transparencia-i-bon-govern\/contractacio\/convenis-de-collaboracio-signats-durant-lany-2017\/","title":{"rendered":"Convenis de col\u00b7laboraci\u00f3 signats durant l&#8217;any 2017"},"content":{"rendered":"\n<p>Detall dels convenis:<\/p>\n\n\n\n<figure class=\"wp-block-table sortable\"><table><tbody><tr><th>N\u00fam. Conveni<\/th><th>Objecte<\/th><th>Data<\/th><th>Beneficiari<\/th><th>Import<\/th><\/tr><tr><td>CO.01\/17<\/td><td><a href=\"https:\/\/static-m.meteo.cat\/wordpressweb\/wp-content\/uploads\/2017\/07\/19085458\/CO0117-Observatori-Ebre.pdf\">Addenda 2017 Observatori de l&#8217;Ebre<\/a><\/td><td>01\/12\/2016<\/td><td>Universitat Ramon Llull-Fundaci\u00f3 Observatori de l&#8217;Ebre<\/td><td>25.000,00<\/td><\/tr><tr><td>CO.02\/17<\/td><td><a href=\"https:\/\/static-m.meteo.cat\/wordpressweb\/wp-content\/uploads\/2017\/07\/19085522\/CO0217-UAB.pdf\">Addenda 2017 Xarxa Aerobiol\u00f2gica<\/a><\/td><td>01\/12\/2016<\/td><td>Universitat Aut\u00f2noma de Barcelona<\/td><td>15.000,00<\/td><\/tr><tr><td>CO.03\/17<\/td><td><a href=\"https:\/\/static-m.meteo.cat\/wordpressweb\/wp-content\/uploads\/2017\/07\/19091507\/CO0317-UPC-llamps.pdf\">Recerca en l&#8217;\u00e0mbit de l&#8217;electricitat atmosf\u00e8rica<\/a><\/td><td>01\/12\/2016<\/td><td>Universitat Polit\u00e8cnica de Catalunya<\/td><td>15.000,00<\/td><\/tr><tr><td>CO.04\/17<\/td><td><a href=\"https:\/\/static-m.meteo.cat\/wordpressweb\/wp-content\/uploads\/2017\/07\/19085620\/CO0417-Ferrocarrils-de-Generalitat-de-Catalunya.pdf\">Subministrament dades estacions esqui<\/a><\/td><td>28\/12\/2016<\/td><td>Ferrocarrils de la Generalitat de Catalunya<\/td><td>4.000,00<\/td><\/tr><tr><td>CO.05\/17<\/td><td><a href=\"https:\/\/static-m.meteo.cat\/wordpressweb\/wp-content\/uploads\/2017\/07\/19085651\/CO0517-Federaci%C3%B3-A%C3%A8ria-Catalana.pdf\">Subministrament informaci\u00f3 meteorol\u00f2gica<\/a><\/td><td>26\/01\/2017<\/td><td>Federaci\u00f3 A\u00e8ria Catalana<\/td><td>0,00<\/td><\/tr><tr><td>CO.06\/17<\/td><td><a href=\"https:\/\/static-m.meteo.cat\/wordpressweb\/wp-content\/uploads\/2017\/07\/19085750\/CO0617-Ajuntament-de-mont-roi-del-camp.pdf\">Suport i manteniment EMA<\/a><\/td><td>15\/01\/2017<\/td><td>Ajuntament de Mont-Roig del Camp<\/td><td>1.000,00<\/td><\/tr><tr><td>CO.07\/17<\/td><td><a href=\"https:\/\/static-m.meteo.cat\/wordpressweb\/wp-content\/uploads\/2017\/07\/19085840\/CO0717-Diputacio-Lleida-i-Girona-calamarsa.pdf\">Millora del coneixement en temps real de les tempestes de pedra i calamarsa<\/a><\/td><td>08\/03\/2017<\/td><td>Diputaci\u00f3 de Girona i Diputaci\u00f3 de Lleida<\/td><td>30.000,00<\/td><\/tr><tr><td>CO.08\/17<\/td><td>Participaci\u00f3 en el Projecte Futur<\/td><td>07\/03\/2017<\/td><td>Fundaci\u00f3 Jesu\u00eftes Educaci\u00f3<\/td><td>0,00<\/td><\/tr><tr><td>CO.09\/17<\/td><td><a href=\"https:\/\/static-m.meteo.cat\/wordpressweb\/wp-content\/uploads\/2017\/07\/19085934\/CO0917-CTBarcelona-God%C3%B3.pdf\">Suport meteorol\u00f2gic Open Banc Sabadell Trofeu God\u00f3<\/a><\/td><td>25\/04\/2017<\/td><td>Reial Club Tennis Barcelona<\/td><td>0,00<\/td><\/tr><tr><td>CO.10\/17<\/td><td><a href=\"https:\/\/static-m.meteo.cat\/wordpressweb\/wp-content\/uploads\/2017\/07\/19085959\/CO1017-ADV-Terres-Ponent-i-U-Leon.pdf\">Addenda 2017 gesti\u00f3 i manteniment de la xarxa de gran\u00edmetres de Lleida<\/a><\/td><td>06\/03\/2017<\/td><td>Universidad de Leon i ADV Terres de Ponent<\/td><td>25.000,00<\/td><\/tr><tr><td>CO.11\/17<\/td><td><a href=\"https:\/\/static-m.meteo.cat\/wordpressweb\/wp-content\/uploads\/2017\/07\/19090032\/CO1117-TES-Fires-i-salons.pdf\">Participaci\u00f3 a fires i salons<\/a><\/td><td>20\/02\/2017<\/td><td>TES, INCASOL, FGC, IFERCAT, Ports, CIMALSA, Aeroports, TABASA, ACR, Habitatge, ATLL<\/td><td>18.000,00<\/td><\/tr><tr><td>CO.12\/17<\/td><td><a href=\"https:\/\/static-m.meteo.cat\/wordpressweb\/wp-content\/uploads\/2017\/07\/19090100\/CO1217-IRTA.pdf\">Desenvolupament de projectes i actuacions en l&#8217;\u00e0mbit de la millora del coneixement de la influ\u00e8ncia del clima en el sector agroalimentari<\/a><\/td><td>16\/06\/2017<\/td><td>Institut de Recerca i Tecnologia Agroaliment\u00e0ries<\/td><td>0,00<\/td><\/tr><tr><td>CO.13\/17<\/td><td><a href=\"https:\/\/static-m.meteo.cat\/wordpressweb\/wp-content\/uploads\/2017\/07\/19090123\/CO1317-Marnathon.pdf\">Suport esdeveniments esportius<\/a><\/td><td>30\/06\/2017<\/td><td>Marnaton<\/td><td>0,00<\/td><\/tr><tr><td>CO.14\/17<\/td><td><a href=\"https:\/\/static-m.meteo.cat\/wordpressweb\/wp-content\/uploads\/2017\/07\/19090146\/CO1417-FGC-Vallter.pdf\">Subministrament informaci\u00f3 meteorol\u00f2gica<\/a><\/td><td>02\/01\/2017<\/td><td>Vallter SA<\/td><td>1.000,00<\/td><\/tr><tr><td>CO.15\/17<\/td><td><a href=\"https:\/\/static-m.meteo.cat\/wordpressweb\/wp-content\/uploads\/2017\/07\/19090209\/CO1517-ESCRBCC.pdf\">Pr\u00e0ctiques d&#8217;alumnes al SMC<\/a><\/td><td>08\/06\/2017<\/td><td>Escola Superior de Conservaci\u00f3 i Restauraci\u00f3 de B\u00e9ns Culturals de Catalunya<\/td><td>0,00<\/td><\/tr><\/tbody><\/table><\/figure>\n","protected":false},"excerpt":{"rendered":"<p>Detall dels convenis: N\u00fam. Conveni Objecte Data Beneficiari Import CO.01\/17 Addenda 2017 Observatori de l&#8217;Ebre 01\/12\/2016 Universitat Ramon Llull-Fundaci\u00f3 Observatori de l&#8217;Ebre 25.000,00 CO.02\/17 Addenda 2017 Xarxa Aerobiol\u00f2gica 01\/12\/2016 Universitat Aut\u00f2noma de Barcelona 15.000,00 CO.03\/17 Recerca en l&#8217;\u00e0mbit de l&#8217;electricitat atmosf\u00e8rica 01\/12\/2016 Universitat Polit\u00e8cnica de Catalunya 15.000,00 CO.04\/17 Subministrament dades estacions esqui 28\/12\/2016 Ferrocarrils de [&hellip;]<\/p>\n","protected":false},"author":2,"featured_media":0,"parent":8662,"menu_order":3,"comment_status":"closed","ping_status":"closed","template":"template-sidebar.php","meta":{"_mi_skip_tracking":false,"_monsterinsights_sitenote_active":false,"_monsterinsights_sitenote_note":"","_monsterinsights_sitenote_category":0},"_links":{"self":[{"href":"https:\/\/www.meteo.cat\/wpweb\/wp-json\/wp\/v2\/pages\/13358"}],"collection":[{"href":"https:\/\/www.meteo.cat\/wpweb\/wp-json\/wp\/v2\/pages"}],"about":[{"href":"https:\/\/www.meteo.cat\/wpweb\/wp-json\/wp\/v2\/types\/page"}],"author":[{"embeddable":true,"href":"https:\/\/www.meteo.cat\/wpweb\/wp-json\/wp\/v2\/users\/2"}],"replies":[{"embeddable":true,"href":"https:\/\/www.meteo.cat\/wpweb\/wp-json\/wp\/v2\/comments?post=13358"}],"version-history":[{"count":10,"href":"https:\/\/www.meteo.cat\/wpweb\/wp-json\/wp\/v2\/pages\/13358\/revisions"}],"predecessor-version":[{"id":36312,"href":"https:\/\/www.meteo.cat\/wpweb\/wp-json\/wp\/v2\/pages\/13358\/revisions\/36312"}],"up":[{"embeddable":true,"href":"https:\/\/www.meteo.cat\/wpweb\/wp-json\/wp\/v2\/pages\/8662"}],"wp:attachment":[{"href":"https:\/\/www.meteo.cat\/wpweb\/wp-json\/wp\/v2\/media?parent=13358"}],"curies":[{"name":"wp","href":"https:\/\/api.w.org\/{rel}","templated":true}]}}