{"id":13332,"date":"2017-07-19T07:37:29","date_gmt":"2017-07-19T07:37:29","guid":{"rendered":"https:\/\/www.meteo.cat\/wpweb\/?page_id=13332"},"modified":"2022-11-30T08:22:19","modified_gmt":"2022-11-30T08:22:19","slug":"convenis-de-collaboracio-signats-durant-lany-2016","status":"publish","type":"page","link":"https:\/\/www.meteo.cat\/wpweb\/transparencia-i-bon-govern\/contractacio\/convenis-de-collaboracio-signats-durant-lany-2016\/","title":{"rendered":"Convenis de col\u00b7laboraci\u00f3 signats durant l&#8217;any 2016"},"content":{"rendered":"\n<p>Detall dels convenis:<\/p>\n\n\n\n<figure class=\"wp-block-table sortable\"><table><tbody><tr><th>N\u00fam. Conveni<\/th><th>Objecte<\/th><th>Data<\/th><th>Beneficiari<\/th><th>Import<\/th><\/tr><tr><td>CO.01\/16<\/td><td><a href=\"https:\/\/static-m.meteo.cat\/wordpressweb\/wp-content\/uploads\/2017\/07\/19072903\/CO0116.Observatori-de-lEbre1.pdf\">Addenda 2016 Observatori de l&#8217;Ebre<\/a><\/td><td>01\/12\/2015<\/td><td>Universitat Ramon Llull-Fundaci\u00f3 Observatori de l&#8217;Ebre<\/td><td>25.000,00<\/td><\/tr><tr><td>CO.02\/16<\/td><td><a href=\"https:\/\/static-m.meteo.cat\/wordpressweb\/wp-content\/uploads\/2017\/07\/19072931\/CO0216.-UAB-xarxa-aerobiol%C3%B2gica.pdf\">Addenda 2016 Xarxa Aerobiol\u00f2gica&nbsp;<\/a><\/td><td>31\/10\/2015<\/td><td>Universitat Aut\u00f2noma de Barcelona<\/td><td>15.000,00<\/td><\/tr><tr><td>CO.03\/16<\/td><td><a href=\"https:\/\/static-m.meteo.cat\/wordpressweb\/wp-content\/uploads\/2017\/07\/19073002\/CO0316.-EMA-Puigcerd%C3%A0.pdf\">Manteniment EMA&nbsp;<\/a><\/td><td>18\/01\/2016<\/td><td>Ajuntament de Puigcerd\u00e0<\/td><td>1.500,00<\/td><\/tr><tr><td>CO.04\/16<\/td><td><a href=\"https:\/\/static-m.meteo.cat\/wordpressweb\/wp-content\/uploads\/2017\/07\/19073028\/CO0416.-UPC-electricitat.pdf\">Recerca en l&#8217;\u00e0mbit de l&#8217;electricitat atmosf\u00e8rica<\/a><\/td><td>18\/01\/2016<\/td><td>Universitat Polit\u00e8cnica de Catalunya<\/td><td>15.000,00<\/td><\/tr><tr><td>CO.05\/16<\/td><td><a href=\"https:\/\/static-m.meteo.cat\/wordpressweb\/wp-content\/uploads\/2017\/07\/19073055\/CO0516.-Diputaci%C3%B3-Barcelona-Estacions.pdf\">Addenda 2016 integraci\u00f3 EMA<\/a><\/td><td>11\/01\/2016<\/td><td>Diputaci\u00f3 de Barcelona<\/td><td>14.125,00<\/td><\/tr><tr><td>CO.06\/16<\/td><td><a href=\"https:\/\/static-m.meteo.cat\/wordpressweb\/wp-content\/uploads\/2017\/07\/19073124\/CO0616.-TES-Fires-i-salons.pdf\">Participaci\u00f3 a fires i salons<\/a><\/td><td>12\/01\/2016<\/td><td>TES, INCASOL, FGC, IFERCAT, Ports, CIMALSA, Aeroports, TABASA, ACR, Habitatge, ATLL<\/td><td>18.000,00<\/td><\/tr><tr><td>CO.07\/16<\/td><td><a href=\"https:\/\/static-m.meteo.cat\/wordpressweb\/wp-content\/uploads\/2017\/07\/19073152\/CO0716.-HYDS.pdf\">Explotaci\u00f3 de sistemes de vigil\u00e0ncia i alertes de pluges intenses basats en informacions radar<\/a><\/td><td>28\/04\/2016<\/td><td>Hydrometeorological Innovative Solutions SL<\/td><td>0,00<\/td><\/tr><tr><td>CO.08\/16<\/td><td><a href=\"https:\/\/static-m.meteo.cat\/wordpressweb\/wp-content\/uploads\/2017\/07\/19073219\/CO0816.-ADV-Terres-de-Ponent-ULeon.pdf\">Addenda 2016 gesti\u00f3 i manteniment de la xarxa de gran\u00edmetres de Lleida<\/a><\/td><td>02\/03\/2016<\/td><td>Universidad de Leon i ADV Terres de Ponent<\/td><td>25.000,00<\/td><\/tr><tr><td>CO.09\/16<\/td><td><a href=\"https:\/\/static-m.meteo.cat\/wordpressweb\/wp-content\/uploads\/2017\/07\/19073250\/CO0916.-FCBarcelona.pdf\">Difusi\u00f3 de la informaci\u00f3 meteorol\u00f2gica<\/a><\/td><td>17\/06\/2016<\/td><td>FCBarcelona<\/td><td>0,00<\/td><\/tr><tr><td>CO.10\/16<\/td><td><a href=\"https:\/\/static-m.meteo.cat\/wordpressweb\/wp-content\/uploads\/2017\/07\/19073330\/CO1016.-TICCC.pdf\">Edici\u00f3 i difusi\u00f3 de Tercer Informe sobre el Canvi Clim\u00e0tic a Catalunya (TICC)<\/a><\/td><td>25\/07\/2016<\/td><td>Fundaci\u00f3 La Caixa, IEC, Dep. Afers Exteriors, Dep. TES<\/td><td>0,00<\/td><\/tr><tr><td>CO.11\/16<\/td><td><a href=\"https:\/\/static-m.meteo.cat\/wordpressweb\/wp-content\/uploads\/2017\/07\/19073357\/CO1116.-EMA-La-Pobla-de-Segur.pdf\">Suport i manteniment EMA<\/a><\/td><td>02\/08\/2016<\/td><td>Ajuntament de La Pobla de Segur<\/td><td>500,00<\/td><\/tr><tr><td>CO.12\/16<\/td><td><a href=\"https:\/\/static-m.meteo.cat\/wordpressweb\/wp-content\/uploads\/2017\/07\/19073423\/CO1216.-Departament-Ensenyament.pdf\">Informaci\u00f3 meteorol\u00f2gica i educaci\u00f3 ambiental<\/a><\/td><td>15\/09\/2016<\/td><td>Departament d&#8217;Ensenyament<\/td><td>0,00<\/td><\/tr><tr><td>CO.13\/16<\/td><td><a href=\"https:\/\/static-m.meteo.cat\/wordpressweb\/wp-content\/uploads\/2017\/07\/19073453\/CO1316.-UB-Beques-colaboraci%C3%B3.pdf\">Informaci\u00f3 meteorol\u00f2gica i educaci\u00f3 ambiental<\/a><\/td><td>26\/09\/2016<\/td><td>Universitat de Barcelona<\/td><td>0,00<\/td><\/tr><tr><td>CO.14\/16<\/td><td><a href=\"https:\/\/static-m.meteo.cat\/wordpressweb\/wp-content\/uploads\/2017\/07\/19073521\/CO1416.-UB-cessi%C3%B3-espai-plat%C3%B3-televisi%C3%B3.pdf\">Cessi\u00f3 plat\u00f3 TV Master Climatologia<\/a><\/td><td>18\/10\/2016<\/td><td>Universitat de Barcelona<\/td><td>1.200,00<\/td><\/tr><tr><td>CO.15\/16<\/td><td><a href=\"https:\/\/static-m.meteo.cat\/wordpressweb\/wp-content\/uploads\/2017\/07\/19073548\/CO1516.-FEEC.pdf\">Col\u00b7laboraci\u00f3 meteorologia i seguretat a la muntanya<\/a><\/td><td>28\/11\/2016<\/td><td>Federaci\u00f3 d&#8217;Entitats Excursionistes de Catalunya<\/td><td>0,00<\/td><\/tr><tr><td>CO.16\/16<\/td><td><a href=\"https:\/\/static-m.meteo.cat\/wordpressweb\/wp-content\/uploads\/2017\/07\/19073615\/CO1616.-EMA-Borges-Blanques.pdf\">Suport i manteniment EMA<\/a><\/td><td>27\/10\/2016<\/td><td>Ajuntament de Les Borges Blanques<\/td><td>500,00<\/td><\/tr><tr><td>CO.17\/16<\/td><td><a href=\"https:\/\/static-m.meteo.cat\/wordpressweb\/wp-content\/uploads\/2017\/07\/19073641\/CO1716.-Conselh-Generau-Aran.pdf\">M\u00e0xima coher\u00e8ncia en l&#8217;elaboraci\u00f3 del pron\u00f2stic<\/a><\/td><td>15\/12\/2016<\/td><td>Conselh Generau d&#8217;Aran<\/td><td>100 \u20ac\/v\u00eddeo<\/td><\/tr><\/tbody><\/table><\/figure>\n","protected":false},"excerpt":{"rendered":"<p>Detall dels convenis: N\u00fam. Conveni Objecte Data Beneficiari Import CO.01\/16 Addenda 2016 Observatori de l&#8217;Ebre 01\/12\/2015 Universitat Ramon Llull-Fundaci\u00f3 Observatori de l&#8217;Ebre 25.000,00 CO.02\/16 Addenda 2016 Xarxa Aerobiol\u00f2gica&nbsp; 31\/10\/2015 Universitat Aut\u00f2noma de Barcelona 15.000,00 CO.03\/16 Manteniment EMA&nbsp; 18\/01\/2016 Ajuntament de Puigcerd\u00e0 1.500,00 CO.04\/16 Recerca en l&#8217;\u00e0mbit de l&#8217;electricitat atmosf\u00e8rica 18\/01\/2016 Universitat Polit\u00e8cnica de Catalunya 15.000,00 [&hellip;]<\/p>\n","protected":false},"author":2,"featured_media":0,"parent":8662,"menu_order":4,"comment_status":"closed","ping_status":"closed","template":"template-sidebar.php","meta":{"_mi_skip_tracking":false,"_monsterinsights_sitenote_active":false,"_monsterinsights_sitenote_note":"","_monsterinsights_sitenote_category":0},"_links":{"self":[{"href":"https:\/\/www.meteo.cat\/wpweb\/wp-json\/wp\/v2\/pages\/13332"}],"collection":[{"href":"https:\/\/www.meteo.cat\/wpweb\/wp-json\/wp\/v2\/pages"}],"about":[{"href":"https:\/\/www.meteo.cat\/wpweb\/wp-json\/wp\/v2\/types\/page"}],"author":[{"embeddable":true,"href":"https:\/\/www.meteo.cat\/wpweb\/wp-json\/wp\/v2\/users\/2"}],"replies":[{"embeddable":true,"href":"https:\/\/www.meteo.cat\/wpweb\/wp-json\/wp\/v2\/comments?post=13332"}],"version-history":[{"count":9,"href":"https:\/\/www.meteo.cat\/wpweb\/wp-json\/wp\/v2\/pages\/13332\/revisions"}],"predecessor-version":[{"id":36313,"href":"https:\/\/www.meteo.cat\/wpweb\/wp-json\/wp\/v2\/pages\/13332\/revisions\/36313"}],"up":[{"embeddable":true,"href":"https:\/\/www.meteo.cat\/wpweb\/wp-json\/wp\/v2\/pages\/8662"}],"wp:attachment":[{"href":"https:\/\/www.meteo.cat\/wpweb\/wp-json\/wp\/v2\/media?parent=13332"}],"curies":[{"name":"wp","href":"https:\/\/api.w.org\/{rel}","templated":true}]}}