{"id":1326,"date":"2014-11-20T12:08:33","date_gmt":"2014-11-20T12:08:33","guid":{"rendered":"http:\/\/\/wpweb\/?page_id=1326"},"modified":"2014-11-27T16:35:56","modified_gmt":"2014-11-27T16:35:56","slug":"generes-de-nuvols","status":"publish","type":"page","link":"https:\/\/www.meteo.cat\/wpweb\/divulgacio\/equipaments-meteorologics\/observadors-meteorologics\/manual-de-lobservador\/generes-de-nuvols\/","title":{"rendered":"G\u00e8neres de n\u00favols"},"content":{"rendered":"<ul class=\"parent-page-menu\"><li class=\"page_item page-item-1626\"><a href=\"https:\/\/www.meteo.cat\/wpweb\/divulgacio\/equipaments-meteorologics\/observadors-meteorologics\/manual-de-lobservador\/generes-de-nuvols\/nuvols\/\">N\u00favols<\/a><\/li>\n<li class=\"page_item page-item-1629\"><a href=\"https:\/\/www.meteo.cat\/wpweb\/divulgacio\/equipaments-meteorologics\/observadors-meteorologics\/manual-de-lobservador\/generes-de-nuvols\/ci-cirrus\/\">Ci &#8211; Cirrus<\/a><\/li>\n<li class=\"page_item page-item-1632\"><a href=\"https:\/\/www.meteo.cat\/wpweb\/divulgacio\/equipaments-meteorologics\/observadors-meteorologics\/manual-de-lobservador\/generes-de-nuvols\/cs-cirrostrats\/\">Cs &#8211; Cirroestratus<\/a><\/li>\n<li class=\"page_item page-item-1635\"><a href=\"https:\/\/www.meteo.cat\/wpweb\/divulgacio\/equipaments-meteorologics\/observadors-meteorologics\/manual-de-lobservador\/generes-de-nuvols\/cc-cirrocumuls\/\">Cc -Cirroc\u00famulus<\/a><\/li>\n<li class=\"page_item page-item-1638\"><a href=\"https:\/\/www.meteo.cat\/wpweb\/divulgacio\/equipaments-meteorologics\/observadors-meteorologics\/manual-de-lobservador\/generes-de-nuvols\/altostrats\/\">Altoestratus<\/a><\/li>\n<li class=\"page_item page-item-1641\"><a href=\"https:\/\/www.meteo.cat\/wpweb\/divulgacio\/equipaments-meteorologics\/observadors-meteorologics\/manual-de-lobservador\/generes-de-nuvols\/ac-altocumuls\/\">Ac &#8211; Altoc\u00famulus<\/a><\/li>\n<li class=\"page_item page-item-1644\"><a href=\"https:\/\/www.meteo.cat\/wpweb\/divulgacio\/equipaments-meteorologics\/observadors-meteorologics\/manual-de-lobservador\/generes-de-nuvols\/ns-nimbostrats\/\">Ns &#8211; Nimboestratus<\/a><\/li>\n<li class=\"page_item page-item-1647\"><a href=\"https:\/\/www.meteo.cat\/wpweb\/divulgacio\/equipaments-meteorologics\/observadors-meteorologics\/manual-de-lobservador\/generes-de-nuvols\/cb-cumulonimbus\/\">Cb &#8211; Cumulonimbus<\/a><\/li>\n<li class=\"page_item page-item-1650\"><a href=\"https:\/\/www.meteo.cat\/wpweb\/divulgacio\/equipaments-meteorologics\/observadors-meteorologics\/manual-de-lobservador\/generes-de-nuvols\/cu-cumuls\/\">Cu &#8211; C\u00famulus<\/a><\/li>\n<li class=\"page_item page-item-1653\"><a href=\"https:\/\/www.meteo.cat\/wpweb\/divulgacio\/equipaments-meteorologics\/observadors-meteorologics\/manual-de-lobservador\/generes-de-nuvols\/sc-estratocumuls\/\">Sc &#8211; Estratoc\u00famulus<\/a><\/li>\n<li class=\"page_item page-item-1656\"><a href=\"https:\/\/www.meteo.cat\/wpweb\/divulgacio\/equipaments-meteorologics\/observadors-meteorologics\/manual-de-lobservador\/generes-de-nuvols\/st-estrats\/\">St &#8211; Estratus<\/a><\/li>\n<li class=\"page_item page-item-1659\"><a href=\"https:\/\/www.meteo.cat\/wpweb\/divulgacio\/equipaments-meteorologics\/observadors-meteorologics\/manual-de-lobservador\/generes-de-nuvols\/diferencies-entre-generes-de-nuvols-similars\/\">Difer\u00e8ncies entre g\u00e8neres de n\u00favols similars<\/a><\/li>\n<li class=\"page_item page-item-1662\"><a href=\"https:\/\/www.meteo.cat\/wpweb\/divulgacio\/equipaments-meteorologics\/observadors-meteorologics\/manual-de-lobservador\/generes-de-nuvols\/els-nuvols-especials-i-particularitats-suplementaries-dalguns-generes\/\">Els n\u00favols especials i particularitats suplement\u00e0ries d&#8217;alguns g\u00e8neres<\/a><\/li>\n<\/ul>\n","protected":false},"excerpt":{"rendered":"","protected":false},"author":2,"featured_media":0,"parent":1109,"menu_order":0,"comment_status":"closed","ping_status":"closed","template":"template-sidebar.php","meta":{"_mi_skip_tracking":false,"_monsterinsights_sitenote_active":false,"_monsterinsights_sitenote_note":"","_monsterinsights_sitenote_category":0},"_links":{"self":[{"href":"https:\/\/www.meteo.cat\/wpweb\/wp-json\/wp\/v2\/pages\/1326"}],"collection":[{"href":"https:\/\/www.meteo.cat\/wpweb\/wp-json\/wp\/v2\/pages"}],"about":[{"href":"https:\/\/www.meteo.cat\/wpweb\/wp-json\/wp\/v2\/types\/page"}],"author":[{"embeddable":true,"href":"https:\/\/www.meteo.cat\/wpweb\/wp-json\/wp\/v2\/users\/2"}],"replies":[{"embeddable":true,"href":"https:\/\/www.meteo.cat\/wpweb\/wp-json\/wp\/v2\/comments?post=1326"}],"version-history":[{"count":4,"href":"https:\/\/www.meteo.cat\/wpweb\/wp-json\/wp\/v2\/pages\/1326\/revisions"}],"predecessor-version":[{"id":2106,"href":"https:\/\/www.meteo.cat\/wpweb\/wp-json\/wp\/v2\/pages\/1326\/revisions\/2106"}],"up":[{"embeddable":true,"href":"https:\/\/www.meteo.cat\/wpweb\/wp-json\/wp\/v2\/pages\/1109"}],"wp:attachment":[{"href":"https:\/\/www.meteo.cat\/wpweb\/wp-json\/wp\/v2\/media?parent=1326"}],"curies":[{"name":"wp","href":"https:\/\/api.w.org\/{rel}","templated":true}]}}