{"id":1265,"date":"2014-11-20T12:00:57","date_gmt":"2014-11-20T12:00:57","guid":{"rendered":"http:\/\/\/wpweb\/?page_id=1265"},"modified":"2020-10-29T10:25:11","modified_gmt":"2020-10-29T10:25:11","slug":"precaucions-en-cas-de-tempesta","status":"publish","type":"page","link":"https:\/\/www.meteo.cat\/wpweb\/divulgacio\/equipaments-meteorologics\/llamps-descarregues-electriques\/precaucions-en-cas-de-tempesta\/","title":{"rendered":"Precaucions en cas de tempesta"},"content":{"rendered":"\n<p>A continuaci\u00f3 es presenten un seguit de recomanacions per evitar situacions on hi ha risc de veure\u2019s afectat per la caiguda d\u2019un llamp. Si b\u00e9 podem pensar que aquest risc \u00e9s redu\u00eft, cal tenir present que els m\u00e9s de 65.000 llamps que cauen, de mitjana, cada any a Catalunya no nom\u00e9s causen problemes el\u00e8ctrics, incendis i desperfectes, sin\u00f3 que tamb\u00e9 causen la mort de persones, per impacte directe o proper.\n<\/p>\n\n\n\n<p>Cap guia no pot pretendre aconseguir una seguretat absoluta, per\u00f2 est\u00e0 demostrat que el coneixement del perill del llamp i el fet de seguir una s\u00e8rie de pautes simples de conducta far\u00e0 reduir substancialment el risc que comporta una situaci\u00f3 de tempesta.<\/p>\n\n\n\n<h2>1. Programa les activitats a l\u2019aire lliure en funci\u00f3 del pron\u00f2stic meteorol\u00f2gic<\/h2>\n\n\n\n<p>Est\u00e0s planificant una activitat a l\u2019aire lliure? Has consultat el pron\u00f2stic del temps? Informa\u2019t del pron\u00f2stic i estigues al cas de si hi ha un av\u00eds de situaci\u00f3 meteorol\u00f2gica de perill a la teva zona. Planifica la teva activitat en funci\u00f3 del temps que s\u2019espera i evita exposar-te a una tempesta i al perill que suposen els llamps.<br><\/p>\n\n\n\n<p>Les activitats a l\u2019aire lliure, en espais oberts, s\u00f3n les que m\u00e9s risc tenen quan arriba la tempesta. Per tant, \u00e9s important que mestres, monitors, entrenadors, arbitres, etc. tinguin coneixement del perill del llamp i s\u00e0piguen actuar amb celeritat.<\/p>\n\n\n\n<h2>2. En cas de tempesta, no dubtis ni un instant, busca refugi!<\/h2>\n\n\n\n<p>En sentir tronar o veure llampegar, cal buscar refugi a l\u2019instant. Encara no plou? \u00c9s igual, el risc ja existeix. Tot el temps que es perd a partir del moment en que hi ha amena\u00e7a de tempesta fa augmentar l\u2019exposici\u00f3 al perill.<\/p>\n\n\n\n<p>Quins refugis s\u00f3n segurs?<\/p>\n\n\n\n<ul><li> Vehicles tancats (cotxe, autocar)<\/li><li> Edificis (casa, pis, escola, pavell\u00f3 esportiu tancat, refugi de muntanya)<\/li><li> Tanca les finestres, desconnecta els electrodom\u00e8stics i apaga la llar de foc!<\/li><li>No s\u00f3n segurs:<\/li><li> Vehicles oberts (bici, barca, tractor)<\/li><li> Estructures obertes (glorieta, parada de bus)<\/li><li> Tenda de c\u00e0mping, piscina<\/li><li> Arbres a\u00efllats. El bosc no \u00e9s del tot segur per\u00f2 \u00e9s millor opci\u00f3 que a camp obert.<\/li><\/ul>\n\n\n\n<p>En activitats de grup cal establir un responsable del temps, que segueixi la situaci\u00f3 meteorol\u00f2gica i que lideri el grup a l\u2019hora de suspendre l\u2019activitat en curs i buscar refugi en cas de tempesta. Els llamps poden caure lluny de la tempesta, ja sigui fora de l\u2019\u00e0rea de pluja, i fins i tot m\u00e9s enll\u00e0 del n\u00favol de tempesta. Per tant, no podem abandonar el refugi just despr\u00e9s de que passi la pluja, ja que el perill persisteix. Es recomana no deixar el refugi fins 30 min. despr\u00e9s d\u2019haver escoltat l\u2019\u00faltim tro.<\/p>\n\n\n\n<h2>3.Si no pots refugiar-te, evita els llocs m\u00e9s perillosos<\/h2>\n\n\n\n<p>Si no tens temps de refugiar-te i la tempesta et sorpr\u00e8n a l\u2019aire lliure, cal minimitzar l\u2019amena\u00e7a de veure\u2019s afectat pel llamp. Cal evitar els espais oberts, com pistes d\u2019atletisme, platges, parcs, etc. Tamb\u00e9 cal evitar els objectes alts i a\u00efllats, com ara s\u00f3n arbres, fanals o pals de la llum. No et refugi\u00efs mai sota un arbre! Totes les activitats aqu\u00e0tiques s\u00f3n perilloses: surt de la piscina i asseca\u2019t, torna a port, la pesca pot esperar.<br><\/p>\n\n\n\n<p>Si la tempesta et sorpr\u00e8n a la muntanya, cal evitar llocs alts com cims i carenes, per\u00f2 tamb\u00e9 fons de vall on hi poden haver avingudes d\u2019aigua. Quan hi ha signes de la formaci\u00f3 de tempestes, cal girar cua i buscar refugi a cotes m\u00e9s baixes.<\/p>\n\n\n\n<h2>4. Minimitza la teva exposici\u00f3 a l\u2019impacte d\u2019un llamp<\/h2>\n\n\n\n<p>Si malgrat tot et trobes sota la tempesta, encara ets a temps de prendre un seguit de mesures per evitar atraure els llamps. Hi ha una s\u00e8rie d\u2019indicadors que el llamp \u00e9s imminent, com els cabells de punta o un brunzit com el que se sent a sota d\u2019una l\u00ednia d\u2019alta tensi\u00f3.<\/p>\n\n\n\n<p>Si estem en grup, cal que ens dispersem de manera organitzada, sense c\u00f3rrer i evitant situacions de p\u00e0nic. Ens quedarem a una dist\u00e0ncia on conservem contacte visual i verbal. Pot semblar un contrasentit, per\u00f2 si alg\u00fa es veu afectat, la resta del grup el podr\u00e0 soc\u00f3rrer. Cal tenir present que no ens afectar\u00e0 nom\u00e9s un impacte directe, si no que l\u2019impacte del llamp genera uns gradients de voltatge que ens pot afectar fins a 40 metres del punt d\u2019impacte!<br><\/p>\n\n\n\n<p>Cal desfer-se del material met\u00e0l\u2022lic com piolets, bastons, motxilles amb carcassa, etc. i d\u2019objectes que facin d\u2019efecte punta, perqu\u00e8 poden atraure els llamps.<br>La millor postura en cas de perill imminent \u00e9s la que es mostra a continuaci\u00f3. Cal ajupir-se, a la \u201cgatzoneta\u201d. \u00c9s important ajuntar els peus i tapar-se les orelles per protegir-se del tro.<\/p>\n\n\n\n<div class=\"wp-block-image\"><figure class=\"aligncenter\"><a href=\"https:\/\/static-m.meteo.cat\/wordpressweb\/wp-content\/uploads\/2014\/11\/20120057\/gatzoneta.jpg\"><img src=\"https:\/\/static-m.meteo.cat\/wordpressweb\/wp-content\/uploads\/2014\/11\/20120057\/gatzoneta.jpg\" alt=\"Posici\u00f3 ajupida per protegir-se\" \/><\/a><figcaption>Posici\u00f3 ajupida per protegir-se. Font: Servei d\u2019emerg\u00e8ncies de Toronto, Canad\u00e0.<\/figcaption><\/figure><\/div>\n\n\n\n<h2>5. Primers Auxilis<\/h2>\n\n\n\n<p>La persona afectada per un llamp pot ser atesa immediatament, la desc\u00e0rrega no roman en ella. Pot presentar cremades, tenir el sistema nervi\u00f3s alterat i haver perdut la visi\u00f3 i l\u2019audici\u00f3. L\u2019efecte m\u00e9s greu d\u2019una exposici\u00f3 al llamp \u00e9s el de patir una aturada cardio-respirat\u00f2ria. De fet, si ens trobem en una situaci\u00f3 on hi ha un grup de persones afectades, ens hem d\u2019ocupar primer dels que han quedat inconscients, perqu\u00e8 segurament els podrem reviure amb t\u00e8cniques de reanimaci\u00f3. En qualsevol cas cal trucar a emerg\u00e8ncies per demanar ajuda m\u00e8dica.<\/p>\n","protected":false},"excerpt":{"rendered":"<p>A continuaci\u00f3 es presenten un seguit de recomanacions per evitar situacions on hi ha risc de veure\u2019s afectat per la caiguda d\u2019un llamp. Si b\u00e9 podem pensar que aquest risc \u00e9s redu\u00eft, cal tenir present que els m\u00e9s de 65.000 llamps que cauen, de mitjana, cada any a Catalunya no nom\u00e9s causen problemes el\u00e8ctrics, incendis [&hellip;]<\/p>\n","protected":false},"author":4,"featured_media":0,"parent":136,"menu_order":4,"comment_status":"closed","ping_status":"open","template":"template-sidebar.php","meta":{"_mi_skip_tracking":false,"_monsterinsights_sitenote_active":false,"_monsterinsights_sitenote_note":"","_monsterinsights_sitenote_category":0},"_links":{"self":[{"href":"https:\/\/www.meteo.cat\/wpweb\/wp-json\/wp\/v2\/pages\/1265"}],"collection":[{"href":"https:\/\/www.meteo.cat\/wpweb\/wp-json\/wp\/v2\/pages"}],"about":[{"href":"https:\/\/www.meteo.cat\/wpweb\/wp-json\/wp\/v2\/types\/page"}],"author":[{"embeddable":true,"href":"https:\/\/www.meteo.cat\/wpweb\/wp-json\/wp\/v2\/users\/4"}],"replies":[{"embeddable":true,"href":"https:\/\/www.meteo.cat\/wpweb\/wp-json\/wp\/v2\/comments?post=1265"}],"version-history":[{"count":7,"href":"https:\/\/www.meteo.cat\/wpweb\/wp-json\/wp\/v2\/pages\/1265\/revisions"}],"predecessor-version":[{"id":29747,"href":"https:\/\/www.meteo.cat\/wpweb\/wp-json\/wp\/v2\/pages\/1265\/revisions\/29747"}],"up":[{"embeddable":true,"href":"https:\/\/www.meteo.cat\/wpweb\/wp-json\/wp\/v2\/pages\/136"}],"wp:attachment":[{"href":"https:\/\/www.meteo.cat\/wpweb\/wp-json\/wp\/v2\/media?parent=1265"}],"curies":[{"name":"wp","href":"https:\/\/api.w.org\/{rel}","templated":true}]}}