{"id":1263,"date":"2014-11-20T12:00:14","date_gmt":"2014-11-20T12:00:14","guid":{"rendered":"http:\/\/\/wpweb\/?page_id=1263"},"modified":"2022-12-27T09:22:48","modified_gmt":"2022-12-27T09:22:48","slug":"xarxa-de-deteccio-de-llamps","status":"publish","type":"page","link":"https:\/\/www.meteo.cat\/wpweb\/divulgacio\/equipaments-meteorologics\/llamps-descarregues-electriques\/xarxa-de-deteccio-de-llamps\/","title":{"rendered":"Xarxa de detecci\u00f3 de llamps"},"content":{"rendered":"\n<p>El Servei Meteorol\u00f2gic de Catalunya va inaugurar, l\u2019abril de 2003, la Xarxa de Detecci\u00f3 de Desc\u00e0rregues El\u00e8ctriques atmosf\u00e8riques (XDDE). El sistema permet la detecci\u00f3 en temps real de les tempestes, aix\u00ed com el pron\u00f2stic a molt curt termini de la seva traject\u00f2ria. Aquesta eina d\u00f3na suport a la vigil\u00e0ncia de situacions meteorol\u00f2giques de risc, amb la qual cosa s\u2019aconsegueix un millor assessorament a protecci\u00f3 civil, aix\u00ed com al cos de bombers per la lluita contra els incendis forestals. De la informaci\u00f3 derivada de la XDDE se\u2019n poden beneficiar altres usuaris com s\u00f3n les companyies el\u00e8ctriques, els gestors de xarxes de telecomunicacions, grans infraestructures, complexos d\u2019oci a l\u2019aire lliure, etc (figura 1). D\u2019altra banda, aquestes dades donaran un nou impuls a la recerca en l&#8217;\u00e0mbit de l&#8217;electricitat atmosf\u00e8rica que es du a terme al nostre pa\u00eds.<\/p>\n\n\n\n<div class=\"wp-block-image\"><figure class=\"aligncenter\"><a href=\"https:\/\/static-m.meteo.cat\/wordpressweb\/wp-content\/uploads\/2014\/11\/20120014\/xarxa-deteccio-llamps1.jpg\"><img loading=\"lazy\" width=\"516\" height=\"351\" src=\"https:\/\/static-m.meteo.cat\/wordpressweb\/wp-content\/uploads\/2014\/11\/20120014\/xarxa-deteccio-llamps1.jpg\" alt=\"Llamps al Port de Tarragona\" class=\"wp-image-2025\"\/><\/a><figcaption>Figura 1. Llamps al Port de Tarragona. Autor: Ramon Llaberia.<\/figcaption><\/figure><\/div>\n\n\n\n<p>La XDDE est\u00e0 formada per quatre estacions remotes i un sistema de processament central que es troba a la seu de l\u2019SMC. Les estacions estan situades a Begues (el Baix Llobregat), Castellnou de Seana (el Pla d\u2019Urgell), Muntanyola (Osona) i Amposta (el Montsi\u00e0) (vegeu la figura). La disposici\u00f3 dels detectors est\u00e0 pensada per proporcionar una bona cobertura a tot Catalunya, amb un error en la localitzaci\u00f3 dels llamps inferior a un quil\u00f2metre per bona part del territori catal\u00e0 (figura 2).<\/p>\n\n\n\n<div class=\"wp-block-image\"><figure class=\"aligncenter\"><a href=\"https:\/\/static-m.meteo.cat\/wordpressweb\/wp-content\/uploads\/2014\/11\/20120014\/xarxa-deteccio-llamps2.jpg\"><img loading=\"lazy\" width=\"600\" height=\"389\" src=\"https:\/\/static-m.meteo.cat\/wordpressweb\/wp-content\/uploads\/2014\/11\/20120014\/xarxa-deteccio-llamps2.jpg\" alt=\"Mapa amb la disposici\u00f3 dels sensors a Catalunya\" class=\"wp-image-2026\"\/><\/a><figcaption>Figura 2. Disposici\u00f3 dels sensors de la XDDE i estimaci\u00f3 te\u00f2rica de la efici\u00e8ncia de detecci\u00f3 de la xarxa de l\u2019SMC<\/figcaption><\/figure><\/div>\n\n\n\n<p class=\"FW_sFlotaEsqu FW_sFlotaEsquMarginTop\">El sistema central de la XDDE processa les dades rebudes de les quatre estacions i les envia als terminals de vigil\u00e0ncia. Aquests terminals permeten la representaci\u00f3 geogr\u00e0fica de les desc\u00e0rregues i la consulta de les seves caracter\u00edstiques el\u00e8ctriques, aix\u00ed com el seguiment de cel\u2022les de tempesta en temps real (figura 3).<\/p>\n\n\n\n<div class=\"wp-block-image\"><figure class=\"aligncenter\"><a href=\"https:\/\/static-m.meteo.cat\/wordpressweb\/wp-content\/uploads\/2014\/11\/20120014\/xarxa-deteccio-llamps3.jpg\"><img loading=\"lazy\" width=\"314\" height=\"178\" src=\"https:\/\/static-m.meteo.cat\/wordpressweb\/wp-content\/uploads\/2014\/11\/20120014\/xarxa-deteccio-llamps3.jpg\" alt=\"Tempestes amb vector de velocitat i despla\u00e7ament\" class=\"wp-image-2028\"\/><\/a><figcaption>Figura 3. Exemple de tempestes amb vector de velocitat i despla\u00e7ament.<\/figcaption><\/figure><\/div>\n\n\n\n<p class=\"FW_sFlotaEsqu FW_sFlotaEsquMarginTop\">D\u2019altra banda, amb els radars meteorol\u00f2gics s\u2019estimen les intensitats de precipitaci\u00f3. Les dades de llamps afegeixen informaci\u00f3 el\u00e8ctrica a aquesta caracteritzaci\u00f3, i permeten delimitar les parts m\u00e9s actives de les tempestes (figura 4). Aix\u00ed com la informaci\u00f3 del sat\u00e8l\u00b7lit s\u2019actualitza cada 15 minuts i la de radar cada 6 minuts, la informaci\u00f3 de l\u2019activitat el\u00e8ctrica \u00e9s a temps quasi real, fet que tamb\u00e9 ajuda a omplir els buits temporals que presenten altres eines.<\/p>\n\n\n\n<div class=\"wp-block-image\"><figure class=\"aligncenter\"><a href=\"https:\/\/static-m.meteo.cat\/wordpressweb\/wp-content\/uploads\/2014\/11\/20120014\/llamps22.jpg\"><img loading=\"lazy\" width=\"300\" height=\"291\" src=\"https:\/\/static-m.meteo.cat\/wordpressweb\/wp-content\/uploads\/2014\/11\/20120014\/llamps22-300x291.jpg\" alt=\"Combinaci\u00f3 de pluja estimada amb radar i llamps\" class=\"wp-image-2779\"\/><\/a><figcaption>Figura 4. Exemple de combinaci\u00f3 de pluja estimada amb radar (acumulaci\u00f3 en 1 h) i llamps<\/figcaption><\/figure><\/div>\n\n\n\n<h2><strong>Llamps a Catalunya<\/strong><br><\/h2>\n\n\n\n<p>A Catalunya es registren, de mitjana, m\u00e9s de 64.000 llamps n\u00favol-terra a l\u2019any. La distribuci\u00f3 en el territori no \u00e9s uniforme, caient m\u00e9s llamps en la zona del Prepirineu i dels Pirineus. A part d\u2019aquest patr\u00f3, lligat a l\u2019orografia, s\u2019observa una menor activitat en la zona litoral. La figura 5 mostra els dies de tempesta pel conjunt de Catalunya en el per\u00edode 2004-2012.<\/p>\n\n\n\n<div class=\"wp-block-image\"><figure class=\"aligncenter\"><a href=\"https:\/\/static-m.meteo.cat\/wordpressweb\/wp-content\/uploads\/2014\/11\/20120014\/llamps33.jpg\"><img loading=\"lazy\" width=\"300\" height=\"284\" src=\"https:\/\/static-m.meteo.cat\/wordpressweb\/wp-content\/uploads\/2014\/11\/20120014\/llamps33-300x284.jpg\" alt=\"Mapa amb el nombre de dies anuals de tempesta pel per\u00edode 2004-2012\" class=\"wp-image-2780\"\/><\/a><figcaption>Figura 5. Dies de tempesta anuals del per\u00edode 2004-2012 elaborat a partir de les dades de la XDDE<\/figcaption><\/figure><\/div>\n\n\n\n<h2><strong>Llamps al Web de Meteocat<\/strong><br><\/h2>\n\n\n\n<p>L\u2019SMC difon les dades de la XDDE a trav\u00e9s del seu <strong><a href=\"https:\/\/www.meteo.cat\/observacions\/llamps\">web<\/a><\/strong> amb un mapa de llamps que s\u2019actualitza cada hora (figura 6). El s\u00edmbol del llamp correspon a la seva polaritat, i hi ha llamps de c\u00e0rrega negativa (-) i de c\u00e0rrega positiva (+). Les 24 hores del dia estan dividides en 8 franges de 3 hores, i el color dels s\u00edmbols indica el tram horari al qual correspon el llamp. L\u2019hora est\u00e0 expressada en temps universal (TU).<\/p>\n\n\n\n<div class=\"wp-block-image\"><figure class=\"aligncenter\"><a href=\"https:\/\/static-m.meteo.cat\/wordpressweb\/wp-content\/uploads\/2014\/11\/20120014\/xarxa-deteccio-llamps7.jpg\"><img loading=\"lazy\" width=\"400\" height=\"442\" src=\"https:\/\/static-m.meteo.cat\/wordpressweb\/wp-content\/uploads\/2014\/11\/20120014\/xarxa-deteccio-llamps7.jpg\" alt=\"Mapa amb els llamps que s'ofereix a la web de l'SMC\" class=\"wp-image-2032\"\/><\/a><figcaption>Figura 6. Mostra de la cartografia que s&#8217;ofereix al web de l&#8217;SMC<\/figcaption><\/figure><\/div>\n\n\n\n<h2><strong>L&#8217;Anuari de desc\u00e0rregues el\u00e8ctriques<\/strong><br><\/h2>\n\n\n\n<p>L\u2019SMC elabora anualment un anuari que recull les principals dades recollides per la XDDE. Podeu consultar-los a <a href=\"https:\/\/www.meteo.cat\/wpweb\/climatologia\/dades-i-productes-climatics\/anuari-de-dades\/xarxa-de-deteccio-de-descarregues-electriques\/\"><strong>aquest enlla\u00e7<\/strong><\/a>.<\/p>\n","protected":false},"excerpt":{"rendered":"<p>El Servei Meteorol\u00f2gic de Catalunya va inaugurar, l\u2019abril de 2003, la Xarxa de Detecci\u00f3 de Desc\u00e0rregues El\u00e8ctriques atmosf\u00e8riques (XDDE). El sistema permet la detecci\u00f3 en temps real de les tempestes, aix\u00ed com el pron\u00f2stic a molt curt termini de la seva traject\u00f2ria. Aquesta eina d\u00f3na suport a la vigil\u00e0ncia de situacions meteorol\u00f2giques de risc, amb [&hellip;]<\/p>\n","protected":false},"author":4,"featured_media":0,"parent":136,"menu_order":3,"comment_status":"closed","ping_status":"open","template":"template-sidebar.php","meta":{"_mi_skip_tracking":false,"_monsterinsights_sitenote_active":false,"_monsterinsights_sitenote_note":"","_monsterinsights_sitenote_category":0},"_links":{"self":[{"href":"https:\/\/www.meteo.cat\/wpweb\/wp-json\/wp\/v2\/pages\/1263"}],"collection":[{"href":"https:\/\/www.meteo.cat\/wpweb\/wp-json\/wp\/v2\/pages"}],"about":[{"href":"https:\/\/www.meteo.cat\/wpweb\/wp-json\/wp\/v2\/types\/page"}],"author":[{"embeddable":true,"href":"https:\/\/www.meteo.cat\/wpweb\/wp-json\/wp\/v2\/users\/4"}],"replies":[{"embeddable":true,"href":"https:\/\/www.meteo.cat\/wpweb\/wp-json\/wp\/v2\/comments?post=1263"}],"version-history":[{"count":12,"href":"https:\/\/www.meteo.cat\/wpweb\/wp-json\/wp\/v2\/pages\/1263\/revisions"}],"predecessor-version":[{"id":36666,"href":"https:\/\/www.meteo.cat\/wpweb\/wp-json\/wp\/v2\/pages\/1263\/revisions\/36666"}],"up":[{"embeddable":true,"href":"https:\/\/www.meteo.cat\/wpweb\/wp-json\/wp\/v2\/pages\/136"}],"wp:attachment":[{"href":"https:\/\/www.meteo.cat\/wpweb\/wp-json\/wp\/v2\/media?parent=1263"}],"curies":[{"name":"wp","href":"https:\/\/api.w.org\/{rel}","templated":true}]}}