{"id":1222,"date":"2014-11-20T11:48:35","date_gmt":"2014-11-20T11:48:35","guid":{"rendered":"http:\/\/\/wpweb\/?page_id=1222"},"modified":"2014-11-27T16:34:41","modified_gmt":"2014-11-27T16:34:41","slug":"fenomens-superficials-i-de-reduccio-de-la-visibilitat","status":"publish","type":"page","link":"https:\/\/www.meteo.cat\/wpweb\/divulgacio\/equipaments-meteorologics\/observadors-meteorologics\/manual-de-lobservador\/fenomens-superficials-i-de-reduccio-de-la-visibilitat\/","title":{"rendered":"Fen\u00f2mens superficials i de reducci\u00f3 de la visibilitat"},"content":{"rendered":"<ul class=\"parent-page-menu\"><li class=\"page_item page-item-1532\"><a href=\"https:\/\/www.meteo.cat\/wpweb\/divulgacio\/equipaments-meteorologics\/observadors-meteorologics\/manual-de-lobservador\/fenomens-superficials-i-de-reduccio-de-la-visibilitat\/rosada\/\">Rosada<\/a><\/li>\n<li class=\"page_item page-item-1535\"><a href=\"https:\/\/www.meteo.cat\/wpweb\/divulgacio\/equipaments-meteorologics\/observadors-meteorologics\/manual-de-lobservador\/fenomens-superficials-i-de-reduccio-de-la-visibilitat\/gelada\/\">Gelada<\/a><\/li>\n<li class=\"page_item page-item-1538\"><a href=\"https:\/\/www.meteo.cat\/wpweb\/divulgacio\/equipaments-meteorologics\/observadors-meteorologics\/manual-de-lobservador\/fenomens-superficials-i-de-reduccio-de-la-visibilitat\/gebre\/\">Gebre<\/a><\/li>\n<li class=\"page_item page-item-1541\"><a href=\"https:\/\/www.meteo.cat\/wpweb\/divulgacio\/equipaments-meteorologics\/observadors-meteorologics\/manual-de-lobservador\/fenomens-superficials-i-de-reduccio-de-la-visibilitat\/boira\/\">Boira<\/a><\/li>\n<li class=\"page_item page-item-1544\"><a href=\"https:\/\/www.meteo.cat\/wpweb\/divulgacio\/equipaments-meteorologics\/observadors-meteorologics\/manual-de-lobservador\/fenomens-superficials-i-de-reduccio-de-la-visibilitat\/calitja\/\">Calitja<\/a><\/li>\n<li class=\"page_item page-item-1547\"><a href=\"https:\/\/www.meteo.cat\/wpweb\/divulgacio\/equipaments-meteorologics\/observadors-meteorologics\/manual-de-lobservador\/fenomens-superficials-i-de-reduccio-de-la-visibilitat\/fums\/\">Fums<\/a><\/li>\n<li class=\"page_item page-item-1550\"><a href=\"https:\/\/www.meteo.cat\/wpweb\/divulgacio\/equipaments-meteorologics\/observadors-meteorologics\/manual-de-lobservador\/fenomens-superficials-i-de-reduccio-de-la-visibilitat\/instruccions-per-a-lanotacio-dels-fenomens-de-reduccio-de-la-visibilitat\/\">Instruccions per a l&#8217;anotaci\u00f3 dels fen\u00f2mens de reducci\u00f3 de la visibilitat<\/a><\/li>\n<li class=\"page_item page-item-1557\"><a href=\"https:\/\/www.meteo.cat\/wpweb\/divulgacio\/equipaments-meteorologics\/observadors-meteorologics\/manual-de-lobservador\/fenomens-superficials-i-de-reduccio-de-la-visibilitat\/boirina\/\">Boirina<\/a><\/li>\n<\/ul>\n","protected":false},"excerpt":{"rendered":"","protected":false},"author":2,"featured_media":0,"parent":1109,"menu_order":0,"comment_status":"closed","ping_status":"closed","template":"template-sidebar.php","meta":{"_mi_skip_tracking":false,"_monsterinsights_sitenote_active":false,"_monsterinsights_sitenote_note":"","_monsterinsights_sitenote_category":0},"_links":{"self":[{"href":"https:\/\/www.meteo.cat\/wpweb\/wp-json\/wp\/v2\/pages\/1222"}],"collection":[{"href":"https:\/\/www.meteo.cat\/wpweb\/wp-json\/wp\/v2\/pages"}],"about":[{"href":"https:\/\/www.meteo.cat\/wpweb\/wp-json\/wp\/v2\/types\/page"}],"author":[{"embeddable":true,"href":"https:\/\/www.meteo.cat\/wpweb\/wp-json\/wp\/v2\/users\/2"}],"replies":[{"embeddable":true,"href":"https:\/\/www.meteo.cat\/wpweb\/wp-json\/wp\/v2\/comments?post=1222"}],"version-history":[{"count":7,"href":"https:\/\/www.meteo.cat\/wpweb\/wp-json\/wp\/v2\/pages\/1222\/revisions"}],"predecessor-version":[{"id":2098,"href":"https:\/\/www.meteo.cat\/wpweb\/wp-json\/wp\/v2\/pages\/1222\/revisions\/2098"}],"up":[{"embeddable":true,"href":"https:\/\/www.meteo.cat\/wpweb\/wp-json\/wp\/v2\/pages\/1109"}],"wp:attachment":[{"href":"https:\/\/www.meteo.cat\/wpweb\/wp-json\/wp\/v2\/media?parent=1222"}],"curies":[{"name":"wp","href":"https:\/\/api.w.org\/{rel}","templated":true}]}}