{"id":1221,"date":"2014-11-20T11:49:09","date_gmt":"2014-11-20T11:49:09","guid":{"rendered":"http:\/\/\/wpweb\/?page_id=1221"},"modified":"2020-10-29T10:02:33","modified_gmt":"2020-10-29T10:02:33","slug":"xarxa-de-radars-xrad","status":"publish","type":"page","link":"https:\/\/www.meteo.cat\/wpweb\/divulgacio\/equipaments-meteorologics\/radar-meteorologic\/xarxa-de-radars-xrad\/","title":{"rendered":"Xarxa de Radars (XRAD)"},"content":{"rendered":"\n<h2>La Xarxa de Radars del Servei Meteorol\u00f2gic de Catalunya (XRAD)<\/h2>\n\n\n\n<p class=\"FW_sFlotaEsqu\">Els <b>radars meteorol\u00f2gics<\/b> s\u00f3n instruments d\u2019observaci\u00f3 que permeten detectar a dist\u00e0ncia la pres\u00e8ncia de precipitaci\u00f3 i estimar la seva intensitat. Aquesta capacitat converteix els radars en eines imprescindibles per fer un seguiment i una previsi\u00f3 immediata en situacions de pluges intenses, a fi de minimitzar els efectes dels aiguats sobre les persones i els b\u00e9ns materials. En situacions de precipitaci\u00f3 ordin\u00e0ria els radars tamb\u00e9 resulten de gran utilitat per tal d\u2019estimar de forma rutin\u00e0ria la precipitaci\u00f3 amb una elevada freq\u00fc\u00e8ncia temporal i resoluci\u00f3 espacial, adequada per moltes aplicacions hidrol\u00f2giques.<\/p>\n\n\n\n\n\n\n\n<div style=\"height:50px\" aria-hidden=\"true\" class=\"wp-block-spacer\"><\/div>\n\n\n\n<h2>Xarxa de Radars del Servei Meteorol\u00f2gic de Catalunya (XRAD)<\/h2>\n\n\n\n<div class=\"wp-block-image\"><figure class=\"aligncenter\"><a href=\"https:\/\/static-m.meteo.cat\/wordpressweb\/wp-content\/uploads\/2014\/11\/20114909\/xarxa-de-radars1.jpg\"><img loading=\"lazy\" width=\"300\" height=\"254\" src=\"https:\/\/static-m.meteo.cat\/wordpressweb\/wp-content\/uploads\/2014\/11\/20114909\/xarxa-de-radars1-300x254.jpg\" alt=\"Mapa de Catalunya amb la situaci\u00f3 dels radars meteorol\u00f2gics\" class=\"wp-image-1924\" \/><\/a><\/figure><\/div>\n\n\n\n<p>L&#8217; SMC disposa de quatre radars integrats en la <b> Xarxa de Radars del Servei Meteorol\u00f2gic de Catalunya (XRAD)<\/b>. La XRAD est\u00e0 dissenyada per a proporcionar estimacions quantitatives de pluja de gran inter\u00e8s meteorol\u00f2gic i hidrol\u00f2gic. Aquests radars s\u00f3n de tipus Doppler i operen en banda C. La XRAD est\u00e0 formada pel radar de Vallirana, el radar de Puig d\u2019Arques, el radar de la Panadella i el radar de Tivissa-Llaberia.<\/p>\n\n\n\n<div style=\"height:20px\" aria-hidden=\"true\" class=\"wp-block-spacer\"><\/div>\n\n\n\n<h2>Radar de Vallirana<\/h2>\n\n\n\n<p>Aquest radar meteorol\u00f2gic, model Kavouras-3070, es troba al Puig Bernat (626m), municipi de Vallirana (el Baix Llobregat). El radar va ser instal\u2022lat inicialment per la Universitat de Barcelona per a finalitats de recerca l\u2019any 1996. Posteriorment se\u2019n va fer c\u00e0rrec l\u2019SMC, que n\u2019\u00e9s el propietari des del 2001. L\u2019any 2003 es van dur a terme un seguit d\u2019actuacions de millora al radar, per tal d\u2019equiparar-ne les prestacions amb la resta de radars de la xarxa. En particular, cal destacar l\u2019actualitzaci\u00f3 del controlador d\u2019antena i del receptor i processador digitals. L\u2019any 2016 s\u2019ha renovat l\u2019equipament principal del radar, amb l\u2019objectiu equiparar les prestacions d\u2019aquest radar amb la resta de radars de la Xarxa de Radars Meteorol\u00f2gics (XRAD).<\/p>\n\n\n\n<div style=\"height:20px\" aria-hidden=\"true\" class=\"wp-block-spacer\"><\/div>\n\n\n\n<h2>Radar de Puig d&#8217;Arques<\/h2>\n\n\n\n<div class=\"wp-block-image\"><figure class=\"aligncenter\"><a href=\"https:\/\/static-m.meteo.cat\/wordpressweb\/wp-content\/uploads\/2014\/11\/20114909\/xarxa-de-radars3.jpg\"><img loading=\"lazy\" width=\"200\" height=\"250\" src=\"https:\/\/static-m.meteo.cat\/wordpressweb\/wp-content\/uploads\/2014\/11\/20114909\/xarxa-de-radars3.jpg\" alt=\"Radar de Puig d'Arques\" class=\"wp-image-1927\" \/><\/a><\/figure><\/div>\n\n\n\n<p>El radar de Puig d&#8217;Arques, model Radtec-4370, fou instal\u00b7lat l\u2019any 2002. Est\u00e0 en un edifici de 19 metres d\u2019al\u00e7ada, ubicat al cim del Puig d&#8217;Arques (<b>535m<\/b>), en ple Mass\u00eds de les Gavarres, municipi de Cru\u00eflles, Monells i Sant Sadurn\u00ed de l\u2019Heura (el Baix Empord\u00e0). La instal\u00b7laci\u00f3 del radar va contemplar mesures d&#8217;integraci\u00f3 paisatg\u00edstica i de restauraci\u00f3 de l&#8217;entorn, com \u00e9s el cas del dolmen. Aix\u00ed mateix, es va condicionar un pis de la torre per a les funcions de vigil\u00e0ncia forestal, substituint l&#8217;antiga torreta de guaita.<\/p>\n\n\n\n<div style=\"height:20px\" aria-hidden=\"true\" class=\"wp-block-spacer\"><\/div>\n\n\n\n<h2 class=\"FW_clear FW_hrBlanc\">Radar de La Panadella<\/h2>\n\n\n\n<div class=\"wp-block-image\"><figure class=\"aligncenter\"><a href=\"https:\/\/static-m.meteo.cat\/wordpressweb\/wp-content\/uploads\/2014\/11\/20114909\/xarxa-de-radars4.jpg\"><img loading=\"lazy\" width=\"200\" height=\"250\" src=\"https:\/\/static-m.meteo.cat\/wordpressweb\/wp-content\/uploads\/2014\/11\/20114909\/xarxa-de-radars4.jpg\" alt=\"Radar de la Panadella\" class=\"wp-image-1928\" \/><\/a><\/figure><\/div>\n\n\n\n<p>El radar meteorol\u00f2gic de La Panadella fou instal\u00b7lat l\u2019any 2003. Es troba situat a prop de la Creu del Vent (<b>825m<\/b>), municipi de Montmaneu (l\u2019Anoia), en un edifici de 40 metres d\u2019al\u00e7ada. El radar, similar als de Vallirana i Puig d&#8217;Arques, \u00e9s un model EXTOP-03 fabricat per MCV, S.A., per\u00f2 incorpora diverses millores t\u00e8cniques respecte els dos primers radars de la XRAD, tant en el seu transmissor com en l&#8217;antena, millorant el funcionament global de l&#8217;equip.<\/p>\n\n\n\n<div style=\"height:20px\" aria-hidden=\"true\" class=\"wp-block-spacer\"><\/div>\n\n\n\n<h2>Radar de Tivissa-Llaberia<\/h2>\n\n\n\n<div class=\"wp-block-image\"><figure class=\"aligncenter\"><a href=\"https:\/\/static-m.meteo.cat\/wordpressweb\/wp-content\/uploads\/2014\/11\/20114909\/xarxa-de-radars5.jpg\"><img loading=\"lazy\" width=\"250\" height=\"200\" src=\"https:\/\/static-m.meteo.cat\/wordpressweb\/wp-content\/uploads\/2014\/11\/20114909\/xarxa-de-radars5.jpg\" alt=\"Radar de Tivissa-Llaberia\" class=\"wp-image-1929\" \/><\/a><\/figure><\/div>\n\n\n\n<p>El radar, instal\u00b7lat l\u2019any 2008, est\u00e0 al pic de La Miranda (<b>925m<\/b>) a la Serra de Llaberia, municipi de Tivissa (la Ribera d\u2019Ebre). Es tracta d\u2019un model EXTOP-03 de MCV, S.A.., igual que el de La Panadella. Destaca l\u2019innovador sistema aut\u00f2nom de subministrament el\u00e8ctric, ja que els estudis d\u2019impacte ambiental van desaconsellar la construcci\u00f3 d\u2019una l\u00ednia el\u00e8ctrica en aquesta zona de gran valor paisatg\u00edstic. Aquest sistema combina un grup de cogeneraci\u00f3 de gas prop\u00e0 liquat i plaques solars per a proporcionar electricitat i climatitzaci\u00f3 a l\u2019edifici.<\/p>\n","protected":false},"excerpt":{"rendered":"<p>La Xarxa de Radars del Servei Meteorol\u00f2gic de Catalunya (XRAD) Els radars meteorol\u00f2gics s\u00f3n instruments d\u2019observaci\u00f3 que permeten detectar a dist\u00e0ncia la pres\u00e8ncia de precipitaci\u00f3 i estimar la seva intensitat. Aquesta capacitat converteix els radars en eines imprescindibles per fer un seguiment i una previsi\u00f3 immediata en situacions de pluges intenses, a fi de minimitzar [&hellip;]<\/p>\n","protected":false},"author":4,"featured_media":0,"parent":146,"menu_order":3,"comment_status":"closed","ping_status":"open","template":"template-sidebar.php","meta":{"_mi_skip_tracking":false,"_monsterinsights_sitenote_active":false,"_monsterinsights_sitenote_note":"","_monsterinsights_sitenote_category":0},"_links":{"self":[{"href":"https:\/\/www.meteo.cat\/wpweb\/wp-json\/wp\/v2\/pages\/1221"}],"collection":[{"href":"https:\/\/www.meteo.cat\/wpweb\/wp-json\/wp\/v2\/pages"}],"about":[{"href":"https:\/\/www.meteo.cat\/wpweb\/wp-json\/wp\/v2\/types\/page"}],"author":[{"embeddable":true,"href":"https:\/\/www.meteo.cat\/wpweb\/wp-json\/wp\/v2\/users\/4"}],"replies":[{"embeddable":true,"href":"https:\/\/www.meteo.cat\/wpweb\/wp-json\/wp\/v2\/comments?post=1221"}],"version-history":[{"count":16,"href":"https:\/\/www.meteo.cat\/wpweb\/wp-json\/wp\/v2\/pages\/1221\/revisions"}],"predecessor-version":[{"id":29735,"href":"https:\/\/www.meteo.cat\/wpweb\/wp-json\/wp\/v2\/pages\/1221\/revisions\/29735"}],"up":[{"embeddable":true,"href":"https:\/\/www.meteo.cat\/wpweb\/wp-json\/wp\/v2\/pages\/146"}],"wp:attachment":[{"href":"https:\/\/www.meteo.cat\/wpweb\/wp-json\/wp\/v2\/media?parent=1221"}],"curies":[{"name":"wp","href":"https:\/\/api.w.org\/{rel}","templated":true}]}}