{"id":1206,"date":"2014-11-20T11:48:54","date_gmt":"2014-11-20T11:48:54","guid":{"rendered":"http:\/\/\/wpweb\/?page_id=1206"},"modified":"2022-04-25T14:01:32","modified_gmt":"2022-04-25T14:01:32","slug":"com-funciona-un-radar","status":"publish","type":"page","link":"https:\/\/www.meteo.cat\/wpweb\/divulgacio\/equipaments-meteorologics\/radar-meteorologic\/com-funciona-un-radar\/","title":{"rendered":"Com funciona un radar"},"content":{"rendered":"\n<iframe loading=\"lazy\" width=\"400\" height=\"224\" src=\"https:\/\/www.youtube.com\/embed\/LSGjDCyOto8\" frameborder=\"0\" allow=\"accelerometer; autoplay; clipboard-write; encrypted-media; gyroscope; picture-in-picture\" allowfullscreen=\"\" title=\"Com funciona un radar\"><\/iframe>\n\n\n\n<div style=\"height:50px\" aria-hidden=\"true\" class=\"wp-block-spacer\"><\/div>\n\n\n\n<h2>Utilitzacio dades radar:<\/h2>\n\n\n\n<iframe loading=\"lazy\" width=\"400\" height=\"224\" src=\"https:\/\/www.youtube.com\/embed\/u3XTRbSZX7w\" frameborder=\"0\" allow=\"accelerometer; autoplay; clipboard-write; encrypted-media; gyroscope; picture-in-picture\" allowfullscreen=\"\" title=\"Utilitzaci\u00f3 dades radar\"><\/iframe>\n\n\n\n<p>El funcionament d&#8217;un radar meteorol\u00f2gic \u00e9s similar al d&#8217;un far. L&#8217;antena del radar gira cont\u00ednuament per tal d&#8217;escombrar, o il\u00b7luminar, els blancs que es volen observar en un cert volum de l\u2019atmosfera. Despr\u00e9s d\u2019un sofisticat processament del senyal retornat pels ecos observats, el radar proporciona informaci\u00f3 valuosa sobre les caracter\u00edstiques d\u2019aquests ecos que es poden relacionar amb la intensitat de la precipitaci\u00f3 que els causa o amb la seva velocitat respecte el radar.<\/p>\n\n\n\n<p>En el cas d&#8217;un radar meteorol\u00f2gic, els blancs s\u00f3n les part\u00edcules de precipitaci\u00f3, b\u00e9 siguin gotetes de pluja, flocs de neu, grans de calamarsa, o , com passa a vegades, una barreja de tots ells.<\/p>\n\n\n\n<p>Un radar meteorol\u00f2gic funciona de forma similar a altres tipus de radars, com els radars dels aeroports utilitzats per localitzar avions, els radars mar\u00edtims dels vaixells, o els que utilitza la policia per a detectar els vehicles que circulen massa r\u00e0pid per la carretera. En el cas d&#8217;un radar meteorol\u00f2gic, <strong>l&#8217;objectiu principal \u00e9s observar la precipitaci\u00f3<\/strong>.<\/p>\n\n\n\n<div style=\"height:50px\" aria-hidden=\"true\" class=\"wp-block-spacer\"><\/div>\n\n\n\n<h2>El funcionament b\u00e0sic d&#8217;un radar \u00e9s el seg\u00fcent:<\/h2>\n\n\n\n<div class=\"wp-block-media-text alignwide is-stacked-on-mobile\" style=\"grid-template-columns:29% auto\"><figure class=\"wp-block-media-text__media\"><img loading=\"lazy\" width=\"250\" height=\"82\" src=\"https:\/\/static-m.meteo.cat\/wordpressweb\/wp-content\/uploads\/2014\/11\/20114854\/com-funciona-un-radar1.jpg\" alt=\"El radar envia energia amb una antena\" class=\"wp-image-1914 size-full\"\/><\/figure><div class=\"wp-block-media-text__content\">\n<p class=\"has-medium-font-size\">El radar envia energia a trav\u00e9s de l&#8217;antena cap a una certa direcci\u00f3.  <\/p>\n<\/div><\/div>\n\n\n\n<div class=\"wp-block-media-text alignwide is-stacked-on-mobile\" style=\"grid-template-columns:29% auto\"><figure class=\"wp-block-media-text__media\"><img loading=\"lazy\" width=\"250\" height=\"82\" src=\"https:\/\/static-m.meteo.cat\/wordpressweb\/wp-content\/uploads\/2014\/11\/20114854\/com-funciona-un-radar-2.jpg\" alt=\"L'energia topa amb la precipitaci\u00f3\" class=\"wp-image-1915 size-full\"\/><\/figure><div class=\"wp-block-media-text__content\">\n<p class=\"has-medium-font-size\">Si l&#8217;energia enviada troba un blanc en el seu cam\u00ed, el blanc retorna un eco al radar, \u00e9s a dir, una part de l&#8217;energia rebuda. Si l&#8217;energia no troba cap blanc no retorna cap eco.<\/p>\n<\/div><\/div>\n\n\n\n<div class=\"wp-block-media-text alignwide is-stacked-on-mobile\" style=\"grid-template-columns:29% auto\"><figure class=\"wp-block-media-text__media\"><img loading=\"lazy\" width=\"250\" height=\"82\" src=\"https:\/\/static-m.meteo.cat\/wordpressweb\/wp-content\/uploads\/2014\/11\/20114854\/com-funciona-un-radar-3.jpg\" alt=\"El radar processa l'eco rebut\" class=\"wp-image-1916 size-full\"\/><\/figure><div class=\"wp-block-media-text__content\">\n<p class=\"has-medium-font-size\">El radar processa l&#8217;eco rebut i determina la seva posici\u00f3, intensitat i moviment.<\/p>\n<\/div><\/div>\n\n\n\n<p>Grafisme sobre el funcionament del radar realitzat pel Grup de Recerca Aplicada en Hidrometeorologia, UPC.<\/p>\n\n\n\n<p>Aquest proc\u00e9s de transmissi\u00f3 i recepci\u00f3 es repeteix unes mil vegades per segon i permet determinar la pres\u00e8ncia de precipitaci\u00f3 fins a uns 100 km al voltant del radar.<\/p>\n\n\n\n<p>A m\u00e9s de la precipitaci\u00f3, les muntanyes tamb\u00e9 retornen l&#8217;energia rebuda pel radar. Per aquest motiu, en una zona muntanyosa com ara Catalunya, la pres\u00e8ncia de muntanyes s&#8217;ha de tenir en compte a l&#8217;hora de dissenyar l&#8217;estructura de la xarxa de radars. Aquests ecos fixes i d\u2019altres problemes associats (atenuaci\u00f3, ocultaci\u00f3, propagaci\u00f3 an\u00f2mala, banda brillant, etc.) requereixen una s\u00e8rie de correccions posteriors, especialment si es vol fer un \u00fas quantitatiu de les observacions radar.<\/p>\n","protected":false},"excerpt":{"rendered":"<p>Utilitzacio dades radar: El funcionament d&#8217;un radar meteorol\u00f2gic \u00e9s similar al d&#8217;un far. L&#8217;antena del radar gira cont\u00ednuament per tal d&#8217;escombrar, o il\u00b7luminar, els blancs que es volen observar en un cert volum de l\u2019atmosfera. Despr\u00e9s d\u2019un sofisticat processament del senyal retornat pels ecos observats, el radar proporciona informaci\u00f3 valuosa sobre les caracter\u00edstiques d\u2019aquests ecos [&hellip;]<\/p>\n","protected":false},"author":4,"featured_media":0,"parent":146,"menu_order":1,"comment_status":"closed","ping_status":"open","template":"template-sidebar.php","meta":{"_mi_skip_tracking":false,"_monsterinsights_sitenote_active":false,"_monsterinsights_sitenote_note":"","_monsterinsights_sitenote_category":0},"_links":{"self":[{"href":"https:\/\/www.meteo.cat\/wpweb\/wp-json\/wp\/v2\/pages\/1206"}],"collection":[{"href":"https:\/\/www.meteo.cat\/wpweb\/wp-json\/wp\/v2\/pages"}],"about":[{"href":"https:\/\/www.meteo.cat\/wpweb\/wp-json\/wp\/v2\/types\/page"}],"author":[{"embeddable":true,"href":"https:\/\/www.meteo.cat\/wpweb\/wp-json\/wp\/v2\/users\/4"}],"replies":[{"embeddable":true,"href":"https:\/\/www.meteo.cat\/wpweb\/wp-json\/wp\/v2\/comments?post=1206"}],"version-history":[{"count":57,"href":"https:\/\/www.meteo.cat\/wpweb\/wp-json\/wp\/v2\/pages\/1206\/revisions"}],"predecessor-version":[{"id":34278,"href":"https:\/\/www.meteo.cat\/wpweb\/wp-json\/wp\/v2\/pages\/1206\/revisions\/34278"}],"up":[{"embeddable":true,"href":"https:\/\/www.meteo.cat\/wpweb\/wp-json\/wp\/v2\/pages\/146"}],"wp:attachment":[{"href":"https:\/\/www.meteo.cat\/wpweb\/wp-json\/wp\/v2\/media?parent=1206"}],"curies":[{"name":"wp","href":"https:\/\/api.w.org\/{rel}","templated":true}]}}