{"id":1102,"date":"2014-11-20T10:43:44","date_gmt":"2014-11-20T10:43:44","guid":{"rendered":"http:\/\/\/wpweb\/?page_id=1102"},"modified":"2021-05-04T12:25:23","modified_gmt":"2021-05-04T12:25:23","slug":"modalitats-de-collaboracio","status":"publish","type":"page","link":"https:\/\/www.meteo.cat\/wpweb\/divulgacio\/equipaments-meteorologics\/observadors-meteorologics\/modalitats-de-collaboracio\/","title":{"rendered":"Modalitats de col\u00b7laboraci\u00f3"},"content":{"rendered":"\n<h2>Modalitat d\u2019observaci\u00f3 meteorol\u00f2gica<\/h2>\n\n\n\n<div class=\"wp-block-image\"><figure class=\"aligncenter\"><img loading=\"lazy\" width=\"978\" height=\"1024\" src=\"https:\/\/static-m.meteo.cat\/wordpressweb\/wp-content\/uploads\/2021\/05\/04122136\/Observadors_2021_web-978x1024.png\" alt=\"Mapa de Catalunya amb la representaci\u00f3 dels punts on hi ha observadors\" class=\"wp-image-31236\"\/><\/figure><\/div>\n\n\n\n<p>La modalitat d\u2019observaci\u00f3 meteorol\u00f2gica est\u00e0 integrada per un conjunt de persones distribu\u00efdes arreu del territori i que de manera regular realitzen observacions relatives a les condicions meteorol\u00f2giques del seu municipi. Aquestes observacions es faran arribar di\u00e0riament a l\u2019SMC a trav\u00e9s d\u2019un aplicatiu web.<\/p>\n\n\n\n<p>La informaci\u00f3 meteorol\u00f2gica podr\u00e0 ser de tipus <strong>instrumental<\/strong>, aportant en la majoria dels casos dades de precipitaci\u00f3, gruix de neu, temperatura i humitat relativa, i\/o de tipus <strong>observacional<\/strong>, per a informar de la cobertura i tipus de nuvolositat, de la visibilitat horitzontal, vent (escala de Beaufort), dels meteors observats en temps present i passat (pluja, neu, tempesta, calamarsa, boira,&#8230;) i de l\u2019estat de la mar si s\u2019escau.<\/p>\n\n\n\n<p>Els beneficis d\u2019aquesta modalitat s\u00f3n molt concrets i ajuden a l\u2019an\u00e0lisi Climatol\u00f2gic, estudis concrets de Canvi Clim\u00e0tic, realitzaci\u00f3 de Notes de Premsa, aix\u00ed com la validaci\u00f3 de diversos Model Meteorol\u00f2gics.<\/p>\n\n\n\n<h2>Modalitat de vigil\u00e0ncia meteorol\u00f2gica<\/h2>\n\n\n\n<div class=\"wp-block-image\"><figure class=\"aligncenter\"><img loading=\"lazy\" width=\"978\" height=\"1024\" src=\"https:\/\/static-m.meteo.cat\/wordpressweb\/wp-content\/uploads\/2021\/05\/04122139\/Vigilants_2021_web2-978x1024.png\" alt=\"Mapa de Catalunya amb la representaci\u00f3 dels nombre de vigilants per comarca\" class=\"wp-image-31237\"\/><\/figure><\/div>\n\n\n\n<p>La modalitat de vigil\u00e0ncia meteorol\u00f2gica est\u00e0 integrada per un conjunt de col\u00b7laboradors distribu\u00efts arreu del territori de la manera m\u00e9s uniforme possible. La tasca dels vigilants consisteix en aportar informaci\u00f3 visual de fen\u00f2mens meteorol\u00f2gics destacats en temps real (tempesta, pluja intensa, calamarsa\/pedra, estat de la mar, vent fort, tornado\/m\u00e0nega, boira espessa, etc.), i fer-la arribar a trav\u00e9s d\u2019un aplicatiu web.<\/p>\n\n\n\n<p>Es tracta d\u2019obtenir informaci\u00f3 sobre el terreny de diferents situacions meteorol\u00f2giques d\u2019inter\u00e8s, informaci\u00f3 que complementa la proporcionada per les eines d\u2019observaci\u00f3 autom\u00e0tica i de teledetecci\u00f3.<\/p>\n\n\n\n<p>Els beneficis d\u2019aquesta modalitat s\u00f3n molt concrets i ajuden al seguiment de les Situacions Meteorol\u00f2giques de Perill (SMP) i al re an\u00e0lisi posterior dels episodis, aix\u00ed com tamb\u00e9 per la validaci\u00f3 de productes espec\u00edfics de teledetecci\u00f3.<\/p>\n\n\n\n<p>A banda, el personal de l\u2019Equip de Predicci\u00f3 i Vigil\u00e0ncia de l\u2019SMC podr\u00e0 trucar als vigilants en cas que un SMP afecti la seva comarca, per obtenir informaci\u00f3 de primera m\u00e0 de les situacions meteorol\u00f2giques extremes a qualsevol hora del dia i qualsevol dia de l\u2019any.<\/p>\n","protected":false},"excerpt":{"rendered":"<p>Modalitat d\u2019observaci\u00f3 meteorol\u00f2gica La modalitat d\u2019observaci\u00f3 meteorol\u00f2gica est\u00e0 integrada per un conjunt de persones distribu\u00efdes arreu del territori i que de manera regular realitzen observacions relatives a les condicions meteorol\u00f2giques del seu municipi. Aquestes observacions es faran arribar di\u00e0riament a l\u2019SMC a trav\u00e9s d\u2019un aplicatiu web. La informaci\u00f3 meteorol\u00f2gica podr\u00e0 ser de tipus instrumental, aportant [&hellip;]<\/p>\n","protected":false},"author":4,"featured_media":0,"parent":144,"menu_order":2,"comment_status":"closed","ping_status":"open","template":"template-sidebar.php","meta":{"_mi_skip_tracking":false,"_monsterinsights_sitenote_active":false,"_monsterinsights_sitenote_note":"","_monsterinsights_sitenote_category":0},"_links":{"self":[{"href":"https:\/\/www.meteo.cat\/wpweb\/wp-json\/wp\/v2\/pages\/1102"}],"collection":[{"href":"https:\/\/www.meteo.cat\/wpweb\/wp-json\/wp\/v2\/pages"}],"about":[{"href":"https:\/\/www.meteo.cat\/wpweb\/wp-json\/wp\/v2\/types\/page"}],"author":[{"embeddable":true,"href":"https:\/\/www.meteo.cat\/wpweb\/wp-json\/wp\/v2\/users\/4"}],"replies":[{"embeddable":true,"href":"https:\/\/www.meteo.cat\/wpweb\/wp-json\/wp\/v2\/comments?post=1102"}],"version-history":[{"count":12,"href":"https:\/\/www.meteo.cat\/wpweb\/wp-json\/wp\/v2\/pages\/1102\/revisions"}],"predecessor-version":[{"id":31238,"href":"https:\/\/www.meteo.cat\/wpweb\/wp-json\/wp\/v2\/pages\/1102\/revisions\/31238"}],"up":[{"embeddable":true,"href":"https:\/\/www.meteo.cat\/wpweb\/wp-json\/wp\/v2\/pages\/144"}],"wp:attachment":[{"href":"https:\/\/www.meteo.cat\/wpweb\/wp-json\/wp\/v2\/media?parent=1102"}],"curies":[{"name":"wp","href":"https:\/\/api.w.org\/{rel}","templated":true}]}}