{"id":11003,"date":"2016-09-21T11:41:46","date_gmt":"2016-09-21T11:41:46","guid":{"rendered":"https:\/\/www.meteo.cat\/wpweb\/?page_id=11003"},"modified":"2024-11-11T12:17:25","modified_gmt":"2024-11-11T12:17:25","slug":"audiovisuals-de-prediccio","status":"publish","type":"page","link":"https:\/\/www.meteo.cat\/wpweb\/prediccio\/audiovisuals-de-prediccio\/","title":{"rendered":"Audiovisuals de predicci\u00f3"},"content":{"rendered":"\n<h2>Predicci\u00f3 general<\/h2>\n\n\n\n<div class=\"wp-block-columns has-2-columns\">\n<div class=\"wp-block-column\">\n<h3>V\u00eddeo<\/h3>\n\n\n\n<p>La predicci\u00f3 general en format v\u00eddeo s\u2019actualitza di\u00e0riament a les 17:00 h. <\/p>\n\n\n\n<div class=\"videoWrapper\"><iframe loading=\"lazy\" src=\"https:\/\/www.youtube.com\/embed\/videoseries?list=PLOWaA1TFs5he_kR01X0A23zkhrB7eJwMD\" width=\"100%\" height=\"100%\" frameborder=\"0\" allowfullscreen=\"allowfullscreen\" title=\"V\u00eddeos de predicci\u00f3 general\"><\/iframe><\/div>\n<\/div>\n\n\n\n<div class=\"wp-block-column\">\n<h3>Cr\u00f2nica de r\u00e0dio<\/h3>\n\n\n\n<p>La predicci\u00f3 general en format cr\u00f2nica de r\u00e0dio s\u2019actualitza di\u00e0riament a les 08:00 h i a les 17:00.<\/p>\n\n\n\n<div style=\"height:15px\" aria-hidden=\"true\" class=\"wp-block-spacer\"><\/div>\n\n\n\n<iframe loading=\"lazy\" src=\"https:\/\/w.soundcloud.com\/player\/?url=https%3A\/\/api.soundcloud.com\/playlists\/1874822135&amp;color=%23ff5500&amp;auto_play=false&amp;hide_related=false&amp;show_comments=true&amp;show_user=true&amp;show_reposts=false&amp;show_teaser=true&amp;visual=true\" width=\"100%\" height=\"300\" frameborder=\"no\" scrolling=\"no\" title=\"Llista de reproducci\u00f3 de les cr\u00f2niques de r\u00e0dio de predicci\u00f3 general\"><\/iframe>\n<\/div>\n<\/div>\n\n\n\n<p><a class=\"icon-link\" href=\"\/prediccio\/general\">Acc\u00e9s al butllet\u00ed de la Predicci\u00f3 general<\/a><\/p>\n\n\n\n<div style=\"height:50px\" aria-hidden=\"true\" class=\"wp-block-spacer\"><\/div>\n","protected":false},"excerpt":{"rendered":"<p>Predicci\u00f3 general V\u00eddeo La predicci\u00f3 general en format v\u00eddeo s\u2019actualitza di\u00e0riament a les 17:00 h. Cr\u00f2nica de r\u00e0dio La predicci\u00f3 general en format cr\u00f2nica de r\u00e0dio s\u2019actualitza di\u00e0riament a les 08:00 h i a les 17:00. Acc\u00e9s al butllet\u00ed de la Predicci\u00f3 general<\/p>\n","protected":false},"author":1,"featured_media":0,"parent":448,"menu_order":7,"comment_status":"closed","ping_status":"closed","template":"","meta":{"_mi_skip_tracking":false,"_monsterinsights_sitenote_active":false,"_monsterinsights_sitenote_note":"","_monsterinsights_sitenote_category":0},"_links":{"self":[{"href":"https:\/\/www.meteo.cat\/wpweb\/wp-json\/wp\/v2\/pages\/11003"}],"collection":[{"href":"https:\/\/www.meteo.cat\/wpweb\/wp-json\/wp\/v2\/pages"}],"about":[{"href":"https:\/\/www.meteo.cat\/wpweb\/wp-json\/wp\/v2\/types\/page"}],"author":[{"embeddable":true,"href":"https:\/\/www.meteo.cat\/wpweb\/wp-json\/wp\/v2\/users\/1"}],"replies":[{"embeddable":true,"href":"https:\/\/www.meteo.cat\/wpweb\/wp-json\/wp\/v2\/comments?post=11003"}],"version-history":[{"count":26,"href":"https:\/\/www.meteo.cat\/wpweb\/wp-json\/wp\/v2\/pages\/11003\/revisions"}],"predecessor-version":[{"id":41739,"href":"https:\/\/www.meteo.cat\/wpweb\/wp-json\/wp\/v2\/pages\/11003\/revisions\/41739"}],"up":[{"embeddable":true,"href":"https:\/\/www.meteo.cat\/wpweb\/wp-json\/wp\/v2\/pages\/448"}],"wp:attachment":[{"href":"https:\/\/www.meteo.cat\/wpweb\/wp-json\/wp\/v2\/media?parent=11003"}],"curies":[{"name":"wp","href":"https:\/\/api.w.org\/{rel}","templated":true}]}}