{"id":1099,"date":"2013-08-13T08:24:01","date_gmt":"2013-08-13T07:24:01","guid":{"rendered":"http:\/\/10.116.16.72\/test\/?p=1099"},"modified":"2022-04-20T10:50:15","modified_gmt":"2022-04-20T10:50:15","slug":"2003-06-01_10-anys-del-torrid-estiu-del-2003","status":"publish","type":"page","link":"https:\/\/www.meteo.cat\/wpweb\/divulgacio\/publicacions\/efemerides\/2003-06-01_10-anys-del-torrid-estiu-del-2003\/","title":{"rendered":"10 anys del t\u00f2rrid estiu del 2003"},"content":{"rendered":"\n<p><strong> PUBLICADA EL 13\/08\/2013 <\/strong><\/p>\n\n\n\n<p><span style=\"color: #000000;\">Enguany es compleix el <strong>des\u00e8 aniversari<\/strong> de l\u2019<strong>excepcional estiu del 2003<\/strong> a gran part del continent europeu, per\u00f2 especialment a l\u2019Europa occidental i central. En ell van superar-se molts registres extrems m\u00e0xims de temperatura i de persist\u00e8ncia de temperatures elevades. <\/span><\/p>\n\n\n\n<p><span style=\"color: #000000;\">A Catalunya va ser l\u2019estiu m\u00e9s c\u00e0lid almenys dels anteriors <strong>100 anys<\/strong>, amb anomalies de temperatura mitjana de l\u2019aire superiors als <strong>4 \u00b0C<\/strong> respecte la mitjana clim\u00e0tica 1961-1990. A l\u2019Europa occidental i central es va valorar l\u2019estiu del 2003 com el m\u00e9s c\u00e0lid des de l\u2019any <strong>1500<\/strong> (Luterbacher et al., 2004)<\/span><\/p>\n\n\n\n<p><span style=\"color: #000000;\">A conseq\u00fc\u00e8ncia de les calorades m\u00e9s de <strong>30.000 persones<\/strong> van morir a tot Europa, la majoria d\u2019elles persones grans vulnerables, i prop de <strong>650.000 hect\u00e0rees<\/strong> van cremar-se en els m\u00e9s de <strong>25.000 incendis<\/strong> que es van produir a tot el continent. La calor tamb\u00e9 va donar lloc a una p\u00e8rdua de volum de les glaceres dels Alps de l&#8217;ordre del <strong>5-10%<\/strong> (<i>European Climate Assessment and Dataset<\/i>, <a href=\"https:\/\/www.ecad.eu\/\" target=\"_blank\" rel=\"noreferrer noopener\">ECA&amp;D<\/a><\/span>)<\/p>\n\n\n\n<p><span style=\"color: #000000;\">En el seg\u00fcent mapa es poden observar les anomalies de temperatura m\u00e0xima di\u00e0ria durant l\u2019agost de 2003 respecte la mitjana clim\u00e0tica 1961-1990 a partir de la malla de dades E-OBS de 0,25\u00b0 de resoluci\u00f3 espacial (\u223c28 km) i elaborada per l\u2019<a href=\"https:\/\/www.ecad.eu\/\" target=\"_blank\" rel=\"noreferrer noopener\">ECA&amp;D<\/a>.<\/span><\/p>\n\n\n\n<div class=\"wp-block-image\"><figure class=\"aligncenter\"><a href=\"http:\/\/farm4.staticflickr.com\/3671\/9498477983_e46807b2b3.jpg\"><img src=\"http:\/\/farm4.staticflickr.com\/3671\/9498477983_e46807b2b3.jpg\" alt=\"Anomalies de temperatura m\u00e0xima di\u00e0ria durant l\u2019agost de 2003 respecte la mitjana clim\u00e0tica 1961-1990\"\/><\/a><\/figure><\/div>\n\n\n\n<p><span style=\"color: #000000;\">La calor afect\u00e0 l\u2019Europa occidental i central (especialment Fran\u00e7a), amb temperatures superiors als 40 \u00b0C a bona part de la pen\u00ednsula Ib\u00e8rica i Fran\u00e7a. A la regi\u00f3 portuguesa de l&#8217;Alentejo s\u2019arribaren als <strong>47,3 \u00b0C<\/strong>, mentre que a nombroses ciutats del sud de la Pen\u00ednsula se superaren els 45 \u00b0C, amb un m\u00e0xim de <strong>46,2 \u00b0C<\/strong> a C\u00f2rdova. En l\u2019\u00e0mbit de Catalunya, a Vinebre (Ribera d&#8217;Ebre) es va assolir el valor m\u00e0xim del pa\u00eds amb <strong>42,2 \u00b0C<\/strong> el 13 d&#8217;agost de 2003. A l\u2019aeroport de Girona va arribar-se a <strong>41,2 \u00b0C<\/strong> i al de Barcelona a <strong>37,3 \u00b0C<\/strong>.<\/span><\/p>\n\n\n\n<p><span style=\"color: #000000;\">Les grans calorades de l\u2019estiu del 2003 tingueren el seu punt m\u00e0xim durant la primera quinzena d&#8217;agost i van ser causades per la persist\u00e8ncia de situacions sin\u00f2ptiques amb advecci\u00f3 d&#8217;aire calent sahari\u00e0 des del nord d\u2019\u00c0frica (veure les rean\u00e0lisis a 850 hPa m\u00e9s avall). A m\u00e9s, aquestes situacions van veure&#8217;s agreujades per unes condicions pr\u00e8vies de molta sequedat del s\u00f2l i de la vegetaci\u00f3 a conseq\u00fc\u00e8ncis d&#8217;una llarga sequera durant la primavera i comen\u00e7ament de l&#8217;estiu. Com a resultat d\u2019aquesta sequedat, gaireb\u00e9 tota la radiaci\u00f3 del Sol va convertir-se en calor en no poder<\/span><span style=\"color: #000000;\"> ser absorbida pel s\u00f2l i la vegetaci\u00f3.<\/span><\/p>\n\n\n\n<p><span style=\"color: #000000;\">En els seg\u00fcents mapes elaborats a partir de les <a href=\"http:\/\/www.esrl.noaa.gov\/psd\/data\/gridded\/data.ncep.reanalysis.html\">rean\u00e0lisis del NCEP-NCAR<\/a> es pot veure la comparativa entre els camps de temperatura i geopotencial mitjans&nbsp;a 850 hPa durant l\u2019estiu del 2003 (esquerra) i per al per\u00edode 1948-2012 (dreta). S\u2019hi aprecia com el patr\u00f3 clim\u00e0tic de circulaci\u00f3 zonal (Oest-Est) predominant sobre Europa va despla\u00e7ar-se lleugerament generant una circulaci\u00f3 m\u00e9s meridional (Sud-Nord) i amb una al\u00e7ada geopotencial m\u00e9s gran, comportant valors elevats de temperatura i condicions d\u2019estabilitat atmosf\u00e8rica durant l\u2019estiu del 2003 a tota l\u2019Europa occidental i central. La temperatura mitjana a 850 hPa va ser aquell estiu 3 \u00b0C superiors a la seva mitjana clim\u00e0tica 1948-2012.<\/span><\/p>\n\n\n\n<div class=\"wp-block-image\"><figure class=\"aligncenter\"><a href=\"http:\/\/farm4.staticflickr.com\/3736\/9498477609_6785911889.jpg\"><img src=\"http:\/\/farm4.staticflickr.com\/3736\/9498477609_6785911889.jpg\" alt=\"Mapes de les rean\u00e0lisis del NCEP-NCAR \"\/><\/a><\/figure><\/div>\n\n\n\n<p>Seguidament es presenta el resum del temps mes a mes amb els valors absoluts de temperatura m\u00e0xima per damunt dels 39,5 \u00b0C que es van registrar durant el t\u00f2rrid estiu del 2003 a la Xarxa d\u2019Estacions Meteorol\u00f2giques Autom\u00e0tiques (XEMA):<\/p>\n\n\n\n<h2><b>Juny<\/b><\/h2>\n\n\n\n<p>Tot el pa\u00eds es va veure afectat per dues onades d\u2019aire c\u00e0lid procedent del nord d\u2019\u00c0frica: la primera entre el dia 11 i el 17 i la segona entre els dies 18 i 25. Els elevats valors de temperatura, que en alguns observatoris van superar els 40 \u00b0C, van conduir a la formaci\u00f3 de tempestes convectives que van deixar precipitacions especialment fortes i abundants entre el dia 14 i el 17 i del dia 27 al 29, afectant principalment el Pirineu, Prepirineu i zones de l\u2019interior. El dia 27 van caure 50,2 mm a Organy\u00e0 (dels quals 20,8 mm van caure en 30 minuts) i 69,0 a l\u2019Embassament de Sau.<\/p>\n\n\n\n<div class=\"wp-block-image\"><figure class=\"aligncenter\"><a href=\"http:\/\/farm8.staticflickr.com\/7287\/9506727713_c3bd29d220.jpg\"><img src=\"http:\/\/farm8.staticflickr.com\/7287\/9506727713_c3bd29d220.jpg\" alt=\"Temperatura m\u00e0xima absoluta juny 2003\"\/><\/a><\/figure><\/div>\n\n\n\n<h2><b>Juliol<\/b><\/h2>\n\n\n\n<p>Es va caracteritzar per uns valors elevats de temperatura, superiors a la mitjana clim\u00e0tica dels \u00faltims anys. L\u2019anomalia no va ser a causa de valors extrems de temperatura excepcionalment alts, sin\u00f3 a la persist\u00e8ncia d\u2019una situaci\u00f3 sin\u00f2ptica que va afavorir la pres\u00e8ncia d\u2019una llengua d\u2019aire c\u00e0lid sahari\u00e0 al llarg de tot el mes. A principis de juliol va haver-hi certa inestabilitat en al\u00e7ada, especialment entre els dies 3 i 7 amb el pas d\u2019un t\u00e0lveg que va provocar pluja i ruixats a gran part de Catalunya, especialment intensos a punts del Montsi\u00e0, amb 32,2 mm a Mas de Barberans, i al Tarragon\u00e8s, amb 31,0 mm a Torredembarra.<\/p>\n\n\n\n<div class=\"wp-block-image\"><figure class=\"aligncenter\"><a href=\"http:\/\/farm6.staticflickr.com\/5521\/9509524004_38b1389630.jpg\"><img src=\"http:\/\/farm6.staticflickr.com\/5521\/9509524004_38b1389630.jpg\" alt=\"Temperatura m\u00e0xima absoluta juliol 2003\"\/><\/a><\/figure><\/div>\n\n\n\n<h2><b>Agost<\/b><\/h2>\n\n\n\n<p>Va ser un dels m\u00e9s c\u00e0lids dels darrers 100 anys. Es va caracteritzar per uns valors mitjans de temperatura molt elevats seguint la t\u00f2nica marcada pel juny i el juliol. A l\u2019igual que el mes anterior, l\u2019anomalia positiva respecte la mitjana clim\u00e0tica no va ser com a conseq\u00fc\u00e8ncia de valors extrems de temperatura molt alts, sin\u00f3 a la persist\u00e8ncia d\u2019una situaci\u00f3 sin\u00f2ptica que propici\u00e0 una irrupci\u00f3 cont\u00ednua d\u2019aire c\u00e0lid sahari\u00e0. El 17 d\u2019agost es va modificar excepcionalment la situaci\u00f3 sin\u00f2ptica amb l\u2019arribada d\u2019un front de proced\u00e8ncia atl\u00e0ntica que va provocar precipitacions intenses a tot el pa\u00eds: \u00d2dena 50,6 mm i Botarell 48,4 mm. Els dies 20 i 21 una petita bombolla d\u2019aire fred en al\u00e7ada va inestabilitzar l\u2019atmosfera produint tempestes a\u00efllades que van deixar 76,4 mm a Olot i 63,2 mm al Pont de Suert.<\/p>\n\n\n\n<div class=\"wp-block-image\"><figure class=\"aligncenter\"><a href=\"http:\/\/farm6.staticflickr.com\/5443\/9509523814_a6f55f5517.jpg\"><img src=\"http:\/\/farm6.staticflickr.com\/5443\/9509523814_a6f55f5517.jpg\" alt=\"Temperatura m\u00e0xima absoluta agost 2003\"\/><\/a><\/figure><\/div>\n\n\n\n<p><span style=\"color: #000000;\"><\/span><\/p>\n","protected":false},"excerpt":{"rendered":"<p>PUBLICADA EL 13\/08\/2013 Enguany es compleix el des\u00e8 aniversari de l\u2019excepcional estiu del 2003 a gran part del continent europeu, per\u00f2 especialment a l\u2019Europa occidental i central. En ell van superar-se molts registres extrems m\u00e0xims de temperatura i de persist\u00e8ncia de temperatures elevades. A Catalunya va ser l\u2019estiu m\u00e9s c\u00e0lid almenys dels anteriors 100 anys, [&hellip;]<\/p>\n","protected":false},"author":7,"featured_media":0,"parent":18384,"menu_order":0,"comment_status":"open","ping_status":"open","template":"template-sidebar.php","meta":{"_mi_skip_tracking":false,"_monsterinsights_sitenote_active":false,"_monsterinsights_sitenote_note":"","_monsterinsights_sitenote_category":0},"_links":{"self":[{"href":"https:\/\/www.meteo.cat\/wpweb\/wp-json\/wp\/v2\/pages\/1099"}],"collection":[{"href":"https:\/\/www.meteo.cat\/wpweb\/wp-json\/wp\/v2\/pages"}],"about":[{"href":"https:\/\/www.meteo.cat\/wpweb\/wp-json\/wp\/v2\/types\/page"}],"author":[{"embeddable":true,"href":"https:\/\/www.meteo.cat\/wpweb\/wp-json\/wp\/v2\/users\/7"}],"replies":[{"embeddable":true,"href":"https:\/\/www.meteo.cat\/wpweb\/wp-json\/wp\/v2\/comments?post=1099"}],"version-history":[{"count":9,"href":"https:\/\/www.meteo.cat\/wpweb\/wp-json\/wp\/v2\/pages\/1099\/revisions"}],"predecessor-version":[{"id":34174,"href":"https:\/\/www.meteo.cat\/wpweb\/wp-json\/wp\/v2\/pages\/1099\/revisions\/34174"}],"up":[{"embeddable":true,"href":"https:\/\/www.meteo.cat\/wpweb\/wp-json\/wp\/v2\/pages\/18384"}],"wp:attachment":[{"href":"https:\/\/www.meteo.cat\/wpweb\/wp-json\/wp\/v2\/media?parent=1099"}],"curies":[{"name":"wp","href":"https:\/\/api.w.org\/{rel}","templated":true}]}}