{"id":1086,"date":"2014-11-20T10:26:31","date_gmt":"2014-11-20T10:26:31","guid":{"rendered":"http:\/\/\/wpweb\/?page_id=1086"},"modified":"2021-05-14T06:22:36","modified_gmt":"2021-05-14T06:22:36","slug":"motivacio-i-objectiu","status":"publish","type":"page","link":"https:\/\/www.meteo.cat\/wpweb\/divulgacio\/equipaments-meteorologics\/observadors-meteorologics\/motivacio-i-objectiu\/","title":{"rendered":"Motivaci\u00f3 i objectiu"},"content":{"rendered":"\n<p>La <b>Xarxa d\u2019Observadors Meteorol\u00f2gics (XOM)<\/b> neix per tal d\u2019ampliar la disponibilitat i el tipus d\u2019informaci\u00f3 que el Servei Meteorol\u00f2gic de Catalunya necessita per poder desenvolupar les tasques que li pertoquen en mat\u00e8ria de predicci\u00f3 i vigil\u00e0ncia meteorol\u00f2gica o per al coneixement i caracteritzaci\u00f3 del clima de Catalunya; en definitiva per millorar en l\u2019exercici de les funcions que l\u2019SMC ha de desenvolupar atenent <a href=\"https:\/\/static-m.meteo.cat\/wordpressweb\/wp-content\/uploads\/2014\/11\/20102631\/llei_meteo1.pdf\">a la Llei 15\/2001, de 14 de novembre, de meteorologia<\/a>.<br>L\u2019SMC vol complementar la informaci\u00f3 meteorol\u00f2gica que actualment disposa generada des de la Xarxa d\u2019Equipaments Meteorol\u00f2gics de la Generalitat de Catalunya (XEMEC), configurada en la seva totalitat per equips autom\u00e0tics.<br>Aquesta xarxa estar\u00e0 formada per un col\u00b7lectiu de persones distribu\u00efdes arreu del territori i que col\u00b7laboraran amb el Servei Meteorol\u00f2gic de Catalunya aportant informaci\u00f3 meteorol\u00f2gica de dues formes diferents:<\/p>\n\n\n\n<ul><li>Modalitat d\u2019observaci\u00f3 meteorol\u00f2gica per la caracteritzaci\u00f3 di\u00e0ria del temps<\/li><li>Modalitat de vigil\u00e0ncia meteorol\u00f2gica<\/li><\/ul>\n\n\n\n<p>L\u2019adhesi\u00f3 a la XOM ser\u00e0 volunt\u00e0ria i de mutu acord amb el Servei Meteorol\u00f2gic de Catalunya, i es formalitzar\u00e0 mitjan\u00e7ant un document individual d\u2019adhesi\u00f3 a alguna de les modalitats de la XOM.<\/p>\n\n\n\n<div class=\"wp-block-image\"><figure class=\"aligncenter size-large\"><img loading=\"lazy\" width=\"1024\" height=\"576\" src=\"https:\/\/static-m.meteo.cat\/wordpressweb\/wp-content\/uploads\/2021\/05\/13080743\/Sud-1024x576.jpg\" alt=\"Estaci\u00f3 meteorol\u00f2gica de la XOM formada per una garita meteorol\u00f2gica i un pluvi\u00f2metre\" class=\"wp-image-31266\"\/><\/figure><\/div>\n\n\n\n<p><br>Per a formar-ne part, la persona sol\u00b7licitant haur\u00e0 d\u2019acreditar que compleix els requisits i coneixements m\u00ednims per desenvolupar, de forma adequada, les tasques corresponents a la seva modalitat de col\u00b7laboraci\u00f3 que es descriuen en el <a href=\"https:\/\/static-m.meteo.cat\/wordpressweb\/wp-content\/uploads\/2021\/05\/13080953\/Document-procediments-XOM-2021_v2-signat.pdf\">document de procediments<\/a>.<br><\/p>\n\n\n\n<p>La informaci\u00f3 subministrada pels observadors adherits a la XOM ser\u00e0 considerada v\u00e0lida oficialment pel desenvolupament de les funcions pr\u00f2pies del Servei Meteorol\u00f2gic de Catalunya i aquest en podr\u00e0 fer lliure \u00fas i difusi\u00f3.<\/p>\n","protected":false},"excerpt":{"rendered":"<p>La Xarxa d\u2019Observadors Meteorol\u00f2gics (XOM) neix per tal d\u2019ampliar la disponibilitat i el tipus d\u2019informaci\u00f3 que el Servei Meteorol\u00f2gic de Catalunya necessita per poder desenvolupar les tasques que li pertoquen en mat\u00e8ria de predicci\u00f3 i vigil\u00e0ncia meteorol\u00f2gica o per al coneixement i caracteritzaci\u00f3 del clima de Catalunya; en definitiva per millorar en l\u2019exercici de les [&hellip;]<\/p>\n","protected":false},"author":4,"featured_media":0,"parent":144,"menu_order":1,"comment_status":"closed","ping_status":"open","template":"template-sidebar.php","meta":{"_mi_skip_tracking":false,"_monsterinsights_sitenote_active":false,"_monsterinsights_sitenote_note":"","_monsterinsights_sitenote_category":0},"_links":{"self":[{"href":"https:\/\/www.meteo.cat\/wpweb\/wp-json\/wp\/v2\/pages\/1086"}],"collection":[{"href":"https:\/\/www.meteo.cat\/wpweb\/wp-json\/wp\/v2\/pages"}],"about":[{"href":"https:\/\/www.meteo.cat\/wpweb\/wp-json\/wp\/v2\/types\/page"}],"author":[{"embeddable":true,"href":"https:\/\/www.meteo.cat\/wpweb\/wp-json\/wp\/v2\/users\/4"}],"replies":[{"embeddable":true,"href":"https:\/\/www.meteo.cat\/wpweb\/wp-json\/wp\/v2\/comments?post=1086"}],"version-history":[{"count":6,"href":"https:\/\/www.meteo.cat\/wpweb\/wp-json\/wp\/v2\/pages\/1086\/revisions"}],"predecessor-version":[{"id":31272,"href":"https:\/\/www.meteo.cat\/wpweb\/wp-json\/wp\/v2\/pages\/1086\/revisions\/31272"}],"up":[{"embeddable":true,"href":"https:\/\/www.meteo.cat\/wpweb\/wp-json\/wp\/v2\/pages\/144"}],"wp:attachment":[{"href":"https:\/\/www.meteo.cat\/wpweb\/wp-json\/wp\/v2\/media?parent=1086"}],"curies":[{"name":"wp","href":"https:\/\/api.w.org\/{rel}","templated":true}]}}