{"id":10037,"date":"2016-06-20T11:25:08","date_gmt":"2016-06-20T11:25:08","guid":{"rendered":"https:\/\/www.meteo.cat\/wpweb\/?page_id=10037"},"modified":"2025-04-11T09:39:18","modified_gmt":"2025-04-11T09:39:18","slug":"historic-de-cartografia-climatica","status":"publish","type":"page","link":"https:\/\/www.meteo.cat\/wpweb\/climatologia\/butlletins-i-episodis-meteorologics\/historic-de-cartografia-climatica\/","title":{"rendered":"Hist\u00f2ric de cartografia clim\u00e0tica"},"content":{"rendered":"\n<p>Aquesta secci\u00f3 permet comparar f\u00e0cilment els mapes de temperatura mitjana, precipitaci\u00f3 acumulada, irradiaci\u00f3 solar mitjana i \u00cdndex de Precipitaci\u00f3 Est\u00e0ndard (IPE) a Catalunya i per a diferents per\u00edodes (any natural, any pluviom\u00e8tric, estaci\u00f3 clim\u00e0tica i mes natural), amb l&#8217;objectiu de copsar el seu comportament i evoluci\u00f3. Preguntes com ara quin va ser el darrer mes d&#8217;octubre m\u00e9s pluj\u00f3s, o quina va ser la termometria de la primavera de 2020, es responen f\u00e0cilment a trav\u00e9s d&#8217;aquest apartat.<\/p>\n\n\n\n<p>Cliqueu al damunt del mapa corresponent per a visualitzar la cartografia, en funci\u00f3 de la variable (fila) i per\u00edode (columna).<\/p>\n\n\n\n<table class=\"wp-block-table menu-mapes-clima\">\n<thead>\n<tr>\n<th class=\"has-text-align-left\" data-align=\"left\"><strong>Per\u00edode\/Variable<\/strong><\/th>\n<th><strong>Mes natural<\/strong><\/th>\n<th><strong>Estaci\u00f3 clim\u00e0tica<\/strong><\/th>\n<th><strong>Any natural<\/strong><\/th>\n<th><strong>Any pluviom\u00e8tric<\/strong><\/th>\n<\/tr>\n<\/thead>\n<tbody>\n<tr>\n<th class=\"has-text-align-left\" data-align=\"left\"><strong>Temperatura mitjana<\/strong><\/th>\n<td><a title=\"Temperatura mitjana mensual\" href=\"\/wpweb\/climatologia\/butlletins-i-episodis-meteorologics\/historic-de-cartografia-climatica\/historic-de-mapes-de-temperatura-mensual\/\"><img class=\"aligncenter\" src=\"https:\/\/static-m.meteo.cat\/wordpressweb\/wp-content\/uploads\/2025\/04\/04121543\/m_temperatura_mitjana.png\" alt=\"\"><\/a><\/td>\n<td><a title=\"Temperatura mitjana estacional\" href=\"\/wpweb\/climatologia\/butlletins-i-episodis-meteorologics\/historic-de-cartografia-climatica\/historic-de-mapes-de-temperatura-estacional\/\"><img class=\"aligncenter\" src=\"https:\/\/static-m.meteo.cat\/wordpressweb\/wp-content\/uploads\/2025\/04\/04121538\/e_temperatura_mitjana.png\" alt=\"\"><\/a><\/td>\n<td><a title=\"Temperatura mitjana anual\" href=\"\/wpweb\/climatologia\/butlletins-i-episodis-meteorologics\/historic-de-cartografia-climatica\/historic-de-mapes-climatics-anuals\/\"><img src=\"https:\/\/static-m.meteo.cat\/wordpressweb\/wp-content\/uploads\/2025\/04\/04121541\/a_temperatura_mitjana.png\" alt=\"\"><\/a><\/td>\n<td><span class=\"sr-only\">Sense dades<\/span><\/td>\n<\/tr>\n<tr>\n<th class=\"has-text-align-left\" data-align=\"left\"><strong>Anomalia de la temperatura mitjana<\/strong><\/th>\n<td><a title=\"Anomalia de la temperatura mitjana mensual\" href=\"\/wpweb\/climatologia\/butlletins-i-episodis-meteorologics\/historic-de-cartografia-climatica\/historic-de-mapes-danomalia-de-temperatura-mitjana-mensual\/\"><img class=\"aligncenter\" src=\"https:\/\/static-m.meteo.cat\/wordpressweb\/wp-content\/uploads\/2025\/04\/04121537\/m_anomalia_temperatura.png\" alt=\"\"><\/a><\/td>\n<td><a title=\"Anomalia de la temperatura mitjana estacional\" href=\"\/wpweb\/climatologia\/butlletins-i-episodis-meteorologics\/historic-de-cartografia-climatica\/historic-de-mapes-danomalia-de-temperatura-mitjana-estacional\/\"><img src=\"https:\/\/static-m.meteo.cat\/wordpressweb\/wp-content\/uploads\/2025\/04\/04121540\/e_anomalia_temperatura.png\" alt=\"\"><\/a><\/td>\n<td><a title=\"Anomalia de la temperatura mitjana anual\" href=\"\/wpweb\/climatologia\/butlletins-i-episodis-meteorologics\/historic-de-cartografia-climatica\/historic-de-mapes-climatics-anuals\/\"><img src=\"https:\/\/static-m.meteo.cat\/wordpressweb\/wp-content\/uploads\/2025\/04\/04121542\/a_anomalia_temperatura.png\" alt=\"\"><\/a><\/td>\n<td><span class=\"sr-only\">Sense dades<\/span><\/td>\n<\/tr>\n<tr>\n<th class=\"has-text-align-left\" data-align=\"left\"><strong>Precipitaci\u00f3 acumulada<\/strong><\/th>\n<td><a title=\"Precipitaci\u00f3 acumulada mensual\" href=\"\/wpweb\/climatologia\/butlletins-i-episodis-meteorologics\/historic-de-cartografia-climatica\/historic-de-mapes-de-precipitacio-mensual\/\"><img class=\"aligncenter\" src=\"https:\/\/static-m.meteo.cat\/wordpressweb\/wp-content\/uploads\/2025\/04\/04121536\/m_precipitacio_acumulada.png\" alt=\"\"><\/a><\/td>\n<td><a title=\"Precipitaci\u00f3 acumulada estacional\" href=\"\/wpweb\/climatologia\/butlletins-i-episodis-meteorologics\/historic-de-cartografia-climatica\/historic-de-mapes-de-precipitacio-estacional\/\"><img class=\"aligncenter\" src=\"https:\/\/static-m.meteo.cat\/wordpressweb\/wp-content\/uploads\/2025\/04\/04121539\/e_precipitacio_acumulada.png\" alt=\"\"><\/a><\/td>\n<td><a title=\"Precipitaci\u00f3 acumulada anual\" href=\"\/wpweb\/climatologia\/butlletins-i-episodis-meteorologics\/historic-de-cartografia-climatica\/historic-de-mapes-climatics-anuals\/\"><img src=\"https:\/\/static-m.meteo.cat\/wordpressweb\/wp-content\/uploads\/2025\/04\/04121542\/a_precipitacio_acumulada.png\" alt=\"\"><\/a><\/td>\n<td><a title=\"Precipitaci\u00f3 mitjana any pluviom\u00e8tric\" href=\"\/wpweb\/climatologia\/butlletins-i-episodis-meteorologics\/historic-de-cartografia-climatica\/historic-de-mapes-de-lany-pluviometric\/\"><img src=\"https:\/\/static-m.meteo.cat\/wordpressweb\/wp-content\/uploads\/2025\/04\/04121540\/ap_precipitacio_acumulada.png\" alt=\"\"><\/a><\/td>\n<\/tr>\n<tr>\n<th class=\"has-text-align-left\" data-align=\"left\"><strong>Percentatge de la precipitaci\u00f3 acumulada<\/strong><\/th>\n<td><a title=\"Percentatge de la precipitaci\u00f3 acumulada mensual\" href=\"\/wpweb\/historic-de-mapes-de-percentatge-de-la-precipitacio-mensual\/\"><img src=\"https:\/\/static-m.meteo.cat\/wordpressweb\/wp-content\/uploads\/2025\/04\/04121537\/m_percentatge_precipitacio.png\" alt=\"\"><\/a><\/td>\n<td><a title=\"Percentatge de la precipitaci\u00f3 acumulada estacional\" href=\"\/wpweb\/climatologia\/butlletins-i-episodis-meteorologics\/historic-de-cartografia-climatica\/historic-de-mapes-de-percentatge-de-precipitacio-estacional\/\"><img class=\"aligncenter\" src=\"https:\/\/static-m.meteo.cat\/wordpressweb\/wp-content\/uploads\/2025\/04\/04121539\/e_percentatge_precipitacio.png\" alt=\"\"><\/a><\/td>\n<td><a title=\"Percentatge de la precipitaci\u00f3 acumulada anual\" href=\"\/wpweb\/climatologia\/butlletins-i-episodis-meteorologics\/historic-de-cartografia-climatica\/historic-de-mapes-climatics-anuals\/\"><img src=\"https:\/\/static-m.meteo.cat\/wordpressweb\/wp-content\/uploads\/2025\/04\/04121542\/a_percentatge_precipitacio.png\" alt=\"\"><\/a><\/td>\n<td><a title=\"Percentatge de la precipitaci\u00f3 acumulada any pluviom\u00e8tric\" href=\"\/wpweb\/climatologia\/butlletins-i-episodis-meteorologics\/historic-de-cartografia-climatica\/historic-de-mapes-de-lany-pluviometric\/\"><img src=\"https:\/\/static-m.meteo.cat\/wordpressweb\/wp-content\/uploads\/2025\/04\/04121541\/ap_percentatge_precipitacio.png\" alt=\"\"><\/a><\/td>\n<\/tr>\n<tr>\n<th class=\"has-text-align-left\" data-align=\"left\"><strong>Anomalia de la irradiaci\u00f3 solar<\/strong><\/th>\n<td><a title=\"Anomalia de la irradiaci\u00f3 solar mensual\" href=\"\/wpweb\/wp-admin\/historic-de-mapes-dirradiacio-solar-mensual\/\"><img src=\"https:\/\/static-m.meteo.cat\/wordpressweb\/wp-content\/uploads\/2025\/04\/04121538\/m_anomalia_irradiacio.png\" alt=\"\"><\/a><\/td>\n<td><a title=\"Anomalia de la irradiaci\u00f3 solar estacional\" href=\"\/wpweb\/wp-admin\/historic-de-mapes-dirradiacio-solar-estacional-i-anual\/\"><img src=\"https:\/\/static-m.meteo.cat\/wordpressweb\/wp-content\/uploads\/2025\/04\/04121540\/e_anomalia_irradiacio.png\" alt=\"\"><\/a><\/td>\n<td><a title=\"Anomalia de la irradiaci\u00f3 solar anual\" \"=\"\" href=\"\/wpweb\/wp-admin\/historic-de-mapes-dirradiacio-solar-estacional-i-anual\/\"><img src=\"https:\/\/static-m.meteo.cat\/wordpressweb\/wp-content\/uploads\/2025\/04\/04121543\/a_anomalia_irradiacio.png\" alt=\"\"><\/a><\/td>\n<td><span class=\"sr-only\">Sense dades<\/span><\/td>\n<\/tr>\n<tr>\n<th class=\"has-text-align-left\" data-align=\"left\"><strong>\u00cdndex de precipitaci\u00f3 est\u00e0ndard (IPE)<\/strong><\/th>\n<td><a title=\"\u00cdndex de precipitaci\u00f3 est\u00e0ndard (IPE) mensual\" href=\"\/wpweb\/wp-admin\/historic-de-mapes-de-lindex-de-precipitacio-estandard-ipe\/\"><img src=\"https:\/\/static-m.meteo.cat\/wordpressweb\/wp-content\/uploads\/2025\/04\/04121544\/m_ipe.png\" alt=\"\"><\/a><\/td>\n<td><span class=\"sr-only\">Sense dades<\/span><\/td>\n<td><span class=\"sr-only\">Sense dades<\/span><\/td>\n<td><span class=\"sr-only\">Sense dades<\/span><\/td>\n<\/tr>\n<\/tbody>\n<\/table>\n\n\n\n<p><\/p>\n","protected":false},"excerpt":{"rendered":"<p>Aquesta secci\u00f3 permet comparar f\u00e0cilment els mapes de temperatura mitjana, precipitaci\u00f3 acumulada, irradiaci\u00f3 solar mitjana i \u00cdndex de Precipitaci\u00f3 Est\u00e0ndard (IPE) a Catalunya i per a diferents per\u00edodes (any natural, any pluviom\u00e8tric, estaci\u00f3 clim\u00e0tica i mes natural), amb l&#8217;objectiu de copsar el seu comportament i evoluci\u00f3. Preguntes com ara quin va ser el darrer mes [&hellip;]<\/p>\n","protected":false},"author":7,"featured_media":0,"parent":35871,"menu_order":7,"comment_status":"closed","ping_status":"closed","template":"template-sidebar.php","meta":{"_mi_skip_tracking":false,"_monsterinsights_sitenote_active":false,"_monsterinsights_sitenote_note":"","_monsterinsights_sitenote_category":0},"_links":{"self":[{"href":"https:\/\/www.meteo.cat\/wpweb\/wp-json\/wp\/v2\/pages\/10037"}],"collection":[{"href":"https:\/\/www.meteo.cat\/wpweb\/wp-json\/wp\/v2\/pages"}],"about":[{"href":"https:\/\/www.meteo.cat\/wpweb\/wp-json\/wp\/v2\/types\/page"}],"author":[{"embeddable":true,"href":"https:\/\/www.meteo.cat\/wpweb\/wp-json\/wp\/v2\/users\/7"}],"replies":[{"embeddable":true,"href":"https:\/\/www.meteo.cat\/wpweb\/wp-json\/wp\/v2\/comments?post=10037"}],"version-history":[{"count":59,"href":"https:\/\/www.meteo.cat\/wpweb\/wp-json\/wp\/v2\/pages\/10037\/revisions"}],"predecessor-version":[{"id":43025,"href":"https:\/\/www.meteo.cat\/wpweb\/wp-json\/wp\/v2\/pages\/10037\/revisions\/43025"}],"up":[{"embeddable":true,"href":"https:\/\/www.meteo.cat\/wpweb\/wp-json\/wp\/v2\/pages\/35871"}],"wp:attachment":[{"href":"https:\/\/www.meteo.cat\/wpweb\/wp-json\/wp\/v2\/media?parent=10037"}],"curies":[{"name":"wp","href":"https:\/\/api.w.org\/{rel}","templated":true}]}}